{"id":520,"date":"2020-04-04T21:48:04","date_gmt":"2020-04-04T21:48:04","guid":{"rendered":"https:\/\/unceasinglypray.org\/?page_id=520"},"modified":"2020-06-11T13:44:12","modified_gmt":"2020-06-11T13:44:12","slug":"day-7","status":"publish","type":"page","link":"https:\/\/unceasinglypray.org\/fr\/day-7\/","title":{"rendered":"Day 7"},"content":{"rendered":"<p>DAY 7: PRAYER FOR THE PERSECUTED, OPPRESSED, &amp; SUFFERING<\/p>\n\t<p>1 P 4.12-14 ; 5.9-10<\/p>\n\t<p>Pour que le Dieu de toute gr\u00e2ce console, perfectionne et affermisse les fr\u00e8res et s\u0153urs de toute la terre, en particulier ceux qui sont pers\u00e9cut\u00e9s, opprim\u00e9s et qui souffrent de privations et d'\u00e9preuves (1 P 4.12-14 ; 5.9-10).<\/p>\n\n\t<p><strong>1 P 4.12-14<\/strong>\u2014Bien-aim\u00e9s, ne trouvez pas \u00e9trange le feu de tribulation qui est au milieu de vous, qui est venu sur vous comme une \u00e9preuve, comme s\u2019il vous arrivait quelque chose d\u2019\u00e9trange ; mais, dans la mesure o\u00f9 vous partagez les souffrances de Christ, r\u00e9jouissez-vous aussi avec exultation. Si vous \u00eates insult\u00e9s dans le nom de Christ, vous \u00eates heureux, parce que l\u2019Esprit de gloire et de Dieu repose sur vous.<\/p>\n<p><strong>1 P 5.9-10<\/strong>\u2014R\u00e9sistez-lui en \u00e9tant fermes dans votre foi, sachant que les m\u00eames souffrances s\u2019accomplissent parmi vos fr\u00e8res dans le monde. Mais le Dieu de toute gr\u00e2ce, lui qui vous a appel\u00e9s \u00e0 sa gloire \u00e9ternelle en Christ J\u00e9sus, apr\u00e8s que vous aurez souffert un peu de temps, vous perfectionnera lui-m\u00eame, vous affermira, vous fortifiera, et vous \u00e9tablira sur un fondement solide.<\/p>\n\t\t<h3><\/h3>\n\t\t<p>Priez sans cesse<\/p>\n\t\t\t<a href=\"https:\/\/unceasinglypray.org\/fr\/sign-up\/\" target=\"_self\" role=\"button\" rel=\"noopener noreferrer\">\n\t\t\t\t\t\t\tCHOISIR UN CR\u00c9NEAU\n\t\t\t\t\t<\/a>","protected":false},"excerpt":{"rendered":"<p>DAY 7: PRAYER FOR THE PERSECUTED, OPPRESSED, &amp; SUFFERING 1 Pet. 4:12-14; 5:9-10 For the God of all grace to comfort, perfect, and establish the brothers and sisters throughout the world, especially those who are persecuted, oppressed, and suffering deprivation and trials (1 Pet. 4:12-14; 5:9-10). 1 Pet. 4:12-14\u2014Beloved, do not think that the fiery&hellip;<\/p>","protected":false},"author":1,"featured_media":771,"parent":0,"menu_order":0,"comment_status":"closed","ping_status":"closed","template":"","meta":{"inline_featured_image":false,"footnotes":""},"class_list":["post-520","page","type-page","status-publish","has-post-thumbnail","hentry"],"yoast_head":"<!-- This site is optimized with the Yoast SEO plugin v27.4 - https:\/\/yoast.com\/product\/yoast-seo-wordpress\/ -->\n<title>Day 7 - Unceasingly Pray<\/title>\n<meta name=\"robots\" content=\"index, follow, max-snippet:-1, max-image-preview:large, max-video-preview:-1\" \/>\n<link rel=\"canonical\" href=\"https:\/\/unceasinglypray.org\/fr\/day-7\/\" \/>\n<meta property=\"og:locale\" content=\"fr_FR\" \/>\n<meta property=\"og:type\" content=\"article\" \/>\n<meta property=\"og:title\" content=\"Day 7 - Unceasingly Pray\" \/>\n<meta property=\"og:description\" content=\"DAY 7: PRAYER FOR THE PERSECUTED, OPPRESSED, &amp; SUFFERING 1 Pet. 4:12-14; 5:9-10 For the God of all grace to comfort, perfect, and establish the brothers and sisters throughout the world, especially those who are persecuted, oppressed, and suffering deprivation and trials (1 Pet. 4:12-14; 5:9-10). 1 Pet. 4:12-14\u2014Beloved, do not think that the fiery&hellip;\" \/>\n<meta property=\"og:url\" content=\"https:\/\/unceasinglypray.org\/fr\/day-7\/\" \/>\n<meta property=\"og:site_name\" content=\"Unceasingly Pray\" \/>\n<meta property=\"article:modified_time\" content=\"2020-06-11T13:44:12+00:00\" \/>\n<meta property=\"og:image\" content=\"https:\/\/unceasinglypray.org\/wp-content\/uploads\/2020\/04\/social_share.gif\" \/>\n\t<meta property=\"og:image:width\" content=\"1200\" \/>\n\t<meta property=\"og:image:height\" content=\"630\" \/>\n\t<meta property=\"og:image:type\" content=\"image\/gif\" \/>\n<meta name=\"twitter:card\" content=\"summary_large_image\" \/>\n<meta name=\"twitter:label1\" content=\"Dur\u00e9e de lecture estim\u00e9e\" \/>\n\t<meta name=\"twitter:data1\" content=\"1 minute\" \/>\n<script type=\"application\/ld+json\" class=\"yoast-schema-graph\">{\"@context\":\"https:\\\/\\\/schema.org\",\"@graph\":[{\"@type\":\"WebPage\",\"@id\":\"https:\\\/\\\/unceasinglypray.org\\\/pt\\\/day-7\\\/\",\"url\":\"https:\\\/\\\/unceasinglypray.org\\\/pt\\\/day-7\\\/\",\"name\":\"Day 7 - Unceasingly Pray\",\"isPartOf\":{\"@id\":\"https:\\\/\\\/unceasinglypray.org\\\/ar\\\/#website\"},\"primaryImageOfPage\":{\"@id\":\"https:\\\/\\\/unceasinglypray.org\\\/pt\\\/day-7\\\/#primaryimage\"},\"image\":{\"@id\":\"https:\\\/\\\/unceasinglypray.org\\\/pt\\\/day-7\\\/#primaryimage\"},\"thumbnailUrl\":\"https:\\\/\\\/unceasinglypray.org\\\/wp-content\\\/uploads\\\/2020\\\/04\\\/social_share.gif\",\"datePublished\":\"2020-04-04T21:48:04+00:00\",\"dateModified\":\"2020-06-11T13:44:12+00:00\",\"breadcrumb\":{\"@id\":\"https:\\\/\\\/unceasinglypray.org\\\/pt\\\/day-7\\\/#breadcrumb\"},\"inLanguage\":\"fr-FR\",\"potentialAction\":[{\"@type\":\"ReadAction\",\"target\":[\"https:\\\/\\\/unceasinglypray.org\\\/pt\\\/day-7\\\/\"]}]},{\"@type\":\"ImageObject\",\"inLanguage\":\"fr-FR\",\"@id\":\"https:\\\/\\\/unceasinglypray.org\\\/pt\\\/day-7\\\/#primaryimage\",\"url\":\"https:\\\/\\\/unceasinglypray.org\\\/wp-content\\\/uploads\\\/2020\\\/04\\\/social_share.gif\",\"contentUrl\":\"https:\\\/\\\/unceasinglypray.org\\\/wp-content\\\/uploads\\\/2020\\\/04\\\/social_share.gif\",\"width\":1200,\"height\":630},{\"@type\":\"BreadcrumbList\",\"@id\":\"https:\\\/\\\/unceasinglypray.org\\\/pt\\\/day-7\\\/#breadcrumb\",\"itemListElement\":[{\"@type\":\"ListItem\",\"position\":1,\"name\":\"Home\",\"item\":\"https:\\\/\\\/unceasinglypray.org\\\/pt\\\/\"},{\"@type\":\"ListItem\",\"position\":2,\"name\":\"Day 7\"}]},{\"@type\":\"WebSite\",\"@id\":\"https:\\\/\\\/unceasinglypray.org\\\/ar\\\/#website\",\"url\":\"https:\\\/\\\/unceasinglypray.org\\\/ar\\\/\",\"name\":\"Unceasingly Pray\",\"description\":\"\",\"potentialAction\":[{\"@type\":\"SearchAction\",\"target\":{\"@type\":\"EntryPoint\",\"urlTemplate\":\"https:\\\/\\\/unceasinglypray.org\\\/ar\\\/?s={search_term_string}\"},\"query-input\":{\"@type\":\"PropertyValueSpecification\",\"valueRequired\":true,\"valueName\":\"search_term_string\"}}],\"inLanguage\":\"fr-FR\"}]}<\/script>\n<!-- \/ Yoast SEO plugin. -->","yoast_head_json":{"title":"Day 7 - Unceasingly Pray","robots":{"index":"index","follow":"follow","max-snippet":"max-snippet:-1","max-image-preview":"max-image-preview:large","max-video-preview":"max-video-preview:-1"},"canonical":"https:\/\/unceasinglypray.org\/fr\/day-7\/","og_locale":"fr_FR","og_type":"article","og_title":"Day 7 - Unceasingly Pray","og_description":"DAY 7: PRAYER FOR THE PERSECUTED, OPPRESSED, &amp; SUFFERING 1 Pet. 4:12-14; 5:9-10 For the God of all grace to comfort, perfect, and establish the brothers and sisters throughout the world, especially those who are persecuted, oppressed, and suffering deprivation and trials (1 Pet. 4:12-14; 5:9-10). 1 Pet. 4:12-14\u2014Beloved, do not think that the fiery&hellip;","og_url":"https:\/\/unceasinglypray.org\/fr\/day-7\/","og_site_name":"Unceasingly Pray","article_modified_time":"2020-06-11T13:44:12+00:00","og_image":[{"width":1200,"height":630,"url":"https:\/\/unceasinglypray.org\/wp-content\/uploads\/2020\/04\/social_share.gif","type":"image\/gif"}],"twitter_card":"summary_large_image","twitter_misc":{"Dur\u00e9e de lecture estim\u00e9e":"1 minute"},"schema":{"@context":"https:\/\/schema.org","@graph":[{"@type":"WebPage","@id":"https:\/\/unceasinglypray.org\/pt\/day-7\/","url":"https:\/\/unceasinglypray.org\/pt\/day-7\/","name":"Day 7 - Unceasingly Pray","isPartOf":{"@id":"https:\/\/unceasinglypray.org\/ar\/#website"},"primaryImageOfPage":{"@id":"https:\/\/unceasinglypray.org\/pt\/day-7\/#primaryimage"},"image":{"@id":"https:\/\/unceasinglypray.org\/pt\/day-7\/#primaryimage"},"thumbnailUrl":"https:\/\/unceasinglypray.org\/wp-content\/uploads\/2020\/04\/social_share.gif","datePublished":"2020-04-04T21:48:04+00:00","dateModified":"2020-06-11T13:44:12+00:00","breadcrumb":{"@id":"https:\/\/unceasinglypray.org\/pt\/day-7\/#breadcrumb"},"inLanguage":"fr-FR","potentialAction":[{"@type":"ReadAction","target":["https:\/\/unceasinglypray.org\/pt\/day-7\/"]}]},{"@type":"ImageObject","inLanguage":"fr-FR","@id":"https:\/\/unceasinglypray.org\/pt\/day-7\/#primaryimage","url":"https:\/\/unceasinglypray.org\/wp-content\/uploads\/2020\/04\/social_share.gif","contentUrl":"https:\/\/unceasinglypray.org\/wp-content\/uploads\/2020\/04\/social_share.gif","width":1200,"height":630},{"@type":"BreadcrumbList","@id":"https:\/\/unceasinglypray.org\/pt\/day-7\/#breadcrumb","itemListElement":[{"@type":"ListItem","position":1,"name":"Home","item":"https:\/\/unceasinglypray.org\/pt\/"},{"@type":"ListItem","position":2,"name":"Day 7"}]},{"@type":"WebSite","@id":"https:\/\/unceasinglypray.org\/ar\/#website","url":"https:\/\/unceasinglypray.org\/ar\/","name":"Unceasingly Pray","description":"","potentialAction":[{"@type":"SearchAction","target":{"@type":"EntryPoint","urlTemplate":"https:\/\/unceasinglypray.org\/ar\/?s={search_term_string}"},"query-input":{"@type":"PropertyValueSpecification","valueRequired":true,"valueName":"search_term_string"}}],"inLanguage":"fr-FR"}]}},"_links":{"self":[{"href":"https:\/\/unceasinglypray.org\/fr\/wp-json\/wp\/v2\/pages\/520","targetHints":{"allow":["GET"]}}],"collection":[{"href":"https:\/\/unceasinglypray.org\/fr\/wp-json\/wp\/v2\/pages"}],"about":[{"href":"https:\/\/unceasinglypray.org\/fr\/wp-json\/wp\/v2\/types\/page"}],"author":[{"embeddable":true,"href":"https:\/\/unceasinglypray.org\/fr\/wp-json\/wp\/v2\/users\/1"}],"replies":[{"embeddable":true,"href":"https:\/\/unceasinglypray.org\/fr\/wp-json\/wp\/v2\/comments?post=520"}],"version-history":[{"count":0,"href":"https:\/\/unceasinglypray.org\/fr\/wp-json\/wp\/v2\/pages\/520\/revisions"}],"wp:featuredmedia":[{"embeddable":true,"href":"https:\/\/unceasinglypray.org\/fr\/wp-json\/wp\/v2\/media\/771"}],"wp:attachment":[{"href":"https:\/\/unceasinglypray.org\/fr\/wp-json\/wp\/v2\/media?parent=520"}],"curies":[{"name":"wp","href":"https:\/\/api.w.org\/{rel}","templated":true}]}}