{"id":519,"date":"2020-04-04T21:46:52","date_gmt":"2020-04-04T21:46:52","guid":{"rendered":"https:\/\/unceasinglypray.org\/?page_id=519"},"modified":"2020-06-11T13:43:51","modified_gmt":"2020-06-11T13:43:51","slug":"day-6","status":"publish","type":"page","link":"https:\/\/unceasinglypray.org\/fr\/day-6\/","title":{"rendered":"Day 6"},"content":{"rendered":"<p>DAY 6: PRAYER FOR THE GOSPEL<\/p>\n\t<p>Ap 6.1-2 ; Rm 2.4 ; Ac 26.20 ; Mc 1.15 ; 1 Tm 2.4a<\/p>\n\t<p>Que le cheval blanc de l'\u00e9vangile court et que le Dieu longanime am\u00e8ne les hommes \u00e0 se repentir, \u00e0 se tourner vers Lui et \u00e0 croire \u00e0 l'\u00e9vangile selon Son d\u00e9sir que tous les hommes soient sauv\u00e9s (Ap 6.1-2 ; Rm 2.4 ; Ac 26.20 ; Mc 1.15 ; 1 Tm 2.4a).<\/p>\n\n\t<p><strong>Ap 6.1-2<\/strong>\u2014Je regardai, quand l\u2019agneau ouvrit un des sept sceaux, et j\u2019entendis l\u2019un des quatre \u00eatre vivants qui disait comme d\u2019une voix de tonnerre : Viens. Je regardai, et voici un cheval blanc ; celui qui \u00e9tait assis dessus avait un arc ; une couronne lui fut donn\u00e9e, et il partit en vainqueur et pour vaincre.<\/p>\n<p><strong>Rm 2.4<\/strong>\u2014Or do you despise the riches of His kindness and forbearance and long-suffering, not knowing that God&#8217;s kindness is leading you to repentance?<\/p>\n<p><strong>Ac 26.20<\/strong>\u2014Mais \u00e0 ceux de Damas d\u2019abord, et \u00e0 J\u00e9rusalem, dans tout le territoire de la Jud\u00e9e, et aux pa\u00efens, j\u2019ai d\u00e9clar\u00e9 qu\u2019ils devaient se repentir et se tourner vers Dieu, en faisant des \u0153uvres dignes de la repentance..<\/p>\n<p><strong>Mc 1.15<\/strong>\u2014Et disant : Le temps est accompli, et le royaume de Dieu s\u2019est approch\u00e9. Repentez-vous et croyez \u00e0 l\u2019\u00e9vangile.<\/p>\n<p><strong>1 Tm 2.4<\/strong>\u2014Qui d\u00e9sire que tous les hommes soient sauv\u00e9s et parviennent \u00e0 la pleine connaissance de la v\u00e9rit\u00e9.<\/p>\n\t\t<h3><\/h3>\n\t\t<p>Priez sans cesse<\/p>\n\t\t\t<a href=\"https:\/\/unceasinglypray.org\/fr\/sign-up\/\" target=\"_self\" role=\"button\" rel=\"noopener noreferrer\">\n\t\t\t\t\t\t\tCHOISIR UN CR\u00c9NEAU\n\t\t\t\t\t<\/a>","protected":false},"excerpt":{"rendered":"<p>DAY 6: PRAYER FOR THE GOSPEL Rev. 6:1-2; Rom. 2:4; Acts 26:20; Mark 1:15; 1 Tim. 2:4a For the white horse of the gospel to run and for the long-suffering God to lead men to repent, to turn to Him and believe the gospel according to His desire that all men be saved (Rev. 6:1-2;&hellip;<\/p>","protected":false},"author":1,"featured_media":771,"parent":0,"menu_order":0,"comment_status":"closed","ping_status":"closed","template":"","meta":{"inline_featured_image":false,"footnotes":""},"class_list":["post-519","page","type-page","status-publish","has-post-thumbnail","hentry"],"yoast_head":"<!-- This site is optimized with the Yoast SEO plugin v27.3 - https:\/\/yoast.com\/product\/yoast-seo-wordpress\/ -->\n<title>Day 6 - Unceasingly Pray<\/title>\n<meta name=\"robots\" content=\"index, follow, max-snippet:-1, max-image-preview:large, max-video-preview:-1\" \/>\n<link rel=\"canonical\" href=\"http:\/\/unceasinglypray.org\/fr\/day-6\/\" \/>\n<meta property=\"og:locale\" content=\"fr_FR\" \/>\n<meta property=\"og:type\" content=\"article\" \/>\n<meta property=\"og:title\" content=\"Day 6 - Unceasingly Pray\" \/>\n<meta property=\"og:description\" content=\"DAY 6: PRAYER FOR THE GOSPEL Rev. 6:1-2; Rom. 2:4; Acts 26:20; Mark 1:15; 1 Tim. 2:4a For the white horse of the gospel to run and for the long-suffering God to lead men to repent, to turn to Him and believe the gospel according to His desire that all men be saved (Rev. 6:1-2;&hellip;\" \/>\n<meta property=\"og:url\" content=\"http:\/\/unceasinglypray.org\/fr\/day-6\/\" \/>\n<meta property=\"og:site_name\" content=\"Unceasingly Pray\" \/>\n<meta property=\"article:modified_time\" content=\"2020-06-11T13:43:51+00:00\" \/>\n<meta property=\"og:image\" content=\"https:\/\/unceasinglypray.org\/wp-content\/uploads\/2020\/04\/social_share.gif\" \/>\n\t<meta property=\"og:image:width\" content=\"1200\" \/>\n\t<meta property=\"og:image:height\" content=\"630\" \/>\n\t<meta property=\"og:image:type\" content=\"image\/gif\" \/>\n<meta name=\"twitter:card\" content=\"summary_large_image\" \/>\n<meta name=\"twitter:label1\" content=\"Dur\u00e9e de lecture estim\u00e9e\" \/>\n\t<meta name=\"twitter:data1\" content=\"1 minute\" \/>\n<script type=\"application\/ld+json\" class=\"yoast-schema-graph\">{\"@context\":\"https:\\\/\\\/schema.org\",\"@graph\":[{\"@type\":\"WebPage\",\"@id\":\"http:\\\/\\\/unceasinglypray.org\\\/ru\\\/day-6\\\/\",\"url\":\"http:\\\/\\\/unceasinglypray.org\\\/ru\\\/day-6\\\/\",\"name\":\"Day 6 - Unceasingly Pray\",\"isPartOf\":{\"@id\":\"https:\\\/\\\/unceasinglypray.org\\\/ar\\\/#website\"},\"primaryImageOfPage\":{\"@id\":\"http:\\\/\\\/unceasinglypray.org\\\/ru\\\/day-6\\\/#primaryimage\"},\"image\":{\"@id\":\"http:\\\/\\\/unceasinglypray.org\\\/ru\\\/day-6\\\/#primaryimage\"},\"thumbnailUrl\":\"https:\\\/\\\/unceasinglypray.org\\\/wp-content\\\/uploads\\\/2020\\\/04\\\/social_share.gif\",\"datePublished\":\"2020-04-04T21:46:52+00:00\",\"dateModified\":\"2020-06-11T13:43:51+00:00\",\"breadcrumb\":{\"@id\":\"http:\\\/\\\/unceasinglypray.org\\\/ru\\\/day-6\\\/#breadcrumb\"},\"inLanguage\":\"fr-FR\",\"potentialAction\":[{\"@type\":\"ReadAction\",\"target\":[\"http:\\\/\\\/unceasinglypray.org\\\/ru\\\/day-6\\\/\"]}]},{\"@type\":\"ImageObject\",\"inLanguage\":\"fr-FR\",\"@id\":\"http:\\\/\\\/unceasinglypray.org\\\/ru\\\/day-6\\\/#primaryimage\",\"url\":\"https:\\\/\\\/unceasinglypray.org\\\/wp-content\\\/uploads\\\/2020\\\/04\\\/social_share.gif\",\"contentUrl\":\"https:\\\/\\\/unceasinglypray.org\\\/wp-content\\\/uploads\\\/2020\\\/04\\\/social_share.gif\",\"width\":1200,\"height\":630},{\"@type\":\"BreadcrumbList\",\"@id\":\"http:\\\/\\\/unceasinglypray.org\\\/ru\\\/day-6\\\/#breadcrumb\",\"itemListElement\":[{\"@type\":\"ListItem\",\"position\":1,\"name\":\"Home\",\"item\":\"https:\\\/\\\/unceasinglypray.org\\\/pt\\\/\"},{\"@type\":\"ListItem\",\"position\":2,\"name\":\"Day 6\"}]},{\"@type\":\"WebSite\",\"@id\":\"https:\\\/\\\/unceasinglypray.org\\\/ar\\\/#website\",\"url\":\"https:\\\/\\\/unceasinglypray.org\\\/ar\\\/\",\"name\":\"Unceasingly Pray\",\"description\":\"\",\"potentialAction\":[{\"@type\":\"SearchAction\",\"target\":{\"@type\":\"EntryPoint\",\"urlTemplate\":\"https:\\\/\\\/unceasinglypray.org\\\/ar\\\/?s={search_term_string}\"},\"query-input\":{\"@type\":\"PropertyValueSpecification\",\"valueRequired\":true,\"valueName\":\"search_term_string\"}}],\"inLanguage\":\"fr-FR\"}]}<\/script>\n<!-- \/ Yoast SEO plugin. -->","yoast_head_json":{"title":"Day 6 - Unceasingly Pray","robots":{"index":"index","follow":"follow","max-snippet":"max-snippet:-1","max-image-preview":"max-image-preview:large","max-video-preview":"max-video-preview:-1"},"canonical":"http:\/\/unceasinglypray.org\/fr\/day-6\/","og_locale":"fr_FR","og_type":"article","og_title":"Day 6 - Unceasingly Pray","og_description":"DAY 6: PRAYER FOR THE GOSPEL Rev. 6:1-2; Rom. 2:4; Acts 26:20; Mark 1:15; 1 Tim. 2:4a For the white horse of the gospel to run and for the long-suffering God to lead men to repent, to turn to Him and believe the gospel according to His desire that all men be saved (Rev. 6:1-2;&hellip;","og_url":"http:\/\/unceasinglypray.org\/fr\/day-6\/","og_site_name":"Unceasingly Pray","article_modified_time":"2020-06-11T13:43:51+00:00","og_image":[{"width":1200,"height":630,"url":"https:\/\/unceasinglypray.org\/wp-content\/uploads\/2020\/04\/social_share.gif","type":"image\/gif"}],"twitter_card":"summary_large_image","twitter_misc":{"Dur\u00e9e de lecture estim\u00e9e":"1 minute"},"schema":{"@context":"https:\/\/schema.org","@graph":[{"@type":"WebPage","@id":"http:\/\/unceasinglypray.org\/ru\/day-6\/","url":"http:\/\/unceasinglypray.org\/ru\/day-6\/","name":"Day 6 - Unceasingly Pray","isPartOf":{"@id":"https:\/\/unceasinglypray.org\/ar\/#website"},"primaryImageOfPage":{"@id":"http:\/\/unceasinglypray.org\/ru\/day-6\/#primaryimage"},"image":{"@id":"http:\/\/unceasinglypray.org\/ru\/day-6\/#primaryimage"},"thumbnailUrl":"https:\/\/unceasinglypray.org\/wp-content\/uploads\/2020\/04\/social_share.gif","datePublished":"2020-04-04T21:46:52+00:00","dateModified":"2020-06-11T13:43:51+00:00","breadcrumb":{"@id":"http:\/\/unceasinglypray.org\/ru\/day-6\/#breadcrumb"},"inLanguage":"fr-FR","potentialAction":[{"@type":"ReadAction","target":["http:\/\/unceasinglypray.org\/ru\/day-6\/"]}]},{"@type":"ImageObject","inLanguage":"fr-FR","@id":"http:\/\/unceasinglypray.org\/ru\/day-6\/#primaryimage","url":"https:\/\/unceasinglypray.org\/wp-content\/uploads\/2020\/04\/social_share.gif","contentUrl":"https:\/\/unceasinglypray.org\/wp-content\/uploads\/2020\/04\/social_share.gif","width":1200,"height":630},{"@type":"BreadcrumbList","@id":"http:\/\/unceasinglypray.org\/ru\/day-6\/#breadcrumb","itemListElement":[{"@type":"ListItem","position":1,"name":"Home","item":"https:\/\/unceasinglypray.org\/pt\/"},{"@type":"ListItem","position":2,"name":"Day 6"}]},{"@type":"WebSite","@id":"https:\/\/unceasinglypray.org\/ar\/#website","url":"https:\/\/unceasinglypray.org\/ar\/","name":"Unceasingly Pray","description":"","potentialAction":[{"@type":"SearchAction","target":{"@type":"EntryPoint","urlTemplate":"https:\/\/unceasinglypray.org\/ar\/?s={search_term_string}"},"query-input":{"@type":"PropertyValueSpecification","valueRequired":true,"valueName":"search_term_string"}}],"inLanguage":"fr-FR"}]}},"_links":{"self":[{"href":"https:\/\/unceasinglypray.org\/fr\/wp-json\/wp\/v2\/pages\/519","targetHints":{"allow":["GET"]}}],"collection":[{"href":"https:\/\/unceasinglypray.org\/fr\/wp-json\/wp\/v2\/pages"}],"about":[{"href":"https:\/\/unceasinglypray.org\/fr\/wp-json\/wp\/v2\/types\/page"}],"author":[{"embeddable":true,"href":"https:\/\/unceasinglypray.org\/fr\/wp-json\/wp\/v2\/users\/1"}],"replies":[{"embeddable":true,"href":"https:\/\/unceasinglypray.org\/fr\/wp-json\/wp\/v2\/comments?post=519"}],"version-history":[{"count":0,"href":"https:\/\/unceasinglypray.org\/fr\/wp-json\/wp\/v2\/pages\/519\/revisions"}],"wp:featuredmedia":[{"embeddable":true,"href":"https:\/\/unceasinglypray.org\/fr\/wp-json\/wp\/v2\/media\/771"}],"wp:attachment":[{"href":"https:\/\/unceasinglypray.org\/fr\/wp-json\/wp\/v2\/media?parent=519"}],"curies":[{"name":"wp","href":"https:\/\/api.w.org\/{rel}","templated":true}]}}