{"id":516,"date":"2020-04-04T21:44:41","date_gmt":"2020-04-04T21:44:41","guid":{"rendered":"https:\/\/unceasinglypray.org\/?page_id=516"},"modified":"2020-06-11T13:42:50","modified_gmt":"2020-06-11T13:42:50","slug":"day-3","status":"publish","type":"page","link":"https:\/\/unceasinglypray.org\/fr\/day-3\/","title":{"rendered":"Day 3"},"content":{"rendered":"<p>DAY 3: PRAYER FOR WORLD AFFAIRS<\/p>\n\t<p>Dn 4.17 ; Ap 1.5 ; Pr 21.1 ; Dn 2.21<\/p>\n\t<p>Pour que Dieu en Christ r\u00e8gne sur toutes les affaires du monde (Dn 4.17 ; Ap 1.5), pour que les c\u0153urs des rois se tournent vers Lui afin d'accomplir Sa volont\u00e9 (Pr 21.1) et pour qu'Il suscite et renverse les dirigeants selon Son bon jugement (Dn 2.21).<\/p>\n\n\t<p><strong>Dn 4.17<\/strong>\u2014Cette sentence est un d\u00e9cret de ceux qui veillent, cette r\u00e9solution est un ordre des saints, afin que les vivants sachent que le Tr\u00e8s-Haut domine sur le royaume des hommes, qu\u2019il le donne \u00e0 qui il lui pla\u00eet, et qu\u2019il y \u00e9l\u00e8ve le dernier des hommes.<\/p>\n<p><strong>Ap 1.5<\/strong>\u2014et de la part de J\u00e9sus-Christ, le t\u00e9moin fid\u00e8le, le premier-n\u00e9 des morts, et le gouverneur des rois de la terre. \u00c0 celui qui nous aime et qui nous a d\u00e9livr\u00e9s de nos p\u00e9ch\u00e9s par son sang.<\/p>\n<p><strong>Pr 21.1<\/strong>\u2014 Le c\u0153ur du roi est un courant d\u2019eau dans la main de l\u2019\u00c9ternel ; \nIl l\u2019incline partout o\u00f9 il veut.<\/p>\n<p><strong>Dn 2.21<\/strong>\u2014 et c\u2019est lui qui change les temps et les saisons, qui d\u00e9pose les rois et \u00e9tablit les rois, qui donne la sagesse aux sages et la connaissance \u00e0 ceux qui connaissent l\u2019intelligence.<\/p>\n\t\t<h3><\/h3>\n\t\t<p>Priez sans cesse<\/p>\n\t\t\t<a href=\"https:\/\/unceasinglypray.org\/fr\/sign-up\/\" target=\"_self\" role=\"button\" rel=\"noopener noreferrer\">\n\t\t\t\t\t\t\tCHOISIR UN CR\u00c9NEAU\n\t\t\t\t\t<\/a>","protected":false},"excerpt":{"rendered":"<p>DAY 3: PRAYER FOR WORLD AFFAIRS DAN. 4:17; REV. 1:5; PROV. 21:1; DAN. 2:21 For God in Christ to rule over all world affairs (Dan. 4:17; Rev. 1:5), to turn the hearts of kings to do His will (Prov. 21:1), and to raise up and put down leaders as He sees fit (Dan. 2:21). Dan.&hellip;<\/p>","protected":false},"author":1,"featured_media":0,"parent":0,"menu_order":0,"comment_status":"closed","ping_status":"closed","template":"","meta":{"inline_featured_image":false,"footnotes":""},"class_list":["post-516","page","type-page","status-publish","hentry"],"yoast_head":"<!-- This site is optimized with the Yoast SEO plugin v27.4 - https:\/\/yoast.com\/product\/yoast-seo-wordpress\/ -->\n<title>Day 3 - Unceasingly Pray<\/title>\n<meta name=\"robots\" content=\"index, follow, max-snippet:-1, max-image-preview:large, max-video-preview:-1\" \/>\n<link rel=\"canonical\" href=\"https:\/\/unceasinglypray.org\/fr\/day-3\/\" \/>\n<meta property=\"og:locale\" content=\"fr_FR\" \/>\n<meta property=\"og:type\" content=\"article\" \/>\n<meta property=\"og:title\" content=\"Day 3 - Unceasingly Pray\" \/>\n<meta property=\"og:description\" content=\"DAY 3: PRAYER FOR WORLD AFFAIRS DAN. 4:17; REV. 1:5; PROV. 21:1; DAN. 2:21 For God in Christ to rule over all world affairs (Dan. 4:17; Rev. 1:5), to turn the hearts of kings to do His will (Prov. 21:1), and to raise up and put down leaders as He sees fit (Dan. 2:21). Dan.&hellip;\" \/>\n<meta property=\"og:url\" content=\"https:\/\/unceasinglypray.org\/fr\/day-3\/\" \/>\n<meta property=\"og:site_name\" content=\"Unceasingly Pray\" \/>\n<meta property=\"article:modified_time\" content=\"2020-06-11T13:42:50+00:00\" \/>\n<meta name=\"twitter:card\" content=\"summary_large_image\" \/>\n<meta name=\"twitter:label1\" content=\"Dur\u00e9e de lecture estim\u00e9e\" \/>\n\t<meta name=\"twitter:data1\" content=\"1 minute\" \/>\n<script type=\"application\/ld+json\" class=\"yoast-schema-graph\">{\"@context\":\"https:\\\/\\\/schema.org\",\"@graph\":[{\"@type\":\"WebPage\",\"@id\":\"https:\\\/\\\/unceasinglypray.org\\\/ceb\\\/day-3\\\/\",\"url\":\"https:\\\/\\\/unceasinglypray.org\\\/ceb\\\/day-3\\\/\",\"name\":\"Day 3 - Unceasingly Pray\",\"isPartOf\":{\"@id\":\"https:\\\/\\\/unceasinglypray.org\\\/ar\\\/#website\"},\"datePublished\":\"2020-04-04T21:44:41+00:00\",\"dateModified\":\"2020-06-11T13:42:50+00:00\",\"breadcrumb\":{\"@id\":\"https:\\\/\\\/unceasinglypray.org\\\/ceb\\\/day-3\\\/#breadcrumb\"},\"inLanguage\":\"fr-FR\",\"potentialAction\":[{\"@type\":\"ReadAction\",\"target\":[\"https:\\\/\\\/unceasinglypray.org\\\/ceb\\\/day-3\\\/\"]}]},{\"@type\":\"BreadcrumbList\",\"@id\":\"https:\\\/\\\/unceasinglypray.org\\\/ceb\\\/day-3\\\/#breadcrumb\",\"itemListElement\":[{\"@type\":\"ListItem\",\"position\":1,\"name\":\"Home\",\"item\":\"https:\\\/\\\/unceasinglypray.org\\\/pt\\\/\"},{\"@type\":\"ListItem\",\"position\":2,\"name\":\"Day 3\"}]},{\"@type\":\"WebSite\",\"@id\":\"https:\\\/\\\/unceasinglypray.org\\\/ar\\\/#website\",\"url\":\"https:\\\/\\\/unceasinglypray.org\\\/ar\\\/\",\"name\":\"Unceasingly Pray\",\"description\":\"\",\"potentialAction\":[{\"@type\":\"SearchAction\",\"target\":{\"@type\":\"EntryPoint\",\"urlTemplate\":\"https:\\\/\\\/unceasinglypray.org\\\/ar\\\/?s={search_term_string}\"},\"query-input\":{\"@type\":\"PropertyValueSpecification\",\"valueRequired\":true,\"valueName\":\"search_term_string\"}}],\"inLanguage\":\"fr-FR\"}]}<\/script>\n<!-- \/ Yoast SEO plugin. -->","yoast_head_json":{"title":"Day 3 - Unceasingly Pray","robots":{"index":"index","follow":"follow","max-snippet":"max-snippet:-1","max-image-preview":"max-image-preview:large","max-video-preview":"max-video-preview:-1"},"canonical":"https:\/\/unceasinglypray.org\/fr\/day-3\/","og_locale":"fr_FR","og_type":"article","og_title":"Day 3 - Unceasingly Pray","og_description":"DAY 3: PRAYER FOR WORLD AFFAIRS DAN. 4:17; REV. 1:5; PROV. 21:1; DAN. 2:21 For God in Christ to rule over all world affairs (Dan. 4:17; Rev. 1:5), to turn the hearts of kings to do His will (Prov. 21:1), and to raise up and put down leaders as He sees fit (Dan. 2:21). Dan.&hellip;","og_url":"https:\/\/unceasinglypray.org\/fr\/day-3\/","og_site_name":"Unceasingly Pray","article_modified_time":"2020-06-11T13:42:50+00:00","twitter_card":"summary_large_image","twitter_misc":{"Dur\u00e9e de lecture estim\u00e9e":"1 minute"},"schema":{"@context":"https:\/\/schema.org","@graph":[{"@type":"WebPage","@id":"https:\/\/unceasinglypray.org\/ceb\/day-3\/","url":"https:\/\/unceasinglypray.org\/ceb\/day-3\/","name":"Day 3 - Unceasingly Pray","isPartOf":{"@id":"https:\/\/unceasinglypray.org\/ar\/#website"},"datePublished":"2020-04-04T21:44:41+00:00","dateModified":"2020-06-11T13:42:50+00:00","breadcrumb":{"@id":"https:\/\/unceasinglypray.org\/ceb\/day-3\/#breadcrumb"},"inLanguage":"fr-FR","potentialAction":[{"@type":"ReadAction","target":["https:\/\/unceasinglypray.org\/ceb\/day-3\/"]}]},{"@type":"BreadcrumbList","@id":"https:\/\/unceasinglypray.org\/ceb\/day-3\/#breadcrumb","itemListElement":[{"@type":"ListItem","position":1,"name":"Home","item":"https:\/\/unceasinglypray.org\/pt\/"},{"@type":"ListItem","position":2,"name":"Day 3"}]},{"@type":"WebSite","@id":"https:\/\/unceasinglypray.org\/ar\/#website","url":"https:\/\/unceasinglypray.org\/ar\/","name":"Unceasingly Pray","description":"","potentialAction":[{"@type":"SearchAction","target":{"@type":"EntryPoint","urlTemplate":"https:\/\/unceasinglypray.org\/ar\/?s={search_term_string}"},"query-input":{"@type":"PropertyValueSpecification","valueRequired":true,"valueName":"search_term_string"}}],"inLanguage":"fr-FR"}]}},"_links":{"self":[{"href":"https:\/\/unceasinglypray.org\/fr\/wp-json\/wp\/v2\/pages\/516","targetHints":{"allow":["GET"]}}],"collection":[{"href":"https:\/\/unceasinglypray.org\/fr\/wp-json\/wp\/v2\/pages"}],"about":[{"href":"https:\/\/unceasinglypray.org\/fr\/wp-json\/wp\/v2\/types\/page"}],"author":[{"embeddable":true,"href":"https:\/\/unceasinglypray.org\/fr\/wp-json\/wp\/v2\/users\/1"}],"replies":[{"embeddable":true,"href":"https:\/\/unceasinglypray.org\/fr\/wp-json\/wp\/v2\/comments?post=516"}],"version-history":[{"count":0,"href":"https:\/\/unceasinglypray.org\/fr\/wp-json\/wp\/v2\/pages\/516\/revisions"}],"wp:attachment":[{"href":"https:\/\/unceasinglypray.org\/fr\/wp-json\/wp\/v2\/media?parent=516"}],"curies":[{"name":"wp","href":"https:\/\/api.w.org\/{rel}","templated":true}]}}