{"id":23,"date":"2020-03-26T23:58:07","date_gmt":"2020-03-26T23:58:07","guid":{"rendered":"https:\/\/unceasepray.wpengine.com\/?page_id=23"},"modified":"2020-06-11T15:14:28","modified_gmt":"2020-06-11T15:14:28","slug":"ministry","status":"publish","type":"page","link":"https:\/\/unceasinglypray.org\/fr\/ministry\/","title":{"rendered":"MINIST\u00c8RE"},"content":{"rendered":"<p>MINIST\u00c8RE<\/p>\n\t<p>Cantiques sur la pri\u00e8re<\/p>\n\t<p>Vous trouverez ci-dessous une liste de cantiques se rapportant \u00e0 la pri\u00e8re. Cliquez sur chacun des liens afin de pouvoir en lire les paroles. Que ces cantiques fortifient et enrichissent notre vie de pri\u00e8re avec le Seigneur.<\/p>\n\n\t<p>762: <a href=\"https:\/\/www.hymnal.net\/en\/hymn\/h\/762\">Prayer is the incense of a holy heart<\/a><\/p>\n<p>767: <a href=\"http:\/\/www.witness-lee-hymns.org\/hymns\/H0767.html\">Teach us to pray that we may cause<\/a><\/p>\n<p>768: <a href=\"https:\/\/www.hymnal.net\/en\/hymn\/h\/768\">Lord, teach us how to use<\/a><\/p>\n<p>769: <a href=\"http:\/\/www.witness-lee-hymns.org\/hymns\/H0769.html\">To the holiest place I\u2019d come<\/a><\/p>\n<p>771: <a href=\"http:\/\/www.witness-lee-hymns.org\/hymns\/H0771.html\">The veil is rent and opened is<\/a><\/p>\n<p>772: <a href=\"http:\/\/www.witness-lee-hymns.org\/hymns\/H0772.html\">Lord, we meet to seek Thy face<\/a><\/p>\n<p>775: <a href=\"https:\/\/www.hymnal.net\/en\/hymn\/h\/775\">In the mighty Name of Jesus<\/a><\/p>\n<p>776:<a href=\"https:\/\/www.hymnal.net\/en\/hymn\/h\/776\"> \u201cAsk in faith,\u201d the Name of Jesus<\/a><\/p>\n<p>777: <a href=\"https:\/\/www.hymnal.net\/en\/hymn\/h\/777\">Say to this mountain, \u201cGo\u201d<\/a><\/p>\n<p>778: <a href=\"https:\/\/www.hymnal.net\/en\/hymn\/h\/778\">Keep up the song of faith<\/a><\/p>\n<p>779: <a href=\"http:\/\/www.witness-lee-hymns.org\/hymns\/H0779.html\">Pray with one accord in spirit<\/a><\/p>\n<p>780: <a href=\"http:\/\/www.witness-lee-hymns.org\/hymns\/H0780.html\">Praying always in the spirit<\/a><\/p>\n<p>781: <a href=\"http:\/\/www.witness-lee-hymns.org\/hymns\/H0781.html\">Exercise the spirit<\/a><\/p>\n<p>783: <a href=\"http:\/\/www.witness-lee-hymns.org\/hymns\/H0783.html\">Pray to touch the throne of God<\/a><\/p>\n<p>785: <a href=\"http:\/\/www.witness-lee-hymns.org\/hymns\/H0785.html\">Praying to express the Lord<\/a><\/p>\n<p>786: <a href=\"http:\/\/www.witness-lee-hymns.org\/hymns\/H0786.html\">Pray to labor with the Lord<\/a><\/p>\n<p>790: <a href=\"https:\/\/www.hymnal.net\/en\/hymn\/h\/790\">\u201cKeep the incense burning\u201d<\/a><\/p>\n\t<p>791: <a href=\"http:\/\/www.witness-lee-hymns.org\/hymns\/H0791.html\">The priest\u2019s position holy is<\/a><\/p>\n<p>792: <a href=\"http:\/\/www.witness-lee-hymns.org\/hymns\/H0792.html\">Waiting on Thee, Lord, waiting on Thee<\/a><\/p>\n<p>794: <a href=\"https:\/\/www.hymnal.net\/en\/hymn\/h\/794\">Stir me, oh, stir me, Lord, I care not how<\/a><\/p>\n<p>795: <a href=\"https:\/\/www.hymnal.net\/en\/hymn\/h\/795\">Father, let Thy kingdom come<\/a><\/p>\n<p>797: <a href=\"https:\/\/www.hymnal.net\/en\/hymn\/h\/797\">Revive Thy work, O Lord!<\/a><\/p>\n<p>798: <a href=\"https:\/\/www.hymnal.net\/en\/hymn\/h\/798\">Revive Thy work, dear Lord!<\/a><\/p>\n<p>845: <a href=\"http:\/\/www.witness-lee-hymns.org\/hymns\/H0845.html\">Release my spirit! This is what I need<\/a><\/p>\n<p>846: <a href=\"http:\/\/www.witness-lee-hymns.org\/hymns\/H0846.html\">Oh, may my spirit flow<\/a><\/p>\n<p>848: <a href=\"http:\/\/www.witness-lee-hymns.org\/hymns\/H0848.html\">What a blessing, what a priv\u2019lege!<\/a><\/p>\n<p>849: <a href=\"http:\/\/www.witness-lee-hymns.org\/hymns\/H0849.html\">Holy priests are living stones<\/a><\/p>\n<p>876: <a href=\"http:\/\/www.witness-lee-hymns.org\/hymns\/H0876.html\">When war is hot and fierce<\/a><\/p>\n<p>885: <a href=\"http:\/\/www.witness-lee-hymns.org\/hymns\/H0885.html\">Fight the battle in the Body<\/a><\/p>\n<p>888: <a href=\"https:\/\/www.hymnal.net\/en\/hymn\/h\/888\">Soldiers of Christ, arise<\/a><\/p>\n<p>890: <a href=\"https:\/\/www.hymnal.net\/en\/hymn\/h\/890\">Hallelujah! Christ is Victor<\/a><\/p>\n<p>892: <a href=\"http:\/\/www.witness-lee-hymns.org\/hymns\/H0892.html\">With all the pow\u2019r in heav\u2019n and earth<\/a><\/p>\n<p>1217: <a href=\"https:\/\/www.hymnal.net\/en\/hymn\/h\/1217\">Lord, we\u2019ve heard the call, \u201cCome forward\u201d<\/a><\/p>\n\t<p>&nbsp;<\/p>\n<p>Ces cantiques sont tir\u00e9s du recueil de cantiques <i>Hymns<\/i>, publi\u00e9 par Living Stream Ministry.<\/p>\n\n\t<p>R\u00c9F\u00c9RENCES \u00c0 CERTAINS PASSAGES DU MINIST\u00c8RE QUI PARLENT DE LA PRI\u00c8RE<\/p>\n<ul>\n<li class=\"translation-block\"><em>Le Minist\u00e8re de pri\u00e8re de l'\u00e9glise<\/em>, chap. 1 et 4<\/li>\n<li><em>Burden and Prayer<\/em>, chap. 1<\/li>\n<li class=\"translation-block\"><em>L'\u00e9glise : la vision et l'\u00e9dification de l'\u00e9glise \u2013 Livre de le\u00e7ons : niveau cinq<\/em>, chap. 18<\/li>\n<li class=\"translation-block\"><em>The Prayer of the Age<\/em> (livret)<\/li>\n<li><em>Le\u00e7ons sur la pri\u00e8re<\/em><\/li>\n<li class=\"translation-block\"><em>\u00c9tude de vie d'Exode<\/em>, mess. 147, 148 et 152<\/li>\n<li class=\"translation-block\"><em>\u00c9tude de vie de Gen\u00e8se<\/em>, mess. 51<\/li>\n<li class=\"translation-block\"><em>New Believers\u2019 Series<\/em>: Lesson 11, Prayer<\/li>\n<li><em>The Collected Works of Watchman Nee,\u00a0Set 2, vol. 38: General Messages (2)<\/em>, Chapter 23<\/li>\n<li class=\"translation-block\"><em>Fellowship Concerning the Urgent Need of the Vital Groups<\/em>, chap. 14<\/li>\n<\/ul>\n\n\t<p><img \/>T\u00e9l\u00e9chargez une liste de r\u00e9f\u00e9rences \u00e0 certains passages du minist\u00e8re sur la pri\u00e8re <a href=\"https:\/\/unceasinglypray.org\/wp-content\/uploads\/2020\/05\/Ministry_on_Prayer-final.pdf\">ici<\/a>.<\/p>\n<p><img alt=\"\" width=\"25650\" height=\"150\" \/><\/p>\n\t\t<h3><\/h3>\n\t\t<p>Priez sans cesse<\/p>\n\t\t\t<a href=\"https:\/\/unceasinglypray.org\/fr\/sign-up\/\" target=\"_self\" role=\"button\" rel=\"noopener noreferrer\">\n\t\t\t\t\t\t\tCHOISIR UN CR\u00c9NEAU\n\t\t\t\t\t<\/a>","protected":false},"excerpt":{"rendered":"<p>MINISTRY HYMNS ON PRAYER Below is a list of hymns related to prayer. Click on each title to read the full lyrics. May these hymns strengthen and enrich our prayer life with the Lord. 762: Prayer is the incense of a holy heart 767: Teach us to pray that we may cause 768: Lord, teach&hellip;<\/p>","protected":false},"author":1,"featured_media":0,"parent":0,"menu_order":0,"comment_status":"closed","ping_status":"closed","template":"","meta":{"inline_featured_image":false,"footnotes":""},"class_list":["post-23","page","type-page","status-publish","hentry"],"yoast_head":"<!-- This site is optimized with the Yoast SEO plugin v27.4 - https:\/\/yoast.com\/product\/yoast-seo-wordpress\/ -->\n<title>Ministry - Unceasingly Pray<\/title>\n<meta name=\"robots\" content=\"index, follow, max-snippet:-1, max-image-preview:large, max-video-preview:-1\" \/>\n<link rel=\"canonical\" href=\"http:\/\/unceasinglypray.org\/fr\/ministry\/\" \/>\n<meta property=\"og:locale\" content=\"fr_FR\" \/>\n<meta property=\"og:type\" content=\"article\" \/>\n<meta property=\"og:title\" content=\"Ministry - Unceasingly Pray\" \/>\n<meta property=\"og:description\" content=\"MINISTRY HYMNS ON PRAYER Below is a list of hymns related to prayer. Click on each title to read the full lyrics. May these hymns strengthen and enrich our prayer life with the Lord. 762: Prayer is the incense of a holy heart 767: Teach us to pray that we may cause 768: Lord, teach&hellip;\" \/>\n<meta property=\"og:url\" content=\"http:\/\/unceasinglypray.org\/fr\/ministry\/\" \/>\n<meta property=\"og:site_name\" content=\"Unceasingly Pray\" \/>\n<meta property=\"article:modified_time\" content=\"2020-06-11T15:14:28+00:00\" \/>\n<meta name=\"twitter:card\" content=\"summary_large_image\" \/>\n<meta name=\"twitter:label1\" content=\"Dur\u00e9e de lecture estim\u00e9e\" \/>\n\t<meta name=\"twitter:data1\" content=\"2 minutes\" \/>\n<script type=\"application\/ld+json\" class=\"yoast-schema-graph\">{\"@context\":\"https:\\\/\\\/schema.org\",\"@graph\":[{\"@type\":\"WebPage\",\"@id\":\"http:\\\/\\\/unceasinglypray.org\\\/fa\\\/ministry\\\/\",\"url\":\"http:\\\/\\\/unceasinglypray.org\\\/fa\\\/ministry\\\/\",\"name\":\"Ministry - Unceasingly Pray\",\"isPartOf\":{\"@id\":\"https:\\\/\\\/unceasinglypray.org\\\/ar\\\/#website\"},\"datePublished\":\"2020-03-26T23:58:07+00:00\",\"dateModified\":\"2020-06-11T15:14:28+00:00\",\"breadcrumb\":{\"@id\":\"http:\\\/\\\/unceasinglypray.org\\\/fa\\\/ministry\\\/#breadcrumb\"},\"inLanguage\":\"fr-FR\",\"potentialAction\":[{\"@type\":\"ReadAction\",\"target\":[\"http:\\\/\\\/unceasinglypray.org\\\/fa\\\/ministry\\\/\"]}]},{\"@type\":\"BreadcrumbList\",\"@id\":\"http:\\\/\\\/unceasinglypray.org\\\/fa\\\/ministry\\\/#breadcrumb\",\"itemListElement\":[{\"@type\":\"ListItem\",\"position\":1,\"name\":\"Home\",\"item\":\"https:\\\/\\\/unceasinglypray.org\\\/pt\\\/\"},{\"@type\":\"ListItem\",\"position\":2,\"name\":\"Ministry\"}]},{\"@type\":\"WebSite\",\"@id\":\"https:\\\/\\\/unceasinglypray.org\\\/ar\\\/#website\",\"url\":\"https:\\\/\\\/unceasinglypray.org\\\/ar\\\/\",\"name\":\"Unceasingly Pray\",\"description\":\"\",\"potentialAction\":[{\"@type\":\"SearchAction\",\"target\":{\"@type\":\"EntryPoint\",\"urlTemplate\":\"https:\\\/\\\/unceasinglypray.org\\\/ar\\\/?s={search_term_string}\"},\"query-input\":{\"@type\":\"PropertyValueSpecification\",\"valueRequired\":true,\"valueName\":\"search_term_string\"}}],\"inLanguage\":\"fr-FR\"}]}<\/script>\n<!-- \/ Yoast SEO plugin. -->","yoast_head_json":{"title":"Ministry - Unceasingly Pray","robots":{"index":"index","follow":"follow","max-snippet":"max-snippet:-1","max-image-preview":"max-image-preview:large","max-video-preview":"max-video-preview:-1"},"canonical":"http:\/\/unceasinglypray.org\/fr\/ministry\/","og_locale":"fr_FR","og_type":"article","og_title":"Ministry - Unceasingly Pray","og_description":"MINISTRY HYMNS ON PRAYER Below is a list of hymns related to prayer. Click on each title to read the full lyrics. May these hymns strengthen and enrich our prayer life with the Lord. 762: Prayer is the incense of a holy heart 767: Teach us to pray that we may cause 768: Lord, teach&hellip;","og_url":"http:\/\/unceasinglypray.org\/fr\/ministry\/","og_site_name":"Unceasingly Pray","article_modified_time":"2020-06-11T15:14:28+00:00","twitter_card":"summary_large_image","twitter_misc":{"Dur\u00e9e de lecture estim\u00e9e":"2 minutes"},"schema":{"@context":"https:\/\/schema.org","@graph":[{"@type":"WebPage","@id":"http:\/\/unceasinglypray.org\/fa\/ministry\/","url":"http:\/\/unceasinglypray.org\/fa\/ministry\/","name":"Ministry - Unceasingly Pray","isPartOf":{"@id":"https:\/\/unceasinglypray.org\/ar\/#website"},"datePublished":"2020-03-26T23:58:07+00:00","dateModified":"2020-06-11T15:14:28+00:00","breadcrumb":{"@id":"http:\/\/unceasinglypray.org\/fa\/ministry\/#breadcrumb"},"inLanguage":"fr-FR","potentialAction":[{"@type":"ReadAction","target":["http:\/\/unceasinglypray.org\/fa\/ministry\/"]}]},{"@type":"BreadcrumbList","@id":"http:\/\/unceasinglypray.org\/fa\/ministry\/#breadcrumb","itemListElement":[{"@type":"ListItem","position":1,"name":"Home","item":"https:\/\/unceasinglypray.org\/pt\/"},{"@type":"ListItem","position":2,"name":"Ministry"}]},{"@type":"WebSite","@id":"https:\/\/unceasinglypray.org\/ar\/#website","url":"https:\/\/unceasinglypray.org\/ar\/","name":"Unceasingly Pray","description":"","potentialAction":[{"@type":"SearchAction","target":{"@type":"EntryPoint","urlTemplate":"https:\/\/unceasinglypray.org\/ar\/?s={search_term_string}"},"query-input":{"@type":"PropertyValueSpecification","valueRequired":true,"valueName":"search_term_string"}}],"inLanguage":"fr-FR"}]}},"_links":{"self":[{"href":"https:\/\/unceasinglypray.org\/fr\/wp-json\/wp\/v2\/pages\/23","targetHints":{"allow":["GET"]}}],"collection":[{"href":"https:\/\/unceasinglypray.org\/fr\/wp-json\/wp\/v2\/pages"}],"about":[{"href":"https:\/\/unceasinglypray.org\/fr\/wp-json\/wp\/v2\/types\/page"}],"author":[{"embeddable":true,"href":"https:\/\/unceasinglypray.org\/fr\/wp-json\/wp\/v2\/users\/1"}],"replies":[{"embeddable":true,"href":"https:\/\/unceasinglypray.org\/fr\/wp-json\/wp\/v2\/comments?post=23"}],"version-history":[{"count":0,"href":"https:\/\/unceasinglypray.org\/fr\/wp-json\/wp\/v2\/pages\/23\/revisions"}],"wp:attachment":[{"href":"https:\/\/unceasinglypray.org\/fr\/wp-json\/wp\/v2\/media?parent=23"}],"curies":[{"name":"wp","href":"https:\/\/api.w.org\/{rel}","templated":true}]}}