{"id":993,"date":"2020-05-31T19:34:28","date_gmt":"2020-05-31T19:34:28","guid":{"rendered":"https:\/\/unceasinglypray.org\/?page_id=993"},"modified":"2020-05-31T19:34:28","modified_gmt":"2020-05-31T19:34:28","slug":"letter-3","status":"publish","type":"page","link":"https:\/\/unceasinglypray.org\/es\/letter-3\/","title":{"rendered":"Letter 3"},"content":{"rendered":"<h2>\n\t\tPERSEVERAR EN LA INTERCESI\u00d3N\n\t<\/h2>\n\t<p>29 DE ABRIL DEL 2020<\/p>\n\t<p>Queridos santos:<\/p>\n<p>Cu\u00e1nto agradecemos al Se\u00f1or por Su abundante suministraci\u00f3n a las iglesias y a los santos en Su recobro, la cual ha capacitado a muchos para interceder como un solo hombre durante este mes que pas\u00f3. En la historia del recobro del Se\u00f1or jam\u00e1s hab\u00edamos tenido tal oraci\u00f3n ininterrumpida a nivel global. Si bien es nuestro sentir concluir esta labor coordinada este 30 de abril, esperamos en el Se\u00f1or que \u00e9sta no haya sido apenas una temporada de oraci\u00f3n, sino que el Se\u00f1or habr\u00e1 de sustentarnos a todos nosotros para seguir avanzando en nuestra vida de oraci\u00f3n personal y en el ministerio corporativo de oraci\u00f3n de la iglesia.<\/p>\n<p>\u00a0Tenemos la convicci\u00f3n de que todos los santos que asumieron esta carga pudieron obtener cierta comprensi\u00f3n de la perseverancia que la oraci\u00f3n de intercesi\u00f3n requiere (Col. 4:2). Esto se debe a que en la esfera invisible arrecia una guerra entre Dios y Su enemigo, Satan\u00e1s. Por supuesto, el prop\u00f3sito de Dios se cumplir\u00e1 a la postre, pero cu\u00e1n pronto se cumpla y qui\u00e9n se manifieste que est\u00e1 ganando la batalla en un tiempo en particular, depender\u00e1 del grado en que el pueblo de Dios coopere con \u00c9l en oraci\u00f3n. Satan\u00e1s sabe esto, as\u00ed que \u00e9l procura impedir nuestra oraci\u00f3n por todos los medios. De hecho, debido a que la totalidad de la corriente de esta era es contraria a nuestra oraci\u00f3n, el hermano Lee nos dijo: \u201cPerseverar en oraci\u00f3n es como remar contra la corriente. Si no perseveran, ser\u00e1n llevados por la corriente r\u00edo abajo. Indudablemente, perseverar de este modo, al remar o al orar, requiere de mucha energ\u00eda\u201d (<i>Estudio-vida de Colosenses<\/i>, p\u00e1gs. 610-611). Debido a esto, necesitamos ser fortalecidos por el Se\u00f1or (Ef. 6:10).<\/p>\n<p>\u00a0El hermano Lee nos dio algunos consejos pr\u00e1cticos para ayudarnos a perseverar en oraci\u00f3n. Primero, nos exhort\u00f3 a tener transacciones exhaustivas con el Se\u00f1or e incluso hacer un voto ante \u00c9l con respecto a nuestra vida de oraci\u00f3n. Tal voto expresa nuestra aspiraci\u00f3n a ser una persona de oraci\u00f3n, al mismo tiempo que reconocemos que necesitamos que el Se\u00f1or nos capacite para poder ser fieles y cumplir nuestro voto. Segundo, necesitamos separar uno o m\u00e1s tiempos definidos cada d\u00eda para dedicarlos a la oraci\u00f3n (Dn. 6:10). Debi\u00e9ramos considerar que nada es m\u00e1s importante que la oraci\u00f3n y no permitir que nada usurpe estos tiempos que separemos para orar ni que nada interrumpa nuestra oraci\u00f3n. Tercero, debemos considerar nuestro hablar en nuestra vida diaria, puesto que hablar descuidadamente apagar\u00e1 nuestro esp\u00edritu de oraci\u00f3n (Ef. 4:29-30; cfr. 1 Ts. 5:19 y la nota). Cuarto, necesitamos usar nuestro esp\u00edritu, ejercitar nuestra voluntad, aquietar nuestra mente y regular nuestras emociones a fin de poder orar apropiadamente (Ef. 6:18; 2 Ti. 1:7; 1 P. 4:7). Quinto, la experiencia nos ense\u00f1a que orar con un compa\u00f1ero nos ayuda a desarrollar regularidad y constancia en nuestra oraci\u00f3n (v\u00e9ase <i>Estudio-vida de Colosenses<\/i>, p\u00e1gs. 611-613, y <i>Estudio-vida de Efesios<\/i>, p\u00e1gs. 558-561, para m\u00e1s detalles sobre estas pr\u00e1cticas que son de ayuda).<\/p>\n<p>\u00a0Ejercitarnos en la oraci\u00f3n de tal modo nos brinda tremendos beneficios. Esto hace que nos mezclemos con el Se\u00f1or de modo que lleguemos a ser una reproducci\u00f3n de \u00c9l como hombre de oraci\u00f3n (Mt. 14:23; Mr. 1:35; Lc. 5:16). Esto hace que pongamos nuestra mente en las cosas de arriba, en lugar de ponerla en asuntos terrenales relacionados con nuestros propios intereses (Col. 3:2). Esto nos permite unirnos al ministerio intercesor del Cristo ascendido en pro de los intereses de Dios sobre la tierra (Ro. 8:34; He. 7:25). Esta oraci\u00f3n intercesora, la cual se lleva a cabo en Cristo y con Cristo como incienso, no es \u201caquella oraci\u00f3n que hacemos por nosotros mismos, sino oraci\u00f3n para que se ejerza la administraci\u00f3n divina, para que se imparta el suministro de gracia procedente de Dios y para interceder por las iglesias y los santos. Tal oraci\u00f3n es un incienso fragante para Dios: lleva a cabo Su prop\u00f3sito, satisface Su deseo y deleita Su coraz\u00f3n\u201d (\u00c9x. 30:7 y la nota 1). Adem\u00e1s, al acercarnos al trono de la gracia en oraci\u00f3n, recibimos misericordia y hallamos gracia para el oportuno socorro (He. 4:16). Nuestra oraci\u00f3n traer\u00e1 bendici\u00f3n a nosotros mismos, a nuestras iglesias y a nuestras naciones.<\/p>\n<p>\u00a0Independientemente de que a nuestro parecer hayamos tenido \u00e9xito o hayamos fracasado en nuestra oraci\u00f3n durante los treinta d\u00edas pasados, es necesario que sigamos adelante y a partir de ahora avancemos. Recomendamos encarecidamente a todos los santos que tomen las treinta cargas de oraci\u00f3n sugeridas en el sitio: <a href=\"https:\/\/unceasinglypray.org\/es\/prayer-burdens\/\">unceasinglypray.org<\/a> y que las presenten nuevamente en oraci\u00f3n durante el mes de mayo. Tenemos la convicci\u00f3n de que si vuelven a orar estos treinta \u00edtems y los vers\u00edculos que los acompa\u00f1an, percibir\u00e1n que hay muchas cosas que a\u00fan requieren de nuestra intercesi\u00f3n continua. Que el Se\u00f1or fortalezca a Su recobro y haga de nosotros Su casa de oraci\u00f3n (Mr. 11:17). Alabemos a nuestro Sumo Sacerdote que es fiel y misericordioso, el cual est\u00e1 encumbrado por encima de los cielos (He. 2:17; 7:26) y quien nos hace uno con \u00c9l en Su ministerio celestial de intercesi\u00f3n (Jac. 5:17 y la nota).<\/p>\n<p>\u00a0Sus hermanos en Cristo,<\/p>\n<p>Los colaboradores en el recobro del Se\u00f1or<\/p>\n<p>&nbsp;<\/p>","protected":false},"excerpt":{"rendered":"<p>CONTINUING STEADFASTLY IN INTERCESSION APRIL 29, 2020 Dear saints, How we thank the Lord for His abundant supply to the churches and the saints in His recovery that has enabled so many to intercede as one man over this past month. There has never been such global, round-the-clock prayer in the history of His recovery.&hellip;<\/p>","protected":false},"author":2,"featured_media":0,"parent":0,"menu_order":0,"comment_status":"closed","ping_status":"closed","template":"","meta":{"inline_featured_image":false,"footnotes":""},"class_list":["post-993","page","type-page","status-publish","hentry"],"yoast_head":"<!-- This site is optimized with the Yoast SEO plugin v27.5 - https:\/\/yoast.com\/product\/yoast-seo-wordpress\/ -->\n<title>Letter 3 - Unceasingly Pray<\/title>\n<meta name=\"robots\" content=\"index, follow, max-snippet:-1, max-image-preview:large, max-video-preview:-1\" \/>\n<link rel=\"canonical\" href=\"https:\/\/unceasinglypray.org\/es\/letter-3\/\" \/>\n<meta property=\"og:locale\" content=\"es_MX\" \/>\n<meta property=\"og:type\" content=\"article\" \/>\n<meta property=\"og:title\" content=\"Letter 3 - Unceasingly Pray\" \/>\n<meta property=\"og:description\" content=\"CONTINUING STEADFASTLY IN INTERCESSION APRIL 29, 2020 Dear saints, How we thank the Lord for His abundant supply to the churches and the saints in His recovery that has enabled so many to intercede as one man over this past month. There has never been such global, round-the-clock prayer in the history of His recovery.&hellip;\" \/>\n<meta property=\"og:url\" content=\"https:\/\/unceasinglypray.org\/es\/letter-3\/\" \/>\n<meta property=\"og:site_name\" content=\"Unceasingly Pray\" \/>\n<meta name=\"twitter:card\" content=\"summary_large_image\" \/>\n<meta name=\"twitter:label1\" content=\"Tiempo de lectura\" \/>\n\t<meta name=\"twitter:data1\" content=\"4 minutos\" \/>\n<script type=\"application\/ld+json\" class=\"yoast-schema-graph\">{\"@context\":\"https:\\\/\\\/schema.org\",\"@graph\":[{\"@type\":\"WebPage\",\"@id\":\"https:\\\/\\\/unceasinglypray.org\\\/letter-3\\\/\",\"url\":\"https:\\\/\\\/unceasinglypray.org\\\/letter-3\\\/\",\"name\":\"Letter 3 - Unceasingly Pray\",\"isPartOf\":{\"@id\":\"https:\\\/\\\/unceasinglypray.org\\\/ar\\\/#website\"},\"datePublished\":\"2020-05-31T19:34:28+00:00\",\"breadcrumb\":{\"@id\":\"https:\\\/\\\/unceasinglypray.org\\\/letter-3\\\/#breadcrumb\"},\"inLanguage\":\"es\",\"potentialAction\":[{\"@type\":\"ReadAction\",\"target\":[\"https:\\\/\\\/unceasinglypray.org\\\/letter-3\\\/\"]}]},{\"@type\":\"BreadcrumbList\",\"@id\":\"https:\\\/\\\/unceasinglypray.org\\\/letter-3\\\/#breadcrumb\",\"itemListElement\":[{\"@type\":\"ListItem\",\"position\":1,\"name\":\"Home\",\"item\":\"https:\\\/\\\/unceasinglypray.org\\\/pt\\\/\"},{\"@type\":\"ListItem\",\"position\":2,\"name\":\"Letter 3\"}]},{\"@type\":\"WebSite\",\"@id\":\"https:\\\/\\\/unceasinglypray.org\\\/ar\\\/#website\",\"url\":\"https:\\\/\\\/unceasinglypray.org\\\/ar\\\/\",\"name\":\"Unceasingly Pray\",\"description\":\"\",\"potentialAction\":[{\"@type\":\"SearchAction\",\"target\":{\"@type\":\"EntryPoint\",\"urlTemplate\":\"https:\\\/\\\/unceasinglypray.org\\\/ar\\\/?s={search_term_string}\"},\"query-input\":{\"@type\":\"PropertyValueSpecification\",\"valueRequired\":true,\"valueName\":\"search_term_string\"}}],\"inLanguage\":\"es\"}]}<\/script>\n<!-- \/ Yoast SEO plugin. -->","yoast_head_json":{"title":"Letter 3 - Unceasingly Pray","robots":{"index":"index","follow":"follow","max-snippet":"max-snippet:-1","max-image-preview":"max-image-preview:large","max-video-preview":"max-video-preview:-1"},"canonical":"https:\/\/unceasinglypray.org\/es\/letter-3\/","og_locale":"es_MX","og_type":"article","og_title":"Letter 3 - Unceasingly Pray","og_description":"CONTINUING STEADFASTLY IN INTERCESSION APRIL 29, 2020 Dear saints, How we thank the Lord for His abundant supply to the churches and the saints in His recovery that has enabled so many to intercede as one man over this past month. There has never been such global, round-the-clock prayer in the history of His recovery.&hellip;","og_url":"https:\/\/unceasinglypray.org\/es\/letter-3\/","og_site_name":"Unceasingly Pray","twitter_card":"summary_large_image","twitter_misc":{"Tiempo de lectura":"4 minutos"},"schema":{"@context":"https:\/\/schema.org","@graph":[{"@type":"WebPage","@id":"https:\/\/unceasinglypray.org\/letter-3\/","url":"https:\/\/unceasinglypray.org\/letter-3\/","name":"Letter 3 - Unceasingly Pray","isPartOf":{"@id":"https:\/\/unceasinglypray.org\/ar\/#website"},"datePublished":"2020-05-31T19:34:28+00:00","breadcrumb":{"@id":"https:\/\/unceasinglypray.org\/letter-3\/#breadcrumb"},"inLanguage":"es","potentialAction":[{"@type":"ReadAction","target":["https:\/\/unceasinglypray.org\/letter-3\/"]}]},{"@type":"BreadcrumbList","@id":"https:\/\/unceasinglypray.org\/letter-3\/#breadcrumb","itemListElement":[{"@type":"ListItem","position":1,"name":"Home","item":"https:\/\/unceasinglypray.org\/pt\/"},{"@type":"ListItem","position":2,"name":"Letter 3"}]},{"@type":"WebSite","@id":"https:\/\/unceasinglypray.org\/ar\/#website","url":"https:\/\/unceasinglypray.org\/ar\/","name":"Unceasingly Pray","description":"","potentialAction":[{"@type":"SearchAction","target":{"@type":"EntryPoint","urlTemplate":"https:\/\/unceasinglypray.org\/ar\/?s={search_term_string}"},"query-input":{"@type":"PropertyValueSpecification","valueRequired":true,"valueName":"search_term_string"}}],"inLanguage":"es"}]}},"_links":{"self":[{"href":"https:\/\/unceasinglypray.org\/es\/wp-json\/wp\/v2\/pages\/993","targetHints":{"allow":["GET"]}}],"collection":[{"href":"https:\/\/unceasinglypray.org\/es\/wp-json\/wp\/v2\/pages"}],"about":[{"href":"https:\/\/unceasinglypray.org\/es\/wp-json\/wp\/v2\/types\/page"}],"author":[{"embeddable":true,"href":"https:\/\/unceasinglypray.org\/es\/wp-json\/wp\/v2\/users\/2"}],"replies":[{"embeddable":true,"href":"https:\/\/unceasinglypray.org\/es\/wp-json\/wp\/v2\/comments?post=993"}],"version-history":[{"count":0,"href":"https:\/\/unceasinglypray.org\/es\/wp-json\/wp\/v2\/pages\/993\/revisions"}],"wp:attachment":[{"href":"https:\/\/unceasinglypray.org\/es\/wp-json\/wp\/v2\/media?parent=993"}],"curies":[{"name":"wp","href":"https:\/\/api.w.org\/{rel}","templated":true}]}}