{"id":791,"date":"2020-04-30T03:46:41","date_gmt":"2020-04-30T03:46:41","guid":{"rendered":"https:\/\/unceasinglypray.org\/?page_id=791"},"modified":"2020-05-08T20:52:16","modified_gmt":"2020-05-08T20:52:16","slug":"prayer-burdens-16-20","status":"publish","type":"page","link":"https:\/\/unceasinglypray.org\/es\/prayer-burdens-16-20\/","title":{"rendered":"Prayer Burdens 16-20"},"content":{"rendered":"<p>DAY 16: PRAYER FOR THE GOD-ORDAINED WAY<\/p>\n\t<p>Hch. 2:46-47; 1 P. 4:10; 1 Co. 14:26; Ef. 4:12, 16<\/p>\n\t<p>Para que los santos utilicen las circunstancias actuales para cultivar una vida de iglesia m\u00e1s vital, m\u00e1s prevaleciente, m\u00e1s fruct\u00edfera y en mayor conformidad con la manera ordenada por Dios al ser liberada la funci\u00f3n org\u00e1nica de cada santo (Hch. 2:46-47; 1 P. 4:10; 1 Co. 14:26; Ef. 4:12, 16).<\/p>\n\t<p><strong>Hch. 2:46-47<\/strong>\u2014Y perseverando un\u00e1nimes cada d\u00eda en el templo, y partiendo el pan de casa en casa, com\u00edan juntos con alegr\u00eda y sencillez de coraz\u00f3n, alabando a Dios, y manifestando gracia a los ojos de todo el pueblo. Y el Se\u00f1or incorporaba d\u00eda tras d\u00eda a los que iban siendo salvos.<\/p>\n<p><strong>1 P. 4:10<\/strong>\u2014Cada uno seg\u00fan el don que ha recibido, min\u00edstrelo a los otros, como buenos mayordomos de la multiforme gracia de Dios.<\/p>\n<p><strong>1 Co. 14:26<\/strong>\u2014\u00bfQu\u00e9 hay, pues, hermanos? Cuando os reun\u00eds, cada uno de vosotros tiene salmo, tiene ense\u00f1anza, tiene revelaci\u00f3n, tiene lengua, tiene interpretaci\u00f3n. H\u00e1gase todo para edificaci\u00f3n.<\/p>\n<p><strong>Ef. 4:12, 16<\/strong>\u2014A fin de perfeccionar a los santos para la obra del ministerio, para la edificaci\u00f3n del Cuerpo de Cristo, de quien todo el Cuerpo, bien unido y entrelazado por todas las coyunturas del rico suministro y por la funci\u00f3n de cada miembro en su medida, causa el crecimiento del Cuerpo para la edificaci\u00f3n de s\u00ed mismo en amor.<\/p>\n\t<p><b>Ministerio: <strong>El incienso que se a\u00f1ade a la oraci\u00f3n<\/strong><\/b><\/p>\n<p>Apocalipsis 8 nos muestra c\u00f3mo Dios en Su administraci\u00f3n va a juzgar esta era. Pero este juicio est\u00e1 en espera de las oraciones de aquellos que han recibido la redenci\u00f3n de la sangre y la aniquilaci\u00f3n de la cruz. Este juicio est\u00e1 esperando las oraciones de aquellos que han sido resucitados para ir en pos de Su coraz\u00f3n, y que se mantienen firmes en la posici\u00f3n de muerte, permitiendo as\u00ed que el Cristo resucitado se una a sus oraciones. Esas oraciones, por tanto, han de ser oraciones extraordinarias, las cuales pueden juzgar y concluir esta era. Repetimos, la raz\u00f3n por la que ellos son capaces de orar por tales asuntos tan elevados e importantes es porque han sido aniquilados por la cruz y as\u00ed el Cristo resucitado puede a\u00f1adirse a sus oraciones. \u00c9ste es el significado del incienso a\u00f1adido a las oraciones. (<em>Lecciones acerca de la oraci\u00f3n<\/em>, p\u00e1g. 177)<\/p>\n<p><em>\u00a9 Living Stream Ministry. Usado con permiso.<\/em><\/p>\n\t<p>DAY 17: PRAYER FOR THE SAINTS TO BE LABORING PRIESTS<\/p>\n\t<p>Ro. 15:16; 2 Ti. 4:2; Hch. 10:24<\/p>\n\t<p>Para que todos los santos sean vigorizados como sacerdotes del evangelio que laboran, quienes predican la Palabra a tiempo y fuera de tiempo a sus parientes, amigos, colegas y personas con quienes se relacionan a fin de ganarlos y ofrecerlos como ofrenda santificada a Dios (Ro. 15:16; 2 Ti. 4:2; Hch. 10:24).<\/p>\n\t<p><strong>Ro. 15:16<\/strong>\u2014Para ser ministro de Cristo Jes\u00fas a los gentiles, un sacerdote que labora, sacerdote del evangelio de Dios, para que los gentiles sean ofrenda agradable, santificada por el Esp\u00edritu Santo.<\/p>\n<p><strong>2 Ti. 4:2<\/strong>\u2014Que proclames la palabra; que te mantengas preparado a tiempo y fuera de tiempo; convence, reprende, exhorta con toda longanimidad y ense\u00f1anza.<\/p>\n<p><strong>Hch. 10:24<\/strong>\u2014Al otro d\u00eda entraron en Cesarea. Y Cornelio los estaba esperando, habiendo convocado a sus parientes y amigos m\u00e1s \u00edntimos.<\/p>\n\t<p><b>Ministerio: <strong>En el nombre del Se\u00f1or Jes\u00fas: El compromiso de Dios<\/strong><\/b><\/p>\n<p>La iglesia no puede obtener una autoridad mayor en la tierra que la de actuar en el nombre del Se\u00f1or Jes\u00fas. El Se\u00f1or ha encomendado Su nombre a la iglesia. Esta es la mayor encomienda posible, puesto que este nombre es El mismo. Todo lo que usted hable en el nombre del Se\u00f1or Jes\u00fas viene a ser lo que El mismo habla. Todo lo que usted pida en el nombre del Se\u00f1or Jes\u00fas llega a ser lo que El pide. Lo que usted decida en el nombre del Se\u00f1or Jes\u00fas se convierte en lo que El decide. La iglesia tiene la autoridad de hablar en el nombre del Se\u00f1or. \u00a1Qu\u00e9 gran cosa le ha encomendado Dios a la iglesia! (<em>El ministerio de oraci\u00f3n de la iglesia<\/em>, p\u00e1gs. 54-55)<\/p>\n<p><em>\u00a9 Living Stream Ministry. Usado con permiso.<\/em><\/p>\n\t<p>DAY 18: PRAYER TO CONTINUE STEADFASTLY<\/p>\n\t<p>Acts 2:42; Matt. 6:6; 18:19-20; Col. 4:2; 1&nbsp;Thes. 5:17<\/p>\n\t<p>For the saints to continue steadfastly in prayer and for their prayer life to be built up personally, in small groups, and in the church meetings until prayer is unceasing (Acts 2:42; Matt. 6:6; 18:19-20; Col. 4:2; 1&nbsp;Thes. 5:17).<\/p>\n\t<p><strong>Hch. 2:42<\/strong>\u2014Y perseveraban en la ense\u00f1anza y en la comuni\u00f3n de los ap\u00f3stoles, en el partimiento del pan y en las oraciones.<\/p>\n<p><strong>Mt. 6:6<\/strong>\u2014Mas t\u00fa, cuando ores, entra en tu aposento, y cerrada la puerta, ora a tu Padre que est\u00e1 en secreto; y tu Padre, que ve en lo secreto, te recompensar\u00e1.<\/p>\n<p><strong>Mt. 18:19-20<\/strong>\u2014Otra vez, de cierto os digo que si dos de vosotros se ponen de acuerdo en la tierra acerca de cualquier cosa que pidan, les ser\u00e1 hecho por Mi Padre que est\u00e1 en los cielos. Porque donde est\u00e1n dos o tres congregados en Mi nombre, all\u00ed estoy Yo en medio de ellos.<\/p>\n<p><strong>Col. 4:2<\/strong>\u2014Perseverad en la oraci\u00f3n, velando en ella con acci\u00f3n de gracias.<\/p>\n\t<p><b>Ministerio: <strong>La oraci\u00f3n de autoridad<\/strong><\/b><\/p>\n<p>En la Biblia aparece una oraci\u00f3n muy elevada y espiritual, pero muy pocas personas hacen dicha oraci\u00f3n, y pocas son las que le prestan atenci\u00f3n. \u00bfCu\u00e1l es esta oraci\u00f3n? Se trata de \u201cla oraci\u00f3n de autoridad\u201d. Sabemos que existe la oraci\u00f3n de alabanza, de acci\u00f3n de gracias, de petici\u00f3n y de intercesi\u00f3n. Pero pocos sabemos que existe una oraci\u00f3n de autoridad. La oraci\u00f3n de autoridad es una oraci\u00f3n que ordena y es la oraci\u00f3n m\u00e1s crucial y m\u00e1s espiritual que se encuentra en la Biblia. Esta clase de oraci\u00f3n constituye una se\u00f1al y una declaraci\u00f3n de autoridad.<\/p>\n<p>Brothers and sisters, if you want to be a man of prayer, you have to learn to pray with authority. This kind of prayer is described by the Lord in Matthew 18:18. \u201cWhatever you bind on the earth shall have been bound in heaven, and whatever you loose on the earth shall have been loosed in heaven.\u201d In this verse, there is a prayer that is called a binding prayer and a prayer that is called a loosing prayer&#8230;Heaven listens to the earth and obeys the command of the earth. Whatever the earth binds will be bound in heaven, and whatever the earth looses will be loosed in heaven. The earth does not pray; it binds and looses. This is to pray with authority. (<em>El ministerio de oraci\u00f3n de la iglesia<\/em>, p\u00e1g. 63)<\/p>\n<p><em>\u00a9 Living Stream Ministry. Usado con permiso.<\/em><\/p>\n\t<p>DAY 19: PRAYER FOR THE OVERCOMERS<\/p>\n\t<p>Ap. 2:7, 11, 17, 26; 3:5, 12, 21; 12:5, 10-11; 14:1-5<\/p>\n\t<p>For the saints to be raised up and constituted as overcomers to be the Lord&#8217;s dispensational instrument to turn the age (Rev. 2:7, 11, 17, 26; 3:5, 12, 21; 12:5, 10-11; 14:1-5).<\/p>\n\t<p><strong>Ap. 3:21<\/strong>\u2014Al que venza, le dar\u00e9 que se siente conmigo en Mi trono, como Yo tambi\u00e9n he vencido, y me he sentado con Mi Padre en Su trono.<\/p>\n<p><strong>Ap. 12:5<\/strong>\u2014Y ella dio a luz un hijo var\u00f3n, que pastorear\u00e1 con vara de hierro a todas las naciones; y su hijo fue arrebatado a Dios y a Su trono.<\/p>\n<p><strong>Ap. 12:10-11<\/strong>\u2014Entonces o\u00ed una gran voz en el cielo, que dec\u00eda: Ahora ha venido la salvaci\u00f3n, el poder, y el reino de nuestro Dios, y la autoridad de Su Cristo; porque ha sido arrojado el acusador de nuestros hermanos, el que los acusa delante de nuestro Dios d\u00eda y noche. Y ellos le han vencido por causa de la sangre del Cordero y de la palabra del testimonio de ellos, y no amaron la vida de su alma, hasta la muerte.<\/p>\n\t<p><b>Ministerio: <strong>La oraci\u00f3n de autoridad<\/strong><\/b><\/p>\n<p>The Bible shows us the relationship between prayer, fasting, and authority. Prayer indicates that we seek after God, while fasting indicates that we deny our self&#8230;We have to seek God and deny the self at the same time. When our pursuit of God and our denial of self are joined and mingled together, immediately there is faith. When we have faith, we have the authority to command the demons to go away. Brothers and sisters, if we seek after God but do not deny our self, we do not have faith, and we do not have authority. But if we seek after God and deny our self, immediately we will have faith and authority and be able to utter prayers of faith and authority. Brothers and sisters, the most important prayers and the most spiritual prayers are prayers of authority. (<em>El ministerio de oraci\u00f3n de la iglesia<\/em>, p\u00e1g. 76)<\/p>\n<p><em>\u00a9 Living Stream Ministry. Usado con permiso.<\/em><\/p>\n\t<p>DAY 20: PRAYER TO BIND THE ENEMY<\/p>\n\t<p>Mr. 3:27; 1 Jn. 3:8; Ap. 12:10-11; Lc. 18:7<\/p>\n\t<p>Para que el enemigo, Satan\u00e1s, sea atado, las obras del diablo sean destruidas, el acusador de los hermanos sea arrojado y para que a los santos se les haga justicia respecto de su adversario (Mr. 3:27; 1 Jn. 3:8; Ap. 12:10-11; Lc. 18:7).<\/p>\n\t<p><strong>Mr. 3:27<\/strong>\u2014Pero nadie puede entrar en la casa del hombre fuerte y saquear sus bienes, si primero no ata al hombre fuerte, y entonces saquear\u00e1 su casa.<\/p>\n<p><strong>1 Jn. 3:8<\/strong>\u2014El que practica el pecado es del diablo; porque el diablo peca desde el principio. Para esto se manifest\u00f3 el Hijo de Dios, para destruir las obras del diablo.<\/p>\n<p><strong>Ap. 12:10-11<\/strong>\u2014Entonces o\u00ed una gran voz en el cielo, que dec\u00eda: Ahora ha venido la salvaci\u00f3n, el poder, y el reino de nuestro Dios, y la autoridad de Su Cristo; porque ha sido arrojado el acusador de nuestros hermanos, el que los acusa delante de nuestro Dios d\u00eda y noche. Y ellos le han vencido por causa de la sangre del Cordero y de la palabra del testimonio de ellos, y no amaron la vida de su alma, hasta la muerte.<\/p>\n<p><strong>Lc. 18:7<\/strong>\u2014\u00bfY acaso Dios no har\u00e1 justicia a Sus escogidos, que claman a \u00c9l d\u00eda y noche aunque los haga esperar?<\/p>\n\t<p><b>Ministerio: <strong>Una provisi\u00f3n plena para nuestra oraci\u00f3n<\/strong><\/b><\/p>\n<p>Nuestras debilidades se manifiestan m\u00e1s en nuestras oraciones. Ninguna otra actividad expone nuestras debilidades espirituales tanto como la oraci\u00f3n. Sabemos cu\u00e1n dif\u00edcil fue para los disc\u00edpulos orar en el huerto de Getseman\u00ed; no pudieron velar ni orar. Pero damos gracias al Se\u00f1or porque tenemos al Esp\u00edritu poderoso que nos ayuda. Debemos confiar en el Esp\u00edritu que mora en nosotros contando en que \u00c9l opere en nosotros conforme a Su poder, porque \u00c9l es nuestro socorro cuando somos d\u00e9biles y necios. Aunque no sabemos c\u00f3mo orar, el Esp\u00edritu Santo, quien conoce la voluntad de Dios, est\u00e1 en nosotros y \u00c9l nos ense\u00f1ar\u00e1 a orar conforme a ella. Nos ense\u00f1ar\u00e1 a tener comuni\u00f3n con Dios de manera inteligente y nos introducir\u00e1 en la realidad de la comuni\u00f3n. Debemos confiar en el Cristo en quien creemos y en el Esp\u00edritu que nos sustenta y nos ayuda a orar.<em>The Collected Works of Watchman Nee, vol. 38 [Las obras recopiladas de Watchman Nee, t. 38]<\/em>, p\u00e1gs. 460-461)<\/p>\n<p><em>\u00a9 Living Stream Ministry. Usado con permiso.<\/em><\/p>\n\t\t<h3><\/h3>\n\t\t<p>Perseverad en la oraci\u00f3n.<\/p>\n\t\t\t<a href=\"https:\/\/unceasinglypray.org\/es\/sign-up\/\" target=\"_self\" role=\"button\" rel=\"noopener noreferrer\">\n\t\t\t\t\t\t\tELIJA UN TIEMPO\n\t\t\t\t\t<\/a>","protected":false},"excerpt":{"rendered":"<p>DAY 16: PRAYER FOR THE GOD-ORDAINED WAY Acts 2:46-47; 1 Pet. 4:10; 1 Cor. 14:26; Eph. 4:12, 16 For the saints to use the present circumstances to cultivate a church life that is more vital, more prevailing, more fruitful, and more according to the God-ordained way through the release of the organic function of every&hellip;<\/p>","protected":false},"author":2,"featured_media":0,"parent":0,"menu_order":0,"comment_status":"closed","ping_status":"closed","template":"","meta":{"inline_featured_image":false,"footnotes":""},"class_list":["post-791","page","type-page","status-publish","hentry"],"yoast_head":"<!-- This site is optimized with the Yoast SEO plugin v27.5 - https:\/\/yoast.com\/product\/yoast-seo-wordpress\/ -->\n<title>Prayer Burdens 16-20 - Unceasingly Pray<\/title>\n<meta name=\"robots\" content=\"index, follow, max-snippet:-1, max-image-preview:large, max-video-preview:-1\" \/>\n<link rel=\"canonical\" href=\"https:\/\/unceasinglypray.org\/es\/prayer-burdens-16-20\/\" \/>\n<meta property=\"og:locale\" content=\"es_MX\" \/>\n<meta property=\"og:type\" content=\"article\" \/>\n<meta property=\"og:title\" content=\"Prayer Burdens 16-20 - Unceasingly Pray\" \/>\n<meta property=\"og:description\" content=\"DAY 16: PRAYER FOR THE GOD-ORDAINED WAY Acts 2:46-47; 1 Pet. 4:10; 1 Cor. 14:26; Eph. 4:12, 16 For the saints to use the present circumstances to cultivate a church life that is more vital, more prevailing, more fruitful, and more according to the God-ordained way through the release of the organic function of every&hellip;\" \/>\n<meta property=\"og:url\" content=\"https:\/\/unceasinglypray.org\/es\/prayer-burdens-16-20\/\" \/>\n<meta property=\"og:site_name\" content=\"Unceasingly Pray\" \/>\n<meta property=\"article:modified_time\" content=\"2020-05-08T20:52:16+00:00\" \/>\n<meta name=\"twitter:card\" content=\"summary_large_image\" \/>\n<meta name=\"twitter:label1\" content=\"Tiempo de lectura\" \/>\n\t<meta name=\"twitter:data1\" content=\"9 minutos\" \/>\n<script type=\"application\/ld+json\" class=\"yoast-schema-graph\">{\"@context\":\"https:\\\/\\\/schema.org\",\"@graph\":[{\"@type\":\"WebPage\",\"@id\":\"https:\\\/\\\/unceasinglypray.org\\\/ar\\\/prayer-burdens-16-20\\\/\",\"url\":\"https:\\\/\\\/unceasinglypray.org\\\/ar\\\/prayer-burdens-16-20\\\/\",\"name\":\"Prayer Burdens 16-20 - Unceasingly Pray\",\"isPartOf\":{\"@id\":\"https:\\\/\\\/unceasinglypray.org\\\/ar\\\/#website\"},\"datePublished\":\"2020-04-30T03:46:41+00:00\",\"dateModified\":\"2020-05-08T20:52:16+00:00\",\"breadcrumb\":{\"@id\":\"https:\\\/\\\/unceasinglypray.org\\\/ar\\\/prayer-burdens-16-20\\\/#breadcrumb\"},\"inLanguage\":\"es\",\"potentialAction\":[{\"@type\":\"ReadAction\",\"target\":[\"https:\\\/\\\/unceasinglypray.org\\\/ar\\\/prayer-burdens-16-20\\\/\"]}]},{\"@type\":\"BreadcrumbList\",\"@id\":\"https:\\\/\\\/unceasinglypray.org\\\/ar\\\/prayer-burdens-16-20\\\/#breadcrumb\",\"itemListElement\":[{\"@type\":\"ListItem\",\"position\":1,\"name\":\"Home\",\"item\":\"https:\\\/\\\/unceasinglypray.org\\\/pt\\\/\"},{\"@type\":\"ListItem\",\"position\":2,\"name\":\"Prayer Burdens 16-20\"}]},{\"@type\":\"WebSite\",\"@id\":\"https:\\\/\\\/unceasinglypray.org\\\/ar\\\/#website\",\"url\":\"https:\\\/\\\/unceasinglypray.org\\\/ar\\\/\",\"name\":\"Unceasingly Pray\",\"description\":\"\",\"potentialAction\":[{\"@type\":\"SearchAction\",\"target\":{\"@type\":\"EntryPoint\",\"urlTemplate\":\"https:\\\/\\\/unceasinglypray.org\\\/ar\\\/?s={search_term_string}\"},\"query-input\":{\"@type\":\"PropertyValueSpecification\",\"valueRequired\":true,\"valueName\":\"search_term_string\"}}],\"inLanguage\":\"es\"}]}<\/script>\n<!-- \/ Yoast SEO plugin. -->","yoast_head_json":{"title":"Prayer Burdens 16-20 - Unceasingly Pray","robots":{"index":"index","follow":"follow","max-snippet":"max-snippet:-1","max-image-preview":"max-image-preview:large","max-video-preview":"max-video-preview:-1"},"canonical":"https:\/\/unceasinglypray.org\/es\/prayer-burdens-16-20\/","og_locale":"es_MX","og_type":"article","og_title":"Prayer Burdens 16-20 - Unceasingly Pray","og_description":"DAY 16: PRAYER FOR THE GOD-ORDAINED WAY Acts 2:46-47; 1 Pet. 4:10; 1 Cor. 14:26; Eph. 4:12, 16 For the saints to use the present circumstances to cultivate a church life that is more vital, more prevailing, more fruitful, and more according to the God-ordained way through the release of the organic function of every&hellip;","og_url":"https:\/\/unceasinglypray.org\/es\/prayer-burdens-16-20\/","og_site_name":"Unceasingly Pray","article_modified_time":"2020-05-08T20:52:16+00:00","twitter_card":"summary_large_image","twitter_misc":{"Tiempo de lectura":"9 minutos"},"schema":{"@context":"https:\/\/schema.org","@graph":[{"@type":"WebPage","@id":"https:\/\/unceasinglypray.org\/ar\/prayer-burdens-16-20\/","url":"https:\/\/unceasinglypray.org\/ar\/prayer-burdens-16-20\/","name":"Prayer Burdens 16-20 - Unceasingly Pray","isPartOf":{"@id":"https:\/\/unceasinglypray.org\/ar\/#website"},"datePublished":"2020-04-30T03:46:41+00:00","dateModified":"2020-05-08T20:52:16+00:00","breadcrumb":{"@id":"https:\/\/unceasinglypray.org\/ar\/prayer-burdens-16-20\/#breadcrumb"},"inLanguage":"es","potentialAction":[{"@type":"ReadAction","target":["https:\/\/unceasinglypray.org\/ar\/prayer-burdens-16-20\/"]}]},{"@type":"BreadcrumbList","@id":"https:\/\/unceasinglypray.org\/ar\/prayer-burdens-16-20\/#breadcrumb","itemListElement":[{"@type":"ListItem","position":1,"name":"Home","item":"https:\/\/unceasinglypray.org\/pt\/"},{"@type":"ListItem","position":2,"name":"Prayer Burdens 16-20"}]},{"@type":"WebSite","@id":"https:\/\/unceasinglypray.org\/ar\/#website","url":"https:\/\/unceasinglypray.org\/ar\/","name":"Unceasingly Pray","description":"","potentialAction":[{"@type":"SearchAction","target":{"@type":"EntryPoint","urlTemplate":"https:\/\/unceasinglypray.org\/ar\/?s={search_term_string}"},"query-input":{"@type":"PropertyValueSpecification","valueRequired":true,"valueName":"search_term_string"}}],"inLanguage":"es"}]}},"_links":{"self":[{"href":"https:\/\/unceasinglypray.org\/es\/wp-json\/wp\/v2\/pages\/791","targetHints":{"allow":["GET"]}}],"collection":[{"href":"https:\/\/unceasinglypray.org\/es\/wp-json\/wp\/v2\/pages"}],"about":[{"href":"https:\/\/unceasinglypray.org\/es\/wp-json\/wp\/v2\/types\/page"}],"author":[{"embeddable":true,"href":"https:\/\/unceasinglypray.org\/es\/wp-json\/wp\/v2\/users\/2"}],"replies":[{"embeddable":true,"href":"https:\/\/unceasinglypray.org\/es\/wp-json\/wp\/v2\/comments?post=791"}],"version-history":[{"count":0,"href":"https:\/\/unceasinglypray.org\/es\/wp-json\/wp\/v2\/pages\/791\/revisions"}],"wp:attachment":[{"href":"https:\/\/unceasinglypray.org\/es\/wp-json\/wp\/v2\/media?parent=791"}],"curies":[{"name":"wp","href":"https:\/\/api.w.org\/{rel}","templated":true}]}}