{"id":790,"date":"2020-04-30T03:46:23","date_gmt":"2020-04-30T03:46:23","guid":{"rendered":"https:\/\/unceasinglypray.org\/?page_id=790"},"modified":"2020-05-08T20:59:10","modified_gmt":"2020-05-08T20:59:10","slug":"prayer-burdens-11-15","status":"publish","type":"page","link":"https:\/\/unceasinglypray.org\/es\/prayer-burdens-11-15\/","title":{"rendered":"Prayer Burdens 11-15"},"content":{"rendered":"<p>DAY 11: PRAYER FOR THE CHURCHES<\/p>\n\t<p>HCH. 16:5; EF. 1:19; COL. 1:11; AP. 1:9<\/p>\n\t<p>Para que el Se\u00f1or fortalezca, sostenga y prospere las iglesias en Su recobro en cada pa\u00eds como testimonio de Jes\u00fas (Hch. 16:5; Ef. 1:19; Col. 1:11; Ap. 1:9).<\/p>\n\t<p><strong>Hch. 16:5<\/strong>\u2014As\u00ed que las iglesias eran fortalecidas en la fe, y aumentaban en n\u00famero cada d\u00eda.<\/p>\n<p><strong>Ef. 1:19<\/strong>\u2014Y cu\u00e1l la supereminente grandeza de Su poder para con nosotros los que creemos, seg\u00fan la operaci\u00f3n del poder de Su fuerza.<\/p>\n<p><strong>Col. 1:11<\/strong>\u2014Fortalecidos con todo poder, conforme a la potencia de Su gloria, para toda perseverancia y longanimidad con gozo.<\/p>\n<p><strong>Ap. 1:9<\/strong>\u2014Yo Juan, vuestro hermano, y copart\u00edcipe vuestro en la tribulaci\u00f3n, en el reino y en la perseverancia en Jes\u00fas, estaba en la isla llamada Patmos, por causa de la palabra de Dios y el testimonio de Jes\u00fas.<\/p>\n\t<p>&nbsp;<\/p>\n<p><b>Ministry: Burning Christ as Incense<\/b><\/p>\n<p>En el libro de Apocalipsis el altar del incienso est\u00e1 justo al frente del trono de la autoridad de Dios. Seg\u00fan Apocalipsis 8, Cristo es otro \u00c1ngel que viene a a\u00f1adir Su incienso a las oraciones de los santos. Este incienso sube al trono de la administraci\u00f3n de Dios, y \u00c9l contesta las oraciones de los santos. Como resultado, baja a la tierra el fuego para ejecutar los juicios divinos que se relatan en el resto del libro. \u00c9ste es un cuadro del altar del incienso como el trono administrativo de Dios, donde \u00c9l ejecuta Sus juicios. Es importante que veamos que ejecuci\u00f3n de la administraci\u00f3n de Dios es motivada por las oraciones que se le ofrecen a \u00c9l en el altar del incienso. (<em>Estudio-vida de \u00c9xodo<\/em>, p\u00e1gs. 1570-1571)<\/p>\n<p><em>\u00a9 Living Stream Ministry. Usado con permiso.<\/em><\/p>\n<p>&nbsp;<\/p>\n\t<p>DAY 12: PRAYER FOR THE CO-WORKERS &amp; LEADING BROTHERS<\/p>\n\t<p>Hch. 20:28; 1 P. 5:2; He. 13:17<\/p>\n\t<p>Para que el Se\u00f1or provea el suministro a los colaboradores y hermanos que llevan la delantera y les conceda sabidur\u00eda para guiar y pastorear a Su pueblo a ir adelante en estos d\u00edas (Hch. 20:28; 1 P. 5:2; He. 13:17).<\/p>\n\t<p><strong>Hch. 20:28<\/strong>\u2014Por tanto, mirad por vosotros, y por todo el reba\u00f1o, en medio del cual el Esp\u00edritu Santo os ha puesto como los que vigilan, para pastorear la iglesia de Dios, la cual \u00c9l gan\u00f3 por Su propia sangre.<\/p>\n<p><strong>1 P. 5:2<\/strong>\u2014Pastoread el reba\u00f1o de Dios que est\u00e1 entre vosotros, velando sobre \u00e9l, no por fuerza, sino voluntariamente, seg\u00fan Dios; no por viles ganancias, sino con toda solicitud.<\/p>\n<p><strong>He. 13:17<\/strong>\u2014Obedeced a vuestros gu\u00edas, y sujetaos a ellos; porque ellos velan por vuestras almas, como quienes han de dar cuenta; para que lo hagan con gozo, y no quej\u00e1ndose, porque esto no os es provechoso.<\/p>\n\t<p>&nbsp;<\/p>\n<p><b>Ministerio: <strong>Orar conforme al deseo de Dios<\/strong><\/b><\/p>\n<p>Hermanos y hermanas, si nos acercamos a Dios y permanecemos en calma ante \u00c9l, negando nuestros pensamientos para penetrar en los de \u00c9l, entonces veremos que hay una gran necesidad por la oraci\u00f3n, que Dios espera que oremos por muchos asuntos, y que todo a nuestro alrededor puede ser el tema de nuestra oraci\u00f3n. De hecho, la tierra entera puede ser el tema de nuestra oraci\u00f3n. No debemos orar conforme a nuestros sentimientos. Debemos mezclar nuestros deseos con los de Dios, y permitir que Sus deseos se conviertan en nuestros deseos, gemidos y anhelos por el universo. Los deseos de Dios no pueden ser cumplidos sin que primero pasen por el hombre, y una vez que dichos deseos sean expresados por el hombre, el poder de Satan\u00e1s se opondr\u00e1 a ellos. A fin de llevar a cabo el deseo de Dios, necesitamos orar, y a fin de eliminar los entornos que nos presenta Satan\u00e1s, debemos orar. Necesitamos ejercitar la autoridad de oraci\u00f3n y liberar lo que debe ser liberado y atar lo que debe ser atado. No debemos orar seg\u00fan nuestro propio deseo; debemos ir al Se\u00f1or y orar conforme al deseo que \u00c9l ha infundido en nosotros. Cuando Dios dice que algo es necesario, nosotros deber\u00edamos decir lo mismo, y cuando \u00c9l dice que no es necesario que algo permanezca, nosotros debemos tambi\u00e9n decir lo mismo. Debemos olvidarnos de nosotros mismos, tocar el deseo de Dios y expresar Su deseo por medio de nuestra oraci\u00f3n. (<em>The Collected Works of Watchman Nee, vol. 38 [Las obras recopiladas de Watchman Nee, t. 38]<\/em>, p\u00e1gs. 456-457)<\/p>\n<p><em>\u00a9 Living Stream Ministry. Usado con permiso.<\/em><\/p>\n<p>&nbsp;<\/p>\n\t<p>DAY 13: PRAYER FOR THE SAINTS TO BE SANCTIFIED<\/p>\n\t<p>1 Ts. 5:22-23; RO. 12:2, 4-5<\/p>\n\t<p>Para que los santos sean preservados y santificados en su ser tripartito, sean apartados para Dios de todo lo com\u00fan y pecaminoso (1 Ts. 5:22-23) y no sean conformados a este siglo, sino transformados para que puedan comprobar cu\u00e1l sea la voluntad de Dios al vivir la vida del Cuerpo (Ro. 12:2, 4-5).<\/p>\n\t<p><strong>1 Ts. 5:22-23<\/strong>\u2014Absteneos de toda especie de mal. Y el mismo Dios de paz os santifique por completo; y vuestro esp\u00edritu y vuestra alma y vuestro cuerpo sean guardados perfectos e irreprensibles para la venida de nuestro Se\u00f1or Jesucristo.<\/p>\n<p><strong>Ro. 12:2<\/strong>\u2014No os amold\u00e9is a este siglo, sino transformaos por medio de la renovaci\u00f3n de vuestra mente, para que comprob\u00e9is cu\u00e1l sea la voluntad de Dios: lo bueno, lo agradable y lo perfecto.<\/p>\n<p><strong>Ro. 12:4-5<\/strong>\u2014Porque de la manera que en un cuerpo tenemos muchos miembros, pero no todos los miembros tienen la misma funci\u00f3n, as\u00ed nosotros, siendo muchos, somos un solo Cuerpo en Cristo y miembros cada uno en particular, los unos de los otros. <strong>\u00a0<\/strong><\/p>\n\t<p>&nbsp;<\/p>\n<p><b>Ministerio: <strong>Cristo intercede<\/strong><\/b><\/p>\n<p>En la tipolog\u00eda del Antiguo Testamento, el altar del incienso se menciona en Exodo 30. Si lo estudiamos de modo superficial notaremos que se relaciona con la oraci\u00f3n. Tanto en el Antiguo Testamento como en el Nuevo el incienso que se ofrec\u00eda a Dios representa nuestra oraci\u00f3n. Por lo tanto, cuando leemos la Biblia, podemos ver que el altar de oro para el incienso debe estar relacionado con la oraci\u00f3n.<\/p>\n<p>Si profundizamos en este punto, veremos que el altar del incienso en realidad no se refiere a nuestra oraci\u00f3n, sino a la oraci\u00f3n de Cristo, ya que el altar mismo tipifica a la persona de Cristo, no Su oraci\u00f3n; representa al Cristo que ora e intercede. El Cristo individual despu\u00e9s de Su resurrecci\u00f3n y m\u00e1s a\u00fan, despu\u00e9s de Su ascensi\u00f3n, lleg\u00f3 a ser corporativo. Por lo tanto, ahora ante Dios no s\u00f3lo intercede el Cristo individual, sino el Cristo corporativo. All\u00ed est\u00e1 la Cabeza y el Cuerpo intercediendo. Cristo, la Cabeza intercede en los cielos, y la iglesia, el Cuerpo lo hace desde la tierra. As\u00ed que, el intercesor no es Cristo solo, sino Cristo y Su Cuerpo. Si comprendemos esto, veremos que el significado del altar del incienso es muy profundo. (<em>Estudio-vida de \u00c9xodo<\/em>, p\u00e1g. 1579)<\/p>\n<p><em>\u00a9 Living Stream Ministry. Usado con permiso.<\/em><\/p>\n<p>&nbsp;<\/p>\n\t<p>DAY 14: PRAYER TO POSSESS THE ALL-INCLUSIVE CHRIST<\/p>\n\t<p>Col. 1:12; Ef. 3:8, 17-18<\/p>\n\t<p>Para que los santos posean plenamente su porci\u00f3n asignada del Cristo todo-inclusivo y extenso al ser fortalecidos con poder en su hombre interior por el Esp\u00edritu a fin de que Cristo haga Su hogar en sus corazones (Col. 1:12; Ef. 3:8, 17-18).<\/p>\n\t<p><strong>Col. 1:12<\/strong>\u2014Dando gracias al Padre que os hizo aptos para participar de la porci\u00f3n de los santos en la luz.<\/p>\n<p><strong>Ef. 3:8<\/strong>\u2014A m\u00ed, que soy menos que el m\u00e1s peque\u00f1o de todos los santos, me fue dada esta gracia de anunciar a los gentiles las inescrutables riquezas de Cristo como evangelio.<\/p>\n<p><strong>Ef. 3:17-18<\/strong>\u2014Para que Cristo haga Su hogar en vuestros corazones por medio de la fe, a fin de que, arraigados y cimentados en amor, se\u00e1is plenamente capaces de aprehender con todos los santos cu\u00e1l sea la anchura, la longitud, la altura y la profundidad.<\/p>\n\t<p>&nbsp;<\/p>\n<p><b>Ministerio: <strong>S\u00f3lo cenizas<\/strong><\/b><\/p>\n<p>Si entramos en el tabern\u00e1culo, no podemos ir directamente al altar del incienso. Como ya hemos mencionando, primero vamos a la mesa del pan de la proposici\u00f3n, luego al candelero, y despu\u00e9s de eso vamos al arca del testimonio que est\u00e1 en el Lugar Sant\u00edsimo. Entonces estamos listos para interceder en el altar del incienso.<\/p>\n<p>Nuestra conducta va en contra de Cristo como vida (el pan de la mesa de la presencia, la mesa de la proposici\u00f3n). Nuestra visi\u00f3n va en contra de Cristo como luz (el candelero). Nuestra virtud va en contra de Cristo como el incienso que ofrecemos a Dios (el altar del incienso). Nuestra conducta, visi\u00f3n y virtud representan nuestro ser natural, el cual va en contra de Cristo como el testimonio de Dios (el arca). Si somos cenizas, \u00bftendremos nuestra conducta, visi\u00f3n y virtud natural? Claro que no. Un mont\u00f3n de cenizas no tiene conducta, ni visi\u00f3n, ni virtud, no tiene nada. Reducirse a cenizas es reducirse a nada, a cero. (<em>Estudio-vida de \u00c9xodo<\/em>, p\u00e1gs. 1583-1584)<\/p>\n<p><em>\u00a9 Living Stream Ministry. Usado con permiso.<\/em><\/p>\n<p>&nbsp;<\/p>\n\t<p>DAY 15: PRAYER FOR THE BUILDING UP OF THE BODY<\/p>\n\t<p>Col. 2:6-7; Ro. 8:4; Ef. 4:15-16<\/p>\n\t<p>Para que los santos anden en Cristo por el esp\u00edritu en su vida diaria, crezcan en todo en Cristo y sean entrelazados y conjuntamente edificados como Cuerpo de Cristo (Col. 2:6-7; Ro. 8:4; Ef. 4:15-16).<\/p>\n\t<p><strong>Col. 2:6-7<\/strong>\u2014Por tanto, de la manera que hab\u00e9is recibido al Cristo, a Jes\u00fas el Se\u00f1or, andad en \u00c9l; arraigados y sobreedificados en \u00c9l, y confirmados en la fe, as\u00ed como hab\u00e9is sido ense\u00f1ados, abundando en acciones de gracias.<\/p>\n<p><strong>Ro. 8:4<\/strong>\u2014Para que el justo requisito de la ley se cumpliese en nosotros, que no andamos conforme a la carne, sino conforme al esp\u00edritu.<\/p>\n<p><strong>Ef. 4:15-16<\/strong>\u2014Sino que asidos a la verdad en amor, crezcamos en todo en Aquel que es la Cabeza, Cristo, de quien todo el Cuerpo, bien unido y entrelazado por todas las coyunturas del rico suministro y por la funci\u00f3n de cada miembro en su medida, causa el crecimiento del Cuerpo para la edificaci\u00f3n de s\u00ed mismo en amor.<\/p>\n\t<p>&nbsp;<\/p>\n<p><b>Ministerio: <strong>Nuestra experiencia de los dos altares<\/strong><\/b><\/p>\n<p>Que el Se\u00f1or tenga misericordia de nosotros para que veamos que la vida de oraci\u00f3n adecuada y sincera se encuentra en Dios y requiere Su presencia en nosotros; \u00e9sta es una con el Cristo resucitado y ascendido como nuestro incienso para Dios; y est\u00e1 ligada al Cristo crucificado por medio de la sangre, el fuego y el olor fragante. Si tenemos esta clase de oraci\u00f3n, nuestra vida motivar\u00e1 al mover de Dios. Esta clase de oraci\u00f3n regula la impartici\u00f3n de la gracia de Dios y la administraci\u00f3n de Su autoridad. Esto significa que la oraci\u00f3n que se ofrece en el altar del incienso regula el universo. Esto tiene gran importancia. Que nuestros ojos sean abiertos para ver esto. (<em>Estudio-vida de \u00c9xodo<\/em>, p\u00e1g. 1578)<\/p>\n<p><em>\u00a9 Living Stream Ministry. Usado con permiso.<\/em><\/p>\n<p>&nbsp;<\/p>\n\t\t<h3><\/h3>\n\t\t<p>Perseverad en la oraci\u00f3n.<\/p>\n\t\t\t<a href=\"https:\/\/unceasinglypray.org\/es\/sign-up\/\" target=\"_self\" role=\"button\" rel=\"noopener noreferrer\">\n\t\t\t\t\t\t\tELIJA UN TIEMPO\n\t\t\t\t\t<\/a>","protected":false},"excerpt":{"rendered":"<p>DAY 11: PRAYER FOR THE CHURCHES Acts 16:5; Eph. 1:19; Col. 1:11; Rev. 1:9 For the Lord to strengthen, uphold, and prosper the churches in every country in His recovery as the testimony of Jesus (Acts 16:5; Eph. 1:19; Col. 1:11; Rev. 1:9). Acts 16:5\u2014And so the churches were strengthened in the faith and increased&hellip;<\/p>","protected":false},"author":2,"featured_media":0,"parent":0,"menu_order":0,"comment_status":"closed","ping_status":"closed","template":"","meta":{"inline_featured_image":false,"footnotes":""},"class_list":["post-790","page","type-page","status-publish","hentry"],"yoast_head":"<!-- This site is optimized with the Yoast SEO plugin v27.4 - https:\/\/yoast.com\/product\/yoast-seo-wordpress\/ -->\n<title>Prayer Burdens 11-15 - Unceasingly Pray<\/title>\n<meta name=\"robots\" content=\"index, follow, max-snippet:-1, max-image-preview:large, max-video-preview:-1\" \/>\n<link rel=\"canonical\" href=\"https:\/\/unceasinglypray.org\/es\/prayer-burdens-11-15\/\" \/>\n<meta property=\"og:locale\" content=\"es_MX\" \/>\n<meta property=\"og:type\" content=\"article\" \/>\n<meta property=\"og:title\" content=\"Prayer Burdens 11-15 - Unceasingly Pray\" \/>\n<meta property=\"og:description\" content=\"DAY 11: PRAYER FOR THE CHURCHES Acts 16:5; Eph. 1:19; Col. 1:11; Rev. 1:9 For the Lord to strengthen, uphold, and prosper the churches in every country in His recovery as the testimony of Jesus (Acts 16:5; Eph. 1:19; Col. 1:11; Rev. 1:9). Acts 16:5\u2014And so the churches were strengthened in the faith and increased&hellip;\" \/>\n<meta property=\"og:url\" content=\"https:\/\/unceasinglypray.org\/es\/prayer-burdens-11-15\/\" \/>\n<meta property=\"og:site_name\" content=\"Unceasingly Pray\" \/>\n<meta property=\"article:modified_time\" content=\"2020-05-08T20:59:10+00:00\" \/>\n<meta name=\"twitter:card\" content=\"summary_large_image\" \/>\n<meta name=\"twitter:label1\" content=\"Tiempo de lectura\" \/>\n\t<meta name=\"twitter:data1\" content=\"9 minutos\" \/>\n<script type=\"application\/ld+json\" class=\"yoast-schema-graph\">{\"@context\":\"https:\\\/\\\/schema.org\",\"@graph\":[{\"@type\":\"WebPage\",\"@id\":\"https:\\\/\\\/unceasinglypray.org\\\/prayer-burdens-11-15\\\/\",\"url\":\"https:\\\/\\\/unceasinglypray.org\\\/prayer-burdens-11-15\\\/\",\"name\":\"Prayer Burdens 11-15 - Unceasingly Pray\",\"isPartOf\":{\"@id\":\"https:\\\/\\\/unceasinglypray.org\\\/ar\\\/#website\"},\"datePublished\":\"2020-04-30T03:46:23+00:00\",\"dateModified\":\"2020-05-08T20:59:10+00:00\",\"breadcrumb\":{\"@id\":\"https:\\\/\\\/unceasinglypray.org\\\/prayer-burdens-11-15\\\/#breadcrumb\"},\"inLanguage\":\"es\",\"potentialAction\":[{\"@type\":\"ReadAction\",\"target\":[\"https:\\\/\\\/unceasinglypray.org\\\/prayer-burdens-11-15\\\/\"]}]},{\"@type\":\"BreadcrumbList\",\"@id\":\"https:\\\/\\\/unceasinglypray.org\\\/prayer-burdens-11-15\\\/#breadcrumb\",\"itemListElement\":[{\"@type\":\"ListItem\",\"position\":1,\"name\":\"Home\",\"item\":\"https:\\\/\\\/unceasinglypray.org\\\/pt\\\/\"},{\"@type\":\"ListItem\",\"position\":2,\"name\":\"Prayer Burdens 11-15\"}]},{\"@type\":\"WebSite\",\"@id\":\"https:\\\/\\\/unceasinglypray.org\\\/ar\\\/#website\",\"url\":\"https:\\\/\\\/unceasinglypray.org\\\/ar\\\/\",\"name\":\"Unceasingly Pray\",\"description\":\"\",\"potentialAction\":[{\"@type\":\"SearchAction\",\"target\":{\"@type\":\"EntryPoint\",\"urlTemplate\":\"https:\\\/\\\/unceasinglypray.org\\\/ar\\\/?s={search_term_string}\"},\"query-input\":{\"@type\":\"PropertyValueSpecification\",\"valueRequired\":true,\"valueName\":\"search_term_string\"}}],\"inLanguage\":\"es\"}]}<\/script>\n<!-- \/ Yoast SEO plugin. -->","yoast_head_json":{"title":"Prayer Burdens 11-15 - Unceasingly Pray","robots":{"index":"index","follow":"follow","max-snippet":"max-snippet:-1","max-image-preview":"max-image-preview:large","max-video-preview":"max-video-preview:-1"},"canonical":"https:\/\/unceasinglypray.org\/es\/prayer-burdens-11-15\/","og_locale":"es_MX","og_type":"article","og_title":"Prayer Burdens 11-15 - Unceasingly Pray","og_description":"DAY 11: PRAYER FOR THE CHURCHES Acts 16:5; Eph. 1:19; Col. 1:11; Rev. 1:9 For the Lord to strengthen, uphold, and prosper the churches in every country in His recovery as the testimony of Jesus (Acts 16:5; Eph. 1:19; Col. 1:11; Rev. 1:9). Acts 16:5\u2014And so the churches were strengthened in the faith and increased&hellip;","og_url":"https:\/\/unceasinglypray.org\/es\/prayer-burdens-11-15\/","og_site_name":"Unceasingly Pray","article_modified_time":"2020-05-08T20:59:10+00:00","twitter_card":"summary_large_image","twitter_misc":{"Tiempo de lectura":"9 minutos"},"schema":{"@context":"https:\/\/schema.org","@graph":[{"@type":"WebPage","@id":"https:\/\/unceasinglypray.org\/prayer-burdens-11-15\/","url":"https:\/\/unceasinglypray.org\/prayer-burdens-11-15\/","name":"Prayer Burdens 11-15 - Unceasingly Pray","isPartOf":{"@id":"https:\/\/unceasinglypray.org\/ar\/#website"},"datePublished":"2020-04-30T03:46:23+00:00","dateModified":"2020-05-08T20:59:10+00:00","breadcrumb":{"@id":"https:\/\/unceasinglypray.org\/prayer-burdens-11-15\/#breadcrumb"},"inLanguage":"es","potentialAction":[{"@type":"ReadAction","target":["https:\/\/unceasinglypray.org\/prayer-burdens-11-15\/"]}]},{"@type":"BreadcrumbList","@id":"https:\/\/unceasinglypray.org\/prayer-burdens-11-15\/#breadcrumb","itemListElement":[{"@type":"ListItem","position":1,"name":"Home","item":"https:\/\/unceasinglypray.org\/pt\/"},{"@type":"ListItem","position":2,"name":"Prayer Burdens 11-15"}]},{"@type":"WebSite","@id":"https:\/\/unceasinglypray.org\/ar\/#website","url":"https:\/\/unceasinglypray.org\/ar\/","name":"Unceasingly Pray","description":"","potentialAction":[{"@type":"SearchAction","target":{"@type":"EntryPoint","urlTemplate":"https:\/\/unceasinglypray.org\/ar\/?s={search_term_string}"},"query-input":{"@type":"PropertyValueSpecification","valueRequired":true,"valueName":"search_term_string"}}],"inLanguage":"es"}]}},"_links":{"self":[{"href":"https:\/\/unceasinglypray.org\/es\/wp-json\/wp\/v2\/pages\/790","targetHints":{"allow":["GET"]}}],"collection":[{"href":"https:\/\/unceasinglypray.org\/es\/wp-json\/wp\/v2\/pages"}],"about":[{"href":"https:\/\/unceasinglypray.org\/es\/wp-json\/wp\/v2\/types\/page"}],"author":[{"embeddable":true,"href":"https:\/\/unceasinglypray.org\/es\/wp-json\/wp\/v2\/users\/2"}],"replies":[{"embeddable":true,"href":"https:\/\/unceasinglypray.org\/es\/wp-json\/wp\/v2\/comments?post=790"}],"version-history":[{"count":0,"href":"https:\/\/unceasinglypray.org\/es\/wp-json\/wp\/v2\/pages\/790\/revisions"}],"wp:attachment":[{"href":"https:\/\/unceasinglypray.org\/es\/wp-json\/wp\/v2\/media?parent=790"}],"curies":[{"name":"wp","href":"https:\/\/api.w.org\/{rel}","templated":true}]}}