{"id":754,"date":"2020-04-21T17:34:07","date_gmt":"2020-04-21T17:34:07","guid":{"rendered":"https:\/\/unceasinglypray.org\/?page_id=754"},"modified":"2020-06-11T15:12:41","modified_gmt":"2020-06-11T15:12:41","slug":"day-28","status":"publish","type":"page","link":"https:\/\/unceasinglypray.org\/es\/day-28\/","title":{"rendered":"Day 28"},"content":{"rendered":"<p><a href=\"https:\/\/unceasinglypray.org\/es\/day-28\/\">DAY 28: PRAYER FOR THE PREPARATION OF THE BRIDE<\/a><\/p>\n\t<p>Mt. 24:40-47; Ap. 21:2; 19:7-9<\/p>\n\t<p>Oremos para que los santos velen y sean prudentes, y para que experimenten todo lo necesario para ser preparados y estar dispuestos \u201ccomo una novia ataviada para su marido\u201d y sean \u201cllamados a la cena de las bodas del Cordero\u201d (Mt. 24:40-47; Ap. 21:2; 19:7-9).<\/p>\n\t<p><strong>Mt. 24:40-42<\/strong>\u2014Entonces estar\u00e1n dos en el campo; el uno ser\u00e1 tomado, y el otro ser\u00e1 dejado. Dos mujeres estar\u00e1n moliendo en el molino; la una ser\u00e1 tomada, y la otra ser\u00e1 dejada. Velad, pues, porque no sab\u00e9is en qu\u00e9 d\u00eda viene vuestro Se\u00f1or.<\/p>\n<p><strong>Mt. 24:45-47<\/strong>\u2014\u00bfQui\u00e9n es, pues, el esclavo fiel y prudente, al cual puso su se\u00f1or sobre su casa para que les d\u00e9 el alimento a su debido tiempo? Bienaventurado aquel esclavo al cual, cuando su se\u00f1or venga, le halle haciendo as\u00ed. De cierto os digo que sobre todos sus bienes le pondr\u00e1.<\/p>\n<p><strong>Ap. 21:2<\/strong>\u2014Y vi la santa ciudad, la Nueva Jerusal\u00e9n, descender del cielo, de Dios, dispuesta como una novia ataviada para su marido.<\/p>\n<p><strong>Ap. 19:7, 9<\/strong>\u2014Let us rejoice and exult, and let us give the glory to Him, for the marriage of the Lamb has come, and His wife has made herself ready&#8230;And he said to me, Write, Blessed are they who are called to the marriage dinner of the Lamb.<\/p>\n\t\t<h3><\/h3>\n\t\t<p>Perseverad en la oraci\u00f3n.<\/p>\n\t\t\t<a href=\"https:\/\/unceasinglypray.org\/es\/sign-up\/\" target=\"_self\" role=\"button\" rel=\"noopener noreferrer\">\n\t\t\t\t\t\t\tELIJA UN TIEMPO\n\t\t\t\t\t<\/a>","protected":false},"excerpt":{"rendered":"<p>DAY 28: PRAYER FOR THE PREPARATION OF THE BRIDE Matt. 24:40-47; Rev. 21:2; 19:7-9 Pray for the saints to be watchful and prudent and to experience all that is needed to be \u201cprepared as a bride adorned for her husband\u201d and to be \u201ccalled to the marriage dinner of the Lamb\u201d (Matt. 24:40-47; Rev. 21:2;&hellip;<\/p>","protected":false},"author":2,"featured_media":0,"parent":0,"menu_order":0,"comment_status":"closed","ping_status":"closed","template":"","meta":{"inline_featured_image":false,"footnotes":""},"class_list":["post-754","page","type-page","status-publish","hentry"],"yoast_head":"<!-- This site is optimized with the Yoast SEO plugin v27.3 - https:\/\/yoast.com\/product\/yoast-seo-wordpress\/ -->\n<title>Day 28 - Unceasingly Pray<\/title>\n<meta name=\"robots\" content=\"index, follow, max-snippet:-1, max-image-preview:large, max-video-preview:-1\" \/>\n<link rel=\"canonical\" href=\"https:\/\/unceasinglypray.org\/es\/day-28\/\" \/>\n<meta property=\"og:locale\" content=\"es_MX\" \/>\n<meta property=\"og:type\" content=\"article\" \/>\n<meta property=\"og:title\" content=\"Day 28 - Unceasingly Pray\" \/>\n<meta property=\"og:description\" content=\"DAY 28: PRAYER FOR THE PREPARATION OF THE BRIDE Matt. 24:40-47; Rev. 21:2; 19:7-9 Pray for the saints to be watchful and prudent and to experience all that is needed to be \u201cprepared as a bride adorned for her husband\u201d and to be \u201ccalled to the marriage dinner of the Lamb\u201d (Matt. 24:40-47; Rev. 21:2;&hellip;\" \/>\n<meta property=\"og:url\" content=\"https:\/\/unceasinglypray.org\/es\/day-28\/\" \/>\n<meta property=\"og:site_name\" content=\"Unceasingly Pray\" \/>\n<meta property=\"article:modified_time\" content=\"2020-06-11T15:12:41+00:00\" \/>\n<meta name=\"twitter:card\" content=\"summary_large_image\" \/>\n<meta name=\"twitter:label1\" content=\"Tiempo de lectura\" \/>\n\t<meta name=\"twitter:data1\" content=\"1 minuto\" \/>\n<script type=\"application\/ld+json\" class=\"yoast-schema-graph\">{\"@context\":\"https:\\\/\\\/schema.org\",\"@graph\":[{\"@type\":\"WebPage\",\"@id\":\"https:\\\/\\\/unceasinglypray.org\\\/ru\\\/day-28\\\/\",\"url\":\"https:\\\/\\\/unceasinglypray.org\\\/ru\\\/day-28\\\/\",\"name\":\"Day 28 - Unceasingly Pray\",\"isPartOf\":{\"@id\":\"https:\\\/\\\/unceasinglypray.org\\\/ar\\\/#website\"},\"datePublished\":\"2020-04-21T17:34:07+00:00\",\"dateModified\":\"2020-06-11T15:12:41+00:00\",\"breadcrumb\":{\"@id\":\"https:\\\/\\\/unceasinglypray.org\\\/ru\\\/day-28\\\/#breadcrumb\"},\"inLanguage\":\"es\",\"potentialAction\":[{\"@type\":\"ReadAction\",\"target\":[\"https:\\\/\\\/unceasinglypray.org\\\/ru\\\/day-28\\\/\"]}]},{\"@type\":\"BreadcrumbList\",\"@id\":\"https:\\\/\\\/unceasinglypray.org\\\/ru\\\/day-28\\\/#breadcrumb\",\"itemListElement\":[{\"@type\":\"ListItem\",\"position\":1,\"name\":\"Home\",\"item\":\"https:\\\/\\\/unceasinglypray.org\\\/pt\\\/\"},{\"@type\":\"ListItem\",\"position\":2,\"name\":\"Day 28\"}]},{\"@type\":\"WebSite\",\"@id\":\"https:\\\/\\\/unceasinglypray.org\\\/ar\\\/#website\",\"url\":\"https:\\\/\\\/unceasinglypray.org\\\/ar\\\/\",\"name\":\"Unceasingly Pray\",\"description\":\"\",\"potentialAction\":[{\"@type\":\"SearchAction\",\"target\":{\"@type\":\"EntryPoint\",\"urlTemplate\":\"https:\\\/\\\/unceasinglypray.org\\\/ar\\\/?s={search_term_string}\"},\"query-input\":{\"@type\":\"PropertyValueSpecification\",\"valueRequired\":true,\"valueName\":\"search_term_string\"}}],\"inLanguage\":\"es\"}]}<\/script>\n<!-- \/ Yoast SEO plugin. -->","yoast_head_json":{"title":"Day 28 - Unceasingly Pray","robots":{"index":"index","follow":"follow","max-snippet":"max-snippet:-1","max-image-preview":"max-image-preview:large","max-video-preview":"max-video-preview:-1"},"canonical":"https:\/\/unceasinglypray.org\/es\/day-28\/","og_locale":"es_MX","og_type":"article","og_title":"Day 28 - Unceasingly Pray","og_description":"DAY 28: PRAYER FOR THE PREPARATION OF THE BRIDE Matt. 24:40-47; Rev. 21:2; 19:7-9 Pray for the saints to be watchful and prudent and to experience all that is needed to be \u201cprepared as a bride adorned for her husband\u201d and to be \u201ccalled to the marriage dinner of the Lamb\u201d (Matt. 24:40-47; Rev. 21:2;&hellip;","og_url":"https:\/\/unceasinglypray.org\/es\/day-28\/","og_site_name":"Unceasingly Pray","article_modified_time":"2020-06-11T15:12:41+00:00","twitter_card":"summary_large_image","twitter_misc":{"Tiempo de lectura":"1 minuto"},"schema":{"@context":"https:\/\/schema.org","@graph":[{"@type":"WebPage","@id":"https:\/\/unceasinglypray.org\/ru\/day-28\/","url":"https:\/\/unceasinglypray.org\/ru\/day-28\/","name":"Day 28 - Unceasingly Pray","isPartOf":{"@id":"https:\/\/unceasinglypray.org\/ar\/#website"},"datePublished":"2020-04-21T17:34:07+00:00","dateModified":"2020-06-11T15:12:41+00:00","breadcrumb":{"@id":"https:\/\/unceasinglypray.org\/ru\/day-28\/#breadcrumb"},"inLanguage":"es","potentialAction":[{"@type":"ReadAction","target":["https:\/\/unceasinglypray.org\/ru\/day-28\/"]}]},{"@type":"BreadcrumbList","@id":"https:\/\/unceasinglypray.org\/ru\/day-28\/#breadcrumb","itemListElement":[{"@type":"ListItem","position":1,"name":"Home","item":"https:\/\/unceasinglypray.org\/pt\/"},{"@type":"ListItem","position":2,"name":"Day 28"}]},{"@type":"WebSite","@id":"https:\/\/unceasinglypray.org\/ar\/#website","url":"https:\/\/unceasinglypray.org\/ar\/","name":"Unceasingly Pray","description":"","potentialAction":[{"@type":"SearchAction","target":{"@type":"EntryPoint","urlTemplate":"https:\/\/unceasinglypray.org\/ar\/?s={search_term_string}"},"query-input":{"@type":"PropertyValueSpecification","valueRequired":true,"valueName":"search_term_string"}}],"inLanguage":"es"}]}},"_links":{"self":[{"href":"https:\/\/unceasinglypray.org\/es\/wp-json\/wp\/v2\/pages\/754","targetHints":{"allow":["GET"]}}],"collection":[{"href":"https:\/\/unceasinglypray.org\/es\/wp-json\/wp\/v2\/pages"}],"about":[{"href":"https:\/\/unceasinglypray.org\/es\/wp-json\/wp\/v2\/types\/page"}],"author":[{"embeddable":true,"href":"https:\/\/unceasinglypray.org\/es\/wp-json\/wp\/v2\/users\/2"}],"replies":[{"embeddable":true,"href":"https:\/\/unceasinglypray.org\/es\/wp-json\/wp\/v2\/comments?post=754"}],"version-history":[{"count":0,"href":"https:\/\/unceasinglypray.org\/es\/wp-json\/wp\/v2\/pages\/754\/revisions"}],"wp:attachment":[{"href":"https:\/\/unceasinglypray.org\/es\/wp-json\/wp\/v2\/media?parent=754"}],"curies":[{"name":"wp","href":"https:\/\/api.w.org\/{rel}","templated":true}]}}