{"id":752,"date":"2020-04-21T17:30:43","date_gmt":"2020-04-21T17:30:43","guid":{"rendered":"https:\/\/unceasinglypray.org\/?page_id=752"},"modified":"2020-06-11T15:12:02","modified_gmt":"2020-06-11T15:12:02","slug":"day-26","status":"publish","type":"page","link":"https:\/\/unceasinglypray.org\/es\/day-26\/","title":{"rendered":"Day 26"},"content":{"rendered":"<p><a href=\"https:\/\/unceasinglypray.org\/es\/day-26\/\">DAY 26: PRAYER FOR MATURITY<\/a><\/p>\n\t<p>2 P. 1:5-11<\/p>\n\t<p>Oremos para que los santos crezcan en vida hasta llegar a la madurez de modo que les \u201csea suministrada rica y abundante entrada en el reino eterno de nuestro Se\u00f1or y Salvador Jesucristo\u201d (2 P. 1:5-11).<\/p>\n\t<p><strong>2 P. 1:5-11<\/strong>\u2014Y por esto mismo, poniendo toda diligencia, desarrollad abundantemente en vuestra fe virtud; en la virtud, conocimiento; en el conocimiento, dominio propio; en el dominio propio, perseverancia; en la perseverancia, piedad; en la piedad, afecto fraternal; en el afecto fraternal, amor. Porque si estas cosas est\u00e1n en vosotros, y abundan, no os dejar\u00e1n ociosos ni sin fruto para el pleno conocimiento de nuestro Se\u00f1or Jesucristo. Pero el que no tiene estas cosas es ciego y tiene la vista muy corta; habiendo olvidado la purificaci\u00f3n de sus antiguos pecados. Por lo cual, hermanos, sed a\u00fan m\u00e1s diligentes en hacer firme vuestra vocaci\u00f3n y elecci\u00f3n; porque haciendo estas cosas, no tropezar\u00e9is jam\u00e1s. Porque de esta manera os ser\u00e1 suministrada rica y abundante entrada en el reino eterno de nuestro Se\u00f1or y Salvador Jesucristo.<\/p>\n\t\t<h3><\/h3>\n\t\t<p>Perseverad en la oraci\u00f3n.<\/p>\n\t\t\t<a href=\"https:\/\/unceasinglypray.org\/es\/sign-up\/\" target=\"_self\" role=\"button\" rel=\"noopener noreferrer\">\n\t\t\t\t\t\t\tELIJA UN TIEMPO\n\t\t\t\t\t<\/a>","protected":false},"excerpt":{"rendered":"<p>DAY 26: PRAYER FOR MATURITY 2 Pet. 1:5-11 Pray for the saints to grow in life unto maturity so that \u201cin this way the entrance into the eternal kingdom of our Lord and Savior Jesus Christ will be richly and bountifully supplied\u201d to them (2 Pet. 1:5-11). 2 Pet. 1:5-11\u2014And for this very reason also,&hellip;<\/p>","protected":false},"author":2,"featured_media":0,"parent":0,"menu_order":0,"comment_status":"closed","ping_status":"closed","template":"","meta":{"inline_featured_image":false,"footnotes":""},"class_list":["post-752","page","type-page","status-publish","hentry"],"yoast_head":"<!-- This site is optimized with the Yoast SEO plugin v27.3 - https:\/\/yoast.com\/product\/yoast-seo-wordpress\/ -->\n<title>Day 26 - Unceasingly Pray<\/title>\n<meta name=\"robots\" content=\"index, follow, max-snippet:-1, max-image-preview:large, max-video-preview:-1\" \/>\n<link rel=\"canonical\" href=\"http:\/\/unceasinglypray.org\/es\/day-26\/\" \/>\n<meta property=\"og:locale\" content=\"es_MX\" \/>\n<meta property=\"og:type\" content=\"article\" \/>\n<meta property=\"og:title\" content=\"Day 26 - Unceasingly Pray\" \/>\n<meta property=\"og:description\" content=\"DAY 26: PRAYER FOR MATURITY 2 Pet. 1:5-11 Pray for the saints to grow in life unto maturity so that \u201cin this way the entrance into the eternal kingdom of our Lord and Savior Jesus Christ will be richly and bountifully supplied\u201d to them (2 Pet. 1:5-11). 2 Pet. 1:5-11\u2014And for this very reason also,&hellip;\" \/>\n<meta property=\"og:url\" content=\"http:\/\/unceasinglypray.org\/es\/day-26\/\" \/>\n<meta property=\"og:site_name\" content=\"Unceasingly Pray\" \/>\n<meta property=\"article:modified_time\" content=\"2020-06-11T15:12:02+00:00\" \/>\n<meta name=\"twitter:card\" content=\"summary_large_image\" \/>\n<meta name=\"twitter:label1\" content=\"Tiempo de lectura\" \/>\n\t<meta name=\"twitter:data1\" content=\"1 minuto\" \/>\n<script type=\"application\/ld+json\" class=\"yoast-schema-graph\">{\"@context\":\"https:\\\/\\\/schema.org\",\"@graph\":[{\"@type\":\"WebPage\",\"@id\":\"http:\\\/\\\/unceasinglypray.org\\\/ko\\\/day-26\\\/\",\"url\":\"http:\\\/\\\/unceasinglypray.org\\\/ko\\\/day-26\\\/\",\"name\":\"Day 26 - Unceasingly Pray\",\"isPartOf\":{\"@id\":\"https:\\\/\\\/unceasinglypray.org\\\/ar\\\/#website\"},\"datePublished\":\"2020-04-21T17:30:43+00:00\",\"dateModified\":\"2020-06-11T15:12:02+00:00\",\"breadcrumb\":{\"@id\":\"http:\\\/\\\/unceasinglypray.org\\\/ko\\\/day-26\\\/#breadcrumb\"},\"inLanguage\":\"es\",\"potentialAction\":[{\"@type\":\"ReadAction\",\"target\":[\"http:\\\/\\\/unceasinglypray.org\\\/ko\\\/day-26\\\/\"]}]},{\"@type\":\"BreadcrumbList\",\"@id\":\"http:\\\/\\\/unceasinglypray.org\\\/ko\\\/day-26\\\/#breadcrumb\",\"itemListElement\":[{\"@type\":\"ListItem\",\"position\":1,\"name\":\"Home\",\"item\":\"https:\\\/\\\/unceasinglypray.org\\\/pt\\\/\"},{\"@type\":\"ListItem\",\"position\":2,\"name\":\"Day 26\"}]},{\"@type\":\"WebSite\",\"@id\":\"https:\\\/\\\/unceasinglypray.org\\\/ar\\\/#website\",\"url\":\"https:\\\/\\\/unceasinglypray.org\\\/ar\\\/\",\"name\":\"Unceasingly Pray\",\"description\":\"\",\"potentialAction\":[{\"@type\":\"SearchAction\",\"target\":{\"@type\":\"EntryPoint\",\"urlTemplate\":\"https:\\\/\\\/unceasinglypray.org\\\/ar\\\/?s={search_term_string}\"},\"query-input\":{\"@type\":\"PropertyValueSpecification\",\"valueRequired\":true,\"valueName\":\"search_term_string\"}}],\"inLanguage\":\"es\"}]}<\/script>\n<!-- \/ Yoast SEO plugin. -->","yoast_head_json":{"title":"Day 26 - Unceasingly Pray","robots":{"index":"index","follow":"follow","max-snippet":"max-snippet:-1","max-image-preview":"max-image-preview:large","max-video-preview":"max-video-preview:-1"},"canonical":"http:\/\/unceasinglypray.org\/es\/day-26\/","og_locale":"es_MX","og_type":"article","og_title":"Day 26 - Unceasingly Pray","og_description":"DAY 26: PRAYER FOR MATURITY 2 Pet. 1:5-11 Pray for the saints to grow in life unto maturity so that \u201cin this way the entrance into the eternal kingdom of our Lord and Savior Jesus Christ will be richly and bountifully supplied\u201d to them (2 Pet. 1:5-11). 2 Pet. 1:5-11\u2014And for this very reason also,&hellip;","og_url":"http:\/\/unceasinglypray.org\/es\/day-26\/","og_site_name":"Unceasingly Pray","article_modified_time":"2020-06-11T15:12:02+00:00","twitter_card":"summary_large_image","twitter_misc":{"Tiempo de lectura":"1 minuto"},"schema":{"@context":"https:\/\/schema.org","@graph":[{"@type":"WebPage","@id":"http:\/\/unceasinglypray.org\/ko\/day-26\/","url":"http:\/\/unceasinglypray.org\/ko\/day-26\/","name":"Day 26 - Unceasingly Pray","isPartOf":{"@id":"https:\/\/unceasinglypray.org\/ar\/#website"},"datePublished":"2020-04-21T17:30:43+00:00","dateModified":"2020-06-11T15:12:02+00:00","breadcrumb":{"@id":"http:\/\/unceasinglypray.org\/ko\/day-26\/#breadcrumb"},"inLanguage":"es","potentialAction":[{"@type":"ReadAction","target":["http:\/\/unceasinglypray.org\/ko\/day-26\/"]}]},{"@type":"BreadcrumbList","@id":"http:\/\/unceasinglypray.org\/ko\/day-26\/#breadcrumb","itemListElement":[{"@type":"ListItem","position":1,"name":"Home","item":"https:\/\/unceasinglypray.org\/pt\/"},{"@type":"ListItem","position":2,"name":"Day 26"}]},{"@type":"WebSite","@id":"https:\/\/unceasinglypray.org\/ar\/#website","url":"https:\/\/unceasinglypray.org\/ar\/","name":"Unceasingly Pray","description":"","potentialAction":[{"@type":"SearchAction","target":{"@type":"EntryPoint","urlTemplate":"https:\/\/unceasinglypray.org\/ar\/?s={search_term_string}"},"query-input":{"@type":"PropertyValueSpecification","valueRequired":true,"valueName":"search_term_string"}}],"inLanguage":"es"}]}},"_links":{"self":[{"href":"https:\/\/unceasinglypray.org\/es\/wp-json\/wp\/v2\/pages\/752","targetHints":{"allow":["GET"]}}],"collection":[{"href":"https:\/\/unceasinglypray.org\/es\/wp-json\/wp\/v2\/pages"}],"about":[{"href":"https:\/\/unceasinglypray.org\/es\/wp-json\/wp\/v2\/types\/page"}],"author":[{"embeddable":true,"href":"https:\/\/unceasinglypray.org\/es\/wp-json\/wp\/v2\/users\/2"}],"replies":[{"embeddable":true,"href":"https:\/\/unceasinglypray.org\/es\/wp-json\/wp\/v2\/comments?post=752"}],"version-history":[{"count":0,"href":"https:\/\/unceasinglypray.org\/es\/wp-json\/wp\/v2\/pages\/752\/revisions"}],"wp:attachment":[{"href":"https:\/\/unceasinglypray.org\/es\/wp-json\/wp\/v2\/media?parent=752"}],"curies":[{"name":"wp","href":"https:\/\/api.w.org\/{rel}","templated":true}]}}