{"id":750,"date":"2020-04-21T17:29:53","date_gmt":"2020-04-21T17:29:53","guid":{"rendered":"https:\/\/unceasinglypray.org\/?page_id=750"},"modified":"2020-06-11T15:11:41","modified_gmt":"2020-06-11T15:11:41","slug":"day-25","status":"publish","type":"page","link":"https:\/\/unceasinglypray.org\/es\/day-25\/","title":{"rendered":"Day 25"},"content":{"rendered":"<p><a href=\"https:\/\/unceasinglypray.org\/es\/day-25\/\">DAY 25: PRAYER TO HAVE A HIDDEN LIFE WITH THE FATHER<\/a><\/p>\n\t<p>Mt. 6:1-6; Col. 3:3<\/p>\n\t<p>Oremos para que los santos, como ciudadanos del reino e hijos del Padre celestial, manifiesten la vida espiritual que corresponde con la naturaleza escondida y misteriosa de la vida divina, al orar en secreto a su Padre celestial para experimentar as\u00ed un disfrute secreto del Padre y recibir una respuesta secreta de \u00c9l (Mt. 6:1-6; Col. 3:3).<\/p>\n\t<p><strong>Mt. 6:1-6<\/strong>\u2014Guardaos de hacer vuestra justicia delante de los hombres, para ser vistos por ellos; de otra manera no tendr\u00e9is recompensa ante vuestro Padre que est\u00e1 en los cielos. Cuando, pues, des limosna, no toques trompeta delante de ti, como hacen los hip\u00f3critas en las sinagogas y en las calles, para ser alabados por los hombres; de cierto os digo que ya tienen toda su recompensa. Mas cuando t\u00fa des limosna, no sepa tu izquierda lo que hace tu derecha, para que sea tu limosna en secreto; y tu Padre, que ve en lo secreto, te recompensar\u00e1. Y cuando or\u00e9is, no se\u00e1is como los hip\u00f3critas; porque ellos aman el orar en pie en las sinagogas y en las esquinas de las calles, para ser vistos por los hombres; de cierto os digo que ya tienen toda su recompensa. Mas t\u00fa, cuando ores, entra en tu aposento, y cerrada la puerta, ora a tu Padre que est\u00e1 en secreto; y tu Padre, que ve en lo secreto, te recompensar\u00e1.<\/p>\n<p><strong>Col. 3:3<\/strong>\u2014Porque hab\u00e9is muerto, y vuestra vida est\u00e1 escondida con Cristo en Dios.<\/p>\n\t\t<h3><\/h3>\n\t\t<p>Perseverad en la oraci\u00f3n.<\/p>\n\t\t\t<a href=\"https:\/\/unceasinglypray.org\/es\/sign-up\/\" target=\"_self\" role=\"button\" rel=\"noopener noreferrer\">\n\t\t\t\t\t\t\tELIJA UN TIEMPO\n\t\t\t\t\t<\/a>","protected":false},"excerpt":{"rendered":"<p>DAY 25: PRAYER TO HAVE A HIDDEN LIFE WITH THE FATHER Matt. 6:1-6; Col. 3:3 Pray for the saints, as kingdom people, children of the heavenly Father, to have a spiritual life that corresponds with the mysterious, hidden nature of the divine life, praying to their heavenly Father in secret, experiencing some secret enjoyment of&hellip;<\/p>","protected":false},"author":2,"featured_media":0,"parent":0,"menu_order":0,"comment_status":"closed","ping_status":"closed","template":"","meta":{"inline_featured_image":false,"footnotes":""},"class_list":["post-750","page","type-page","status-publish","hentry"],"yoast_head":"<!-- This site is optimized with the Yoast SEO plugin v27.4 - https:\/\/yoast.com\/product\/yoast-seo-wordpress\/ -->\n<title>Day 25 - Unceasingly Pray<\/title>\n<meta name=\"robots\" content=\"index, follow, max-snippet:-1, max-image-preview:large, max-video-preview:-1\" \/>\n<link rel=\"canonical\" href=\"https:\/\/unceasinglypray.org\/es\/day-25\/\" \/>\n<meta property=\"og:locale\" content=\"es_MX\" \/>\n<meta property=\"og:type\" content=\"article\" \/>\n<meta property=\"og:title\" content=\"Day 25 - Unceasingly Pray\" \/>\n<meta property=\"og:description\" content=\"DAY 25: PRAYER TO HAVE A HIDDEN LIFE WITH THE FATHER Matt. 6:1-6; Col. 3:3 Pray for the saints, as kingdom people, children of the heavenly Father, to have a spiritual life that corresponds with the mysterious, hidden nature of the divine life, praying to their heavenly Father in secret, experiencing some secret enjoyment of&hellip;\" \/>\n<meta property=\"og:url\" content=\"https:\/\/unceasinglypray.org\/es\/day-25\/\" \/>\n<meta property=\"og:site_name\" content=\"Unceasingly Pray\" \/>\n<meta property=\"article:modified_time\" content=\"2020-06-11T15:11:41+00:00\" \/>\n<meta name=\"twitter:card\" content=\"summary_large_image\" \/>\n<meta name=\"twitter:label1\" content=\"Tiempo de lectura\" \/>\n\t<meta name=\"twitter:data1\" content=\"1 minuto\" \/>\n<script type=\"application\/ld+json\" class=\"yoast-schema-graph\">{\"@context\":\"https:\\\/\\\/schema.org\",\"@graph\":[{\"@type\":\"WebPage\",\"@id\":\"https:\\\/\\\/unceasinglypray.org\\\/day-25\\\/\",\"url\":\"https:\\\/\\\/unceasinglypray.org\\\/day-25\\\/\",\"name\":\"Day 25 - Unceasingly Pray\",\"isPartOf\":{\"@id\":\"https:\\\/\\\/unceasinglypray.org\\\/ar\\\/#website\"},\"datePublished\":\"2020-04-21T17:29:53+00:00\",\"dateModified\":\"2020-06-11T15:11:41+00:00\",\"breadcrumb\":{\"@id\":\"https:\\\/\\\/unceasinglypray.org\\\/day-25\\\/#breadcrumb\"},\"inLanguage\":\"es\",\"potentialAction\":[{\"@type\":\"ReadAction\",\"target\":[\"https:\\\/\\\/unceasinglypray.org\\\/day-25\\\/\"]}]},{\"@type\":\"BreadcrumbList\",\"@id\":\"https:\\\/\\\/unceasinglypray.org\\\/day-25\\\/#breadcrumb\",\"itemListElement\":[{\"@type\":\"ListItem\",\"position\":1,\"name\":\"Home\",\"item\":\"https:\\\/\\\/unceasinglypray.org\\\/pt\\\/\"},{\"@type\":\"ListItem\",\"position\":2,\"name\":\"Day 25\"}]},{\"@type\":\"WebSite\",\"@id\":\"https:\\\/\\\/unceasinglypray.org\\\/ar\\\/#website\",\"url\":\"https:\\\/\\\/unceasinglypray.org\\\/ar\\\/\",\"name\":\"Unceasingly Pray\",\"description\":\"\",\"potentialAction\":[{\"@type\":\"SearchAction\",\"target\":{\"@type\":\"EntryPoint\",\"urlTemplate\":\"https:\\\/\\\/unceasinglypray.org\\\/ar\\\/?s={search_term_string}\"},\"query-input\":{\"@type\":\"PropertyValueSpecification\",\"valueRequired\":true,\"valueName\":\"search_term_string\"}}],\"inLanguage\":\"es\"}]}<\/script>\n<!-- \/ Yoast SEO plugin. -->","yoast_head_json":{"title":"Day 25 - Unceasingly Pray","robots":{"index":"index","follow":"follow","max-snippet":"max-snippet:-1","max-image-preview":"max-image-preview:large","max-video-preview":"max-video-preview:-1"},"canonical":"https:\/\/unceasinglypray.org\/es\/day-25\/","og_locale":"es_MX","og_type":"article","og_title":"Day 25 - Unceasingly Pray","og_description":"DAY 25: PRAYER TO HAVE A HIDDEN LIFE WITH THE FATHER Matt. 6:1-6; Col. 3:3 Pray for the saints, as kingdom people, children of the heavenly Father, to have a spiritual life that corresponds with the mysterious, hidden nature of the divine life, praying to their heavenly Father in secret, experiencing some secret enjoyment of&hellip;","og_url":"https:\/\/unceasinglypray.org\/es\/day-25\/","og_site_name":"Unceasingly Pray","article_modified_time":"2020-06-11T15:11:41+00:00","twitter_card":"summary_large_image","twitter_misc":{"Tiempo de lectura":"1 minuto"},"schema":{"@context":"https:\/\/schema.org","@graph":[{"@type":"WebPage","@id":"https:\/\/unceasinglypray.org\/day-25\/","url":"https:\/\/unceasinglypray.org\/day-25\/","name":"Day 25 - Unceasingly Pray","isPartOf":{"@id":"https:\/\/unceasinglypray.org\/ar\/#website"},"datePublished":"2020-04-21T17:29:53+00:00","dateModified":"2020-06-11T15:11:41+00:00","breadcrumb":{"@id":"https:\/\/unceasinglypray.org\/day-25\/#breadcrumb"},"inLanguage":"es","potentialAction":[{"@type":"ReadAction","target":["https:\/\/unceasinglypray.org\/day-25\/"]}]},{"@type":"BreadcrumbList","@id":"https:\/\/unceasinglypray.org\/day-25\/#breadcrumb","itemListElement":[{"@type":"ListItem","position":1,"name":"Home","item":"https:\/\/unceasinglypray.org\/pt\/"},{"@type":"ListItem","position":2,"name":"Day 25"}]},{"@type":"WebSite","@id":"https:\/\/unceasinglypray.org\/ar\/#website","url":"https:\/\/unceasinglypray.org\/ar\/","name":"Unceasingly Pray","description":"","potentialAction":[{"@type":"SearchAction","target":{"@type":"EntryPoint","urlTemplate":"https:\/\/unceasinglypray.org\/ar\/?s={search_term_string}"},"query-input":{"@type":"PropertyValueSpecification","valueRequired":true,"valueName":"search_term_string"}}],"inLanguage":"es"}]}},"_links":{"self":[{"href":"https:\/\/unceasinglypray.org\/es\/wp-json\/wp\/v2\/pages\/750","targetHints":{"allow":["GET"]}}],"collection":[{"href":"https:\/\/unceasinglypray.org\/es\/wp-json\/wp\/v2\/pages"}],"about":[{"href":"https:\/\/unceasinglypray.org\/es\/wp-json\/wp\/v2\/types\/page"}],"author":[{"embeddable":true,"href":"https:\/\/unceasinglypray.org\/es\/wp-json\/wp\/v2\/users\/2"}],"replies":[{"embeddable":true,"href":"https:\/\/unceasinglypray.org\/es\/wp-json\/wp\/v2\/comments?post=750"}],"version-history":[{"count":0,"href":"https:\/\/unceasinglypray.org\/es\/wp-json\/wp\/v2\/pages\/750\/revisions"}],"wp:attachment":[{"href":"https:\/\/unceasinglypray.org\/es\/wp-json\/wp\/v2\/media?parent=750"}],"curies":[{"name":"wp","href":"https:\/\/api.w.org\/{rel}","templated":true}]}}