{"id":749,"date":"2020-04-21T17:29:07","date_gmt":"2020-04-21T17:29:07","guid":{"rendered":"https:\/\/unceasinglypray.org\/?page_id=749"},"modified":"2020-06-11T15:11:22","modified_gmt":"2020-06-11T15:11:22","slug":"day-24","status":"publish","type":"page","link":"https:\/\/unceasinglypray.org\/es\/day-24\/","title":{"rendered":"Day 24"},"content":{"rendered":"<p><a href=\"https:\/\/unceasinglypray.org\/es\/day-24\/\">DAY 24: PRAYER TO SEEK FIRST THE KINGDOM OF GOD<\/a><\/p>\n\t<p>Mt. 6:19-34<\/p>\n\t<p>Oremos para que los santos no est\u00e9n ansiosos por la vida humana en los tiempos actuales, sino que m\u00e1s bien busquen primeramente el reino de Dios y Su justicia, y que sirvan a Dios \u00fanicamente, sin acumular riquezas para s\u00ed en la tierra (Mt. 6:19-34).<\/p>\n\t<p><strong>Mt. 6:19-21<\/strong>\u2014Do not store up for yourselves treasures on the earth, where moth and rust consume and where thieves dig through and steal. But store up for yourselves treasures in heaven&#8230;For where your treasure is, there will your heart be also.<\/p>\n<p><strong>Mt. 6:24-25<\/strong>\u2014Nadie puede servir a dos se\u00f1ores; porque o aborrecer\u00e1 al uno y amar\u00e1 al otro, o ser\u00e1 fiel al uno y menospreciar\u00e1 al otro. No pod\u00e9is servir a Dios y a las riquezas. Por tanto os digo: No os inquiet\u00e9is por vuestra vida, qu\u00e9 hab\u00e9is de comer o qu\u00e9 hab\u00e9is de beber; ni por vuestro cuerpo, qu\u00e9 hab\u00e9is de vestir. \u00bfNo es la vida m\u00e1s que el alimento, y el cuerpo m\u00e1s que el vestido?<\/p>\n<p><strong>Mt. 6:31, 33<\/strong>\u2014Therefore do not be anxious, saying, What shall we eat? or, What shall we drink? or, With what shall we be clothed?&#8230;But seek first His kingdom and His righteousness, and all these things will be added to you.<\/p>\n\t\t<h3><\/h3>\n\t\t<p>Perseverad en la oraci\u00f3n.<\/p>\n\t\t\t<a href=\"https:\/\/unceasinglypray.org\/es\/sign-up\/\" target=\"_self\" role=\"button\" rel=\"noopener noreferrer\">\n\t\t\t\t\t\t\tELIJA UN TIEMPO\n\t\t\t\t\t<\/a>","protected":false},"excerpt":{"rendered":"<p>DAY 24: PRAYER TO SEEK FIRST THE KINGDOM OF GOD Matt. 6:19-34 Pray for the saints not to be anxious about human life at the present time but to seek first the kingdom of God and His righteousness and serve God alone, not storing up treasures for themselves on earth (Matt. 6:19-34). Matt. 6:19-21\u2014Do not&hellip;<\/p>","protected":false},"author":2,"featured_media":0,"parent":0,"menu_order":0,"comment_status":"closed","ping_status":"closed","template":"","meta":{"inline_featured_image":false,"footnotes":""},"class_list":["post-749","page","type-page","status-publish","hentry"],"yoast_head":"<!-- This site is optimized with the Yoast SEO plugin v27.4 - https:\/\/yoast.com\/product\/yoast-seo-wordpress\/ -->\n<title>Day 24 - Unceasingly Pray<\/title>\n<meta name=\"robots\" content=\"index, follow, max-snippet:-1, max-image-preview:large, max-video-preview:-1\" \/>\n<link rel=\"canonical\" href=\"https:\/\/unceasinglypray.org\/es\/day-24\/\" \/>\n<meta property=\"og:locale\" content=\"es_MX\" \/>\n<meta property=\"og:type\" content=\"article\" \/>\n<meta property=\"og:title\" content=\"Day 24 - Unceasingly Pray\" \/>\n<meta property=\"og:description\" content=\"DAY 24: PRAYER TO SEEK FIRST THE KINGDOM OF GOD Matt. 6:19-34 Pray for the saints not to be anxious about human life at the present time but to seek first the kingdom of God and His righteousness and serve God alone, not storing up treasures for themselves on earth (Matt. 6:19-34). Matt. 6:19-21\u2014Do not&hellip;\" \/>\n<meta property=\"og:url\" content=\"https:\/\/unceasinglypray.org\/es\/day-24\/\" \/>\n<meta property=\"og:site_name\" content=\"Unceasingly Pray\" \/>\n<meta property=\"article:modified_time\" content=\"2020-06-11T15:11:22+00:00\" \/>\n<meta name=\"twitter:card\" content=\"summary_large_image\" \/>\n<meta name=\"twitter:label1\" content=\"Tiempo de lectura\" \/>\n\t<meta name=\"twitter:data1\" content=\"1 minuto\" \/>\n<script type=\"application\/ld+json\" class=\"yoast-schema-graph\">{\"@context\":\"https:\\\/\\\/schema.org\",\"@graph\":[{\"@type\":\"WebPage\",\"@id\":\"https:\\\/\\\/unceasinglypray.org\\\/de\\\/day-24\\\/\",\"url\":\"https:\\\/\\\/unceasinglypray.org\\\/de\\\/day-24\\\/\",\"name\":\"Day 24 - Unceasingly Pray\",\"isPartOf\":{\"@id\":\"https:\\\/\\\/unceasinglypray.org\\\/ar\\\/#website\"},\"datePublished\":\"2020-04-21T17:29:07+00:00\",\"dateModified\":\"2020-06-11T15:11:22+00:00\",\"breadcrumb\":{\"@id\":\"https:\\\/\\\/unceasinglypray.org\\\/de\\\/day-24\\\/#breadcrumb\"},\"inLanguage\":\"es\",\"potentialAction\":[{\"@type\":\"ReadAction\",\"target\":[\"https:\\\/\\\/unceasinglypray.org\\\/de\\\/day-24\\\/\"]}]},{\"@type\":\"BreadcrumbList\",\"@id\":\"https:\\\/\\\/unceasinglypray.org\\\/de\\\/day-24\\\/#breadcrumb\",\"itemListElement\":[{\"@type\":\"ListItem\",\"position\":1,\"name\":\"Home\",\"item\":\"https:\\\/\\\/unceasinglypray.org\\\/pt\\\/\"},{\"@type\":\"ListItem\",\"position\":2,\"name\":\"Day 24\"}]},{\"@type\":\"WebSite\",\"@id\":\"https:\\\/\\\/unceasinglypray.org\\\/ar\\\/#website\",\"url\":\"https:\\\/\\\/unceasinglypray.org\\\/ar\\\/\",\"name\":\"Unceasingly Pray\",\"description\":\"\",\"potentialAction\":[{\"@type\":\"SearchAction\",\"target\":{\"@type\":\"EntryPoint\",\"urlTemplate\":\"https:\\\/\\\/unceasinglypray.org\\\/ar\\\/?s={search_term_string}\"},\"query-input\":{\"@type\":\"PropertyValueSpecification\",\"valueRequired\":true,\"valueName\":\"search_term_string\"}}],\"inLanguage\":\"es\"}]}<\/script>\n<!-- \/ Yoast SEO plugin. -->","yoast_head_json":{"title":"Day 24 - Unceasingly Pray","robots":{"index":"index","follow":"follow","max-snippet":"max-snippet:-1","max-image-preview":"max-image-preview:large","max-video-preview":"max-video-preview:-1"},"canonical":"https:\/\/unceasinglypray.org\/es\/day-24\/","og_locale":"es_MX","og_type":"article","og_title":"Day 24 - Unceasingly Pray","og_description":"DAY 24: PRAYER TO SEEK FIRST THE KINGDOM OF GOD Matt. 6:19-34 Pray for the saints not to be anxious about human life at the present time but to seek first the kingdom of God and His righteousness and serve God alone, not storing up treasures for themselves on earth (Matt. 6:19-34). Matt. 6:19-21\u2014Do not&hellip;","og_url":"https:\/\/unceasinglypray.org\/es\/day-24\/","og_site_name":"Unceasingly Pray","article_modified_time":"2020-06-11T15:11:22+00:00","twitter_card":"summary_large_image","twitter_misc":{"Tiempo de lectura":"1 minuto"},"schema":{"@context":"https:\/\/schema.org","@graph":[{"@type":"WebPage","@id":"https:\/\/unceasinglypray.org\/de\/day-24\/","url":"https:\/\/unceasinglypray.org\/de\/day-24\/","name":"Day 24 - Unceasingly Pray","isPartOf":{"@id":"https:\/\/unceasinglypray.org\/ar\/#website"},"datePublished":"2020-04-21T17:29:07+00:00","dateModified":"2020-06-11T15:11:22+00:00","breadcrumb":{"@id":"https:\/\/unceasinglypray.org\/de\/day-24\/#breadcrumb"},"inLanguage":"es","potentialAction":[{"@type":"ReadAction","target":["https:\/\/unceasinglypray.org\/de\/day-24\/"]}]},{"@type":"BreadcrumbList","@id":"https:\/\/unceasinglypray.org\/de\/day-24\/#breadcrumb","itemListElement":[{"@type":"ListItem","position":1,"name":"Home","item":"https:\/\/unceasinglypray.org\/pt\/"},{"@type":"ListItem","position":2,"name":"Day 24"}]},{"@type":"WebSite","@id":"https:\/\/unceasinglypray.org\/ar\/#website","url":"https:\/\/unceasinglypray.org\/ar\/","name":"Unceasingly Pray","description":"","potentialAction":[{"@type":"SearchAction","target":{"@type":"EntryPoint","urlTemplate":"https:\/\/unceasinglypray.org\/ar\/?s={search_term_string}"},"query-input":{"@type":"PropertyValueSpecification","valueRequired":true,"valueName":"search_term_string"}}],"inLanguage":"es"}]}},"_links":{"self":[{"href":"https:\/\/unceasinglypray.org\/es\/wp-json\/wp\/v2\/pages\/749","targetHints":{"allow":["GET"]}}],"collection":[{"href":"https:\/\/unceasinglypray.org\/es\/wp-json\/wp\/v2\/pages"}],"about":[{"href":"https:\/\/unceasinglypray.org\/es\/wp-json\/wp\/v2\/types\/page"}],"author":[{"embeddable":true,"href":"https:\/\/unceasinglypray.org\/es\/wp-json\/wp\/v2\/users\/2"}],"replies":[{"embeddable":true,"href":"https:\/\/unceasinglypray.org\/es\/wp-json\/wp\/v2\/comments?post=749"}],"version-history":[{"count":0,"href":"https:\/\/unceasinglypray.org\/es\/wp-json\/wp\/v2\/pages\/749\/revisions"}],"wp:attachment":[{"href":"https:\/\/unceasinglypray.org\/es\/wp-json\/wp\/v2\/media?parent=749"}],"curies":[{"name":"wp","href":"https:\/\/api.w.org\/{rel}","templated":true}]}}