{"id":743,"date":"2020-04-20T23:30:43","date_gmt":"2020-04-20T23:30:43","guid":{"rendered":"https:\/\/unceasinglypray.org\/?page_id=743"},"modified":"2020-06-11T15:10:03","modified_gmt":"2020-06-11T15:10:03","slug":"day-21","status":"publish","type":"page","link":"https:\/\/unceasinglypray.org\/es\/day-21\/","title":{"rendered":"Day 21"},"content":{"rendered":"<p><a href=\"https:\/\/unceasinglypray.org\/es\/day-21\/\">DAY 21: PRAYER FOR THE CENTRAL WORK OF GOD<\/a><\/p>\n\t<p>G\u00e1. 4:19; Ef. 3:14-21; Mt. 16:18; Ef. 2:21-22; 1 Co. 12:27<\/p>\n\t<p>Oremos para que todos los santos abran todo su ser al Se\u00f1or de modo que \u00c9l pueda llevar a cabo Su obra central, esto es: que en Cristo Dios sea edificado en nuestro ser y nosotros seamos edificados en \u00c9l con miras a la edificaci\u00f3n de la iglesia como Cuerpo de Cristo (G\u00e1. 4:19; Ef. 3:14-21; Mt. 16:18; Ef. 2:21-22; 1 Co. 12:27).<\/p>\n\t<p><strong>G\u00e1. 4:19<\/strong>\u2014Hijitos m\u00edos, por quienes vuelvo a sufrir dolores de parto, hasta que Cristo sea formado en vosotros.<\/p>\n<p><strong>Ef. 3:16-17, 19b<\/strong>\u2014That He would grant you, according to the riches of His glory, to be strengthened with power through His Spirit into the inner man, that Christ may make His home in your hearts through faith&#8230;that you may be filled unto all the fullness of God.<\/p>\n<p><strong>Mt. 16:18<\/strong>\u2014Y Yo tambi\u00e9n te digo, que t\u00fa eres Pedro, y sobre esta roca edificar\u00e9 Mi iglesia; y las puertas del Hades no prevalecer\u00e1n contra ella.<\/p>\n<p><strong>Ef. 2:21-22<\/strong>\u2014en quien todo el edificio, bien acoplado, va creciendo para ser un templo santo en el Se\u00f1or, en quien vosotros tambi\u00e9n sois juntamente edificados para morada de Dios en el esp\u00edritu.<\/p>\n<p><strong>1 Co. 12:27<\/strong>\u2014Ahora bien, vosotros sois el Cuerpo de Cristo, y miembros cada uno en particular.<\/p>\n\t\t<h3><\/h3>\n\t\t<p>Perseverad en la oraci\u00f3n.<\/p>\n\t\t\t<a href=\"https:\/\/unceasinglypray.org\/es\/sign-up\/\" target=\"_self\" role=\"button\" rel=\"noopener noreferrer\">\n\t\t\t\t\t\t\tELIJA UN TIEMPO\n\t\t\t\t\t<\/a>","protected":false},"excerpt":{"rendered":"<p>DAY 21: PRAYER FOR THE CENTRAL WORK OF GOD Gal. 4:19; Eph. 3:14-21; Matt. 16:18; Eph. 2:21-22; 1 Cor. 12:27 Pray for all the saints to open their entire being to the Lord so that He may carry out the central work of God\u2014God building Himself in Christ into us and building us into Himself&hellip;<\/p>","protected":false},"author":1,"featured_media":771,"parent":0,"menu_order":0,"comment_status":"closed","ping_status":"closed","template":"","meta":{"inline_featured_image":false,"footnotes":""},"class_list":["post-743","page","type-page","status-publish","has-post-thumbnail","hentry"],"yoast_head":"<!-- This site is optimized with the Yoast SEO plugin v27.4 - https:\/\/yoast.com\/product\/yoast-seo-wordpress\/ -->\n<title>Day 21 - Unceasingly Pray<\/title>\n<meta name=\"robots\" content=\"index, follow, max-snippet:-1, max-image-preview:large, max-video-preview:-1\" \/>\n<link rel=\"canonical\" href=\"https:\/\/unceasinglypray.org\/es\/day-21\/\" \/>\n<meta property=\"og:locale\" content=\"es_MX\" \/>\n<meta property=\"og:type\" content=\"article\" \/>\n<meta property=\"og:title\" content=\"Day 21 - Unceasingly Pray\" \/>\n<meta property=\"og:description\" content=\"DAY 21: PRAYER FOR THE CENTRAL WORK OF GOD Gal. 4:19; Eph. 3:14-21; Matt. 16:18; Eph. 2:21-22; 1 Cor. 12:27 Pray for all the saints to open their entire being to the Lord so that He may carry out the central work of God\u2014God building Himself in Christ into us and building us into Himself&hellip;\" \/>\n<meta property=\"og:url\" content=\"https:\/\/unceasinglypray.org\/es\/day-21\/\" \/>\n<meta property=\"og:site_name\" content=\"Unceasingly Pray\" \/>\n<meta property=\"article:modified_time\" content=\"2020-06-11T15:10:03+00:00\" \/>\n<meta property=\"og:image\" content=\"https:\/\/unceasinglypray.org\/wp-content\/uploads\/2020\/04\/social_share.gif\" \/>\n\t<meta property=\"og:image:width\" content=\"1200\" \/>\n\t<meta property=\"og:image:height\" content=\"630\" \/>\n\t<meta property=\"og:image:type\" content=\"image\/gif\" \/>\n<meta name=\"twitter:card\" content=\"summary_large_image\" \/>\n<meta name=\"twitter:label1\" content=\"Tiempo de lectura\" \/>\n\t<meta name=\"twitter:data1\" content=\"1 minuto\" \/>\n<script type=\"application\/ld+json\" class=\"yoast-schema-graph\">{\"@context\":\"https:\\\/\\\/schema.org\",\"@graph\":[{\"@type\":\"WebPage\",\"@id\":\"https:\\\/\\\/unceasinglypray.org\\\/fr\\\/day-21\\\/\",\"url\":\"https:\\\/\\\/unceasinglypray.org\\\/fr\\\/day-21\\\/\",\"name\":\"Day 21 - Unceasingly Pray\",\"isPartOf\":{\"@id\":\"https:\\\/\\\/unceasinglypray.org\\\/ar\\\/#website\"},\"primaryImageOfPage\":{\"@id\":\"https:\\\/\\\/unceasinglypray.org\\\/fr\\\/day-21\\\/#primaryimage\"},\"image\":{\"@id\":\"https:\\\/\\\/unceasinglypray.org\\\/fr\\\/day-21\\\/#primaryimage\"},\"thumbnailUrl\":\"https:\\\/\\\/unceasinglypray.org\\\/wp-content\\\/uploads\\\/2020\\\/04\\\/social_share.gif\",\"datePublished\":\"2020-04-20T23:30:43+00:00\",\"dateModified\":\"2020-06-11T15:10:03+00:00\",\"breadcrumb\":{\"@id\":\"https:\\\/\\\/unceasinglypray.org\\\/fr\\\/day-21\\\/#breadcrumb\"},\"inLanguage\":\"es\",\"potentialAction\":[{\"@type\":\"ReadAction\",\"target\":[\"https:\\\/\\\/unceasinglypray.org\\\/fr\\\/day-21\\\/\"]}]},{\"@type\":\"ImageObject\",\"inLanguage\":\"es\",\"@id\":\"https:\\\/\\\/unceasinglypray.org\\\/fr\\\/day-21\\\/#primaryimage\",\"url\":\"https:\\\/\\\/unceasinglypray.org\\\/wp-content\\\/uploads\\\/2020\\\/04\\\/social_share.gif\",\"contentUrl\":\"https:\\\/\\\/unceasinglypray.org\\\/wp-content\\\/uploads\\\/2020\\\/04\\\/social_share.gif\",\"width\":1200,\"height\":630},{\"@type\":\"BreadcrumbList\",\"@id\":\"https:\\\/\\\/unceasinglypray.org\\\/fr\\\/day-21\\\/#breadcrumb\",\"itemListElement\":[{\"@type\":\"ListItem\",\"position\":1,\"name\":\"Home\",\"item\":\"https:\\\/\\\/unceasinglypray.org\\\/pt\\\/\"},{\"@type\":\"ListItem\",\"position\":2,\"name\":\"Day 21\"}]},{\"@type\":\"WebSite\",\"@id\":\"https:\\\/\\\/unceasinglypray.org\\\/ar\\\/#website\",\"url\":\"https:\\\/\\\/unceasinglypray.org\\\/ar\\\/\",\"name\":\"Unceasingly Pray\",\"description\":\"\",\"potentialAction\":[{\"@type\":\"SearchAction\",\"target\":{\"@type\":\"EntryPoint\",\"urlTemplate\":\"https:\\\/\\\/unceasinglypray.org\\\/ar\\\/?s={search_term_string}\"},\"query-input\":{\"@type\":\"PropertyValueSpecification\",\"valueRequired\":true,\"valueName\":\"search_term_string\"}}],\"inLanguage\":\"es\"}]}<\/script>\n<!-- \/ Yoast SEO plugin. -->","yoast_head_json":{"title":"Day 21 - Unceasingly Pray","robots":{"index":"index","follow":"follow","max-snippet":"max-snippet:-1","max-image-preview":"max-image-preview:large","max-video-preview":"max-video-preview:-1"},"canonical":"https:\/\/unceasinglypray.org\/es\/day-21\/","og_locale":"es_MX","og_type":"article","og_title":"Day 21 - Unceasingly Pray","og_description":"DAY 21: PRAYER FOR THE CENTRAL WORK OF GOD Gal. 4:19; Eph. 3:14-21; Matt. 16:18; Eph. 2:21-22; 1 Cor. 12:27 Pray for all the saints to open their entire being to the Lord so that He may carry out the central work of God\u2014God building Himself in Christ into us and building us into Himself&hellip;","og_url":"https:\/\/unceasinglypray.org\/es\/day-21\/","og_site_name":"Unceasingly Pray","article_modified_time":"2020-06-11T15:10:03+00:00","og_image":[{"width":1200,"height":630,"url":"https:\/\/unceasinglypray.org\/wp-content\/uploads\/2020\/04\/social_share.gif","type":"image\/gif"}],"twitter_card":"summary_large_image","twitter_misc":{"Tiempo de lectura":"1 minuto"},"schema":{"@context":"https:\/\/schema.org","@graph":[{"@type":"WebPage","@id":"https:\/\/unceasinglypray.org\/fr\/day-21\/","url":"https:\/\/unceasinglypray.org\/fr\/day-21\/","name":"Day 21 - Unceasingly Pray","isPartOf":{"@id":"https:\/\/unceasinglypray.org\/ar\/#website"},"primaryImageOfPage":{"@id":"https:\/\/unceasinglypray.org\/fr\/day-21\/#primaryimage"},"image":{"@id":"https:\/\/unceasinglypray.org\/fr\/day-21\/#primaryimage"},"thumbnailUrl":"https:\/\/unceasinglypray.org\/wp-content\/uploads\/2020\/04\/social_share.gif","datePublished":"2020-04-20T23:30:43+00:00","dateModified":"2020-06-11T15:10:03+00:00","breadcrumb":{"@id":"https:\/\/unceasinglypray.org\/fr\/day-21\/#breadcrumb"},"inLanguage":"es","potentialAction":[{"@type":"ReadAction","target":["https:\/\/unceasinglypray.org\/fr\/day-21\/"]}]},{"@type":"ImageObject","inLanguage":"es","@id":"https:\/\/unceasinglypray.org\/fr\/day-21\/#primaryimage","url":"https:\/\/unceasinglypray.org\/wp-content\/uploads\/2020\/04\/social_share.gif","contentUrl":"https:\/\/unceasinglypray.org\/wp-content\/uploads\/2020\/04\/social_share.gif","width":1200,"height":630},{"@type":"BreadcrumbList","@id":"https:\/\/unceasinglypray.org\/fr\/day-21\/#breadcrumb","itemListElement":[{"@type":"ListItem","position":1,"name":"Home","item":"https:\/\/unceasinglypray.org\/pt\/"},{"@type":"ListItem","position":2,"name":"Day 21"}]},{"@type":"WebSite","@id":"https:\/\/unceasinglypray.org\/ar\/#website","url":"https:\/\/unceasinglypray.org\/ar\/","name":"Unceasingly Pray","description":"","potentialAction":[{"@type":"SearchAction","target":{"@type":"EntryPoint","urlTemplate":"https:\/\/unceasinglypray.org\/ar\/?s={search_term_string}"},"query-input":{"@type":"PropertyValueSpecification","valueRequired":true,"valueName":"search_term_string"}}],"inLanguage":"es"}]}},"_links":{"self":[{"href":"https:\/\/unceasinglypray.org\/es\/wp-json\/wp\/v2\/pages\/743","targetHints":{"allow":["GET"]}}],"collection":[{"href":"https:\/\/unceasinglypray.org\/es\/wp-json\/wp\/v2\/pages"}],"about":[{"href":"https:\/\/unceasinglypray.org\/es\/wp-json\/wp\/v2\/types\/page"}],"author":[{"embeddable":true,"href":"https:\/\/unceasinglypray.org\/es\/wp-json\/wp\/v2\/users\/1"}],"replies":[{"embeddable":true,"href":"https:\/\/unceasinglypray.org\/es\/wp-json\/wp\/v2\/comments?post=743"}],"version-history":[{"count":0,"href":"https:\/\/unceasinglypray.org\/es\/wp-json\/wp\/v2\/pages\/743\/revisions"}],"wp:featuredmedia":[{"embeddable":true,"href":"https:\/\/unceasinglypray.org\/es\/wp-json\/wp\/v2\/media\/771"}],"wp:attachment":[{"href":"https:\/\/unceasinglypray.org\/es\/wp-json\/wp\/v2\/media?parent=743"}],"curies":[{"name":"wp","href":"https:\/\/api.w.org\/{rel}","templated":true}]}}