{"id":522,"date":"2020-04-04T21:49:31","date_gmt":"2020-04-04T21:49:31","guid":{"rendered":"https:\/\/unceasinglypray.org\/?page_id=522"},"modified":"2020-06-11T13:44:50","modified_gmt":"2020-06-11T13:44:50","slug":"day-9","status":"publish","type":"page","link":"https:\/\/unceasinglypray.org\/es\/day-9\/","title":{"rendered":"Day 9"},"content":{"rendered":"<p>DAY 9: PRAYER FOR THE SCATTERED BELIEVERS<\/p>\n\t<p>HCH. 9:2, HCH. 26:19; ESD. 1:5; EZ. 36:24<\/p>\n\t<p>Para que los creyentes que est\u00e1n dispersos vean la visi\u00f3n celestial de la econom\u00eda eterna de Dios, sean despertados en sus esp\u00edritus para buscar las cosas m\u00e1s profundas de Cristo y el edificio de Dios y tomen el camino de la econom\u00eda neotestamentaria de Dios (Hch. 9:2, Hch. 26:19; Esd. 1:5; Ez. 36:24).<\/p>\n\t<p><strong>Hch. 9:2<\/strong>\u2014Y le pidi\u00f3 cartas para las sinagogas de Damasco, a fin de que si hallase algunos hombres o mujeres de este Camino, los trajese atados a Jerusal\u00e9n.<\/p>\n<p><strong>Hch. 26:19<\/strong>\u2014Por lo cual, oh rey Agripa, no fui desobediente a la visi\u00f3n celestial.<\/p>\n<p><strong>Esd. 1:5<\/strong>\u2014Entonces se levantaron los cabezas de las casas paternas de Jud\u00e1 y de Benjam\u00edn, y los sacerdotes y los levitas, y en general todos aquellos cuyo esp\u00edritu hab\u00eda despertado Dios para subir a edificar la casa de Jehov\u00e1, la cual est\u00e1 en Jerusal\u00e9n.<\/p>\n<p><strong>Ez. 36:24<\/strong>\u2014Y Yo os tomar\u00e9 de las naciones, os recoger\u00e9 de todos los pa\u00edses y os traer\u00e9 a vuestra tierra.<\/p>\n\t\t<h3><\/h3>\n\t\t<p>Perseverad en la oraci\u00f3n.<\/p>\n\t\t\t<a href=\"https:\/\/unceasinglypray.org\/es\/sign-up\/\" target=\"_self\" role=\"button\" rel=\"noopener noreferrer\">\n\t\t\t\t\t\t\tELIJA UN TIEMPO\n\t\t\t\t\t<\/a>","protected":false},"excerpt":{"rendered":"<p>DAY 9: PRAYER FOR THE SCATTERED BELIEVERS Acts 9:2, Acts 26:19; Ezra 1:5; Ezek. 36:24 For the scattered believers to see the heavenly vision of God\u2019s eternal purpose, to be stirred up in their spirits to seek the deeper things of Christ and God\u2019s building, and to take the way of God\u2019s New Testament economy&hellip;<\/p>","protected":false},"author":1,"featured_media":771,"parent":0,"menu_order":0,"comment_status":"closed","ping_status":"closed","template":"","meta":{"inline_featured_image":false,"footnotes":""},"class_list":["post-522","page","type-page","status-publish","has-post-thumbnail","hentry"],"yoast_head":"<!-- This site is optimized with the Yoast SEO plugin v27.5 - https:\/\/yoast.com\/product\/yoast-seo-wordpress\/ -->\n<title>Day 9 - Unceasingly Pray<\/title>\n<meta name=\"robots\" content=\"index, follow, max-snippet:-1, max-image-preview:large, max-video-preview:-1\" \/>\n<link rel=\"canonical\" href=\"https:\/\/unceasinglypray.org\/es\/day-9\/\" \/>\n<meta property=\"og:locale\" content=\"es_MX\" \/>\n<meta property=\"og:type\" content=\"article\" \/>\n<meta property=\"og:title\" content=\"Day 9 - Unceasingly Pray\" \/>\n<meta property=\"og:description\" content=\"DAY 9: PRAYER FOR THE SCATTERED BELIEVERS Acts 9:2, Acts 26:19; Ezra 1:5; Ezek. 36:24 For the scattered believers to see the heavenly vision of God\u2019s eternal purpose, to be stirred up in their spirits to seek the deeper things of Christ and God\u2019s building, and to take the way of God\u2019s New Testament economy&hellip;\" \/>\n<meta property=\"og:url\" content=\"https:\/\/unceasinglypray.org\/es\/day-9\/\" \/>\n<meta property=\"og:site_name\" content=\"Unceasingly Pray\" \/>\n<meta property=\"article:modified_time\" content=\"2020-06-11T13:44:50+00:00\" \/>\n<meta property=\"og:image\" content=\"https:\/\/unceasinglypray.org\/wp-content\/uploads\/2020\/04\/social_share.gif\" \/>\n\t<meta property=\"og:image:width\" content=\"1200\" \/>\n\t<meta property=\"og:image:height\" content=\"630\" \/>\n\t<meta property=\"og:image:type\" content=\"image\/gif\" \/>\n<meta name=\"twitter:card\" content=\"summary_large_image\" \/>\n<meta name=\"twitter:label1\" content=\"Tiempo de lectura\" \/>\n\t<meta name=\"twitter:data1\" content=\"1 minuto\" \/>\n<script type=\"application\/ld+json\" class=\"yoast-schema-graph\">{\"@context\":\"https:\\\/\\\/schema.org\",\"@graph\":[{\"@type\":\"WebPage\",\"@id\":\"https:\\\/\\\/unceasinglypray.org\\\/ro\\\/day-9\\\/\",\"url\":\"https:\\\/\\\/unceasinglypray.org\\\/ro\\\/day-9\\\/\",\"name\":\"Day 9 - Unceasingly Pray\",\"isPartOf\":{\"@id\":\"https:\\\/\\\/unceasinglypray.org\\\/ar\\\/#website\"},\"primaryImageOfPage\":{\"@id\":\"https:\\\/\\\/unceasinglypray.org\\\/ro\\\/day-9\\\/#primaryimage\"},\"image\":{\"@id\":\"https:\\\/\\\/unceasinglypray.org\\\/ro\\\/day-9\\\/#primaryimage\"},\"thumbnailUrl\":\"https:\\\/\\\/unceasinglypray.org\\\/wp-content\\\/uploads\\\/2020\\\/04\\\/social_share.gif\",\"datePublished\":\"2020-04-04T21:49:31+00:00\",\"dateModified\":\"2020-06-11T13:44:50+00:00\",\"breadcrumb\":{\"@id\":\"https:\\\/\\\/unceasinglypray.org\\\/ro\\\/day-9\\\/#breadcrumb\"},\"inLanguage\":\"es\",\"potentialAction\":[{\"@type\":\"ReadAction\",\"target\":[\"https:\\\/\\\/unceasinglypray.org\\\/ro\\\/day-9\\\/\"]}]},{\"@type\":\"ImageObject\",\"inLanguage\":\"es\",\"@id\":\"https:\\\/\\\/unceasinglypray.org\\\/ro\\\/day-9\\\/#primaryimage\",\"url\":\"https:\\\/\\\/unceasinglypray.org\\\/wp-content\\\/uploads\\\/2020\\\/04\\\/social_share.gif\",\"contentUrl\":\"https:\\\/\\\/unceasinglypray.org\\\/wp-content\\\/uploads\\\/2020\\\/04\\\/social_share.gif\",\"width\":1200,\"height\":630},{\"@type\":\"BreadcrumbList\",\"@id\":\"https:\\\/\\\/unceasinglypray.org\\\/ro\\\/day-9\\\/#breadcrumb\",\"itemListElement\":[{\"@type\":\"ListItem\",\"position\":1,\"name\":\"Home\",\"item\":\"https:\\\/\\\/unceasinglypray.org\\\/pt\\\/\"},{\"@type\":\"ListItem\",\"position\":2,\"name\":\"Day 9\"}]},{\"@type\":\"WebSite\",\"@id\":\"https:\\\/\\\/unceasinglypray.org\\\/ar\\\/#website\",\"url\":\"https:\\\/\\\/unceasinglypray.org\\\/ar\\\/\",\"name\":\"Unceasingly Pray\",\"description\":\"\",\"potentialAction\":[{\"@type\":\"SearchAction\",\"target\":{\"@type\":\"EntryPoint\",\"urlTemplate\":\"https:\\\/\\\/unceasinglypray.org\\\/ar\\\/?s={search_term_string}\"},\"query-input\":{\"@type\":\"PropertyValueSpecification\",\"valueRequired\":true,\"valueName\":\"search_term_string\"}}],\"inLanguage\":\"es\"}]}<\/script>\n<!-- \/ Yoast SEO plugin. -->","yoast_head_json":{"title":"Day 9 - Unceasingly Pray","robots":{"index":"index","follow":"follow","max-snippet":"max-snippet:-1","max-image-preview":"max-image-preview:large","max-video-preview":"max-video-preview:-1"},"canonical":"https:\/\/unceasinglypray.org\/es\/day-9\/","og_locale":"es_MX","og_type":"article","og_title":"Day 9 - Unceasingly Pray","og_description":"DAY 9: PRAYER FOR THE SCATTERED BELIEVERS Acts 9:2, Acts 26:19; Ezra 1:5; Ezek. 36:24 For the scattered believers to see the heavenly vision of God\u2019s eternal purpose, to be stirred up in their spirits to seek the deeper things of Christ and God\u2019s building, and to take the way of God\u2019s New Testament economy&hellip;","og_url":"https:\/\/unceasinglypray.org\/es\/day-9\/","og_site_name":"Unceasingly Pray","article_modified_time":"2020-06-11T13:44:50+00:00","og_image":[{"width":1200,"height":630,"url":"https:\/\/unceasinglypray.org\/wp-content\/uploads\/2020\/04\/social_share.gif","type":"image\/gif"}],"twitter_card":"summary_large_image","twitter_misc":{"Tiempo de lectura":"1 minuto"},"schema":{"@context":"https:\/\/schema.org","@graph":[{"@type":"WebPage","@id":"https:\/\/unceasinglypray.org\/ro\/day-9\/","url":"https:\/\/unceasinglypray.org\/ro\/day-9\/","name":"Day 9 - Unceasingly Pray","isPartOf":{"@id":"https:\/\/unceasinglypray.org\/ar\/#website"},"primaryImageOfPage":{"@id":"https:\/\/unceasinglypray.org\/ro\/day-9\/#primaryimage"},"image":{"@id":"https:\/\/unceasinglypray.org\/ro\/day-9\/#primaryimage"},"thumbnailUrl":"https:\/\/unceasinglypray.org\/wp-content\/uploads\/2020\/04\/social_share.gif","datePublished":"2020-04-04T21:49:31+00:00","dateModified":"2020-06-11T13:44:50+00:00","breadcrumb":{"@id":"https:\/\/unceasinglypray.org\/ro\/day-9\/#breadcrumb"},"inLanguage":"es","potentialAction":[{"@type":"ReadAction","target":["https:\/\/unceasinglypray.org\/ro\/day-9\/"]}]},{"@type":"ImageObject","inLanguage":"es","@id":"https:\/\/unceasinglypray.org\/ro\/day-9\/#primaryimage","url":"https:\/\/unceasinglypray.org\/wp-content\/uploads\/2020\/04\/social_share.gif","contentUrl":"https:\/\/unceasinglypray.org\/wp-content\/uploads\/2020\/04\/social_share.gif","width":1200,"height":630},{"@type":"BreadcrumbList","@id":"https:\/\/unceasinglypray.org\/ro\/day-9\/#breadcrumb","itemListElement":[{"@type":"ListItem","position":1,"name":"Home","item":"https:\/\/unceasinglypray.org\/pt\/"},{"@type":"ListItem","position":2,"name":"Day 9"}]},{"@type":"WebSite","@id":"https:\/\/unceasinglypray.org\/ar\/#website","url":"https:\/\/unceasinglypray.org\/ar\/","name":"Unceasingly Pray","description":"","potentialAction":[{"@type":"SearchAction","target":{"@type":"EntryPoint","urlTemplate":"https:\/\/unceasinglypray.org\/ar\/?s={search_term_string}"},"query-input":{"@type":"PropertyValueSpecification","valueRequired":true,"valueName":"search_term_string"}}],"inLanguage":"es"}]}},"_links":{"self":[{"href":"https:\/\/unceasinglypray.org\/es\/wp-json\/wp\/v2\/pages\/522","targetHints":{"allow":["GET"]}}],"collection":[{"href":"https:\/\/unceasinglypray.org\/es\/wp-json\/wp\/v2\/pages"}],"about":[{"href":"https:\/\/unceasinglypray.org\/es\/wp-json\/wp\/v2\/types\/page"}],"author":[{"embeddable":true,"href":"https:\/\/unceasinglypray.org\/es\/wp-json\/wp\/v2\/users\/1"}],"replies":[{"embeddable":true,"href":"https:\/\/unceasinglypray.org\/es\/wp-json\/wp\/v2\/comments?post=522"}],"version-history":[{"count":0,"href":"https:\/\/unceasinglypray.org\/es\/wp-json\/wp\/v2\/pages\/522\/revisions"}],"wp:featuredmedia":[{"embeddable":true,"href":"https:\/\/unceasinglypray.org\/es\/wp-json\/wp\/v2\/media\/771"}],"wp:attachment":[{"href":"https:\/\/unceasinglypray.org\/es\/wp-json\/wp\/v2\/media?parent=522"}],"curies":[{"name":"wp","href":"https:\/\/api.w.org\/{rel}","templated":true}]}}