{"id":519,"date":"2020-04-04T21:46:52","date_gmt":"2020-04-04T21:46:52","guid":{"rendered":"https:\/\/unceasinglypray.org\/?page_id=519"},"modified":"2020-06-11T13:43:51","modified_gmt":"2020-06-11T13:43:51","slug":"day-6","status":"publish","type":"page","link":"https:\/\/unceasinglypray.org\/es\/day-6\/","title":{"rendered":"Day 6"},"content":{"rendered":"<p>DAY 6: PRAYER FOR THE GOSPEL<\/p>\n\t<p>AP. 6:1-2; RO. 2:4; HCH. 26:20; MR. 1:15; 1 TI. 2:4A<\/p>\n\t<p>Para que el caballo blanco del evangelio corra y para que el Dios long\u00e1nimo guie a los hombres a arrepentirse, volverse a \u00c9l y creer en el evangelio conforme al deseo de Dios de que todos los hombres sean salvos (Ap. 6:1-2; Ro. 2:4; Hch. 26:20; Mr. 1:15; 1 Ti. 2:4a).<\/p>\n\n\t<p><strong>Ap. 6:1-2<\/strong>\u2014Vi cuando el Cordero abri\u00f3 uno de los siete sellos, y o\u00ed a uno de los cuatro seres vivientes decir como con voz de trueno: Ven. Y mir\u00e9, y he aqu\u00ed un caballo blanco; y el que lo montaba ten\u00eda un arco; y le fue dada una corona, y sali\u00f3 conquistando, y para conquistar.<\/p>\n<p><strong>Ro. 2:4<\/strong>\u2014Or do you despise the riches of His kindness and forbearance and long-suffering, not knowing that God&#8217;s kindness is leading you to repentance?<\/p>\n<p><strong>Hch. 26:20<\/strong>\u2014Sino que anunci\u00e9 primeramente a los que est\u00e1n en Damasco, y en Jerusal\u00e9n, y por toda la tierra de Judea, y a los gentiles, que se arrepintiesen y se convirtiesen a Dios, haciendo obras dignas de arrepentimiento.<\/p>\n<p><strong>Mr. 1:15<\/strong>\u2014Y diciendo: El tiempo se ha cumplido, y el reino de Dios se ha acercado; arrepent\u00edos, y creed en el evangelio.<\/p>\n<p><strong>1 Ti. 2:4<\/strong>\u2014El cual quiere que todos los hombres sean salvos y vengan al pleno conocimiento de la verdad.<\/p>\n\t\t<h3><\/h3>\n\t\t<p>Perseverad en la oraci\u00f3n.<\/p>\n\t\t\t<a href=\"https:\/\/unceasinglypray.org\/es\/sign-up\/\" target=\"_self\" role=\"button\" rel=\"noopener noreferrer\">\n\t\t\t\t\t\t\tELIJA UN TIEMPO\n\t\t\t\t\t<\/a>","protected":false},"excerpt":{"rendered":"<p>DAY 6: PRAYER FOR THE GOSPEL Rev. 6:1-2; Rom. 2:4; Acts 26:20; Mark 1:15; 1 Tim. 2:4a For the white horse of the gospel to run and for the long-suffering God to lead men to repent, to turn to Him and believe the gospel according to His desire that all men be saved (Rev. 6:1-2;&hellip;<\/p>","protected":false},"author":1,"featured_media":771,"parent":0,"menu_order":0,"comment_status":"closed","ping_status":"closed","template":"","meta":{"inline_featured_image":false,"footnotes":""},"class_list":["post-519","page","type-page","status-publish","has-post-thumbnail","hentry"],"yoast_head":"<!-- This site is optimized with the Yoast SEO plugin v27.3 - https:\/\/yoast.com\/product\/yoast-seo-wordpress\/ -->\n<title>Day 6 - Unceasingly Pray<\/title>\n<meta name=\"robots\" content=\"index, follow, max-snippet:-1, max-image-preview:large, max-video-preview:-1\" \/>\n<link rel=\"canonical\" href=\"http:\/\/unceasinglypray.org\/es\/day-6\/\" \/>\n<meta property=\"og:locale\" content=\"es_MX\" \/>\n<meta property=\"og:type\" content=\"article\" \/>\n<meta property=\"og:title\" content=\"Day 6 - Unceasingly Pray\" \/>\n<meta property=\"og:description\" content=\"DAY 6: PRAYER FOR THE GOSPEL Rev. 6:1-2; Rom. 2:4; Acts 26:20; Mark 1:15; 1 Tim. 2:4a For the white horse of the gospel to run and for the long-suffering God to lead men to repent, to turn to Him and believe the gospel according to His desire that all men be saved (Rev. 6:1-2;&hellip;\" \/>\n<meta property=\"og:url\" content=\"http:\/\/unceasinglypray.org\/es\/day-6\/\" \/>\n<meta property=\"og:site_name\" content=\"Unceasingly Pray\" \/>\n<meta property=\"article:modified_time\" content=\"2020-06-11T13:43:51+00:00\" \/>\n<meta property=\"og:image\" content=\"https:\/\/unceasinglypray.org\/wp-content\/uploads\/2020\/04\/social_share.gif\" \/>\n\t<meta property=\"og:image:width\" content=\"1200\" \/>\n\t<meta property=\"og:image:height\" content=\"630\" \/>\n\t<meta property=\"og:image:type\" content=\"image\/gif\" \/>\n<meta name=\"twitter:card\" content=\"summary_large_image\" \/>\n<meta name=\"twitter:label1\" content=\"Tiempo de lectura\" \/>\n\t<meta name=\"twitter:data1\" content=\"1 minuto\" \/>\n<script type=\"application\/ld+json\" class=\"yoast-schema-graph\">{\"@context\":\"https:\\\/\\\/schema.org\",\"@graph\":[{\"@type\":\"WebPage\",\"@id\":\"http:\\\/\\\/unceasinglypray.org\\\/ru\\\/day-6\\\/\",\"url\":\"http:\\\/\\\/unceasinglypray.org\\\/ru\\\/day-6\\\/\",\"name\":\"Day 6 - Unceasingly Pray\",\"isPartOf\":{\"@id\":\"https:\\\/\\\/unceasinglypray.org\\\/ar\\\/#website\"},\"primaryImageOfPage\":{\"@id\":\"http:\\\/\\\/unceasinglypray.org\\\/ru\\\/day-6\\\/#primaryimage\"},\"image\":{\"@id\":\"http:\\\/\\\/unceasinglypray.org\\\/ru\\\/day-6\\\/#primaryimage\"},\"thumbnailUrl\":\"https:\\\/\\\/unceasinglypray.org\\\/wp-content\\\/uploads\\\/2020\\\/04\\\/social_share.gif\",\"datePublished\":\"2020-04-04T21:46:52+00:00\",\"dateModified\":\"2020-06-11T13:43:51+00:00\",\"breadcrumb\":{\"@id\":\"http:\\\/\\\/unceasinglypray.org\\\/ru\\\/day-6\\\/#breadcrumb\"},\"inLanguage\":\"es\",\"potentialAction\":[{\"@type\":\"ReadAction\",\"target\":[\"http:\\\/\\\/unceasinglypray.org\\\/ru\\\/day-6\\\/\"]}]},{\"@type\":\"ImageObject\",\"inLanguage\":\"es\",\"@id\":\"http:\\\/\\\/unceasinglypray.org\\\/ru\\\/day-6\\\/#primaryimage\",\"url\":\"https:\\\/\\\/unceasinglypray.org\\\/wp-content\\\/uploads\\\/2020\\\/04\\\/social_share.gif\",\"contentUrl\":\"https:\\\/\\\/unceasinglypray.org\\\/wp-content\\\/uploads\\\/2020\\\/04\\\/social_share.gif\",\"width\":1200,\"height\":630},{\"@type\":\"BreadcrumbList\",\"@id\":\"http:\\\/\\\/unceasinglypray.org\\\/ru\\\/day-6\\\/#breadcrumb\",\"itemListElement\":[{\"@type\":\"ListItem\",\"position\":1,\"name\":\"Home\",\"item\":\"https:\\\/\\\/unceasinglypray.org\\\/pt\\\/\"},{\"@type\":\"ListItem\",\"position\":2,\"name\":\"Day 6\"}]},{\"@type\":\"WebSite\",\"@id\":\"https:\\\/\\\/unceasinglypray.org\\\/ar\\\/#website\",\"url\":\"https:\\\/\\\/unceasinglypray.org\\\/ar\\\/\",\"name\":\"Unceasingly Pray\",\"description\":\"\",\"potentialAction\":[{\"@type\":\"SearchAction\",\"target\":{\"@type\":\"EntryPoint\",\"urlTemplate\":\"https:\\\/\\\/unceasinglypray.org\\\/ar\\\/?s={search_term_string}\"},\"query-input\":{\"@type\":\"PropertyValueSpecification\",\"valueRequired\":true,\"valueName\":\"search_term_string\"}}],\"inLanguage\":\"es\"}]}<\/script>\n<!-- \/ Yoast SEO plugin. -->","yoast_head_json":{"title":"Day 6 - Unceasingly Pray","robots":{"index":"index","follow":"follow","max-snippet":"max-snippet:-1","max-image-preview":"max-image-preview:large","max-video-preview":"max-video-preview:-1"},"canonical":"http:\/\/unceasinglypray.org\/es\/day-6\/","og_locale":"es_MX","og_type":"article","og_title":"Day 6 - Unceasingly Pray","og_description":"DAY 6: PRAYER FOR THE GOSPEL Rev. 6:1-2; Rom. 2:4; Acts 26:20; Mark 1:15; 1 Tim. 2:4a For the white horse of the gospel to run and for the long-suffering God to lead men to repent, to turn to Him and believe the gospel according to His desire that all men be saved (Rev. 6:1-2;&hellip;","og_url":"http:\/\/unceasinglypray.org\/es\/day-6\/","og_site_name":"Unceasingly Pray","article_modified_time":"2020-06-11T13:43:51+00:00","og_image":[{"width":1200,"height":630,"url":"https:\/\/unceasinglypray.org\/wp-content\/uploads\/2020\/04\/social_share.gif","type":"image\/gif"}],"twitter_card":"summary_large_image","twitter_misc":{"Tiempo de lectura":"1 minuto"},"schema":{"@context":"https:\/\/schema.org","@graph":[{"@type":"WebPage","@id":"http:\/\/unceasinglypray.org\/ru\/day-6\/","url":"http:\/\/unceasinglypray.org\/ru\/day-6\/","name":"Day 6 - Unceasingly Pray","isPartOf":{"@id":"https:\/\/unceasinglypray.org\/ar\/#website"},"primaryImageOfPage":{"@id":"http:\/\/unceasinglypray.org\/ru\/day-6\/#primaryimage"},"image":{"@id":"http:\/\/unceasinglypray.org\/ru\/day-6\/#primaryimage"},"thumbnailUrl":"https:\/\/unceasinglypray.org\/wp-content\/uploads\/2020\/04\/social_share.gif","datePublished":"2020-04-04T21:46:52+00:00","dateModified":"2020-06-11T13:43:51+00:00","breadcrumb":{"@id":"http:\/\/unceasinglypray.org\/ru\/day-6\/#breadcrumb"},"inLanguage":"es","potentialAction":[{"@type":"ReadAction","target":["http:\/\/unceasinglypray.org\/ru\/day-6\/"]}]},{"@type":"ImageObject","inLanguage":"es","@id":"http:\/\/unceasinglypray.org\/ru\/day-6\/#primaryimage","url":"https:\/\/unceasinglypray.org\/wp-content\/uploads\/2020\/04\/social_share.gif","contentUrl":"https:\/\/unceasinglypray.org\/wp-content\/uploads\/2020\/04\/social_share.gif","width":1200,"height":630},{"@type":"BreadcrumbList","@id":"http:\/\/unceasinglypray.org\/ru\/day-6\/#breadcrumb","itemListElement":[{"@type":"ListItem","position":1,"name":"Home","item":"https:\/\/unceasinglypray.org\/pt\/"},{"@type":"ListItem","position":2,"name":"Day 6"}]},{"@type":"WebSite","@id":"https:\/\/unceasinglypray.org\/ar\/#website","url":"https:\/\/unceasinglypray.org\/ar\/","name":"Unceasingly Pray","description":"","potentialAction":[{"@type":"SearchAction","target":{"@type":"EntryPoint","urlTemplate":"https:\/\/unceasinglypray.org\/ar\/?s={search_term_string}"},"query-input":{"@type":"PropertyValueSpecification","valueRequired":true,"valueName":"search_term_string"}}],"inLanguage":"es"}]}},"_links":{"self":[{"href":"https:\/\/unceasinglypray.org\/es\/wp-json\/wp\/v2\/pages\/519","targetHints":{"allow":["GET"]}}],"collection":[{"href":"https:\/\/unceasinglypray.org\/es\/wp-json\/wp\/v2\/pages"}],"about":[{"href":"https:\/\/unceasinglypray.org\/es\/wp-json\/wp\/v2\/types\/page"}],"author":[{"embeddable":true,"href":"https:\/\/unceasinglypray.org\/es\/wp-json\/wp\/v2\/users\/1"}],"replies":[{"embeddable":true,"href":"https:\/\/unceasinglypray.org\/es\/wp-json\/wp\/v2\/comments?post=519"}],"version-history":[{"count":0,"href":"https:\/\/unceasinglypray.org\/es\/wp-json\/wp\/v2\/pages\/519\/revisions"}],"wp:featuredmedia":[{"embeddable":true,"href":"https:\/\/unceasinglypray.org\/es\/wp-json\/wp\/v2\/media\/771"}],"wp:attachment":[{"href":"https:\/\/unceasinglypray.org\/es\/wp-json\/wp\/v2\/media?parent=519"}],"curies":[{"name":"wp","href":"https:\/\/api.w.org\/{rel}","templated":true}]}}