{"id":518,"date":"2020-04-04T21:46:02","date_gmt":"2020-04-04T21:46:02","guid":{"rendered":"https:\/\/unceasinglypray.org\/?page_id=518"},"modified":"2020-06-11T13:43:31","modified_gmt":"2020-06-11T13:43:31","slug":"day-5","status":"publish","type":"page","link":"https:\/\/unceasinglypray.org\/es\/day-5\/","title":{"rendered":"Day 5"},"content":{"rendered":"<p><a href=\"https:\/\/unceasinglypray.org\/es\/day-5\/\">DAY 5: PRAYER FOR GOD&#8217;S ULTIMATE MOVE OVER THE WHOLE EARTH<\/a><\/p>\n\t<p><b>Hch. 17:26-27; Fil. 1:21a; Ro. 12:2; Ef. 4:16; Ap. 19:7<\/b><\/p>\n\t<p>Oremos por el m\u00e1ximo mover de Dios por toda la tierra a fin de ganar un pueblo que conozca al Cristo maravilloso y todo-inclusivo, que lo experimente a \u00c9l como su vida y lo viva a \u00c9l, y que sea transformado y edificado para ser Su Cuerpo y, finalmente, Su novia preparada para Su regreso (Hch. 17:26-27; Fil. 1:21a; Ro. 12:2; Ef. 4:16; Ap. 19:7).<\/p>\n\t<p><strong>Hch. 17:26-27<\/strong>\u2014Y de uno solo ha hecho todo el linaje de los hombres, para que habiten sobre toda la faz de la tierra; y les ha prefijado el orden de los tiempos, y los linderos de su habitaci\u00f3n; para que busquen a Dios, si en alguna manera, palpando, puedan hallarle, aunque ciertamente no est\u00e1 lejos de cada uno de nosotros.<\/p>\n<p><strong>Fil. 1:21a<\/strong>\u2014Porque para m\u00ed el vivir es Cristo.<\/p>\n<p><strong>Rom. 12:2<\/strong>\u2014No os amold\u00e9is a este siglo, sino transformaos por medio de la renovaci\u00f3n de vuestra mente, para que comprob\u00e9is cu\u00e1l sea la voluntad de Dios: lo bueno, lo agradable y lo perfecto.<\/p>\n<p><strong>Ef. 4:16<\/strong>\u2014De quien todo el Cuerpo, bien unido y entrelazado por todas las coyunturas del rico suministro y por la funci\u00f3n de cada miembro en su medida, causa el crecimiento del Cuerpo para la edificaci\u00f3n de s\u00ed mismo en amor.<\/p>\n<p><strong>Ap. 19:7<\/strong>\u2014Goc\u00e9monos y alegr\u00e9monos y d\u00e9mosle gloria; porque han llegado las bodas del Cordero, y Su esposa se ha preparado.<\/p>\n\t\t<h3><\/h3>\n\t\t<p>Perseverad en la oraci\u00f3n.<\/p>\n\t\t\t<a href=\"https:\/\/unceasinglypray.org\/es\/sign-up\/\" target=\"_self\" role=\"button\" rel=\"noopener noreferrer\">\n\t\t\t\t\t\t\tELIJA UN TIEMPO\n\t\t\t\t\t<\/a>","protected":false},"excerpt":{"rendered":"<p>DAY 5: PRAYER FOR GOD&#8217;S ULTIMATE MOVE OVER THE WHOLE EARTH Acts 17:26-27; Phil. 1:21a; Rom. 12:2; Eph. 4:16; Rev. 19:7 Pray for God\u2019s ultimate move over the whole earth to gain a people who know the wonderful, all-inclusive Christ, who experience Him as their life and live Him, and who are transformed and built&hellip;<\/p>","protected":false},"author":1,"featured_media":771,"parent":0,"menu_order":0,"comment_status":"closed","ping_status":"closed","template":"","meta":{"inline_featured_image":false,"footnotes":""},"class_list":["post-518","page","type-page","status-publish","has-post-thumbnail","hentry"],"yoast_head":"<!-- This site is optimized with the Yoast SEO plugin v27.5 - https:\/\/yoast.com\/product\/yoast-seo-wordpress\/ -->\n<title>Day 5 - Unceasingly Pray<\/title>\n<meta name=\"robots\" content=\"index, follow, max-snippet:-1, max-image-preview:large, max-video-preview:-1\" \/>\n<link rel=\"canonical\" href=\"http:\/\/unceasinglypray.org\/es\/day-5\/\" \/>\n<meta property=\"og:locale\" content=\"es_MX\" \/>\n<meta property=\"og:type\" content=\"article\" \/>\n<meta property=\"og:title\" content=\"Day 5 - Unceasingly Pray\" \/>\n<meta property=\"og:description\" content=\"DAY 5: PRAYER FOR GOD&#8217;S ULTIMATE MOVE OVER THE WHOLE EARTH Acts 17:26-27; Phil. 1:21a; Rom. 12:2; Eph. 4:16; Rev. 19:7 Pray for God\u2019s ultimate move over the whole earth to gain a people who know the wonderful, all-inclusive Christ, who experience Him as their life and live Him, and who are transformed and built&hellip;\" \/>\n<meta property=\"og:url\" content=\"http:\/\/unceasinglypray.org\/es\/day-5\/\" \/>\n<meta property=\"og:site_name\" content=\"Unceasingly Pray\" \/>\n<meta property=\"article:modified_time\" content=\"2020-06-11T13:43:31+00:00\" \/>\n<meta property=\"og:image\" content=\"https:\/\/unceasinglypray.org\/wp-content\/uploads\/2020\/04\/social_share.gif\" \/>\n\t<meta property=\"og:image:width\" content=\"1200\" \/>\n\t<meta property=\"og:image:height\" content=\"630\" \/>\n\t<meta property=\"og:image:type\" content=\"image\/gif\" \/>\n<meta name=\"twitter:card\" content=\"summary_large_image\" \/>\n<meta name=\"twitter:label1\" content=\"Tiempo de lectura\" \/>\n\t<meta name=\"twitter:data1\" content=\"1 minuto\" \/>\n<script type=\"application\/ld+json\" class=\"yoast-schema-graph\">{\"@context\":\"https:\\\/\\\/schema.org\",\"@graph\":[{\"@type\":\"WebPage\",\"@id\":\"http:\\\/\\\/unceasinglypray.org\\\/de\\\/day-5\\\/\",\"url\":\"http:\\\/\\\/unceasinglypray.org\\\/de\\\/day-5\\\/\",\"name\":\"Day 5 - Unceasingly Pray\",\"isPartOf\":{\"@id\":\"https:\\\/\\\/unceasinglypray.org\\\/ar\\\/#website\"},\"primaryImageOfPage\":{\"@id\":\"http:\\\/\\\/unceasinglypray.org\\\/de\\\/day-5\\\/#primaryimage\"},\"image\":{\"@id\":\"http:\\\/\\\/unceasinglypray.org\\\/de\\\/day-5\\\/#primaryimage\"},\"thumbnailUrl\":\"https:\\\/\\\/unceasinglypray.org\\\/wp-content\\\/uploads\\\/2020\\\/04\\\/social_share.gif\",\"datePublished\":\"2020-04-04T21:46:02+00:00\",\"dateModified\":\"2020-06-11T13:43:31+00:00\",\"breadcrumb\":{\"@id\":\"http:\\\/\\\/unceasinglypray.org\\\/de\\\/day-5\\\/#breadcrumb\"},\"inLanguage\":\"es\",\"potentialAction\":[{\"@type\":\"ReadAction\",\"target\":[\"http:\\\/\\\/unceasinglypray.org\\\/de\\\/day-5\\\/\"]}]},{\"@type\":\"ImageObject\",\"inLanguage\":\"es\",\"@id\":\"http:\\\/\\\/unceasinglypray.org\\\/de\\\/day-5\\\/#primaryimage\",\"url\":\"https:\\\/\\\/unceasinglypray.org\\\/wp-content\\\/uploads\\\/2020\\\/04\\\/social_share.gif\",\"contentUrl\":\"https:\\\/\\\/unceasinglypray.org\\\/wp-content\\\/uploads\\\/2020\\\/04\\\/social_share.gif\",\"width\":1200,\"height\":630},{\"@type\":\"BreadcrumbList\",\"@id\":\"http:\\\/\\\/unceasinglypray.org\\\/de\\\/day-5\\\/#breadcrumb\",\"itemListElement\":[{\"@type\":\"ListItem\",\"position\":1,\"name\":\"Home\",\"item\":\"https:\\\/\\\/unceasinglypray.org\\\/pt\\\/\"},{\"@type\":\"ListItem\",\"position\":2,\"name\":\"Day 5\"}]},{\"@type\":\"WebSite\",\"@id\":\"https:\\\/\\\/unceasinglypray.org\\\/ar\\\/#website\",\"url\":\"https:\\\/\\\/unceasinglypray.org\\\/ar\\\/\",\"name\":\"Unceasingly Pray\",\"description\":\"\",\"potentialAction\":[{\"@type\":\"SearchAction\",\"target\":{\"@type\":\"EntryPoint\",\"urlTemplate\":\"https:\\\/\\\/unceasinglypray.org\\\/ar\\\/?s={search_term_string}\"},\"query-input\":{\"@type\":\"PropertyValueSpecification\",\"valueRequired\":true,\"valueName\":\"search_term_string\"}}],\"inLanguage\":\"es\"}]}<\/script>\n<!-- \/ Yoast SEO plugin. -->","yoast_head_json":{"title":"Day 5 - Unceasingly Pray","robots":{"index":"index","follow":"follow","max-snippet":"max-snippet:-1","max-image-preview":"max-image-preview:large","max-video-preview":"max-video-preview:-1"},"canonical":"http:\/\/unceasinglypray.org\/es\/day-5\/","og_locale":"es_MX","og_type":"article","og_title":"Day 5 - Unceasingly Pray","og_description":"DAY 5: PRAYER FOR GOD&#8217;S ULTIMATE MOVE OVER THE WHOLE EARTH Acts 17:26-27; Phil. 1:21a; Rom. 12:2; Eph. 4:16; Rev. 19:7 Pray for God\u2019s ultimate move over the whole earth to gain a people who know the wonderful, all-inclusive Christ, who experience Him as their life and live Him, and who are transformed and built&hellip;","og_url":"http:\/\/unceasinglypray.org\/es\/day-5\/","og_site_name":"Unceasingly Pray","article_modified_time":"2020-06-11T13:43:31+00:00","og_image":[{"width":1200,"height":630,"url":"https:\/\/unceasinglypray.org\/wp-content\/uploads\/2020\/04\/social_share.gif","type":"image\/gif"}],"twitter_card":"summary_large_image","twitter_misc":{"Tiempo de lectura":"1 minuto"},"schema":{"@context":"https:\/\/schema.org","@graph":[{"@type":"WebPage","@id":"http:\/\/unceasinglypray.org\/de\/day-5\/","url":"http:\/\/unceasinglypray.org\/de\/day-5\/","name":"Day 5 - Unceasingly Pray","isPartOf":{"@id":"https:\/\/unceasinglypray.org\/ar\/#website"},"primaryImageOfPage":{"@id":"http:\/\/unceasinglypray.org\/de\/day-5\/#primaryimage"},"image":{"@id":"http:\/\/unceasinglypray.org\/de\/day-5\/#primaryimage"},"thumbnailUrl":"https:\/\/unceasinglypray.org\/wp-content\/uploads\/2020\/04\/social_share.gif","datePublished":"2020-04-04T21:46:02+00:00","dateModified":"2020-06-11T13:43:31+00:00","breadcrumb":{"@id":"http:\/\/unceasinglypray.org\/de\/day-5\/#breadcrumb"},"inLanguage":"es","potentialAction":[{"@type":"ReadAction","target":["http:\/\/unceasinglypray.org\/de\/day-5\/"]}]},{"@type":"ImageObject","inLanguage":"es","@id":"http:\/\/unceasinglypray.org\/de\/day-5\/#primaryimage","url":"https:\/\/unceasinglypray.org\/wp-content\/uploads\/2020\/04\/social_share.gif","contentUrl":"https:\/\/unceasinglypray.org\/wp-content\/uploads\/2020\/04\/social_share.gif","width":1200,"height":630},{"@type":"BreadcrumbList","@id":"http:\/\/unceasinglypray.org\/de\/day-5\/#breadcrumb","itemListElement":[{"@type":"ListItem","position":1,"name":"Home","item":"https:\/\/unceasinglypray.org\/pt\/"},{"@type":"ListItem","position":2,"name":"Day 5"}]},{"@type":"WebSite","@id":"https:\/\/unceasinglypray.org\/ar\/#website","url":"https:\/\/unceasinglypray.org\/ar\/","name":"Unceasingly Pray","description":"","potentialAction":[{"@type":"SearchAction","target":{"@type":"EntryPoint","urlTemplate":"https:\/\/unceasinglypray.org\/ar\/?s={search_term_string}"},"query-input":{"@type":"PropertyValueSpecification","valueRequired":true,"valueName":"search_term_string"}}],"inLanguage":"es"}]}},"_links":{"self":[{"href":"https:\/\/unceasinglypray.org\/es\/wp-json\/wp\/v2\/pages\/518","targetHints":{"allow":["GET"]}}],"collection":[{"href":"https:\/\/unceasinglypray.org\/es\/wp-json\/wp\/v2\/pages"}],"about":[{"href":"https:\/\/unceasinglypray.org\/es\/wp-json\/wp\/v2\/types\/page"}],"author":[{"embeddable":true,"href":"https:\/\/unceasinglypray.org\/es\/wp-json\/wp\/v2\/users\/1"}],"replies":[{"embeddable":true,"href":"https:\/\/unceasinglypray.org\/es\/wp-json\/wp\/v2\/comments?post=518"}],"version-history":[{"count":0,"href":"https:\/\/unceasinglypray.org\/es\/wp-json\/wp\/v2\/pages\/518\/revisions"}],"wp:featuredmedia":[{"embeddable":true,"href":"https:\/\/unceasinglypray.org\/es\/wp-json\/wp\/v2\/media\/771"}],"wp:attachment":[{"href":"https:\/\/unceasinglypray.org\/es\/wp-json\/wp\/v2\/media?parent=518"}],"curies":[{"name":"wp","href":"https:\/\/api.w.org\/{rel}","templated":true}]}}