{"id":516,"date":"2020-04-04T21:44:41","date_gmt":"2020-04-04T21:44:41","guid":{"rendered":"https:\/\/unceasinglypray.org\/?page_id=516"},"modified":"2020-06-11T13:42:50","modified_gmt":"2020-06-11T13:42:50","slug":"day-3","status":"publish","type":"page","link":"https:\/\/unceasinglypray.org\/es\/day-3\/","title":{"rendered":"Day 3"},"content":{"rendered":"<p>DAY 3: PRAYER FOR WORLD AFFAIRS<\/p>\n\t<p>DN. 4:17; AP. 1:5; PR. 21:1; DN. 2:21<\/p>\n\t<p>Para que Dios en Cristo gobierne sobre todos los asuntos mundiales (Dn. 4:17; Ap. 1:5), incline los corazones de los reyes para hacer Su voluntad (Pr. 21:1) y ponga y quite l\u00edderes seg\u00fan lo que \u00c9l considere apropiado (Dn. 2:21).<\/p>\n\n\t<p><strong>Dn. 4:17<\/strong>\u2014Este asunto es por decreto de los vigilantes, y por mandato de los santos la decisi\u00f3n, para que reconozcan los vivientes que el Alt\u00edsimo es Soberano del reino de los hombres, y se lo da a quien \u00c9l quiere, y pone sobre \u00e9l al m\u00e1s humilde de los hombres.<\/p>\n<p><strong>Ap. 1:5<\/strong>\u2014Y de Jesucristo, el Testigo fiel, el Primog\u00e9nito de entre los muertos, y el Soberano de los reyes de la tierra. Al que nos ama, y nos liber\u00f3 de nuestros pecados con Su sangre.<\/p>\n<p><strong>Prov. 21:1<\/strong>Como arroyos de agua es el coraz\u00f3n del rey en la mano de Jehov\u00e1; \/ \u00c9l lo inclina a donde le place.<\/p>\n<p><strong>Dn. 2:21<\/strong>Y \u00c9l es quien muda los tiempos y las estaciones; \/ depone a reyes y hace que los reyes asciendan. \/ Da sabidur\u00eda a los sabios, \/ y conocimiento a los entendidos.<\/p>\n\t\t<h3><\/h3>\n\t\t<p>Perseverad en la oraci\u00f3n.<\/p>\n\t\t\t<a href=\"https:\/\/unceasinglypray.org\/es\/sign-up\/\" target=\"_self\" role=\"button\" rel=\"noopener noreferrer\">\n\t\t\t\t\t\t\tELIJA UN TIEMPO\n\t\t\t\t\t<\/a>","protected":false},"excerpt":{"rendered":"<p>DAY 3: PRAYER FOR WORLD AFFAIRS DAN. 4:17; REV. 1:5; PROV. 21:1; DAN. 2:21 For God in Christ to rule over all world affairs (Dan. 4:17; Rev. 1:5), to turn the hearts of kings to do His will (Prov. 21:1), and to raise up and put down leaders as He sees fit (Dan. 2:21). Dan.&hellip;<\/p>","protected":false},"author":1,"featured_media":0,"parent":0,"menu_order":0,"comment_status":"closed","ping_status":"closed","template":"","meta":{"inline_featured_image":false,"footnotes":""},"class_list":["post-516","page","type-page","status-publish","hentry"],"yoast_head":"<!-- This site is optimized with the Yoast SEO plugin v27.3 - https:\/\/yoast.com\/product\/yoast-seo-wordpress\/ -->\n<title>Day 3 - Unceasingly Pray<\/title>\n<meta name=\"robots\" content=\"index, follow, max-snippet:-1, max-image-preview:large, max-video-preview:-1\" \/>\n<link rel=\"canonical\" href=\"https:\/\/unceasinglypray.org\/es\/day-3\/\" \/>\n<meta property=\"og:locale\" content=\"es_MX\" \/>\n<meta property=\"og:type\" content=\"article\" \/>\n<meta property=\"og:title\" content=\"Day 3 - Unceasingly Pray\" \/>\n<meta property=\"og:description\" content=\"DAY 3: PRAYER FOR WORLD AFFAIRS DAN. 4:17; REV. 1:5; PROV. 21:1; DAN. 2:21 For God in Christ to rule over all world affairs (Dan. 4:17; Rev. 1:5), to turn the hearts of kings to do His will (Prov. 21:1), and to raise up and put down leaders as He sees fit (Dan. 2:21). Dan.&hellip;\" \/>\n<meta property=\"og:url\" content=\"https:\/\/unceasinglypray.org\/es\/day-3\/\" \/>\n<meta property=\"og:site_name\" content=\"Unceasingly Pray\" \/>\n<meta property=\"article:modified_time\" content=\"2020-06-11T13:42:50+00:00\" \/>\n<meta name=\"twitter:card\" content=\"summary_large_image\" \/>\n<meta name=\"twitter:label1\" content=\"Tiempo de lectura\" \/>\n\t<meta name=\"twitter:data1\" content=\"1 minuto\" \/>\n<script type=\"application\/ld+json\" class=\"yoast-schema-graph\">{\"@context\":\"https:\\\/\\\/schema.org\",\"@graph\":[{\"@type\":\"WebPage\",\"@id\":\"https:\\\/\\\/unceasinglypray.org\\\/ceb\\\/day-3\\\/\",\"url\":\"https:\\\/\\\/unceasinglypray.org\\\/ceb\\\/day-3\\\/\",\"name\":\"Day 3 - Unceasingly Pray\",\"isPartOf\":{\"@id\":\"https:\\\/\\\/unceasinglypray.org\\\/ar\\\/#website\"},\"datePublished\":\"2020-04-04T21:44:41+00:00\",\"dateModified\":\"2020-06-11T13:42:50+00:00\",\"breadcrumb\":{\"@id\":\"https:\\\/\\\/unceasinglypray.org\\\/ceb\\\/day-3\\\/#breadcrumb\"},\"inLanguage\":\"es\",\"potentialAction\":[{\"@type\":\"ReadAction\",\"target\":[\"https:\\\/\\\/unceasinglypray.org\\\/ceb\\\/day-3\\\/\"]}]},{\"@type\":\"BreadcrumbList\",\"@id\":\"https:\\\/\\\/unceasinglypray.org\\\/ceb\\\/day-3\\\/#breadcrumb\",\"itemListElement\":[{\"@type\":\"ListItem\",\"position\":1,\"name\":\"Home\",\"item\":\"https:\\\/\\\/unceasinglypray.org\\\/pt\\\/\"},{\"@type\":\"ListItem\",\"position\":2,\"name\":\"Day 3\"}]},{\"@type\":\"WebSite\",\"@id\":\"https:\\\/\\\/unceasinglypray.org\\\/ar\\\/#website\",\"url\":\"https:\\\/\\\/unceasinglypray.org\\\/ar\\\/\",\"name\":\"Unceasingly Pray\",\"description\":\"\",\"potentialAction\":[{\"@type\":\"SearchAction\",\"target\":{\"@type\":\"EntryPoint\",\"urlTemplate\":\"https:\\\/\\\/unceasinglypray.org\\\/ar\\\/?s={search_term_string}\"},\"query-input\":{\"@type\":\"PropertyValueSpecification\",\"valueRequired\":true,\"valueName\":\"search_term_string\"}}],\"inLanguage\":\"es\"}]}<\/script>\n<!-- \/ Yoast SEO plugin. -->","yoast_head_json":{"title":"Day 3 - Unceasingly Pray","robots":{"index":"index","follow":"follow","max-snippet":"max-snippet:-1","max-image-preview":"max-image-preview:large","max-video-preview":"max-video-preview:-1"},"canonical":"https:\/\/unceasinglypray.org\/es\/day-3\/","og_locale":"es_MX","og_type":"article","og_title":"Day 3 - Unceasingly Pray","og_description":"DAY 3: PRAYER FOR WORLD AFFAIRS DAN. 4:17; REV. 1:5; PROV. 21:1; DAN. 2:21 For God in Christ to rule over all world affairs (Dan. 4:17; Rev. 1:5), to turn the hearts of kings to do His will (Prov. 21:1), and to raise up and put down leaders as He sees fit (Dan. 2:21). Dan.&hellip;","og_url":"https:\/\/unceasinglypray.org\/es\/day-3\/","og_site_name":"Unceasingly Pray","article_modified_time":"2020-06-11T13:42:50+00:00","twitter_card":"summary_large_image","twitter_misc":{"Tiempo de lectura":"1 minuto"},"schema":{"@context":"https:\/\/schema.org","@graph":[{"@type":"WebPage","@id":"https:\/\/unceasinglypray.org\/ceb\/day-3\/","url":"https:\/\/unceasinglypray.org\/ceb\/day-3\/","name":"Day 3 - Unceasingly Pray","isPartOf":{"@id":"https:\/\/unceasinglypray.org\/ar\/#website"},"datePublished":"2020-04-04T21:44:41+00:00","dateModified":"2020-06-11T13:42:50+00:00","breadcrumb":{"@id":"https:\/\/unceasinglypray.org\/ceb\/day-3\/#breadcrumb"},"inLanguage":"es","potentialAction":[{"@type":"ReadAction","target":["https:\/\/unceasinglypray.org\/ceb\/day-3\/"]}]},{"@type":"BreadcrumbList","@id":"https:\/\/unceasinglypray.org\/ceb\/day-3\/#breadcrumb","itemListElement":[{"@type":"ListItem","position":1,"name":"Home","item":"https:\/\/unceasinglypray.org\/pt\/"},{"@type":"ListItem","position":2,"name":"Day 3"}]},{"@type":"WebSite","@id":"https:\/\/unceasinglypray.org\/ar\/#website","url":"https:\/\/unceasinglypray.org\/ar\/","name":"Unceasingly Pray","description":"","potentialAction":[{"@type":"SearchAction","target":{"@type":"EntryPoint","urlTemplate":"https:\/\/unceasinglypray.org\/ar\/?s={search_term_string}"},"query-input":{"@type":"PropertyValueSpecification","valueRequired":true,"valueName":"search_term_string"}}],"inLanguage":"es"}]}},"_links":{"self":[{"href":"https:\/\/unceasinglypray.org\/es\/wp-json\/wp\/v2\/pages\/516","targetHints":{"allow":["GET"]}}],"collection":[{"href":"https:\/\/unceasinglypray.org\/es\/wp-json\/wp\/v2\/pages"}],"about":[{"href":"https:\/\/unceasinglypray.org\/es\/wp-json\/wp\/v2\/types\/page"}],"author":[{"embeddable":true,"href":"https:\/\/unceasinglypray.org\/es\/wp-json\/wp\/v2\/users\/1"}],"replies":[{"embeddable":true,"href":"https:\/\/unceasinglypray.org\/es\/wp-json\/wp\/v2\/comments?post=516"}],"version-history":[{"count":0,"href":"https:\/\/unceasinglypray.org\/es\/wp-json\/wp\/v2\/pages\/516\/revisions"}],"wp:attachment":[{"href":"https:\/\/unceasinglypray.org\/es\/wp-json\/wp\/v2\/media?parent=516"}],"curies":[{"name":"wp","href":"https:\/\/api.w.org\/{rel}","templated":true}]}}