{"id":507,"date":"2020-04-04T21:25:02","date_gmt":"2020-04-04T21:25:02","guid":{"rendered":"https:\/\/unceasinglypray.org\/?page_id=507"},"modified":"2020-06-11T13:42:01","modified_gmt":"2020-06-11T13:42:01","slug":"day-1","status":"publish","type":"page","link":"https:\/\/unceasinglypray.org\/es\/day-1\/","title":{"rendered":"Day 1"},"content":{"rendered":"<p>DAY 1:\u00a0PRAYER ACCORDING TO MATTHEW 6<\/p>\n\t<p>MT. 6:9-10; AP. 11:15<\/p>\n\t<p>Para que el nombre del Padre sea santificado (Mt. 6:9b), que venga Su reino (Mt. 6:10a; Ap. 11:15) y que se haga Su voluntad en la tierra (Mt. 6:10b).<\/p>\n\t<p><strong>Mt. 6:9<\/strong>\u2014Vosotros, pues, orar\u00e9is as\u00ed: Padre nuestro que est\u00e1s en los cielos, santificado sea Tu nombre.<\/p>\n<p><strong>Ap. 11:15<\/strong>\u2014El s\u00e9ptimo \u00e1ngel toc\u00f3 la trompeta, y hubo grandes voces en el cielo, que dec\u00edan: El reinado sobre el mundo ha pasado a nuestro Se\u00f1or y a Su Cristo; y \u00c9l reinar\u00e1 por los siglos de los siglos.<\/p>\n<p><strong>Mt. 6:10<\/strong>\u2014Venga Tu reino. H\u00e1gase Tu voluntad, como en el cielo, as\u00ed tambi\u00e9n en la tierra.<\/p>\n\t\t<h3><\/h3>\n\t\t<p>Perseverad en la oraci\u00f3n.<\/p>\n\t\t\t<a href=\"https:\/\/unceasinglypray.org\/es\/sign-up\/\" target=\"_self\" role=\"button\" rel=\"noopener noreferrer\">\n\t\t\t\t\t\t\tELIJA UN TIEMPO\n\t\t\t\t\t<\/a>","protected":false},"excerpt":{"rendered":"<p>DAY 1:\u00a0PRAYER ACCORDING TO MATTHEW 6 MATT. 6:9\u201310; REV. 11:15 For the Father\u2019s name to be sanctified (Matt. 6:9b), for His kingdom to come (Matt. 6:10a; Rev. 11:15); and for His will to be done on the earth (Matt. 6:10b). Matt. 6:9\u2014You then pray in this way: Our Father who is in the heavens, Your&hellip;<\/p>","protected":false},"author":1,"featured_media":771,"parent":0,"menu_order":0,"comment_status":"closed","ping_status":"closed","template":"","meta":{"inline_featured_image":false,"footnotes":""},"class_list":["post-507","page","type-page","status-publish","has-post-thumbnail","hentry"],"yoast_head":"<!-- This site is optimized with the Yoast SEO plugin v27.4 - https:\/\/yoast.com\/product\/yoast-seo-wordpress\/ -->\n<title>Day 1 - Unceasingly Pray<\/title>\n<meta name=\"robots\" content=\"index, follow, max-snippet:-1, max-image-preview:large, max-video-preview:-1\" \/>\n<link rel=\"canonical\" href=\"https:\/\/unceasinglypray.org\/es\/day-1\/\" \/>\n<meta property=\"og:locale\" content=\"es_MX\" \/>\n<meta property=\"og:type\" content=\"article\" \/>\n<meta property=\"og:title\" content=\"Day 1 - Unceasingly Pray\" \/>\n<meta property=\"og:description\" content=\"DAY 1:\u00a0PRAYER ACCORDING TO MATTHEW 6 MATT. 6:9\u201310; REV. 11:15 For the Father\u2019s name to be sanctified (Matt. 6:9b), for His kingdom to come (Matt. 6:10a; Rev. 11:15); and for His will to be done on the earth (Matt. 6:10b). Matt. 6:9\u2014You then pray in this way: Our Father who is in the heavens, Your&hellip;\" \/>\n<meta property=\"og:url\" content=\"https:\/\/unceasinglypray.org\/es\/day-1\/\" \/>\n<meta property=\"og:site_name\" content=\"Unceasingly Pray\" \/>\n<meta property=\"article:modified_time\" content=\"2020-06-11T13:42:01+00:00\" \/>\n<meta property=\"og:image\" content=\"https:\/\/unceasinglypray.org\/wp-content\/uploads\/2020\/04\/social_share.gif\" \/>\n\t<meta property=\"og:image:width\" content=\"1200\" \/>\n\t<meta property=\"og:image:height\" content=\"630\" \/>\n\t<meta property=\"og:image:type\" content=\"image\/gif\" \/>\n<meta name=\"twitter:card\" content=\"summary_large_image\" \/>\n<meta name=\"twitter:label1\" content=\"Tiempo de lectura\" \/>\n\t<meta name=\"twitter:data1\" content=\"1 minuto\" \/>\n<script type=\"application\/ld+json\" class=\"yoast-schema-graph\">{\"@context\":\"https:\\\/\\\/schema.org\",\"@graph\":[{\"@type\":\"WebPage\",\"@id\":\"https:\\\/\\\/unceasinglypray.org\\\/sk_sk\\\/day-1\\\/\",\"url\":\"https:\\\/\\\/unceasinglypray.org\\\/sk_sk\\\/day-1\\\/\",\"name\":\"Day 1 - Unceasingly Pray\",\"isPartOf\":{\"@id\":\"https:\\\/\\\/unceasinglypray.org\\\/ar\\\/#website\"},\"primaryImageOfPage\":{\"@id\":\"https:\\\/\\\/unceasinglypray.org\\\/sk_sk\\\/day-1\\\/#primaryimage\"},\"image\":{\"@id\":\"https:\\\/\\\/unceasinglypray.org\\\/sk_sk\\\/day-1\\\/#primaryimage\"},\"thumbnailUrl\":\"https:\\\/\\\/unceasinglypray.org\\\/wp-content\\\/uploads\\\/2020\\\/04\\\/social_share.gif\",\"datePublished\":\"2020-04-04T21:25:02+00:00\",\"dateModified\":\"2020-06-11T13:42:01+00:00\",\"breadcrumb\":{\"@id\":\"https:\\\/\\\/unceasinglypray.org\\\/sk_sk\\\/day-1\\\/#breadcrumb\"},\"inLanguage\":\"es\",\"potentialAction\":[{\"@type\":\"ReadAction\",\"target\":[\"https:\\\/\\\/unceasinglypray.org\\\/sk_sk\\\/day-1\\\/\"]}]},{\"@type\":\"ImageObject\",\"inLanguage\":\"es\",\"@id\":\"https:\\\/\\\/unceasinglypray.org\\\/sk_sk\\\/day-1\\\/#primaryimage\",\"url\":\"https:\\\/\\\/unceasinglypray.org\\\/wp-content\\\/uploads\\\/2020\\\/04\\\/social_share.gif\",\"contentUrl\":\"https:\\\/\\\/unceasinglypray.org\\\/wp-content\\\/uploads\\\/2020\\\/04\\\/social_share.gif\",\"width\":1200,\"height\":630},{\"@type\":\"BreadcrumbList\",\"@id\":\"https:\\\/\\\/unceasinglypray.org\\\/sk_sk\\\/day-1\\\/#breadcrumb\",\"itemListElement\":[{\"@type\":\"ListItem\",\"position\":1,\"name\":\"Home\",\"item\":\"https:\\\/\\\/unceasinglypray.org\\\/pt\\\/\"},{\"@type\":\"ListItem\",\"position\":2,\"name\":\"Day 1\"}]},{\"@type\":\"WebSite\",\"@id\":\"https:\\\/\\\/unceasinglypray.org\\\/ar\\\/#website\",\"url\":\"https:\\\/\\\/unceasinglypray.org\\\/ar\\\/\",\"name\":\"Unceasingly Pray\",\"description\":\"\",\"potentialAction\":[{\"@type\":\"SearchAction\",\"target\":{\"@type\":\"EntryPoint\",\"urlTemplate\":\"https:\\\/\\\/unceasinglypray.org\\\/ar\\\/?s={search_term_string}\"},\"query-input\":{\"@type\":\"PropertyValueSpecification\",\"valueRequired\":true,\"valueName\":\"search_term_string\"}}],\"inLanguage\":\"es\"}]}<\/script>\n<!-- \/ Yoast SEO plugin. -->","yoast_head_json":{"title":"Day 1 - Unceasingly Pray","robots":{"index":"index","follow":"follow","max-snippet":"max-snippet:-1","max-image-preview":"max-image-preview:large","max-video-preview":"max-video-preview:-1"},"canonical":"https:\/\/unceasinglypray.org\/es\/day-1\/","og_locale":"es_MX","og_type":"article","og_title":"Day 1 - Unceasingly Pray","og_description":"DAY 1:\u00a0PRAYER ACCORDING TO MATTHEW 6 MATT. 6:9\u201310; REV. 11:15 For the Father\u2019s name to be sanctified (Matt. 6:9b), for His kingdom to come (Matt. 6:10a; Rev. 11:15); and for His will to be done on the earth (Matt. 6:10b). Matt. 6:9\u2014You then pray in this way: Our Father who is in the heavens, Your&hellip;","og_url":"https:\/\/unceasinglypray.org\/es\/day-1\/","og_site_name":"Unceasingly Pray","article_modified_time":"2020-06-11T13:42:01+00:00","og_image":[{"width":1200,"height":630,"url":"https:\/\/unceasinglypray.org\/wp-content\/uploads\/2020\/04\/social_share.gif","type":"image\/gif"}],"twitter_card":"summary_large_image","twitter_misc":{"Tiempo de lectura":"1 minuto"},"schema":{"@context":"https:\/\/schema.org","@graph":[{"@type":"WebPage","@id":"https:\/\/unceasinglypray.org\/sk_sk\/day-1\/","url":"https:\/\/unceasinglypray.org\/sk_sk\/day-1\/","name":"Day 1 - Unceasingly Pray","isPartOf":{"@id":"https:\/\/unceasinglypray.org\/ar\/#website"},"primaryImageOfPage":{"@id":"https:\/\/unceasinglypray.org\/sk_sk\/day-1\/#primaryimage"},"image":{"@id":"https:\/\/unceasinglypray.org\/sk_sk\/day-1\/#primaryimage"},"thumbnailUrl":"https:\/\/unceasinglypray.org\/wp-content\/uploads\/2020\/04\/social_share.gif","datePublished":"2020-04-04T21:25:02+00:00","dateModified":"2020-06-11T13:42:01+00:00","breadcrumb":{"@id":"https:\/\/unceasinglypray.org\/sk_sk\/day-1\/#breadcrumb"},"inLanguage":"es","potentialAction":[{"@type":"ReadAction","target":["https:\/\/unceasinglypray.org\/sk_sk\/day-1\/"]}]},{"@type":"ImageObject","inLanguage":"es","@id":"https:\/\/unceasinglypray.org\/sk_sk\/day-1\/#primaryimage","url":"https:\/\/unceasinglypray.org\/wp-content\/uploads\/2020\/04\/social_share.gif","contentUrl":"https:\/\/unceasinglypray.org\/wp-content\/uploads\/2020\/04\/social_share.gif","width":1200,"height":630},{"@type":"BreadcrumbList","@id":"https:\/\/unceasinglypray.org\/sk_sk\/day-1\/#breadcrumb","itemListElement":[{"@type":"ListItem","position":1,"name":"Home","item":"https:\/\/unceasinglypray.org\/pt\/"},{"@type":"ListItem","position":2,"name":"Day 1"}]},{"@type":"WebSite","@id":"https:\/\/unceasinglypray.org\/ar\/#website","url":"https:\/\/unceasinglypray.org\/ar\/","name":"Unceasingly Pray","description":"","potentialAction":[{"@type":"SearchAction","target":{"@type":"EntryPoint","urlTemplate":"https:\/\/unceasinglypray.org\/ar\/?s={search_term_string}"},"query-input":{"@type":"PropertyValueSpecification","valueRequired":true,"valueName":"search_term_string"}}],"inLanguage":"es"}]}},"_links":{"self":[{"href":"https:\/\/unceasinglypray.org\/es\/wp-json\/wp\/v2\/pages\/507","targetHints":{"allow":["GET"]}}],"collection":[{"href":"https:\/\/unceasinglypray.org\/es\/wp-json\/wp\/v2\/pages"}],"about":[{"href":"https:\/\/unceasinglypray.org\/es\/wp-json\/wp\/v2\/types\/page"}],"author":[{"embeddable":true,"href":"https:\/\/unceasinglypray.org\/es\/wp-json\/wp\/v2\/users\/1"}],"replies":[{"embeddable":true,"href":"https:\/\/unceasinglypray.org\/es\/wp-json\/wp\/v2\/comments?post=507"}],"version-history":[{"count":0,"href":"https:\/\/unceasinglypray.org\/es\/wp-json\/wp\/v2\/pages\/507\/revisions"}],"wp:featuredmedia":[{"embeddable":true,"href":"https:\/\/unceasinglypray.org\/es\/wp-json\/wp\/v2\/media\/771"}],"wp:attachment":[{"href":"https:\/\/unceasinglypray.org\/es\/wp-json\/wp\/v2\/media?parent=507"}],"curies":[{"name":"wp","href":"https:\/\/api.w.org\/{rel}","templated":true}]}}