{"id":313,"date":"2020-03-30T23:34:54","date_gmt":"2020-03-30T23:34:54","guid":{"rendered":"https:\/\/unceasepray.wpengine.com\/?page_id=313"},"modified":"2020-03-30T23:56:56","modified_gmt":"2020-03-30T23:56:56","slug":"privacy-policy-temp","status":"publish","type":"page","link":"https:\/\/unceasinglypray.org\/es\/privacy-policy-temp\/","title":{"rendered":"Privacy Policy Temp"},"content":{"rendered":"<h1>\n\t\tPOL\u00cdTICA DE PRIVACIDAD\n\t<\/h1>\n\t<p>Unceasingly Pray (\"Unceasingly Pray\") se complace en proporcionar informaci\u00f3n a los visitantes de nuestro sitio web sobre nuestra Pol\u00edtica de Privacidad en l\u00ednea. Su privacidad es importante para nosotros, y nuestra Pol\u00edtica de Privacidad en l\u00ednea est\u00e1 destinada a proteger y asegurar cualquier informaci\u00f3n de identificaci\u00f3n personal (\"Informaci\u00f3n Personal\") que usted proporcione a Unceasingly Pray en l\u00ednea cuando visite y utilice los sitios web o servicios de Unceasingly Pray (colectivamente, \"Sitios\").<\/p>\n<p>Esta Pol\u00edtica de Privacidad permanecer\u00e1 en plena vigencia y efecto mientras usted sea un usuario de cualquiera de los Sitios de Unceasingly Pray. Al visitar o usar cualquiera de los Sitios de Unceasingly Pray, usted est\u00e1 aceptando las pr\u00e1cticas descritas en esta Pol\u00edtica de Privacidad. Si usted no est\u00e1 de acuerdo con esta Pol\u00edtica de Privacidad, usted no debe participar en ninguna de las actividades de los Sitios que requieren que usted proporcione su Informaci\u00f3n Personal.<\/p>\n<p>Revisamos regularmente y, cuando es necesario, actualizamos nuestra Pol\u00edtica de Privacidad. Todas las actualizaciones y modificaciones son efectivas inmediatamente, y se le notificar\u00e1 cualquier cambio aplicable al visitar nuestros Sitios.<\/p>\n<p>&nbsp;<\/p>\n<p><strong>Informaci\u00f3n que recopilamos<\/strong><\/p>\n<p>La informaci\u00f3n personal que recogemos es suministrada voluntariamente por usted cuando usted:<\/p>\n<ul>\n<li>Solicita informaci\u00f3n a Unceasingly Pray<\/li>\n<li>Crea una cuenta con Unceasingly Pray<\/li>\n<li>Se inscribe para recibir correos electr\u00f3nicos de Unceasingly Pray<\/li>\n<\/ul>\n<p>La informaci\u00f3n personal que recogemos puede incluir su nombre y apellido, direcci\u00f3n de correo electr\u00f3nico y\/o ciudad y pa\u00eds de residencia.<\/p>\n<p>Adem\u00e1s, recopilamos datos demogr\u00e1ficos y de inter\u00e9s no identificativos a trav\u00e9s de los informes demogr\u00e1ficos y de inter\u00e9s de Google Analytics. Los visitantes pueden optar por no participar en Google Analytics para la publicidad a trav\u00e9s de la configuraci\u00f3n de anuncios de Google o a trav\u00e9s del complemento de exclusi\u00f3n de Google Analytics para navegadores, que se puede encontrar en\u00a0<a href=\"http:\/\/tools.google.com\/dlpage\/gaoptout\">http:\/\/tools.google.com\/dlpage\/gaoptout<\/a>.<\/p>\n<p>&nbsp;<\/p>\n<p><strong>C\u00f3mo se utiliza la informaci\u00f3n<\/strong><\/p>\n<p>Su informaci\u00f3n personal ser\u00e1 utilizada para enviarle la informaci\u00f3n que usted solicit\u00f3, y cualquier literatura adicional relacionada con las actividades de Unceasingly Pray.<\/p>\n<p>Unceasingly Pray no vende, intercambia, alquila, arrienda, o de otra manera revela su Informaci\u00f3n Personal a terceros comercializadores, personas u organizaciones. No utilizamos su informaci\u00f3n personal para ning\u00fan prop\u00f3sito comercial.<\/p>\n<p>Unceasingly Pray se reserva el derecho de usar o revelar cualquier informaci\u00f3n seg\u00fan sea necesario para satisfacer cualquier ley, regulaci\u00f3n o solicitud legal para proteger la integridad de los Sitios; para cumplir con sus solicitudes; o para cooperar en cualquier investigaci\u00f3n de aplicaci\u00f3n de la ley o cualquier investigaci\u00f3n sobre un asunto de seguridad p\u00fablica.<\/p>\n<p>Los datos demogr\u00e1ficos y de inter\u00e9s recopilados a trav\u00e9s de los Informes demogr\u00e1ficos y de inter\u00e9s de Google Analytics sirven para analizar las tendencias en conjunto y nunca se combinan con informaci\u00f3n de identificaci\u00f3n personal.<\/p>\n<p>Tambi\u00e9n le brindamos la oportunidad de revisar, actualizar o eliminar su informaci\u00f3n personal recopilada por los Sitios. Consulte la secci\u00f3n \"Cambiar la informaci\u00f3n personal\" de esta Pol\u00edtica de privacidad a continuaci\u00f3n.<\/p>\n<p>&nbsp;<\/p>\n<p><strong>Env\u00edos del usuario<\/strong><\/p>\n<p>Las preguntas, comentarios y observaciones que usted transmita a Unceasingly Pray a trav\u00e9s de cualquiera de sus sitios o por cualquier otro medio, incluyendo, pero no limitado a, el correo electr\u00f3nico, se tratar\u00e1n como no confidenciales y no propietarias.<\/p>\n<p>Unceasingly Pray se reserva el derecho de editar, usar o no usar a su sola discreci\u00f3n cualquier presentaci\u00f3n hecha por los usuarios por cualquier medio en los Sitios de Unceasingly Pray o en otros materiales.<\/p>\n<p>&nbsp;<\/p>\n<p><strong>Por cu\u00e1nto tiempo guardamos su informaci\u00f3n personal<\/strong><\/p>\n<p>Cuando su informaci\u00f3n personal se utiliza con su consentimiento para los servicios de Unceasingly Pray, puede cancelar su suscripci\u00f3n en cualquier momento.<\/p>\n<p>&nbsp;<\/p>\n<p><strong>C\u00f3mo protegemos su informaci\u00f3n personal<\/strong><\/p>\n<p>Hacemos todo lo posible para proteger su privacidad. Como tal, hemos implementado sistemas y procedimientos de seguridad est\u00e1ndar de la industria para proteger su informaci\u00f3n personal de la divulgaci\u00f3n no autorizada, el mal uso o la destrucci\u00f3n.<\/p>\n<p>&nbsp;<\/p>\n<p><strong>Cambiar la informaci\u00f3n personal<\/strong><\/p>\n<p>Usted puede revisar, actualizar o solicitar la eliminaci\u00f3n de su Informaci\u00f3n Personal que ha sido recogida por los Sitios. Para ello, env\u00ede un correo electr\u00f3nico al Administrador de Informaci\u00f3n a\u00a0<a href=\"mailto:info@unceasinglypray.org\">info@unceasinglypray.org<\/a>\u00a0con su solicitud. Se le pedir\u00e1 que verifique su identidad antes de hacer cualquier cambio. Nos reservamos el derecho de negar el acceso a cualquier usuario si creemos que hay una duda sobre su identidad.<\/p>\n<p>&nbsp;<\/p>\n<p><strong>Pol\u00edtica de privacidad relacionada con menores<\/strong><\/p>\n<p>Los usuarios de los Sitios de Unceasingly Pray deben tener por lo menos 14 a\u00f1os de edad para poder participar en cualquier actividad que requiera la presentaci\u00f3n de informaci\u00f3n personal. Al enviar informaci\u00f3n personal a Unceasingly Pray o al participar en nuestros sitios, usted certifica que tiene al menos 14 a\u00f1os de edad. Todos los usuarios de los Sitios deben proporcionar informaci\u00f3n personal verdadera, actual, completa y precisa cuando se les solicite, y rechazaremos y borraremos cualquier entrada que creamos de buena fe que es falsa o fraudulenta.<\/p>\n<p>No aceptamos conscientemente informaci\u00f3n personal de ning\u00fan menor de 14 a\u00f1os y rechazaremos y borraremos autom\u00e1ticamente la informaci\u00f3n personal de cualquier persona que creamos de buena fe que es menor de 14 a\u00f1os.<\/p>\n<p>&nbsp;<\/p>\n<p><strong>Enlaces a otros sitios web<\/strong><\/p>\n<p>Los Sitios de Unceasingly Pray proporcionan enlaces a sitios web de terceros que podr\u00edan ser de inter\u00e9s para nuestros usuarios. Unceasingly Pray no opera estos sitios web y no es responsable de las pol\u00edticas y pr\u00e1cticas de otras compa\u00f1\u00edas y sus sitios web.<\/p>\n<p>&nbsp;<\/p>\n<p><strong>Cookies<\/strong><\/p>\n<p>Una cookie es un peque\u00f1o archivo de texto que los sitios web crean y almacenan en su computadora y que contiene datos como la informaci\u00f3n de identificaci\u00f3n de la computadora del usuario, las preferencias personalizadas o las actividades mientras visita un sitio web. Unceasingly Pray no revela a terceros ninguna informaci\u00f3n de cookies creada por nuestro sitio web, excepto cuando sea necesario para satisfacer cualquier ley, regulaci\u00f3n o solicitud legal. Unceasingly Pray no es responsable de la creaci\u00f3n o almacenamiento de cualquier cookie en su computadora por otras compa\u00f1\u00edas o sitios web. Usted puede elegir rechazar o desactivar las cookies ajustando la configuraci\u00f3n de seguridad de su navegador de Internet.<strong>\u00a0<\/strong><\/p>\n<p>&nbsp;<\/p>\n<p><strong>C\u00f3mo contactarnos<\/strong><\/p>\n<p class=\"translation-block\">If you have any questions or concerns, you can contact us by emailing <a href=\"mailto:info@unceasinglypray.org\" target=\"_self\">info@unceasinglypray.org<\/a>.<\/p>","protected":false},"excerpt":{"rendered":"<p>PRIVACY POLICY Unceasingly Pray (\u201cUnceasingly Pray\u201d) is pleased to provide information to our website visitors about our online Privacy Policy. Your privacy is important to us, and our online Privacy Policy is intended to protect and secure any personally identifiable information (\u201cPersonal Information\u201d) you provide to Unceasingly Pray online when you visit and use Unceasingly&hellip;<\/p>","protected":false},"author":3,"featured_media":0,"parent":0,"menu_order":0,"comment_status":"closed","ping_status":"closed","template":"","meta":{"inline_featured_image":false,"footnotes":""},"class_list":["post-313","page","type-page","status-publish","hentry"],"yoast_head":"<!-- This site is optimized with the Yoast SEO plugin v27.4 - https:\/\/yoast.com\/product\/yoast-seo-wordpress\/ -->\n<title>Privacy Policy Temp - Unceasingly Pray<\/title>\n<meta name=\"robots\" content=\"index, follow, max-snippet:-1, max-image-preview:large, max-video-preview:-1\" \/>\n<link rel=\"canonical\" href=\"https:\/\/unceasinglypray.org\/es\/privacy-policy-temp\/\" \/>\n<meta property=\"og:locale\" content=\"es_MX\" \/>\n<meta property=\"og:type\" content=\"article\" \/>\n<meta property=\"og:title\" content=\"Privacy Policy Temp - Unceasingly Pray\" \/>\n<meta property=\"og:description\" content=\"PRIVACY POLICY Unceasingly Pray (\u201cUnceasingly Pray\u201d) is pleased to provide information to our website visitors about our online Privacy Policy. Your privacy is important to us, and our online Privacy Policy is intended to protect and secure any personally identifiable information (\u201cPersonal Information\u201d) you provide to Unceasingly Pray online when you visit and use Unceasingly&hellip;\" \/>\n<meta property=\"og:url\" content=\"https:\/\/unceasinglypray.org\/es\/privacy-policy-temp\/\" \/>\n<meta property=\"og:site_name\" content=\"Unceasingly Pray\" \/>\n<meta property=\"article:modified_time\" content=\"2020-03-30T23:56:56+00:00\" \/>\n<meta name=\"twitter:card\" content=\"summary_large_image\" \/>\n<meta name=\"twitter:label1\" content=\"Tiempo de lectura\" \/>\n\t<meta name=\"twitter:data1\" content=\"5 minutos\" \/>\n<script type=\"application\/ld+json\" class=\"yoast-schema-graph\">{\"@context\":\"https:\\\/\\\/schema.org\",\"@graph\":[{\"@type\":\"WebPage\",\"@id\":\"https:\\\/\\\/unceasinglypray.org\\\/sk_sk\\\/privacy-policy-temp\\\/\",\"url\":\"https:\\\/\\\/unceasinglypray.org\\\/sk_sk\\\/privacy-policy-temp\\\/\",\"name\":\"Privacy Policy Temp - Unceasingly Pray\",\"isPartOf\":{\"@id\":\"https:\\\/\\\/unceasinglypray.org\\\/ar\\\/#website\"},\"datePublished\":\"2020-03-30T23:34:54+00:00\",\"dateModified\":\"2020-03-30T23:56:56+00:00\",\"breadcrumb\":{\"@id\":\"https:\\\/\\\/unceasinglypray.org\\\/sk_sk\\\/privacy-policy-temp\\\/#breadcrumb\"},\"inLanguage\":\"es\",\"potentialAction\":[{\"@type\":\"ReadAction\",\"target\":[\"https:\\\/\\\/unceasinglypray.org\\\/sk_sk\\\/privacy-policy-temp\\\/\"]}]},{\"@type\":\"BreadcrumbList\",\"@id\":\"https:\\\/\\\/unceasinglypray.org\\\/sk_sk\\\/privacy-policy-temp\\\/#breadcrumb\",\"itemListElement\":[{\"@type\":\"ListItem\",\"position\":1,\"name\":\"Home\",\"item\":\"https:\\\/\\\/unceasinglypray.org\\\/pt\\\/\"},{\"@type\":\"ListItem\",\"position\":2,\"name\":\"Privacy Policy Temp\"}]},{\"@type\":\"WebSite\",\"@id\":\"https:\\\/\\\/unceasinglypray.org\\\/ar\\\/#website\",\"url\":\"https:\\\/\\\/unceasinglypray.org\\\/ar\\\/\",\"name\":\"Unceasingly Pray\",\"description\":\"\",\"potentialAction\":[{\"@type\":\"SearchAction\",\"target\":{\"@type\":\"EntryPoint\",\"urlTemplate\":\"https:\\\/\\\/unceasinglypray.org\\\/ar\\\/?s={search_term_string}\"},\"query-input\":{\"@type\":\"PropertyValueSpecification\",\"valueRequired\":true,\"valueName\":\"search_term_string\"}}],\"inLanguage\":\"es\"}]}<\/script>\n<!-- \/ Yoast SEO plugin. -->","yoast_head_json":{"title":"Privacy Policy Temp - Unceasingly Pray","robots":{"index":"index","follow":"follow","max-snippet":"max-snippet:-1","max-image-preview":"max-image-preview:large","max-video-preview":"max-video-preview:-1"},"canonical":"https:\/\/unceasinglypray.org\/es\/privacy-policy-temp\/","og_locale":"es_MX","og_type":"article","og_title":"Privacy Policy Temp - Unceasingly Pray","og_description":"PRIVACY POLICY Unceasingly Pray (\u201cUnceasingly Pray\u201d) is pleased to provide information to our website visitors about our online Privacy Policy. Your privacy is important to us, and our online Privacy Policy is intended to protect and secure any personally identifiable information (\u201cPersonal Information\u201d) you provide to Unceasingly Pray online when you visit and use Unceasingly&hellip;","og_url":"https:\/\/unceasinglypray.org\/es\/privacy-policy-temp\/","og_site_name":"Unceasingly Pray","article_modified_time":"2020-03-30T23:56:56+00:00","twitter_card":"summary_large_image","twitter_misc":{"Tiempo de lectura":"5 minutos"},"schema":{"@context":"https:\/\/schema.org","@graph":[{"@type":"WebPage","@id":"https:\/\/unceasinglypray.org\/sk_sk\/privacy-policy-temp\/","url":"https:\/\/unceasinglypray.org\/sk_sk\/privacy-policy-temp\/","name":"Privacy Policy Temp - Unceasingly Pray","isPartOf":{"@id":"https:\/\/unceasinglypray.org\/ar\/#website"},"datePublished":"2020-03-30T23:34:54+00:00","dateModified":"2020-03-30T23:56:56+00:00","breadcrumb":{"@id":"https:\/\/unceasinglypray.org\/sk_sk\/privacy-policy-temp\/#breadcrumb"},"inLanguage":"es","potentialAction":[{"@type":"ReadAction","target":["https:\/\/unceasinglypray.org\/sk_sk\/privacy-policy-temp\/"]}]},{"@type":"BreadcrumbList","@id":"https:\/\/unceasinglypray.org\/sk_sk\/privacy-policy-temp\/#breadcrumb","itemListElement":[{"@type":"ListItem","position":1,"name":"Home","item":"https:\/\/unceasinglypray.org\/pt\/"},{"@type":"ListItem","position":2,"name":"Privacy Policy Temp"}]},{"@type":"WebSite","@id":"https:\/\/unceasinglypray.org\/ar\/#website","url":"https:\/\/unceasinglypray.org\/ar\/","name":"Unceasingly Pray","description":"","potentialAction":[{"@type":"SearchAction","target":{"@type":"EntryPoint","urlTemplate":"https:\/\/unceasinglypray.org\/ar\/?s={search_term_string}"},"query-input":{"@type":"PropertyValueSpecification","valueRequired":true,"valueName":"search_term_string"}}],"inLanguage":"es"}]}},"_links":{"self":[{"href":"https:\/\/unceasinglypray.org\/es\/wp-json\/wp\/v2\/pages\/313","targetHints":{"allow":["GET"]}}],"collection":[{"href":"https:\/\/unceasinglypray.org\/es\/wp-json\/wp\/v2\/pages"}],"about":[{"href":"https:\/\/unceasinglypray.org\/es\/wp-json\/wp\/v2\/types\/page"}],"author":[{"embeddable":true,"href":"https:\/\/unceasinglypray.org\/es\/wp-json\/wp\/v2\/users\/3"}],"replies":[{"embeddable":true,"href":"https:\/\/unceasinglypray.org\/es\/wp-json\/wp\/v2\/comments?post=313"}],"version-history":[{"count":0,"href":"https:\/\/unceasinglypray.org\/es\/wp-json\/wp\/v2\/pages\/313\/revisions"}],"wp:attachment":[{"href":"https:\/\/unceasinglypray.org\/es\/wp-json\/wp\/v2\/media?parent=313"}],"curies":[{"name":"wp","href":"https:\/\/api.w.org\/{rel}","templated":true}]}}