{"id":11,"date":"2020-03-25T00:51:57","date_gmt":"2020-03-25T00:51:57","guid":{"rendered":"https:\/\/unceasepray.wpengine.com\/?page_id=11"},"modified":"2020-05-31T20:39:54","modified_gmt":"2020-05-31T20:39:54","slug":"home","status":"publish","type":"page","link":"https:\/\/unceasinglypray.org\/es\/","title":{"rendered":"Home"},"content":{"rendered":"24 HORAS\/30 D\u00cdAS<br \/>\nGLOBAL PRAYER\n\t24\u00a0HR\/<br \/>\n30 D\u00cdAS<br \/>\nORACI\u00d3N GLOBAL\n\t<p>Un anuncio final<\/p>\n\t<p>Mientras lee esto, las iglesias locales en el recobro del Se\u00f1or han concluido un periodo sin precedentes de oraci\u00f3n global 24\/7, comenzando el 1 de abril y concluyendo el 30 de mayo del 2020. En total, m\u00e1s de 13,700 santos se inscribieron en<a href=\"https:\/\/unceasinglypray.org\/es\/\"> unceasinglypray.org<\/a> para orar en horarios de 15 minutos, abarcando cada minuto del d\u00eda y representando cada zona horaria habitada en el mundo. Tambi\u00e9n recibimos informes de muchos, muchos m\u00e1s que estaban orando fielmente alrededor de toda la tierra sin inscribirse; de hecho, creemos que el n\u00famero total de santos que participaron era mucho m\u00e1s de 50,000. <\/p>\n<p><img alt=\"\" width=\"25650\" height=\"150\" \/><\/p>\n\t<p><a href=\"https:\/\/unceasinglypray.org\/es\/letter\/\">Lea el anuncio completo<\/a><\/p>\n\t<p>PORCIONES DEL MINISTERIO<\/p>\n\t<p>\u201cIn the New Testament the temple of God is composed of priests who pray, that is, burn the incense. Therefore, the temple must be a temple of prayer (Luke 19:46). The built-up church is a house of prayer. This is not doctrine, nor is it an opinion. This is the requirement for the building up of the church. Some saints must rise up in a practical way to carry out the priestly service of entering the Holy Place and burning the incense; that is, there must be some who will rise up to pray. Otherwise, it will not be possible to build the church.<\/p>\n<p>In the churches we lack saints who are willing to carry out the priestly service of burning the incense before God. The Lord has enlightened us so that we would meet this need.\u201d<\/p>\n<p>\u2014Witness Lee,\u00a0<em>The Exercise of the Spirit and the Building of God<\/em><\/p>\n\t<p>P\u00d3NGASE EN LA BRECHA<\/p>\n\t<p>EZ. 22:30<\/p>\n\t\t\t\t<img decoding=\"async\" src=\"https:\/\/unceasinglypray.org\/wp-content\/uploads\/2020\/04\/1.svg\" alt=\"1\" title=\"1\" itemprop=\"image\"\/>\n\t<p>1. INSCR\u00cdBASE<\/p>\n\t<p>Cree una cuenta para recibir cargas de oraci\u00f3n por correo electr\u00f3nico.<\/p>\n\t\t\t\t<img decoding=\"async\" src=\"https:\/\/unceasinglypray.org\/wp-content\/uploads\/2020\/04\/2.svg\" alt=\"2\" title=\"2\" itemprop=\"image\"\/>\n\t<p>2. ELIJA UN TIEMPO<\/p>\n\t<p>Elija periodos de 15 minutos para orar cada d\u00eda.<\/p>\n\t\t\t\t<img decoding=\"async\" src=\"https:\/\/unceasinglypray.org\/wp-content\/uploads\/2020\/04\/3.svg\" alt=\"3\" title=\"3\" itemprop=\"image\"\/>\n\t<p>3. COMIENCE A ORAR<\/p>\n\t<p>Persevere un\u00e1nime en oraci\u00f3n (Hch. 1:14).<\/p>\n\t\t<h3><\/h3>\n\t\t<p>Perseverad en la oraci\u00f3n.<\/p>\n\t\t\t<a href=\"https:\/\/unceasinglypray.org\/es\/sign-up\/\" target=\"_self\" role=\"button\" rel=\"noopener noreferrer\">\n\t\t\t\t\t\t\tELIJA UN TIEMPO\n\t\t\t\t\t<\/a>","protected":false},"excerpt":{"rendered":"<p>24\u00a0HR\/30\u00a0DAYS GLOBAL PRAYER 24\u00a0HR\/ 30\u00a0DAYS GLOBAL PRAYER A Final Announcement As you read this, the local churches in the Lord\u2019s recovery have concluded an unprecedented period of 24\/7 global prayer, beginning April 1 and ending May 30, 2020. In all, over 13,700 saints signed up on unceasinglypray.org to pray in 15-minute time slots, covering every&hellip;<\/p>","protected":false},"author":1,"featured_media":0,"parent":0,"menu_order":0,"comment_status":"closed","ping_status":"closed","template":"","meta":{"inline_featured_image":false,"footnotes":""},"class_list":["post-11","page","type-page","status-publish","hentry"],"yoast_head":"<!-- This site is optimized with the Yoast SEO plugin v27.3 - https:\/\/yoast.com\/product\/yoast-seo-wordpress\/ -->\n<title>Home - Unceasingly Pray<\/title>\n<meta name=\"robots\" content=\"index, follow, max-snippet:-1, max-image-preview:large, max-video-preview:-1\" \/>\n<link rel=\"canonical\" href=\"https:\/\/unceasinglypray.org\/es\/\" \/>\n<meta property=\"og:locale\" content=\"es_MX\" \/>\n<meta property=\"og:type\" content=\"article\" \/>\n<meta property=\"og:title\" content=\"Home - Unceasingly Pray\" \/>\n<meta property=\"og:description\" content=\"24\u00a0HR\/30\u00a0DAYS GLOBAL PRAYER 24\u00a0HR\/ 30\u00a0DAYS GLOBAL PRAYER A Final Announcement As you read this, the local churches in the Lord\u2019s recovery have concluded an unprecedented period of 24\/7 global prayer, beginning April 1 and ending May 30, 2020. In all, over 13,700 saints signed up on unceasinglypray.org to pray in 15-minute time slots, covering every&hellip;\" \/>\n<meta property=\"og:url\" content=\"https:\/\/unceasinglypray.org\/es\/\" \/>\n<meta property=\"og:site_name\" content=\"Unceasingly Pray\" \/>\n<meta property=\"article:modified_time\" content=\"2020-05-31T20:39:54+00:00\" \/>\n<meta property=\"og:image\" content=\"https:\/\/unceasinglypray.org\/wp-content\/uploads\/2020\/04\/1.svg\" \/>\n<meta name=\"twitter:card\" content=\"summary_large_image\" \/>\n<meta name=\"twitter:label1\" content=\"Tiempo de lectura\" \/>\n\t<meta name=\"twitter:data1\" content=\"1 minuto\" \/>\n<script type=\"application\/ld+json\" class=\"yoast-schema-graph\">{\"@context\":\"https:\\\/\\\/schema.org\",\"@graph\":[{\"@type\":\"WebPage\",\"@id\":\"https:\\\/\\\/unceasinglypray.org\\\/pt\\\/\",\"url\":\"https:\\\/\\\/unceasinglypray.org\\\/pt\\\/\",\"name\":\"Home - Unceasingly Pray\",\"isPartOf\":{\"@id\":\"https:\\\/\\\/unceasinglypray.org\\\/ar\\\/#website\"},\"primaryImageOfPage\":{\"@id\":\"https:\\\/\\\/unceasinglypray.org\\\/pt\\\/#primaryimage\"},\"image\":{\"@id\":\"https:\\\/\\\/unceasinglypray.org\\\/pt\\\/#primaryimage\"},\"thumbnailUrl\":\"https:\\\/\\\/unceasinglypray.org\\\/wp-content\\\/uploads\\\/2020\\\/04\\\/1.svg\",\"datePublished\":\"2020-03-25T00:51:57+00:00\",\"dateModified\":\"2020-05-31T20:39:54+00:00\",\"breadcrumb\":{\"@id\":\"https:\\\/\\\/unceasinglypray.org\\\/pt\\\/#breadcrumb\"},\"inLanguage\":\"es\",\"potentialAction\":[{\"@type\":\"ReadAction\",\"target\":[\"https:\\\/\\\/unceasinglypray.org\\\/pt\\\/\"]}]},{\"@type\":\"ImageObject\",\"inLanguage\":\"es\",\"@id\":\"https:\\\/\\\/unceasinglypray.org\\\/pt\\\/#primaryimage\",\"url\":\"https:\\\/\\\/unceasinglypray.org\\\/wp-content\\\/uploads\\\/2020\\\/04\\\/1.svg\",\"contentUrl\":\"https:\\\/\\\/unceasinglypray.org\\\/wp-content\\\/uploads\\\/2020\\\/04\\\/1.svg\"},{\"@type\":\"BreadcrumbList\",\"@id\":\"https:\\\/\\\/unceasinglypray.org\\\/pt\\\/#breadcrumb\",\"itemListElement\":[{\"@type\":\"ListItem\",\"position\":1,\"name\":\"Home\",\"item\":\"https:\\\/\\\/unceasinglypray.org\\\/pt\\\/\"},{\"@type\":\"ListItem\",\"position\":2,\"name\":\"Home\"}]},{\"@type\":\"WebSite\",\"@id\":\"https:\\\/\\\/unceasinglypray.org\\\/ar\\\/#website\",\"url\":\"https:\\\/\\\/unceasinglypray.org\\\/ar\\\/\",\"name\":\"Unceasingly Pray\",\"description\":\"\",\"potentialAction\":[{\"@type\":\"SearchAction\",\"target\":{\"@type\":\"EntryPoint\",\"urlTemplate\":\"https:\\\/\\\/unceasinglypray.org\\\/ar\\\/?s={search_term_string}\"},\"query-input\":{\"@type\":\"PropertyValueSpecification\",\"valueRequired\":true,\"valueName\":\"search_term_string\"}}],\"inLanguage\":\"es\"}]}<\/script>\n<!-- \/ Yoast SEO plugin. -->","yoast_head_json":{"title":"Home - Unceasingly Pray","robots":{"index":"index","follow":"follow","max-snippet":"max-snippet:-1","max-image-preview":"max-image-preview:large","max-video-preview":"max-video-preview:-1"},"canonical":"https:\/\/unceasinglypray.org\/es\/","og_locale":"es_MX","og_type":"article","og_title":"Home - Unceasingly Pray","og_description":"24\u00a0HR\/30\u00a0DAYS GLOBAL PRAYER 24\u00a0HR\/ 30\u00a0DAYS GLOBAL PRAYER A Final Announcement As you read this, the local churches in the Lord\u2019s recovery have concluded an unprecedented period of 24\/7 global prayer, beginning April 1 and ending May 30, 2020. In all, over 13,700 saints signed up on unceasinglypray.org to pray in 15-minute time slots, covering every&hellip;","og_url":"https:\/\/unceasinglypray.org\/es\/","og_site_name":"Unceasingly Pray","article_modified_time":"2020-05-31T20:39:54+00:00","og_image":[{"url":"https:\/\/unceasinglypray.org\/wp-content\/uploads\/2020\/04\/1.svg","type":"","width":"","height":""}],"twitter_card":"summary_large_image","twitter_misc":{"Tiempo de lectura":"1 minuto"},"schema":{"@context":"https:\/\/schema.org","@graph":[{"@type":"WebPage","@id":"https:\/\/unceasinglypray.org\/pt\/","url":"https:\/\/unceasinglypray.org\/pt\/","name":"Home - Unceasingly Pray","isPartOf":{"@id":"https:\/\/unceasinglypray.org\/ar\/#website"},"primaryImageOfPage":{"@id":"https:\/\/unceasinglypray.org\/pt\/#primaryimage"},"image":{"@id":"https:\/\/unceasinglypray.org\/pt\/#primaryimage"},"thumbnailUrl":"https:\/\/unceasinglypray.org\/wp-content\/uploads\/2020\/04\/1.svg","datePublished":"2020-03-25T00:51:57+00:00","dateModified":"2020-05-31T20:39:54+00:00","breadcrumb":{"@id":"https:\/\/unceasinglypray.org\/pt\/#breadcrumb"},"inLanguage":"es","potentialAction":[{"@type":"ReadAction","target":["https:\/\/unceasinglypray.org\/pt\/"]}]},{"@type":"ImageObject","inLanguage":"es","@id":"https:\/\/unceasinglypray.org\/pt\/#primaryimage","url":"https:\/\/unceasinglypray.org\/wp-content\/uploads\/2020\/04\/1.svg","contentUrl":"https:\/\/unceasinglypray.org\/wp-content\/uploads\/2020\/04\/1.svg"},{"@type":"BreadcrumbList","@id":"https:\/\/unceasinglypray.org\/pt\/#breadcrumb","itemListElement":[{"@type":"ListItem","position":1,"name":"Home","item":"https:\/\/unceasinglypray.org\/pt\/"},{"@type":"ListItem","position":2,"name":"Home"}]},{"@type":"WebSite","@id":"https:\/\/unceasinglypray.org\/ar\/#website","url":"https:\/\/unceasinglypray.org\/ar\/","name":"Unceasingly Pray","description":"","potentialAction":[{"@type":"SearchAction","target":{"@type":"EntryPoint","urlTemplate":"https:\/\/unceasinglypray.org\/ar\/?s={search_term_string}"},"query-input":{"@type":"PropertyValueSpecification","valueRequired":true,"valueName":"search_term_string"}}],"inLanguage":"es"}]}},"_links":{"self":[{"href":"https:\/\/unceasinglypray.org\/es\/wp-json\/wp\/v2\/pages\/11","targetHints":{"allow":["GET"]}}],"collection":[{"href":"https:\/\/unceasinglypray.org\/es\/wp-json\/wp\/v2\/pages"}],"about":[{"href":"https:\/\/unceasinglypray.org\/es\/wp-json\/wp\/v2\/types\/page"}],"author":[{"embeddable":true,"href":"https:\/\/unceasinglypray.org\/es\/wp-json\/wp\/v2\/users\/1"}],"replies":[{"embeddable":true,"href":"https:\/\/unceasinglypray.org\/es\/wp-json\/wp\/v2\/comments?post=11"}],"version-history":[{"count":0,"href":"https:\/\/unceasinglypray.org\/es\/wp-json\/wp\/v2\/pages\/11\/revisions"}],"wp:attachment":[{"href":"https:\/\/unceasinglypray.org\/es\/wp-json\/wp\/v2\/media?parent=11"}],"curies":[{"name":"wp","href":"https:\/\/api.w.org\/{rel}","templated":true}]}}