{"id":993,"date":"2020-05-31T19:34:28","date_gmt":"2020-05-31T19:34:28","guid":{"rendered":"https:\/\/unceasinglypray.org\/?page_id=993"},"modified":"2020-05-31T19:34:28","modified_gmt":"2020-05-31T19:34:28","slug":"letter-3","status":"publish","type":"page","link":"https:\/\/unceasinglypray.org\/de\/letter-3\/","title":{"rendered":"Letter 3"},"content":{"rendered":"<h2>\n\t\tWEITERHIN UNERSCH\u00dcTTERLICH IN DER F\u00dcRBITTE\n\t<\/h2>\n\t<p>29. April 2020<\/p>\n\t<p>Liebe Heilige,<\/p>\n<p>Wie danken wir dem Herrn f\u00fcr Seine \u00fcberstr\u00f6mende Versorgung der Gemeinden und der Heiligen in Seiner Wiedererlangung, die es so vielen erm\u00f6glicht hat, im vergangenen Monat wie ein Mensch f\u00fcrbittend einzutreten. Noch nie zuvor in der Geschichte Seiner Wiedererlangung hat es ein so globales Gebet rund um die Uhr gegeben. Obwohl wir das Gef\u00fchl haben, diese koordinierte Arbeit am 30. April zum Abschluss zu bringen, hoffen wir im Herrn, dass dies nicht nur eine vor\u00fcbergehende Phase desGebets sein wird, sondern dass Er uns alle st\u00e4rkt, in unserem pers\u00f6nlichen Gebetsleben und im korporativen Gebetsdienst der Gemeinde weiter voranzukommen.<\/p>\n<p>\u00a0Wir glauben, dass jeder Heilige, der diese Last aufgenommen hat, eine gewisse Erkenntnis dar\u00fcber gewonnen hat, das f\u00fcr das f\u00fcrbittendeGebet viel Ausdauer erforderlich ist (Kol. 4:2). Das liegt daran, dass im unsichtbaren Bereich ein Krieg zwischen Gott und Seinem Feind, Satan, tobt. Nat\u00fcrlich wird Gottes Vorsatz letztlich erf\u00fcllt werden, aber wie schnell das geschieht und wer die Schlacht zu einem bestimmten Zeitpunkt zu gewinnen scheint, h\u00e4ngt davon ab, wie sehr Gottes Volk im Gebet mit Ihm zusammenarbeitet. Satan wei\u00df das, deshalb versucht er mit allen Mitteln, unser Gebet zu unterbinden. Weil die gesamte Flut dieses Zeitalters gegen unser Gebet ist, sagte uns Bruder Lee: \u201eIm Gebet auszuharren ist wie ein Boot stromaufw\u00e4rts zu rudern. Wenn ihr nicht ausharrt, werdet ihr von der Str\u00f6mung stromabw\u00e4rts getragen. Zweifellos erfordert es viel Energie, auf diese Weise auszuharren, sei es beim Rudern oder beim Beten\u201c(Life-study of Colossians, S. 580). Aus diesem Grund brauchen wir die St\u00e4rkung durch den Herrn (Eph. 6:10).<i>Life-study of Colossians<\/i>, p. 580). Because of this, we need the Lord\u2019s empowering (Eph. 6:10).<\/p>\n<p>\u00a0Bruder Lee gab einige praktische Tipps, die uns helfen sollen, im Gebet auszuharren. Erstens forderte er uns auf, eine gr\u00fcndliche Gemeinschaftmit dem Herrn zu habenund Ihm gegen\u00fcber sogar ein Gel\u00fcbde bez\u00fcglichunseres Gebetslebens abzulegen. Ein solches Gel\u00fcbde dr\u00fcckt unser Bestreben aus, eine betende Person zu sein, w\u00e4hrend wir gleichzeitig anerkennen, dass wir den Herrn brauchen, damit wir treu sein k\u00f6nnen, um unser Gel\u00fcbde zu erf\u00fcllen. Zweitens m\u00fcssen wir jeden Tag eine oder mehrere bestimmte Zeiten zum Beten reservieren (Dan. 6:10). Wir sollten das Gebet als das Wichtigste betrachten und es nichts und niemandem erlauben, diese Zeiten zu vereinnahmen oder unser Gebet zu unterbrechen. Drittens m\u00fcssen wir darauf achten, wie wir in unserem t\u00e4glichen Leben sprechen, da loses Reden unseren Geist des Gebetsd\u00e4mpft (Eph. 4:29\u201330; vgl. 1.Thess. 5:19 und Fu\u00dfnote). Viertens m\u00fcssen wir unseren Geist gebrauchen, unseren Willen \u00fcben, unseren Verstand beruhigen und unsere Gef\u00fchle kontrollieren, um richtig beten zu k\u00f6nnen (Eph. 6:18; 2.Tim. 1:7; 1.Petr. 4:7). F\u00fcnftens lehrt uns die Erfahrung, dass das Gebet mit einem Gef\u00e4hrten uns hilft, mehr Konsistenz in unserem Gebet zu entwickeln (sieheLife-study of Colossians, S. 581\u2013583, und Life-study of Ephesians, S. 552\u2013555, f\u00fcr weitere Einzelheiten zu diesen hilfreichen Praktiken). <i>Life-study of Colossians<\/i>, pp. 581-583, and <i>Life-study of Ephesians<\/i>, pp. 552-555, for more detail on these helpful practices).<\/p>\n<p>\u00a0Die \u00dcbung, auf diese Weise zu beten, hat enorme Vorteile. Sie bewirkt, dass wir uns mit dem Herrn vermengen, sodass wir zu einer Vervielf\u00e4ltigung von Ihm als einemMann des Gebets werden (Mt. 14:23; Mk. 1:35; Lk. 5,16). Durch diese Art von Gebet konzentrieren wir unsauf die Dinge, die droben sind, statt auf irdische Angelegenheiten, die mit unseren eigenen Interessen zusammenh\u00e4ngen (Kol. 3:2). Esbef\u00e4higt uns, uns dem F\u00fcrbitte-Dienst des auferstandenen Christus f\u00fcr Gottes Interessen auf der Erde anzuschlie\u00dfen (R\u00f6m. 8:34; Hebr. 7:25).Dieses f\u00fcrbittende Gebet ist in Christus und mit Christus als dem Weihrauch. Es ist \u201ekein Gebet f\u00fcr uns selbst, sondern ein Gebet f\u00fcr die Ausf\u00fchrung der g\u00f6ttlichen Verwaltung, f\u00fcr die Austeilung der versorgenden Gnade Gottes und f\u00fcr die Gemeinden und die Heiligen. Ein solches Gebet ist f\u00fcr Gott ein wohlriechender Weihrauches erf\u00fcllt Seinen Vorsatz, stellt Sein Verlangen zufrieden und erfreut Sein Herz\" (2.Mose 30:7, Fu\u00dfnote 1). Wenn wir im Gebet vor den Thron der Gnade treten, empfangen wir Barmherzigkeit und finden Gnade f\u00fcr rechtzeitige Hilfe (Hebr. 4:16). Au\u00dferdem wird unser Gebet uns selbst, unseren Gemeinden und unseren Nationen Segen bringen.<\/p>\n<p>\u00a0Unabh\u00e4ngig davon, ob wir nach unserer Einsch\u00e4tzung in den letzten drei\u00dfig Tagen mit unserem Gebet erfolgreich waren oder nicht, m\u00fcssen wir weitermachen und von diesem Punkt an voranschreiten. Wir ermutigen alle Heiligen nachdr\u00fccklich, die drei\u00dfig vorgeschlagenen Gebetslastenauf <a href=\"https:\/\/unceasinglypray.org\/de\/prayer-burdens\/\">unceasinglypray.org<\/a> nochmals durchzugehenund im Laufe des Monats Mai erneut dar\u00fcber zu beten.Wir glauben, dass ihr, wenn ihr noch einmal \u00fcber diese drei\u00dfig Punkte und die dazugeh\u00f6rigen Verse betet, erkennen werdet, dass es noch viel gibt, das unserer anhaltenden F\u00fcrbitte bedarf. M\u00f6ge der Herr Seine Wiedererlangungst\u00e4rken und uns zu Seinem Haus des Gebetsmachen (Mk. 11:17). Lasst uns unseren barmherzigen und treuen HohenPriester preisen, der h\u00f6her ist als die Himmel (Hebr. 2:17; 7:26) und der uns in Seinem himmlischen Dienstder F\u00fcrbitteinEinheit mit Sichbringt (Jak. 5:17 und Fu\u00dfnote).<\/p>\n<p>\u00a0Eure Br\u00fcder in Christus,<\/p>\n<p>Die Mitarbeiter in der Wiedererlangung des Herrn<\/p>\n<p>&nbsp;<\/p>","protected":false},"excerpt":{"rendered":"<p>CONTINUING STEADFASTLY IN INTERCESSION APRIL 29, 2020 Dear saints, How we thank the Lord for His abundant supply to the churches and the saints in His recovery that has enabled so many to intercede as one man over this past month. There has never been such global, round-the-clock prayer in the history of His recovery.&hellip;<\/p>","protected":false},"author":2,"featured_media":0,"parent":0,"menu_order":0,"comment_status":"closed","ping_status":"closed","template":"","meta":{"inline_featured_image":false,"footnotes":""},"class_list":["post-993","page","type-page","status-publish","hentry"],"yoast_head":"<!-- This site is optimized with the Yoast SEO plugin v27.3 - https:\/\/yoast.com\/product\/yoast-seo-wordpress\/ -->\n<title>Letter 3 - Unceasingly Pray<\/title>\n<meta name=\"robots\" content=\"index, follow, max-snippet:-1, max-image-preview:large, max-video-preview:-1\" \/>\n<link rel=\"canonical\" href=\"https:\/\/unceasinglypray.org\/de\/letter-3\/\" \/>\n<meta property=\"og:locale\" content=\"de_DE\" \/>\n<meta property=\"og:type\" content=\"article\" \/>\n<meta property=\"og:title\" content=\"Letter 3 - Unceasingly Pray\" \/>\n<meta property=\"og:description\" content=\"CONTINUING STEADFASTLY IN INTERCESSION APRIL 29, 2020 Dear saints, How we thank the Lord for His abundant supply to the churches and the saints in His recovery that has enabled so many to intercede as one man over this past month. There has never been such global, round-the-clock prayer in the history of His recovery.&hellip;\" \/>\n<meta property=\"og:url\" content=\"https:\/\/unceasinglypray.org\/de\/letter-3\/\" \/>\n<meta property=\"og:site_name\" content=\"Unceasingly Pray\" \/>\n<meta name=\"twitter:card\" content=\"summary_large_image\" \/>\n<meta name=\"twitter:label1\" content=\"Gesch\u00e4tzte Lesezeit\" \/>\n\t<meta name=\"twitter:data1\" content=\"4 Minuten\" \/>\n<script type=\"application\/ld+json\" class=\"yoast-schema-graph\">{\"@context\":\"https:\\\/\\\/schema.org\",\"@graph\":[{\"@type\":\"WebPage\",\"@id\":\"https:\\\/\\\/unceasinglypray.org\\\/letter-3\\\/\",\"url\":\"https:\\\/\\\/unceasinglypray.org\\\/letter-3\\\/\",\"name\":\"Letter 3 - Unceasingly Pray\",\"isPartOf\":{\"@id\":\"https:\\\/\\\/unceasinglypray.org\\\/ar\\\/#website\"},\"datePublished\":\"2020-05-31T19:34:28+00:00\",\"breadcrumb\":{\"@id\":\"https:\\\/\\\/unceasinglypray.org\\\/letter-3\\\/#breadcrumb\"},\"inLanguage\":\"de-DE\",\"potentialAction\":[{\"@type\":\"ReadAction\",\"target\":[\"https:\\\/\\\/unceasinglypray.org\\\/letter-3\\\/\"]}]},{\"@type\":\"BreadcrumbList\",\"@id\":\"https:\\\/\\\/unceasinglypray.org\\\/letter-3\\\/#breadcrumb\",\"itemListElement\":[{\"@type\":\"ListItem\",\"position\":1,\"name\":\"Home\",\"item\":\"https:\\\/\\\/unceasinglypray.org\\\/pt\\\/\"},{\"@type\":\"ListItem\",\"position\":2,\"name\":\"Letter 3\"}]},{\"@type\":\"WebSite\",\"@id\":\"https:\\\/\\\/unceasinglypray.org\\\/ar\\\/#website\",\"url\":\"https:\\\/\\\/unceasinglypray.org\\\/ar\\\/\",\"name\":\"Unceasingly Pray\",\"description\":\"\",\"potentialAction\":[{\"@type\":\"SearchAction\",\"target\":{\"@type\":\"EntryPoint\",\"urlTemplate\":\"https:\\\/\\\/unceasinglypray.org\\\/ar\\\/?s={search_term_string}\"},\"query-input\":{\"@type\":\"PropertyValueSpecification\",\"valueRequired\":true,\"valueName\":\"search_term_string\"}}],\"inLanguage\":\"de-DE\"}]}<\/script>\n<!-- \/ Yoast SEO plugin. -->","yoast_head_json":{"title":"Letter 3 - Unceasingly Pray","robots":{"index":"index","follow":"follow","max-snippet":"max-snippet:-1","max-image-preview":"max-image-preview:large","max-video-preview":"max-video-preview:-1"},"canonical":"https:\/\/unceasinglypray.org\/de\/letter-3\/","og_locale":"de_DE","og_type":"article","og_title":"Letter 3 - Unceasingly Pray","og_description":"CONTINUING STEADFASTLY IN INTERCESSION APRIL 29, 2020 Dear saints, How we thank the Lord for His abundant supply to the churches and the saints in His recovery that has enabled so many to intercede as one man over this past month. There has never been such global, round-the-clock prayer in the history of His recovery.&hellip;","og_url":"https:\/\/unceasinglypray.org\/de\/letter-3\/","og_site_name":"Unceasingly Pray","twitter_card":"summary_large_image","twitter_misc":{"Gesch\u00e4tzte Lesezeit":"4 Minuten"},"schema":{"@context":"https:\/\/schema.org","@graph":[{"@type":"WebPage","@id":"https:\/\/unceasinglypray.org\/letter-3\/","url":"https:\/\/unceasinglypray.org\/letter-3\/","name":"Letter 3 - Unceasingly Pray","isPartOf":{"@id":"https:\/\/unceasinglypray.org\/ar\/#website"},"datePublished":"2020-05-31T19:34:28+00:00","breadcrumb":{"@id":"https:\/\/unceasinglypray.org\/letter-3\/#breadcrumb"},"inLanguage":"de-DE","potentialAction":[{"@type":"ReadAction","target":["https:\/\/unceasinglypray.org\/letter-3\/"]}]},{"@type":"BreadcrumbList","@id":"https:\/\/unceasinglypray.org\/letter-3\/#breadcrumb","itemListElement":[{"@type":"ListItem","position":1,"name":"Home","item":"https:\/\/unceasinglypray.org\/pt\/"},{"@type":"ListItem","position":2,"name":"Letter 3"}]},{"@type":"WebSite","@id":"https:\/\/unceasinglypray.org\/ar\/#website","url":"https:\/\/unceasinglypray.org\/ar\/","name":"Unceasingly Pray","description":"","potentialAction":[{"@type":"SearchAction","target":{"@type":"EntryPoint","urlTemplate":"https:\/\/unceasinglypray.org\/ar\/?s={search_term_string}"},"query-input":{"@type":"PropertyValueSpecification","valueRequired":true,"valueName":"search_term_string"}}],"inLanguage":"de-DE"}]}},"_links":{"self":[{"href":"https:\/\/unceasinglypray.org\/de\/wp-json\/wp\/v2\/pages\/993","targetHints":{"allow":["GET"]}}],"collection":[{"href":"https:\/\/unceasinglypray.org\/de\/wp-json\/wp\/v2\/pages"}],"about":[{"href":"https:\/\/unceasinglypray.org\/de\/wp-json\/wp\/v2\/types\/page"}],"author":[{"embeddable":true,"href":"https:\/\/unceasinglypray.org\/de\/wp-json\/wp\/v2\/users\/2"}],"replies":[{"embeddable":true,"href":"https:\/\/unceasinglypray.org\/de\/wp-json\/wp\/v2\/comments?post=993"}],"version-history":[{"count":0,"href":"https:\/\/unceasinglypray.org\/de\/wp-json\/wp\/v2\/pages\/993\/revisions"}],"wp:attachment":[{"href":"https:\/\/unceasinglypray.org\/de\/wp-json\/wp\/v2\/media?parent=993"}],"curies":[{"name":"wp","href":"https:\/\/api.w.org\/{rel}","templated":true}]}}