{"id":749,"date":"2020-04-21T17:29:07","date_gmt":"2020-04-21T17:29:07","guid":{"rendered":"https:\/\/unceasinglypray.org\/?page_id=749"},"modified":"2020-06-11T15:11:22","modified_gmt":"2020-06-11T15:11:22","slug":"day-24","status":"publish","type":"page","link":"https:\/\/unceasinglypray.org\/de\/day-24\/","title":{"rendered":"Day 24"},"content":{"rendered":"<p><a href=\"https:\/\/unceasinglypray.org\/de\/day-24\/\">DAY 24: PRAYER TO SEEK FIRST THE KINGDOM OF GOD<\/a><\/p>\n\t<p>Matt. 6:19-34<\/p>\n\t<p>Betet f\u00fcr die Heiligen, dass sie in der gegenw\u00e4rtigen Zeit nicht um das menschliche Leben besorgt sind, sondern zuerst nach dem K\u00f6nigreich Gottes und nach Seiner Gerechtigkeit trachten und Gott allein dienen und nicht Sch\u00e4tze f\u00fcr sich selbst auf der Erde anh\u00e4ufen (Mt. 6:19\u201334).<\/p>\n\t<p><strong>Mt. 6:19\u201321<\/strong>\u2014Do not store up for yourselves treasures on the earth, where moth and rust consume and where thieves dig through and steal. But store up for yourselves treasures in heaven&#8230;For where your treasure is, there will your heart be also.<\/p>\n<p><strong>Mt. 6:24\u201325<\/strong>\u2013 Niemand kann zwei Herren dienen, denn entweder wird er den einen hassen und den anderen lieben oder er wird dem einen anh\u00e4ngen und den anderen verachten. Ihr k\u00f6nnt nicht Gott dienen und dem Mammon. Deswegen sage Ich euch: Seid nicht besorgt um euer Leben, was ihr essen sollt oder was ihr trinken sollt, noch um euren Leib, was ihr anziehen sollt. Ist nicht das Leben mehr als die Speise und der Leib mehr als die Kleidung?<\/p>\n<p><strong>Mt. 6:31, 33<\/strong>\u2014Therefore do not be anxious, saying, What shall we eat? or, What shall we drink? or, With what shall we be clothed?&#8230;But seek first His kingdom and His righteousness, and all these things will be added to you.<\/p>\n\t\t<h3><\/h3>\n\t\t<p>Verharre im Gebet.<\/p>\n\t\t\t<a href=\"https:\/\/unceasinglypray.org\/de\/sign-up\/\" target=\"_self\" role=\"button\" rel=\"noopener noreferrer\">\n\t\t\t\t\t\t\tW\u00c4HLE EIN ZEITFENSTER\n\t\t\t\t\t<\/a>","protected":false},"excerpt":{"rendered":"<p>DAY 24: PRAYER TO SEEK FIRST THE KINGDOM OF GOD Matt. 6:19-34 Pray for the saints not to be anxious about human life at the present time but to seek first the kingdom of God and His righteousness and serve God alone, not storing up treasures for themselves on earth (Matt. 6:19-34). Matt. 6:19-21\u2014Do not&hellip;<\/p>","protected":false},"author":2,"featured_media":0,"parent":0,"menu_order":0,"comment_status":"closed","ping_status":"closed","template":"","meta":{"inline_featured_image":false,"footnotes":""},"class_list":["post-749","page","type-page","status-publish","hentry"],"yoast_head":"<!-- This site is optimized with the Yoast SEO plugin v27.4 - https:\/\/yoast.com\/product\/yoast-seo-wordpress\/ -->\n<title>Day 24 - Unceasingly Pray<\/title>\n<meta name=\"robots\" content=\"index, follow, max-snippet:-1, max-image-preview:large, max-video-preview:-1\" \/>\n<link rel=\"canonical\" href=\"https:\/\/unceasinglypray.org\/de\/day-24\/\" \/>\n<meta property=\"og:locale\" content=\"de_DE\" \/>\n<meta property=\"og:type\" content=\"article\" \/>\n<meta property=\"og:title\" content=\"Day 24 - Unceasingly Pray\" \/>\n<meta property=\"og:description\" content=\"DAY 24: PRAYER TO SEEK FIRST THE KINGDOM OF GOD Matt. 6:19-34 Pray for the saints not to be anxious about human life at the present time but to seek first the kingdom of God and His righteousness and serve God alone, not storing up treasures for themselves on earth (Matt. 6:19-34). Matt. 6:19-21\u2014Do not&hellip;\" \/>\n<meta property=\"og:url\" content=\"https:\/\/unceasinglypray.org\/de\/day-24\/\" \/>\n<meta property=\"og:site_name\" content=\"Unceasingly Pray\" \/>\n<meta property=\"article:modified_time\" content=\"2020-06-11T15:11:22+00:00\" \/>\n<meta name=\"twitter:card\" content=\"summary_large_image\" \/>\n<meta name=\"twitter:label1\" content=\"Gesch\u00e4tzte Lesezeit\" \/>\n\t<meta name=\"twitter:data1\" content=\"1 Minute\" \/>\n<script type=\"application\/ld+json\" class=\"yoast-schema-graph\">{\"@context\":\"https:\\\/\\\/schema.org\",\"@graph\":[{\"@type\":\"WebPage\",\"@id\":\"https:\\\/\\\/unceasinglypray.org\\\/de\\\/day-24\\\/\",\"url\":\"https:\\\/\\\/unceasinglypray.org\\\/de\\\/day-24\\\/\",\"name\":\"Day 24 - Unceasingly Pray\",\"isPartOf\":{\"@id\":\"https:\\\/\\\/unceasinglypray.org\\\/ar\\\/#website\"},\"datePublished\":\"2020-04-21T17:29:07+00:00\",\"dateModified\":\"2020-06-11T15:11:22+00:00\",\"breadcrumb\":{\"@id\":\"https:\\\/\\\/unceasinglypray.org\\\/de\\\/day-24\\\/#breadcrumb\"},\"inLanguage\":\"de-DE\",\"potentialAction\":[{\"@type\":\"ReadAction\",\"target\":[\"https:\\\/\\\/unceasinglypray.org\\\/de\\\/day-24\\\/\"]}]},{\"@type\":\"BreadcrumbList\",\"@id\":\"https:\\\/\\\/unceasinglypray.org\\\/de\\\/day-24\\\/#breadcrumb\",\"itemListElement\":[{\"@type\":\"ListItem\",\"position\":1,\"name\":\"Home\",\"item\":\"https:\\\/\\\/unceasinglypray.org\\\/pt\\\/\"},{\"@type\":\"ListItem\",\"position\":2,\"name\":\"Day 24\"}]},{\"@type\":\"WebSite\",\"@id\":\"https:\\\/\\\/unceasinglypray.org\\\/ar\\\/#website\",\"url\":\"https:\\\/\\\/unceasinglypray.org\\\/ar\\\/\",\"name\":\"Unceasingly Pray\",\"description\":\"\",\"potentialAction\":[{\"@type\":\"SearchAction\",\"target\":{\"@type\":\"EntryPoint\",\"urlTemplate\":\"https:\\\/\\\/unceasinglypray.org\\\/ar\\\/?s={search_term_string}\"},\"query-input\":{\"@type\":\"PropertyValueSpecification\",\"valueRequired\":true,\"valueName\":\"search_term_string\"}}],\"inLanguage\":\"de-DE\"}]}<\/script>\n<!-- \/ Yoast SEO plugin. -->","yoast_head_json":{"title":"Day 24 - Unceasingly Pray","robots":{"index":"index","follow":"follow","max-snippet":"max-snippet:-1","max-image-preview":"max-image-preview:large","max-video-preview":"max-video-preview:-1"},"canonical":"https:\/\/unceasinglypray.org\/de\/day-24\/","og_locale":"de_DE","og_type":"article","og_title":"Day 24 - Unceasingly Pray","og_description":"DAY 24: PRAYER TO SEEK FIRST THE KINGDOM OF GOD Matt. 6:19-34 Pray for the saints not to be anxious about human life at the present time but to seek first the kingdom of God and His righteousness and serve God alone, not storing up treasures for themselves on earth (Matt. 6:19-34). Matt. 6:19-21\u2014Do not&hellip;","og_url":"https:\/\/unceasinglypray.org\/de\/day-24\/","og_site_name":"Unceasingly Pray","article_modified_time":"2020-06-11T15:11:22+00:00","twitter_card":"summary_large_image","twitter_misc":{"Gesch\u00e4tzte Lesezeit":"1 Minute"},"schema":{"@context":"https:\/\/schema.org","@graph":[{"@type":"WebPage","@id":"https:\/\/unceasinglypray.org\/de\/day-24\/","url":"https:\/\/unceasinglypray.org\/de\/day-24\/","name":"Day 24 - Unceasingly Pray","isPartOf":{"@id":"https:\/\/unceasinglypray.org\/ar\/#website"},"datePublished":"2020-04-21T17:29:07+00:00","dateModified":"2020-06-11T15:11:22+00:00","breadcrumb":{"@id":"https:\/\/unceasinglypray.org\/de\/day-24\/#breadcrumb"},"inLanguage":"de-DE","potentialAction":[{"@type":"ReadAction","target":["https:\/\/unceasinglypray.org\/de\/day-24\/"]}]},{"@type":"BreadcrumbList","@id":"https:\/\/unceasinglypray.org\/de\/day-24\/#breadcrumb","itemListElement":[{"@type":"ListItem","position":1,"name":"Home","item":"https:\/\/unceasinglypray.org\/pt\/"},{"@type":"ListItem","position":2,"name":"Day 24"}]},{"@type":"WebSite","@id":"https:\/\/unceasinglypray.org\/ar\/#website","url":"https:\/\/unceasinglypray.org\/ar\/","name":"Unceasingly Pray","description":"","potentialAction":[{"@type":"SearchAction","target":{"@type":"EntryPoint","urlTemplate":"https:\/\/unceasinglypray.org\/ar\/?s={search_term_string}"},"query-input":{"@type":"PropertyValueSpecification","valueRequired":true,"valueName":"search_term_string"}}],"inLanguage":"de-DE"}]}},"_links":{"self":[{"href":"https:\/\/unceasinglypray.org\/de\/wp-json\/wp\/v2\/pages\/749","targetHints":{"allow":["GET"]}}],"collection":[{"href":"https:\/\/unceasinglypray.org\/de\/wp-json\/wp\/v2\/pages"}],"about":[{"href":"https:\/\/unceasinglypray.org\/de\/wp-json\/wp\/v2\/types\/page"}],"author":[{"embeddable":true,"href":"https:\/\/unceasinglypray.org\/de\/wp-json\/wp\/v2\/users\/2"}],"replies":[{"embeddable":true,"href":"https:\/\/unceasinglypray.org\/de\/wp-json\/wp\/v2\/comments?post=749"}],"version-history":[{"count":0,"href":"https:\/\/unceasinglypray.org\/de\/wp-json\/wp\/v2\/pages\/749\/revisions"}],"wp:attachment":[{"href":"https:\/\/unceasinglypray.org\/de\/wp-json\/wp\/v2\/media?parent=749"}],"curies":[{"name":"wp","href":"https:\/\/api.w.org\/{rel}","templated":true}]}}