{"id":533,"date":"2020-04-04T21:56:46","date_gmt":"2020-04-04T21:56:46","guid":{"rendered":"https:\/\/unceasinglypray.org\/?page_id=533"},"modified":"2020-06-11T14:47:29","modified_gmt":"2020-06-11T14:47:29","slug":"day-20","status":"publish","type":"page","link":"https:\/\/unceasinglypray.org\/de\/day-20\/","title":{"rendered":"Day 20"},"content":{"rendered":"<p>DAY 20: PRAYER TO BIND THE ENEMY<\/p>\n\t<p>Mk. 3:27; 1. Joh. 3:8; Offb. 12:10-11; Lk. 18:7<\/p>\n\t<p>Dass der Feind, Satan, gebunden, der Verkl\u00e4ger der Br\u00fcder hinabgeworfen werde und dass die Werke des Teufels vernichtet und die Heiligen an ihrem Gegner ger\u00e4cht w\u00fcrden (Mk. 3:27; 1.Joh. 3:8; Offb. 12:10\u201311; Lk. 18,7).<\/p>\n\t<p><strong>Mk. 3:27<\/strong>\u2013 Niemand kann jedoch in das Haus des Starken eindringen und seine Habe vollst\u00e4ndig auspl\u00fcndern, wenn er nicht zuvor den Starken bindet, und dann wird er sein Haus vollst\u00e4ndig auspl\u00fcndern.<\/p>\n<p><strong>1.Joh. 3:8<\/strong>\u2013 Wer die S\u00fcnde praktiziert, ist vom Teufel, weil der Teufel von Anfang an ges\u00fcndigt hat. Zu diesem Zweck ist der Sohn Gottes offenbar gemacht worden, dass Er die Werke des Teufels zerst\u00f6re.<\/p>\n<p><strong>Offb. 12:10\u201311<\/strong>\u2013 Und ich h\u00f6rte eine laute Stimme im Himmel sagen: Jetzt ist die Errettung gekommen und die Kraft und das K\u00f6nigreich unseres Gottes und die Vollmacht Seines Christus, denn der Verkl\u00e4ger unserer Br\u00fcder, der sie Tag und Nacht vor unserem Gott verklagte, ist hinabgeworfen worden. Und sie haben ihn \u00fcberwunden wegen des Blutes des Lammes und wegen des Wortes ihres Zeugnisses, und sie haben ihr Seelen-Leben nicht geliebt bis zum Tod.<\/p>\n<p><strong>Lk. 18:7<\/strong>\u2013 Und wird Gott etwa nicht auf jeden Fall Rache nehmen f\u00fcr Seine Auserw\u00e4hlten, die Tag und Nacht zu Ihm schreien, obwohl Er ihnen gegen\u00fcber langm\u00fctig ist?<\/p>\n\t\t<h3><\/h3>\n\t\t<p>Verharre im Gebet.<\/p>\n\t\t\t<a href=\"https:\/\/unceasinglypray.org\/de\/sign-up\/\" target=\"_self\" role=\"button\" rel=\"noopener noreferrer\">\n\t\t\t\t\t\t\tW\u00c4HLE EIN ZEITFENSTER\n\t\t\t\t\t<\/a>","protected":false},"excerpt":{"rendered":"<p>DAY 20: PRAYER TO BIND THE ENEMY Mark 3:27; 1 John 3:8; Rev. 12:10-11; Luke 18:7 For the enemy, Satan, to be bound, for the works of the devil to be destroyed, for the accuser of the brothers to be cast down, and for the saints to be avenged of their adversary (Mark 3:27; 1&hellip;<\/p>","protected":false},"author":1,"featured_media":771,"parent":0,"menu_order":0,"comment_status":"closed","ping_status":"closed","template":"","meta":{"inline_featured_image":false,"footnotes":""},"class_list":["post-533","page","type-page","status-publish","has-post-thumbnail","hentry"],"yoast_head":"<!-- This site is optimized with the Yoast SEO plugin v27.4 - https:\/\/yoast.com\/product\/yoast-seo-wordpress\/ -->\n<title>Day 20 - Unceasingly Pray<\/title>\n<meta name=\"robots\" content=\"index, follow, max-snippet:-1, max-image-preview:large, max-video-preview:-1\" \/>\n<link rel=\"canonical\" href=\"https:\/\/unceasinglypray.org\/de\/day-20\/\" \/>\n<meta property=\"og:locale\" content=\"de_DE\" \/>\n<meta property=\"og:type\" content=\"article\" \/>\n<meta property=\"og:title\" content=\"Day 20 - Unceasingly Pray\" \/>\n<meta property=\"og:description\" content=\"DAY 20: PRAYER TO BIND THE ENEMY Mark 3:27; 1 John 3:8; Rev. 12:10-11; Luke 18:7 For the enemy, Satan, to be bound, for the works of the devil to be destroyed, for the accuser of the brothers to be cast down, and for the saints to be avenged of their adversary (Mark 3:27; 1&hellip;\" \/>\n<meta property=\"og:url\" content=\"https:\/\/unceasinglypray.org\/de\/day-20\/\" \/>\n<meta property=\"og:site_name\" content=\"Unceasingly Pray\" \/>\n<meta property=\"article:modified_time\" content=\"2020-06-11T14:47:29+00:00\" \/>\n<meta property=\"og:image\" content=\"https:\/\/unceasinglypray.org\/wp-content\/uploads\/2020\/04\/social_share.gif\" \/>\n\t<meta property=\"og:image:width\" content=\"1200\" \/>\n\t<meta property=\"og:image:height\" content=\"630\" \/>\n\t<meta property=\"og:image:type\" content=\"image\/gif\" \/>\n<meta name=\"twitter:card\" content=\"summary_large_image\" \/>\n<meta name=\"twitter:label1\" content=\"Gesch\u00e4tzte Lesezeit\" \/>\n\t<meta name=\"twitter:data1\" content=\"1 Minute\" \/>\n<script type=\"application\/ld+json\" class=\"yoast-schema-graph\">{\"@context\":\"https:\\\/\\\/schema.org\",\"@graph\":[{\"@type\":\"WebPage\",\"@id\":\"https:\\\/\\\/unceasinglypray.org\\\/ar\\\/day-20\\\/\",\"url\":\"https:\\\/\\\/unceasinglypray.org\\\/ar\\\/day-20\\\/\",\"name\":\"Day 20 - Unceasingly Pray\",\"isPartOf\":{\"@id\":\"https:\\\/\\\/unceasinglypray.org\\\/ar\\\/#website\"},\"primaryImageOfPage\":{\"@id\":\"https:\\\/\\\/unceasinglypray.org\\\/ar\\\/day-20\\\/#primaryimage\"},\"image\":{\"@id\":\"https:\\\/\\\/unceasinglypray.org\\\/ar\\\/day-20\\\/#primaryimage\"},\"thumbnailUrl\":\"https:\\\/\\\/unceasinglypray.org\\\/wp-content\\\/uploads\\\/2020\\\/04\\\/social_share.gif\",\"datePublished\":\"2020-04-04T21:56:46+00:00\",\"dateModified\":\"2020-06-11T14:47:29+00:00\",\"breadcrumb\":{\"@id\":\"https:\\\/\\\/unceasinglypray.org\\\/ar\\\/day-20\\\/#breadcrumb\"},\"inLanguage\":\"de-DE\",\"potentialAction\":[{\"@type\":\"ReadAction\",\"target\":[\"https:\\\/\\\/unceasinglypray.org\\\/ar\\\/day-20\\\/\"]}]},{\"@type\":\"ImageObject\",\"inLanguage\":\"de-DE\",\"@id\":\"https:\\\/\\\/unceasinglypray.org\\\/ar\\\/day-20\\\/#primaryimage\",\"url\":\"https:\\\/\\\/unceasinglypray.org\\\/wp-content\\\/uploads\\\/2020\\\/04\\\/social_share.gif\",\"contentUrl\":\"https:\\\/\\\/unceasinglypray.org\\\/wp-content\\\/uploads\\\/2020\\\/04\\\/social_share.gif\",\"width\":1200,\"height\":630},{\"@type\":\"BreadcrumbList\",\"@id\":\"https:\\\/\\\/unceasinglypray.org\\\/ar\\\/day-20\\\/#breadcrumb\",\"itemListElement\":[{\"@type\":\"ListItem\",\"position\":1,\"name\":\"Home\",\"item\":\"https:\\\/\\\/unceasinglypray.org\\\/pt\\\/\"},{\"@type\":\"ListItem\",\"position\":2,\"name\":\"Day 20\"}]},{\"@type\":\"WebSite\",\"@id\":\"https:\\\/\\\/unceasinglypray.org\\\/ar\\\/#website\",\"url\":\"https:\\\/\\\/unceasinglypray.org\\\/ar\\\/\",\"name\":\"Unceasingly Pray\",\"description\":\"\",\"potentialAction\":[{\"@type\":\"SearchAction\",\"target\":{\"@type\":\"EntryPoint\",\"urlTemplate\":\"https:\\\/\\\/unceasinglypray.org\\\/ar\\\/?s={search_term_string}\"},\"query-input\":{\"@type\":\"PropertyValueSpecification\",\"valueRequired\":true,\"valueName\":\"search_term_string\"}}],\"inLanguage\":\"de-DE\"}]}<\/script>\n<!-- \/ Yoast SEO plugin. -->","yoast_head_json":{"title":"Day 20 - Unceasingly Pray","robots":{"index":"index","follow":"follow","max-snippet":"max-snippet:-1","max-image-preview":"max-image-preview:large","max-video-preview":"max-video-preview:-1"},"canonical":"https:\/\/unceasinglypray.org\/de\/day-20\/","og_locale":"de_DE","og_type":"article","og_title":"Day 20 - Unceasingly Pray","og_description":"DAY 20: PRAYER TO BIND THE ENEMY Mark 3:27; 1 John 3:8; Rev. 12:10-11; Luke 18:7 For the enemy, Satan, to be bound, for the works of the devil to be destroyed, for the accuser of the brothers to be cast down, and for the saints to be avenged of their adversary (Mark 3:27; 1&hellip;","og_url":"https:\/\/unceasinglypray.org\/de\/day-20\/","og_site_name":"Unceasingly Pray","article_modified_time":"2020-06-11T14:47:29+00:00","og_image":[{"width":1200,"height":630,"url":"https:\/\/unceasinglypray.org\/wp-content\/uploads\/2020\/04\/social_share.gif","type":"image\/gif"}],"twitter_card":"summary_large_image","twitter_misc":{"Gesch\u00e4tzte Lesezeit":"1 Minute"},"schema":{"@context":"https:\/\/schema.org","@graph":[{"@type":"WebPage","@id":"https:\/\/unceasinglypray.org\/ar\/day-20\/","url":"https:\/\/unceasinglypray.org\/ar\/day-20\/","name":"Day 20 - Unceasingly Pray","isPartOf":{"@id":"https:\/\/unceasinglypray.org\/ar\/#website"},"primaryImageOfPage":{"@id":"https:\/\/unceasinglypray.org\/ar\/day-20\/#primaryimage"},"image":{"@id":"https:\/\/unceasinglypray.org\/ar\/day-20\/#primaryimage"},"thumbnailUrl":"https:\/\/unceasinglypray.org\/wp-content\/uploads\/2020\/04\/social_share.gif","datePublished":"2020-04-04T21:56:46+00:00","dateModified":"2020-06-11T14:47:29+00:00","breadcrumb":{"@id":"https:\/\/unceasinglypray.org\/ar\/day-20\/#breadcrumb"},"inLanguage":"de-DE","potentialAction":[{"@type":"ReadAction","target":["https:\/\/unceasinglypray.org\/ar\/day-20\/"]}]},{"@type":"ImageObject","inLanguage":"de-DE","@id":"https:\/\/unceasinglypray.org\/ar\/day-20\/#primaryimage","url":"https:\/\/unceasinglypray.org\/wp-content\/uploads\/2020\/04\/social_share.gif","contentUrl":"https:\/\/unceasinglypray.org\/wp-content\/uploads\/2020\/04\/social_share.gif","width":1200,"height":630},{"@type":"BreadcrumbList","@id":"https:\/\/unceasinglypray.org\/ar\/day-20\/#breadcrumb","itemListElement":[{"@type":"ListItem","position":1,"name":"Home","item":"https:\/\/unceasinglypray.org\/pt\/"},{"@type":"ListItem","position":2,"name":"Day 20"}]},{"@type":"WebSite","@id":"https:\/\/unceasinglypray.org\/ar\/#website","url":"https:\/\/unceasinglypray.org\/ar\/","name":"Unceasingly Pray","description":"","potentialAction":[{"@type":"SearchAction","target":{"@type":"EntryPoint","urlTemplate":"https:\/\/unceasinglypray.org\/ar\/?s={search_term_string}"},"query-input":{"@type":"PropertyValueSpecification","valueRequired":true,"valueName":"search_term_string"}}],"inLanguage":"de-DE"}]}},"_links":{"self":[{"href":"https:\/\/unceasinglypray.org\/de\/wp-json\/wp\/v2\/pages\/533","targetHints":{"allow":["GET"]}}],"collection":[{"href":"https:\/\/unceasinglypray.org\/de\/wp-json\/wp\/v2\/pages"}],"about":[{"href":"https:\/\/unceasinglypray.org\/de\/wp-json\/wp\/v2\/types\/page"}],"author":[{"embeddable":true,"href":"https:\/\/unceasinglypray.org\/de\/wp-json\/wp\/v2\/users\/1"}],"replies":[{"embeddable":true,"href":"https:\/\/unceasinglypray.org\/de\/wp-json\/wp\/v2\/comments?post=533"}],"version-history":[{"count":0,"href":"https:\/\/unceasinglypray.org\/de\/wp-json\/wp\/v2\/pages\/533\/revisions"}],"wp:featuredmedia":[{"embeddable":true,"href":"https:\/\/unceasinglypray.org\/de\/wp-json\/wp\/v2\/media\/771"}],"wp:attachment":[{"href":"https:\/\/unceasinglypray.org\/de\/wp-json\/wp\/v2\/media?parent=533"}],"curies":[{"name":"wp","href":"https:\/\/api.w.org\/{rel}","templated":true}]}}