{"id":526,"date":"2020-04-04T21:52:20","date_gmt":"2020-04-04T21:52:20","guid":{"rendered":"https:\/\/unceasinglypray.org\/?page_id=526"},"modified":"2020-06-11T13:47:13","modified_gmt":"2020-06-11T13:47:13","slug":"day-13","status":"publish","type":"page","link":"https:\/\/unceasinglypray.org\/de\/day-13\/","title":{"rendered":"Day 13"},"content":{"rendered":"<p>DAY 13: PRAYER FOR THE SAINTS TO BE SANCTIFIED<\/p>\n\t<p>1. Thess. 5:22-23; R\u00f6m. 12:2, 4-5<\/p>\n\t<p>Dass die Heiligen in ihrem dreiteiligen Sein bewahrt und geheiligt und von den gew\u00f6hnlichen und s\u00fcndigen Dingen zu Gott hin abgesondert w\u00fcrden (1.Thess. 5:22\u201323) und dass sie nicht diesem Zeitalter geformt, sondern umgewandelt w\u00fcrden, damit sie den Willen Gottes pr\u00fcfen m\u00f6gen, indem sie das Leibleben leben (R\u00f6m. 12:2, 4\u20135).<\/p>\n\t<p><strong>1.Thess. 5:22\u201323<\/strong>\u2013 haltet euch fern von jeder Art von B\u00f6sem. Und Er Selbst, der Gott des Friedens, heilige euch vollst\u00e4ndig und ganz, und es m\u00f6ge unversehrt bewahrt werden euer Geist und eure Seele und euer Leib ohne Tadel, bei dem Kommen unseres Herrn Jesus Christus.<\/p>\n<p><strong>R\u00f6m. 12:2<\/strong>\u2013 Und lasst euch nicht nach diesem Zeitalter formen, sondern lasst euch umwandeln durch die Erneuerung des Verstandes, damit ihr pr\u00fcfen k\u00f6nnt, was der Wille Gottes ist: das, was gut und wohlgef\u00e4llig und vollkommen ist.<\/p>\n<p><strong>R\u00f6m. 12:4\u20135<\/strong>\u2013 Denn gleichwie wir an einem Leib viele Glieder haben und die Glieder nicht alle dieselbe Funktion haben, so sind wir, die Vielen, ein Leib in Christus, und einzeln Glieder voneinander. <strong>\u00a0<\/strong><\/p>\n\t\t<h3><\/h3>\n\t\t<p>Verharre im Gebet.<\/p>\n\t\t\t<a href=\"https:\/\/unceasinglypray.org\/de\/sign-up\/\" target=\"_self\" role=\"button\" rel=\"noopener noreferrer\">\n\t\t\t\t\t\t\tW\u00c4HLE EIN ZEITFENSTER\n\t\t\t\t\t<\/a>","protected":false},"excerpt":{"rendered":"<p>DAY 13: PRAYER FOR THE SAINTS TO BE SANCTIFIED 1 Thes. 5:22-23; Rom 12:2, 4-5 For the saints to be preserved and sanctified in their tripartite being, to be separated unto God from common and sinful things (1 Thes. 5:22-23), and to not be conformed to this age but to be transformed and prove the&hellip;<\/p>","protected":false},"author":1,"featured_media":771,"parent":0,"menu_order":0,"comment_status":"closed","ping_status":"closed","template":"","meta":{"inline_featured_image":false,"footnotes":""},"class_list":["post-526","page","type-page","status-publish","has-post-thumbnail","hentry"],"yoast_head":"<!-- This site is optimized with the Yoast SEO plugin v27.4 - https:\/\/yoast.com\/product\/yoast-seo-wordpress\/ -->\n<title>Day 13 - Unceasingly Pray<\/title>\n<meta name=\"robots\" content=\"index, follow, max-snippet:-1, max-image-preview:large, max-video-preview:-1\" \/>\n<link rel=\"canonical\" href=\"http:\/\/unceasinglypray.org\/de\/day-13\/\" \/>\n<meta property=\"og:locale\" content=\"de_DE\" \/>\n<meta property=\"og:type\" content=\"article\" \/>\n<meta property=\"og:title\" content=\"Day 13 - Unceasingly Pray\" \/>\n<meta property=\"og:description\" content=\"DAY 13: PRAYER FOR THE SAINTS TO BE SANCTIFIED 1 Thes. 5:22-23; Rom 12:2, 4-5 For the saints to be preserved and sanctified in their tripartite being, to be separated unto God from common and sinful things (1 Thes. 5:22-23), and to not be conformed to this age but to be transformed and prove the&hellip;\" \/>\n<meta property=\"og:url\" content=\"http:\/\/unceasinglypray.org\/de\/day-13\/\" \/>\n<meta property=\"og:site_name\" content=\"Unceasingly Pray\" \/>\n<meta property=\"article:modified_time\" content=\"2020-06-11T13:47:13+00:00\" \/>\n<meta property=\"og:image\" content=\"https:\/\/unceasinglypray.org\/wp-content\/uploads\/2020\/04\/social_share.gif\" \/>\n\t<meta property=\"og:image:width\" content=\"1200\" \/>\n\t<meta property=\"og:image:height\" content=\"630\" \/>\n\t<meta property=\"og:image:type\" content=\"image\/gif\" \/>\n<meta name=\"twitter:card\" content=\"summary_large_image\" \/>\n<meta name=\"twitter:label1\" content=\"Gesch\u00e4tzte Lesezeit\" \/>\n\t<meta name=\"twitter:data1\" content=\"1 Minute\" \/>\n<script type=\"application\/ld+json\" class=\"yoast-schema-graph\">{\"@context\":\"https:\\\/\\\/schema.org\",\"@graph\":[{\"@type\":\"WebPage\",\"@id\":\"http:\\\/\\\/unceasinglypray.org\\\/cs\\\/day-13\\\/\",\"url\":\"http:\\\/\\\/unceasinglypray.org\\\/cs\\\/day-13\\\/\",\"name\":\"Day 13 - Unceasingly Pray\",\"isPartOf\":{\"@id\":\"https:\\\/\\\/unceasinglypray.org\\\/ar\\\/#website\"},\"primaryImageOfPage\":{\"@id\":\"http:\\\/\\\/unceasinglypray.org\\\/cs\\\/day-13\\\/#primaryimage\"},\"image\":{\"@id\":\"http:\\\/\\\/unceasinglypray.org\\\/cs\\\/day-13\\\/#primaryimage\"},\"thumbnailUrl\":\"https:\\\/\\\/unceasinglypray.org\\\/wp-content\\\/uploads\\\/2020\\\/04\\\/social_share.gif\",\"datePublished\":\"2020-04-04T21:52:20+00:00\",\"dateModified\":\"2020-06-11T13:47:13+00:00\",\"breadcrumb\":{\"@id\":\"http:\\\/\\\/unceasinglypray.org\\\/cs\\\/day-13\\\/#breadcrumb\"},\"inLanguage\":\"de-DE\",\"potentialAction\":[{\"@type\":\"ReadAction\",\"target\":[\"http:\\\/\\\/unceasinglypray.org\\\/cs\\\/day-13\\\/\"]}]},{\"@type\":\"ImageObject\",\"inLanguage\":\"de-DE\",\"@id\":\"http:\\\/\\\/unceasinglypray.org\\\/cs\\\/day-13\\\/#primaryimage\",\"url\":\"https:\\\/\\\/unceasinglypray.org\\\/wp-content\\\/uploads\\\/2020\\\/04\\\/social_share.gif\",\"contentUrl\":\"https:\\\/\\\/unceasinglypray.org\\\/wp-content\\\/uploads\\\/2020\\\/04\\\/social_share.gif\",\"width\":1200,\"height\":630},{\"@type\":\"BreadcrumbList\",\"@id\":\"http:\\\/\\\/unceasinglypray.org\\\/cs\\\/day-13\\\/#breadcrumb\",\"itemListElement\":[{\"@type\":\"ListItem\",\"position\":1,\"name\":\"Home\",\"item\":\"https:\\\/\\\/unceasinglypray.org\\\/pt\\\/\"},{\"@type\":\"ListItem\",\"position\":2,\"name\":\"Day 13\"}]},{\"@type\":\"WebSite\",\"@id\":\"https:\\\/\\\/unceasinglypray.org\\\/ar\\\/#website\",\"url\":\"https:\\\/\\\/unceasinglypray.org\\\/ar\\\/\",\"name\":\"Unceasingly Pray\",\"description\":\"\",\"potentialAction\":[{\"@type\":\"SearchAction\",\"target\":{\"@type\":\"EntryPoint\",\"urlTemplate\":\"https:\\\/\\\/unceasinglypray.org\\\/ar\\\/?s={search_term_string}\"},\"query-input\":{\"@type\":\"PropertyValueSpecification\",\"valueRequired\":true,\"valueName\":\"search_term_string\"}}],\"inLanguage\":\"de-DE\"}]}<\/script>\n<!-- \/ Yoast SEO plugin. -->","yoast_head_json":{"title":"Day 13 - Unceasingly Pray","robots":{"index":"index","follow":"follow","max-snippet":"max-snippet:-1","max-image-preview":"max-image-preview:large","max-video-preview":"max-video-preview:-1"},"canonical":"http:\/\/unceasinglypray.org\/de\/day-13\/","og_locale":"de_DE","og_type":"article","og_title":"Day 13 - Unceasingly Pray","og_description":"DAY 13: PRAYER FOR THE SAINTS TO BE SANCTIFIED 1 Thes. 5:22-23; Rom 12:2, 4-5 For the saints to be preserved and sanctified in their tripartite being, to be separated unto God from common and sinful things (1 Thes. 5:22-23), and to not be conformed to this age but to be transformed and prove the&hellip;","og_url":"http:\/\/unceasinglypray.org\/de\/day-13\/","og_site_name":"Unceasingly Pray","article_modified_time":"2020-06-11T13:47:13+00:00","og_image":[{"width":1200,"height":630,"url":"https:\/\/unceasinglypray.org\/wp-content\/uploads\/2020\/04\/social_share.gif","type":"image\/gif"}],"twitter_card":"summary_large_image","twitter_misc":{"Gesch\u00e4tzte Lesezeit":"1 Minute"},"schema":{"@context":"https:\/\/schema.org","@graph":[{"@type":"WebPage","@id":"http:\/\/unceasinglypray.org\/cs\/day-13\/","url":"http:\/\/unceasinglypray.org\/cs\/day-13\/","name":"Day 13 - Unceasingly Pray","isPartOf":{"@id":"https:\/\/unceasinglypray.org\/ar\/#website"},"primaryImageOfPage":{"@id":"http:\/\/unceasinglypray.org\/cs\/day-13\/#primaryimage"},"image":{"@id":"http:\/\/unceasinglypray.org\/cs\/day-13\/#primaryimage"},"thumbnailUrl":"https:\/\/unceasinglypray.org\/wp-content\/uploads\/2020\/04\/social_share.gif","datePublished":"2020-04-04T21:52:20+00:00","dateModified":"2020-06-11T13:47:13+00:00","breadcrumb":{"@id":"http:\/\/unceasinglypray.org\/cs\/day-13\/#breadcrumb"},"inLanguage":"de-DE","potentialAction":[{"@type":"ReadAction","target":["http:\/\/unceasinglypray.org\/cs\/day-13\/"]}]},{"@type":"ImageObject","inLanguage":"de-DE","@id":"http:\/\/unceasinglypray.org\/cs\/day-13\/#primaryimage","url":"https:\/\/unceasinglypray.org\/wp-content\/uploads\/2020\/04\/social_share.gif","contentUrl":"https:\/\/unceasinglypray.org\/wp-content\/uploads\/2020\/04\/social_share.gif","width":1200,"height":630},{"@type":"BreadcrumbList","@id":"http:\/\/unceasinglypray.org\/cs\/day-13\/#breadcrumb","itemListElement":[{"@type":"ListItem","position":1,"name":"Home","item":"https:\/\/unceasinglypray.org\/pt\/"},{"@type":"ListItem","position":2,"name":"Day 13"}]},{"@type":"WebSite","@id":"https:\/\/unceasinglypray.org\/ar\/#website","url":"https:\/\/unceasinglypray.org\/ar\/","name":"Unceasingly Pray","description":"","potentialAction":[{"@type":"SearchAction","target":{"@type":"EntryPoint","urlTemplate":"https:\/\/unceasinglypray.org\/ar\/?s={search_term_string}"},"query-input":{"@type":"PropertyValueSpecification","valueRequired":true,"valueName":"search_term_string"}}],"inLanguage":"de-DE"}]}},"_links":{"self":[{"href":"https:\/\/unceasinglypray.org\/de\/wp-json\/wp\/v2\/pages\/526","targetHints":{"allow":["GET"]}}],"collection":[{"href":"https:\/\/unceasinglypray.org\/de\/wp-json\/wp\/v2\/pages"}],"about":[{"href":"https:\/\/unceasinglypray.org\/de\/wp-json\/wp\/v2\/types\/page"}],"author":[{"embeddable":true,"href":"https:\/\/unceasinglypray.org\/de\/wp-json\/wp\/v2\/users\/1"}],"replies":[{"embeddable":true,"href":"https:\/\/unceasinglypray.org\/de\/wp-json\/wp\/v2\/comments?post=526"}],"version-history":[{"count":0,"href":"https:\/\/unceasinglypray.org\/de\/wp-json\/wp\/v2\/pages\/526\/revisions"}],"wp:featuredmedia":[{"embeddable":true,"href":"https:\/\/unceasinglypray.org\/de\/wp-json\/wp\/v2\/media\/771"}],"wp:attachment":[{"href":"https:\/\/unceasinglypray.org\/de\/wp-json\/wp\/v2\/media?parent=526"}],"curies":[{"name":"wp","href":"https:\/\/api.w.org\/{rel}","templated":true}]}}