{"id":524,"date":"2020-04-04T21:51:15","date_gmt":"2020-04-04T21:51:15","guid":{"rendered":"https:\/\/unceasinglypray.org\/?page_id=524"},"modified":"2020-06-11T13:46:32","modified_gmt":"2020-06-11T13:46:32","slug":"day-11","status":"publish","type":"page","link":"https:\/\/unceasinglypray.org\/de\/day-11\/","title":{"rendered":"Day 11"},"content":{"rendered":"<p>DAY 11: PRAYER FOR THE CHURCHES<\/p>\n\t<p>Apg. 16:5; Eph. 1:19; Kol. 1:11; Offb. 1:9<\/p>\n\t<p>Dass der Herr die Gemeinden in jedem Land in Seiner Wiedererlangung als das Zeugnis Jesu st\u00e4rke, aufrechterhalte und gedeihen lasse (Apg. 16:5; Eph. 1:19; Kol. 1:11; Offb. 1:9).<\/p>\n\t<p><strong>Apg. 16:5<\/strong>\u2013 Und so wurden die Gemeinden im Glauben gest\u00e4rkt und nahmen in der Anzahl t\u00e4glich zu.<\/p>\n<p><strong>Eph. 1:19<\/strong>\u2013 und was die \u00fcberragende Gr\u00f6\u00dfe Seiner Kraft an uns ist, die wir glauben, nach der Wirksamkeit der Macht Seiner St\u00e4rke,<\/p>\n<p><strong>Kol. 1:11<\/strong>\u2013 und dabei mit aller Kraft gest\u00e4rkt werdet, nach der Macht Seiner Herrlichkeit zu allem standhaften Ausharren und aller Langmut mit Freuden,<\/p>\n<p><strong>Offb. 1:9<\/strong>\u2013 Ich, Johannes, euer Bruder und Mitteilhaber an der Tr\u00fcbsal und am K\u00f6nigreich und am standhaften Ausharren in Jesus, war auf der Insel, die Patmos genannt wird, wegen des Wortes Gottes und des Zeugnisses Jesu.<\/p>\n\t\t<h3><\/h3>\n\t\t<p>Verharre im Gebet.<\/p>\n\t\t\t<a href=\"https:\/\/unceasinglypray.org\/de\/sign-up\/\" target=\"_self\" role=\"button\" rel=\"noopener noreferrer\">\n\t\t\t\t\t\t\tW\u00c4HLE EIN ZEITFENSTER\n\t\t\t\t\t<\/a>","protected":false},"excerpt":{"rendered":"<p>DAY 11: PRAYER FOR THE CHURCHES Acts 16:5; Eph. 1:19; Col. 1:11; Rev. 1:9 For the Lord to strengthen, uphold, and prosper the churches in every country in His recovery as the testimony of Jesus (Acts 16:5; Eph. 1:19; Col. 1:11; Rev. 1:9). Acts 16:5\u2014And so the churches were strengthened in the faith and increased&hellip;<\/p>","protected":false},"author":1,"featured_media":771,"parent":0,"menu_order":0,"comment_status":"closed","ping_status":"closed","template":"","meta":{"inline_featured_image":false,"footnotes":""},"class_list":["post-524","page","type-page","status-publish","has-post-thumbnail","hentry"],"yoast_head":"<!-- This site is optimized with the Yoast SEO plugin v27.4 - https:\/\/yoast.com\/product\/yoast-seo-wordpress\/ -->\n<title>Day 11 - Unceasingly Pray<\/title>\n<meta name=\"robots\" content=\"index, follow, max-snippet:-1, max-image-preview:large, max-video-preview:-1\" \/>\n<link rel=\"canonical\" href=\"https:\/\/unceasinglypray.org\/de\/day-11\/\" \/>\n<meta property=\"og:locale\" content=\"de_DE\" \/>\n<meta property=\"og:type\" content=\"article\" \/>\n<meta property=\"og:title\" content=\"Day 11 - Unceasingly Pray\" \/>\n<meta property=\"og:description\" content=\"DAY 11: PRAYER FOR THE CHURCHES Acts 16:5; Eph. 1:19; Col. 1:11; Rev. 1:9 For the Lord to strengthen, uphold, and prosper the churches in every country in His recovery as the testimony of Jesus (Acts 16:5; Eph. 1:19; Col. 1:11; Rev. 1:9). Acts 16:5\u2014And so the churches were strengthened in the faith and increased&hellip;\" \/>\n<meta property=\"og:url\" content=\"https:\/\/unceasinglypray.org\/de\/day-11\/\" \/>\n<meta property=\"og:site_name\" content=\"Unceasingly Pray\" \/>\n<meta property=\"article:modified_time\" content=\"2020-06-11T13:46:32+00:00\" \/>\n<meta property=\"og:image\" content=\"https:\/\/unceasinglypray.org\/wp-content\/uploads\/2020\/04\/social_share.gif\" \/>\n\t<meta property=\"og:image:width\" content=\"1200\" \/>\n\t<meta property=\"og:image:height\" content=\"630\" \/>\n\t<meta property=\"og:image:type\" content=\"image\/gif\" \/>\n<meta name=\"twitter:card\" content=\"summary_large_image\" \/>\n<meta name=\"twitter:label1\" content=\"Gesch\u00e4tzte Lesezeit\" \/>\n\t<meta name=\"twitter:data1\" content=\"1 Minute\" \/>\n<script type=\"application\/ld+json\" class=\"yoast-schema-graph\">{\"@context\":\"https:\\\/\\\/schema.org\",\"@graph\":[{\"@type\":\"WebPage\",\"@id\":\"https:\\\/\\\/unceasinglypray.org\\\/day-11\\\/\",\"url\":\"https:\\\/\\\/unceasinglypray.org\\\/day-11\\\/\",\"name\":\"Day 11 - Unceasingly Pray\",\"isPartOf\":{\"@id\":\"https:\\\/\\\/unceasinglypray.org\\\/ar\\\/#website\"},\"primaryImageOfPage\":{\"@id\":\"https:\\\/\\\/unceasinglypray.org\\\/day-11\\\/#primaryimage\"},\"image\":{\"@id\":\"https:\\\/\\\/unceasinglypray.org\\\/day-11\\\/#primaryimage\"},\"thumbnailUrl\":\"https:\\\/\\\/unceasinglypray.org\\\/wp-content\\\/uploads\\\/2020\\\/04\\\/social_share.gif\",\"datePublished\":\"2020-04-04T21:51:15+00:00\",\"dateModified\":\"2020-06-11T13:46:32+00:00\",\"breadcrumb\":{\"@id\":\"https:\\\/\\\/unceasinglypray.org\\\/day-11\\\/#breadcrumb\"},\"inLanguage\":\"de-DE\",\"potentialAction\":[{\"@type\":\"ReadAction\",\"target\":[\"https:\\\/\\\/unceasinglypray.org\\\/day-11\\\/\"]}]},{\"@type\":\"ImageObject\",\"inLanguage\":\"de-DE\",\"@id\":\"https:\\\/\\\/unceasinglypray.org\\\/day-11\\\/#primaryimage\",\"url\":\"https:\\\/\\\/unceasinglypray.org\\\/wp-content\\\/uploads\\\/2020\\\/04\\\/social_share.gif\",\"contentUrl\":\"https:\\\/\\\/unceasinglypray.org\\\/wp-content\\\/uploads\\\/2020\\\/04\\\/social_share.gif\",\"width\":1200,\"height\":630},{\"@type\":\"BreadcrumbList\",\"@id\":\"https:\\\/\\\/unceasinglypray.org\\\/day-11\\\/#breadcrumb\",\"itemListElement\":[{\"@type\":\"ListItem\",\"position\":1,\"name\":\"Home\",\"item\":\"https:\\\/\\\/unceasinglypray.org\\\/pt\\\/\"},{\"@type\":\"ListItem\",\"position\":2,\"name\":\"Day 11\"}]},{\"@type\":\"WebSite\",\"@id\":\"https:\\\/\\\/unceasinglypray.org\\\/ar\\\/#website\",\"url\":\"https:\\\/\\\/unceasinglypray.org\\\/ar\\\/\",\"name\":\"Unceasingly Pray\",\"description\":\"\",\"potentialAction\":[{\"@type\":\"SearchAction\",\"target\":{\"@type\":\"EntryPoint\",\"urlTemplate\":\"https:\\\/\\\/unceasinglypray.org\\\/ar\\\/?s={search_term_string}\"},\"query-input\":{\"@type\":\"PropertyValueSpecification\",\"valueRequired\":true,\"valueName\":\"search_term_string\"}}],\"inLanguage\":\"de-DE\"}]}<\/script>\n<!-- \/ Yoast SEO plugin. -->","yoast_head_json":{"title":"Day 11 - Unceasingly Pray","robots":{"index":"index","follow":"follow","max-snippet":"max-snippet:-1","max-image-preview":"max-image-preview:large","max-video-preview":"max-video-preview:-1"},"canonical":"https:\/\/unceasinglypray.org\/de\/day-11\/","og_locale":"de_DE","og_type":"article","og_title":"Day 11 - Unceasingly Pray","og_description":"DAY 11: PRAYER FOR THE CHURCHES Acts 16:5; Eph. 1:19; Col. 1:11; Rev. 1:9 For the Lord to strengthen, uphold, and prosper the churches in every country in His recovery as the testimony of Jesus (Acts 16:5; Eph. 1:19; Col. 1:11; Rev. 1:9). Acts 16:5\u2014And so the churches were strengthened in the faith and increased&hellip;","og_url":"https:\/\/unceasinglypray.org\/de\/day-11\/","og_site_name":"Unceasingly Pray","article_modified_time":"2020-06-11T13:46:32+00:00","og_image":[{"width":1200,"height":630,"url":"https:\/\/unceasinglypray.org\/wp-content\/uploads\/2020\/04\/social_share.gif","type":"image\/gif"}],"twitter_card":"summary_large_image","twitter_misc":{"Gesch\u00e4tzte Lesezeit":"1 Minute"},"schema":{"@context":"https:\/\/schema.org","@graph":[{"@type":"WebPage","@id":"https:\/\/unceasinglypray.org\/day-11\/","url":"https:\/\/unceasinglypray.org\/day-11\/","name":"Day 11 - Unceasingly Pray","isPartOf":{"@id":"https:\/\/unceasinglypray.org\/ar\/#website"},"primaryImageOfPage":{"@id":"https:\/\/unceasinglypray.org\/day-11\/#primaryimage"},"image":{"@id":"https:\/\/unceasinglypray.org\/day-11\/#primaryimage"},"thumbnailUrl":"https:\/\/unceasinglypray.org\/wp-content\/uploads\/2020\/04\/social_share.gif","datePublished":"2020-04-04T21:51:15+00:00","dateModified":"2020-06-11T13:46:32+00:00","breadcrumb":{"@id":"https:\/\/unceasinglypray.org\/day-11\/#breadcrumb"},"inLanguage":"de-DE","potentialAction":[{"@type":"ReadAction","target":["https:\/\/unceasinglypray.org\/day-11\/"]}]},{"@type":"ImageObject","inLanguage":"de-DE","@id":"https:\/\/unceasinglypray.org\/day-11\/#primaryimage","url":"https:\/\/unceasinglypray.org\/wp-content\/uploads\/2020\/04\/social_share.gif","contentUrl":"https:\/\/unceasinglypray.org\/wp-content\/uploads\/2020\/04\/social_share.gif","width":1200,"height":630},{"@type":"BreadcrumbList","@id":"https:\/\/unceasinglypray.org\/day-11\/#breadcrumb","itemListElement":[{"@type":"ListItem","position":1,"name":"Home","item":"https:\/\/unceasinglypray.org\/pt\/"},{"@type":"ListItem","position":2,"name":"Day 11"}]},{"@type":"WebSite","@id":"https:\/\/unceasinglypray.org\/ar\/#website","url":"https:\/\/unceasinglypray.org\/ar\/","name":"Unceasingly Pray","description":"","potentialAction":[{"@type":"SearchAction","target":{"@type":"EntryPoint","urlTemplate":"https:\/\/unceasinglypray.org\/ar\/?s={search_term_string}"},"query-input":{"@type":"PropertyValueSpecification","valueRequired":true,"valueName":"search_term_string"}}],"inLanguage":"de-DE"}]}},"_links":{"self":[{"href":"https:\/\/unceasinglypray.org\/de\/wp-json\/wp\/v2\/pages\/524","targetHints":{"allow":["GET"]}}],"collection":[{"href":"https:\/\/unceasinglypray.org\/de\/wp-json\/wp\/v2\/pages"}],"about":[{"href":"https:\/\/unceasinglypray.org\/de\/wp-json\/wp\/v2\/types\/page"}],"author":[{"embeddable":true,"href":"https:\/\/unceasinglypray.org\/de\/wp-json\/wp\/v2\/users\/1"}],"replies":[{"embeddable":true,"href":"https:\/\/unceasinglypray.org\/de\/wp-json\/wp\/v2\/comments?post=524"}],"version-history":[{"count":0,"href":"https:\/\/unceasinglypray.org\/de\/wp-json\/wp\/v2\/pages\/524\/revisions"}],"wp:featuredmedia":[{"embeddable":true,"href":"https:\/\/unceasinglypray.org\/de\/wp-json\/wp\/v2\/media\/771"}],"wp:attachment":[{"href":"https:\/\/unceasinglypray.org\/de\/wp-json\/wp\/v2\/media?parent=524"}],"curies":[{"name":"wp","href":"https:\/\/api.w.org\/{rel}","templated":true}]}}