{"id":522,"date":"2020-04-04T21:49:31","date_gmt":"2020-04-04T21:49:31","guid":{"rendered":"https:\/\/unceasinglypray.org\/?page_id=522"},"modified":"2020-06-11T13:44:50","modified_gmt":"2020-06-11T13:44:50","slug":"day-9","status":"publish","type":"page","link":"https:\/\/unceasinglypray.org\/de\/day-9\/","title":{"rendered":"Day 9"},"content":{"rendered":"<p>DAY 9: PRAYER FOR THE SCATTERED BELIEVERS<\/p>\n\t<p>Apg. 9:2, Apg. 26:19; Esra 1:5; Hes. 36:24<\/p>\n\t<p>Dass die zerstreuten Gl\u00e4ubigen die himmlische Vision von Gottes ewigem Vorsatz sehen w\u00fcrden, dass sie in ihrem Geist angefacht w\u00fcrden, damit sie die tieferen Dinge Christi und von Gottes Bau suchen, und dass sie den Weg von Gottes neutestamentlicher \u00d6konomie einschlagen w\u00fcrden (Apg. 9:2; 26:19; Esra 1:5; Hes. 36:24).<\/p>\n\t<p><strong>Apg. 9:2<\/strong>\u2013 und erbat sich von ihm Briefe an die Synagogen in Damaskus, damit, wenn er einige, die des Weges w\u00e4ren, f\u00e4nde, sowohl M\u00e4nner als auch Frauen, er sie gefesselt nach Jerusalem f\u00fchre.<\/p>\n<p><strong>Apg. 26:19<\/strong>\u2013 Darum, K\u00f6nig Agrippa, war ich der himmlischen Vision nicht ungehorsam,<\/p>\n<p><strong>Esra 1:5<\/strong>\u2013 Und die H\u00e4upter der V\u00e4ter von Juda und Benjamin machten sich auf, und die Priester und die Leviten, jeder, dessen Geist Gott erweckte, hinaufzuziehen, um das Haus des Jehovas in Jerusalem zu bauen.<\/p>\n<p><strong>Hes. 36:24<\/strong>\u2013 Und ich werde euch aus den Nationen holen und euch sammeln aus allen L\u00e4ndern und euch in euer Land bringen.<\/p>\n\t\t<h3><\/h3>\n\t\t<p>Verharre im Gebet.<\/p>\n\t\t\t<a href=\"https:\/\/unceasinglypray.org\/de\/sign-up\/\" target=\"_self\" role=\"button\" rel=\"noopener noreferrer\">\n\t\t\t\t\t\t\tW\u00c4HLE EIN ZEITFENSTER\n\t\t\t\t\t<\/a>","protected":false},"excerpt":{"rendered":"<p>DAY 9: PRAYER FOR THE SCATTERED BELIEVERS Acts 9:2, Acts 26:19; Ezra 1:5; Ezek. 36:24 For the scattered believers to see the heavenly vision of God\u2019s eternal purpose, to be stirred up in their spirits to seek the deeper things of Christ and God\u2019s building, and to take the way of God\u2019s New Testament economy&hellip;<\/p>","protected":false},"author":1,"featured_media":771,"parent":0,"menu_order":0,"comment_status":"closed","ping_status":"closed","template":"","meta":{"inline_featured_image":false,"footnotes":""},"class_list":["post-522","page","type-page","status-publish","has-post-thumbnail","hentry"],"yoast_head":"<!-- This site is optimized with the Yoast SEO plugin v27.4 - https:\/\/yoast.com\/product\/yoast-seo-wordpress\/ -->\n<title>Day 9 - Unceasingly Pray<\/title>\n<meta name=\"robots\" content=\"index, follow, max-snippet:-1, max-image-preview:large, max-video-preview:-1\" \/>\n<link rel=\"canonical\" href=\"https:\/\/unceasinglypray.org\/de\/day-9\/\" \/>\n<meta property=\"og:locale\" content=\"de_DE\" \/>\n<meta property=\"og:type\" content=\"article\" \/>\n<meta property=\"og:title\" content=\"Day 9 - Unceasingly Pray\" \/>\n<meta property=\"og:description\" content=\"DAY 9: PRAYER FOR THE SCATTERED BELIEVERS Acts 9:2, Acts 26:19; Ezra 1:5; Ezek. 36:24 For the scattered believers to see the heavenly vision of God\u2019s eternal purpose, to be stirred up in their spirits to seek the deeper things of Christ and God\u2019s building, and to take the way of God\u2019s New Testament economy&hellip;\" \/>\n<meta property=\"og:url\" content=\"https:\/\/unceasinglypray.org\/de\/day-9\/\" \/>\n<meta property=\"og:site_name\" content=\"Unceasingly Pray\" \/>\n<meta property=\"article:modified_time\" content=\"2020-06-11T13:44:50+00:00\" \/>\n<meta property=\"og:image\" content=\"https:\/\/unceasinglypray.org\/wp-content\/uploads\/2020\/04\/social_share.gif\" \/>\n\t<meta property=\"og:image:width\" content=\"1200\" \/>\n\t<meta property=\"og:image:height\" content=\"630\" \/>\n\t<meta property=\"og:image:type\" content=\"image\/gif\" \/>\n<meta name=\"twitter:card\" content=\"summary_large_image\" \/>\n<meta name=\"twitter:label1\" content=\"Gesch\u00e4tzte Lesezeit\" \/>\n\t<meta name=\"twitter:data1\" content=\"1 Minute\" \/>\n<script type=\"application\/ld+json\" class=\"yoast-schema-graph\">{\"@context\":\"https:\\\/\\\/schema.org\",\"@graph\":[{\"@type\":\"WebPage\",\"@id\":\"https:\\\/\\\/unceasinglypray.org\\\/ro\\\/day-9\\\/\",\"url\":\"https:\\\/\\\/unceasinglypray.org\\\/ro\\\/day-9\\\/\",\"name\":\"Day 9 - Unceasingly Pray\",\"isPartOf\":{\"@id\":\"https:\\\/\\\/unceasinglypray.org\\\/ar\\\/#website\"},\"primaryImageOfPage\":{\"@id\":\"https:\\\/\\\/unceasinglypray.org\\\/ro\\\/day-9\\\/#primaryimage\"},\"image\":{\"@id\":\"https:\\\/\\\/unceasinglypray.org\\\/ro\\\/day-9\\\/#primaryimage\"},\"thumbnailUrl\":\"https:\\\/\\\/unceasinglypray.org\\\/wp-content\\\/uploads\\\/2020\\\/04\\\/social_share.gif\",\"datePublished\":\"2020-04-04T21:49:31+00:00\",\"dateModified\":\"2020-06-11T13:44:50+00:00\",\"breadcrumb\":{\"@id\":\"https:\\\/\\\/unceasinglypray.org\\\/ro\\\/day-9\\\/#breadcrumb\"},\"inLanguage\":\"de-DE\",\"potentialAction\":[{\"@type\":\"ReadAction\",\"target\":[\"https:\\\/\\\/unceasinglypray.org\\\/ro\\\/day-9\\\/\"]}]},{\"@type\":\"ImageObject\",\"inLanguage\":\"de-DE\",\"@id\":\"https:\\\/\\\/unceasinglypray.org\\\/ro\\\/day-9\\\/#primaryimage\",\"url\":\"https:\\\/\\\/unceasinglypray.org\\\/wp-content\\\/uploads\\\/2020\\\/04\\\/social_share.gif\",\"contentUrl\":\"https:\\\/\\\/unceasinglypray.org\\\/wp-content\\\/uploads\\\/2020\\\/04\\\/social_share.gif\",\"width\":1200,\"height\":630},{\"@type\":\"BreadcrumbList\",\"@id\":\"https:\\\/\\\/unceasinglypray.org\\\/ro\\\/day-9\\\/#breadcrumb\",\"itemListElement\":[{\"@type\":\"ListItem\",\"position\":1,\"name\":\"Home\",\"item\":\"https:\\\/\\\/unceasinglypray.org\\\/pt\\\/\"},{\"@type\":\"ListItem\",\"position\":2,\"name\":\"Day 9\"}]},{\"@type\":\"WebSite\",\"@id\":\"https:\\\/\\\/unceasinglypray.org\\\/ar\\\/#website\",\"url\":\"https:\\\/\\\/unceasinglypray.org\\\/ar\\\/\",\"name\":\"Unceasingly Pray\",\"description\":\"\",\"potentialAction\":[{\"@type\":\"SearchAction\",\"target\":{\"@type\":\"EntryPoint\",\"urlTemplate\":\"https:\\\/\\\/unceasinglypray.org\\\/ar\\\/?s={search_term_string}\"},\"query-input\":{\"@type\":\"PropertyValueSpecification\",\"valueRequired\":true,\"valueName\":\"search_term_string\"}}],\"inLanguage\":\"de-DE\"}]}<\/script>\n<!-- \/ Yoast SEO plugin. -->","yoast_head_json":{"title":"Day 9 - Unceasingly Pray","robots":{"index":"index","follow":"follow","max-snippet":"max-snippet:-1","max-image-preview":"max-image-preview:large","max-video-preview":"max-video-preview:-1"},"canonical":"https:\/\/unceasinglypray.org\/de\/day-9\/","og_locale":"de_DE","og_type":"article","og_title":"Day 9 - Unceasingly Pray","og_description":"DAY 9: PRAYER FOR THE SCATTERED BELIEVERS Acts 9:2, Acts 26:19; Ezra 1:5; Ezek. 36:24 For the scattered believers to see the heavenly vision of God\u2019s eternal purpose, to be stirred up in their spirits to seek the deeper things of Christ and God\u2019s building, and to take the way of God\u2019s New Testament economy&hellip;","og_url":"https:\/\/unceasinglypray.org\/de\/day-9\/","og_site_name":"Unceasingly Pray","article_modified_time":"2020-06-11T13:44:50+00:00","og_image":[{"width":1200,"height":630,"url":"https:\/\/unceasinglypray.org\/wp-content\/uploads\/2020\/04\/social_share.gif","type":"image\/gif"}],"twitter_card":"summary_large_image","twitter_misc":{"Gesch\u00e4tzte Lesezeit":"1 Minute"},"schema":{"@context":"https:\/\/schema.org","@graph":[{"@type":"WebPage","@id":"https:\/\/unceasinglypray.org\/ro\/day-9\/","url":"https:\/\/unceasinglypray.org\/ro\/day-9\/","name":"Day 9 - Unceasingly Pray","isPartOf":{"@id":"https:\/\/unceasinglypray.org\/ar\/#website"},"primaryImageOfPage":{"@id":"https:\/\/unceasinglypray.org\/ro\/day-9\/#primaryimage"},"image":{"@id":"https:\/\/unceasinglypray.org\/ro\/day-9\/#primaryimage"},"thumbnailUrl":"https:\/\/unceasinglypray.org\/wp-content\/uploads\/2020\/04\/social_share.gif","datePublished":"2020-04-04T21:49:31+00:00","dateModified":"2020-06-11T13:44:50+00:00","breadcrumb":{"@id":"https:\/\/unceasinglypray.org\/ro\/day-9\/#breadcrumb"},"inLanguage":"de-DE","potentialAction":[{"@type":"ReadAction","target":["https:\/\/unceasinglypray.org\/ro\/day-9\/"]}]},{"@type":"ImageObject","inLanguage":"de-DE","@id":"https:\/\/unceasinglypray.org\/ro\/day-9\/#primaryimage","url":"https:\/\/unceasinglypray.org\/wp-content\/uploads\/2020\/04\/social_share.gif","contentUrl":"https:\/\/unceasinglypray.org\/wp-content\/uploads\/2020\/04\/social_share.gif","width":1200,"height":630},{"@type":"BreadcrumbList","@id":"https:\/\/unceasinglypray.org\/ro\/day-9\/#breadcrumb","itemListElement":[{"@type":"ListItem","position":1,"name":"Home","item":"https:\/\/unceasinglypray.org\/pt\/"},{"@type":"ListItem","position":2,"name":"Day 9"}]},{"@type":"WebSite","@id":"https:\/\/unceasinglypray.org\/ar\/#website","url":"https:\/\/unceasinglypray.org\/ar\/","name":"Unceasingly Pray","description":"","potentialAction":[{"@type":"SearchAction","target":{"@type":"EntryPoint","urlTemplate":"https:\/\/unceasinglypray.org\/ar\/?s={search_term_string}"},"query-input":{"@type":"PropertyValueSpecification","valueRequired":true,"valueName":"search_term_string"}}],"inLanguage":"de-DE"}]}},"_links":{"self":[{"href":"https:\/\/unceasinglypray.org\/de\/wp-json\/wp\/v2\/pages\/522","targetHints":{"allow":["GET"]}}],"collection":[{"href":"https:\/\/unceasinglypray.org\/de\/wp-json\/wp\/v2\/pages"}],"about":[{"href":"https:\/\/unceasinglypray.org\/de\/wp-json\/wp\/v2\/types\/page"}],"author":[{"embeddable":true,"href":"https:\/\/unceasinglypray.org\/de\/wp-json\/wp\/v2\/users\/1"}],"replies":[{"embeddable":true,"href":"https:\/\/unceasinglypray.org\/de\/wp-json\/wp\/v2\/comments?post=522"}],"version-history":[{"count":0,"href":"https:\/\/unceasinglypray.org\/de\/wp-json\/wp\/v2\/pages\/522\/revisions"}],"wp:featuredmedia":[{"embeddable":true,"href":"https:\/\/unceasinglypray.org\/de\/wp-json\/wp\/v2\/media\/771"}],"wp:attachment":[{"href":"https:\/\/unceasinglypray.org\/de\/wp-json\/wp\/v2\/media?parent=522"}],"curies":[{"name":"wp","href":"https:\/\/api.w.org\/{rel}","templated":true}]}}