{"id":519,"date":"2020-04-04T21:46:52","date_gmt":"2020-04-04T21:46:52","guid":{"rendered":"https:\/\/unceasinglypray.org\/?page_id=519"},"modified":"2020-06-11T13:43:51","modified_gmt":"2020-06-11T13:43:51","slug":"day-6","status":"publish","type":"page","link":"https:\/\/unceasinglypray.org\/de\/day-6\/","title":{"rendered":"Day 6"},"content":{"rendered":"<p>DAY 6: PRAYER FOR THE GOSPEL<\/p>\n\t<p>OFFB. 6:1-2; R\u00d6M. 2:4; APG. 26:20; MK. 1:15; 1. Tim. 2:4a<\/p>\n\t<p>Dass das wei\u00dfe Pferd des Evangeliums laufe und dass der langm\u00fctige Gott die Menschen zur Bu\u00dfe leite, sich Ihm zuzuwenden und an das Evangelium zu glauben \u2013 Seinem Wunsch entsprechend, dass alle Menschen gerettet w\u00fcrden (Offb. 6:1\u20132; R\u00f6m. 2:4; Apg. 26:20; Mk. 1:15; 1.Tim 2:4a).<\/p>\n\n\t<p><strong>Offb. 6:1\u20132<\/strong>\u2013 Und ich sah, wie das Lamm eins von den sieben Siegeln \u00f6ffnete, und ich h\u00f6rte eins von den vier lebendigen Wesen wie mit Donnerget\u00f6se sagen: Komm. Und ich sah, und siehe, ein wei\u00dfes Pferd, und der, der darauf sa\u00df, hatte einen Bogen; und es wurde ihm eine Krone gegeben, und er zog aus siegend und um zu siegen.<\/p>\n<p><strong>R\u00f6m. 2:4<\/strong>\u2014Or do you despise the riches of His kindness and forbearance and long-suffering, not knowing that God&#8217;s kindness is leading you to repentance?<\/p>\n<p><strong>Apg. 26:20<\/strong>\u2013 sondern verk\u00fcndete zuerst denen in Damaskus und in Jerusalem und im ganzen Land Jud\u00e4a und den Heiden, dass sie Bu\u00dfe tun und sich Gott zuwenden sollten und dabei Werke tun, die die der Bu\u00dfe w\u00fcrdig sind.<\/p>\n<p><strong>Mk. 1:15<\/strong>\u2013 und sagte: Die Zeit ist erf\u00fcllt und das K\u00f6nigreich Gottes ist nahe herbeigekommen. Tut Bu\u00dfe und glaubt an das Evangelium!<\/p>\n<p><strong>1.Tim. 2:4<\/strong>\u2013 der will, dass alle Menschen gerettet werden und zur v\u00f6lligen Erkenntnis der Wahrheit kommen.<\/p>\n\t\t<h3><\/h3>\n\t\t<p>Verharre im Gebet.<\/p>\n\t\t\t<a href=\"https:\/\/unceasinglypray.org\/de\/sign-up\/\" target=\"_self\" role=\"button\" rel=\"noopener noreferrer\">\n\t\t\t\t\t\t\tW\u00c4HLE EIN ZEITFENSTER\n\t\t\t\t\t<\/a>","protected":false},"excerpt":{"rendered":"<p>DAY 6: PRAYER FOR THE GOSPEL Rev. 6:1-2; Rom. 2:4; Acts 26:20; Mark 1:15; 1 Tim. 2:4a For the white horse of the gospel to run and for the long-suffering God to lead men to repent, to turn to Him and believe the gospel according to His desire that all men be saved (Rev. 6:1-2;&hellip;<\/p>","protected":false},"author":1,"featured_media":771,"parent":0,"menu_order":0,"comment_status":"closed","ping_status":"closed","template":"","meta":{"inline_featured_image":false,"footnotes":""},"class_list":["post-519","page","type-page","status-publish","has-post-thumbnail","hentry"],"yoast_head":"<!-- This site is optimized with the Yoast SEO plugin v27.4 - https:\/\/yoast.com\/product\/yoast-seo-wordpress\/ -->\n<title>Day 6 - Unceasingly Pray<\/title>\n<meta name=\"robots\" content=\"index, follow, max-snippet:-1, max-image-preview:large, max-video-preview:-1\" \/>\n<link rel=\"canonical\" href=\"http:\/\/unceasinglypray.org\/de\/day-6\/\" \/>\n<meta property=\"og:locale\" content=\"de_DE\" \/>\n<meta property=\"og:type\" content=\"article\" \/>\n<meta property=\"og:title\" content=\"Day 6 - Unceasingly Pray\" \/>\n<meta property=\"og:description\" content=\"DAY 6: PRAYER FOR THE GOSPEL Rev. 6:1-2; Rom. 2:4; Acts 26:20; Mark 1:15; 1 Tim. 2:4a For the white horse of the gospel to run and for the long-suffering God to lead men to repent, to turn to Him and believe the gospel according to His desire that all men be saved (Rev. 6:1-2;&hellip;\" \/>\n<meta property=\"og:url\" content=\"http:\/\/unceasinglypray.org\/de\/day-6\/\" \/>\n<meta property=\"og:site_name\" content=\"Unceasingly Pray\" \/>\n<meta property=\"article:modified_time\" content=\"2020-06-11T13:43:51+00:00\" \/>\n<meta property=\"og:image\" content=\"https:\/\/unceasinglypray.org\/wp-content\/uploads\/2020\/04\/social_share.gif\" \/>\n\t<meta property=\"og:image:width\" content=\"1200\" \/>\n\t<meta property=\"og:image:height\" content=\"630\" \/>\n\t<meta property=\"og:image:type\" content=\"image\/gif\" \/>\n<meta name=\"twitter:card\" content=\"summary_large_image\" \/>\n<meta name=\"twitter:label1\" content=\"Gesch\u00e4tzte Lesezeit\" \/>\n\t<meta name=\"twitter:data1\" content=\"1 Minute\" \/>\n<script type=\"application\/ld+json\" class=\"yoast-schema-graph\">{\"@context\":\"https:\\\/\\\/schema.org\",\"@graph\":[{\"@type\":\"WebPage\",\"@id\":\"http:\\\/\\\/unceasinglypray.org\\\/ru\\\/day-6\\\/\",\"url\":\"http:\\\/\\\/unceasinglypray.org\\\/ru\\\/day-6\\\/\",\"name\":\"Day 6 - Unceasingly Pray\",\"isPartOf\":{\"@id\":\"https:\\\/\\\/unceasinglypray.org\\\/ar\\\/#website\"},\"primaryImageOfPage\":{\"@id\":\"http:\\\/\\\/unceasinglypray.org\\\/ru\\\/day-6\\\/#primaryimage\"},\"image\":{\"@id\":\"http:\\\/\\\/unceasinglypray.org\\\/ru\\\/day-6\\\/#primaryimage\"},\"thumbnailUrl\":\"https:\\\/\\\/unceasinglypray.org\\\/wp-content\\\/uploads\\\/2020\\\/04\\\/social_share.gif\",\"datePublished\":\"2020-04-04T21:46:52+00:00\",\"dateModified\":\"2020-06-11T13:43:51+00:00\",\"breadcrumb\":{\"@id\":\"http:\\\/\\\/unceasinglypray.org\\\/ru\\\/day-6\\\/#breadcrumb\"},\"inLanguage\":\"de-DE\",\"potentialAction\":[{\"@type\":\"ReadAction\",\"target\":[\"http:\\\/\\\/unceasinglypray.org\\\/ru\\\/day-6\\\/\"]}]},{\"@type\":\"ImageObject\",\"inLanguage\":\"de-DE\",\"@id\":\"http:\\\/\\\/unceasinglypray.org\\\/ru\\\/day-6\\\/#primaryimage\",\"url\":\"https:\\\/\\\/unceasinglypray.org\\\/wp-content\\\/uploads\\\/2020\\\/04\\\/social_share.gif\",\"contentUrl\":\"https:\\\/\\\/unceasinglypray.org\\\/wp-content\\\/uploads\\\/2020\\\/04\\\/social_share.gif\",\"width\":1200,\"height\":630},{\"@type\":\"BreadcrumbList\",\"@id\":\"http:\\\/\\\/unceasinglypray.org\\\/ru\\\/day-6\\\/#breadcrumb\",\"itemListElement\":[{\"@type\":\"ListItem\",\"position\":1,\"name\":\"Home\",\"item\":\"https:\\\/\\\/unceasinglypray.org\\\/pt\\\/\"},{\"@type\":\"ListItem\",\"position\":2,\"name\":\"Day 6\"}]},{\"@type\":\"WebSite\",\"@id\":\"https:\\\/\\\/unceasinglypray.org\\\/ar\\\/#website\",\"url\":\"https:\\\/\\\/unceasinglypray.org\\\/ar\\\/\",\"name\":\"Unceasingly Pray\",\"description\":\"\",\"potentialAction\":[{\"@type\":\"SearchAction\",\"target\":{\"@type\":\"EntryPoint\",\"urlTemplate\":\"https:\\\/\\\/unceasinglypray.org\\\/ar\\\/?s={search_term_string}\"},\"query-input\":{\"@type\":\"PropertyValueSpecification\",\"valueRequired\":true,\"valueName\":\"search_term_string\"}}],\"inLanguage\":\"de-DE\"}]}<\/script>\n<!-- \/ Yoast SEO plugin. -->","yoast_head_json":{"title":"Day 6 - Unceasingly Pray","robots":{"index":"index","follow":"follow","max-snippet":"max-snippet:-1","max-image-preview":"max-image-preview:large","max-video-preview":"max-video-preview:-1"},"canonical":"http:\/\/unceasinglypray.org\/de\/day-6\/","og_locale":"de_DE","og_type":"article","og_title":"Day 6 - Unceasingly Pray","og_description":"DAY 6: PRAYER FOR THE GOSPEL Rev. 6:1-2; Rom. 2:4; Acts 26:20; Mark 1:15; 1 Tim. 2:4a For the white horse of the gospel to run and for the long-suffering God to lead men to repent, to turn to Him and believe the gospel according to His desire that all men be saved (Rev. 6:1-2;&hellip;","og_url":"http:\/\/unceasinglypray.org\/de\/day-6\/","og_site_name":"Unceasingly Pray","article_modified_time":"2020-06-11T13:43:51+00:00","og_image":[{"width":1200,"height":630,"url":"https:\/\/unceasinglypray.org\/wp-content\/uploads\/2020\/04\/social_share.gif","type":"image\/gif"}],"twitter_card":"summary_large_image","twitter_misc":{"Gesch\u00e4tzte Lesezeit":"1 Minute"},"schema":{"@context":"https:\/\/schema.org","@graph":[{"@type":"WebPage","@id":"http:\/\/unceasinglypray.org\/ru\/day-6\/","url":"http:\/\/unceasinglypray.org\/ru\/day-6\/","name":"Day 6 - Unceasingly Pray","isPartOf":{"@id":"https:\/\/unceasinglypray.org\/ar\/#website"},"primaryImageOfPage":{"@id":"http:\/\/unceasinglypray.org\/ru\/day-6\/#primaryimage"},"image":{"@id":"http:\/\/unceasinglypray.org\/ru\/day-6\/#primaryimage"},"thumbnailUrl":"https:\/\/unceasinglypray.org\/wp-content\/uploads\/2020\/04\/social_share.gif","datePublished":"2020-04-04T21:46:52+00:00","dateModified":"2020-06-11T13:43:51+00:00","breadcrumb":{"@id":"http:\/\/unceasinglypray.org\/ru\/day-6\/#breadcrumb"},"inLanguage":"de-DE","potentialAction":[{"@type":"ReadAction","target":["http:\/\/unceasinglypray.org\/ru\/day-6\/"]}]},{"@type":"ImageObject","inLanguage":"de-DE","@id":"http:\/\/unceasinglypray.org\/ru\/day-6\/#primaryimage","url":"https:\/\/unceasinglypray.org\/wp-content\/uploads\/2020\/04\/social_share.gif","contentUrl":"https:\/\/unceasinglypray.org\/wp-content\/uploads\/2020\/04\/social_share.gif","width":1200,"height":630},{"@type":"BreadcrumbList","@id":"http:\/\/unceasinglypray.org\/ru\/day-6\/#breadcrumb","itemListElement":[{"@type":"ListItem","position":1,"name":"Home","item":"https:\/\/unceasinglypray.org\/pt\/"},{"@type":"ListItem","position":2,"name":"Day 6"}]},{"@type":"WebSite","@id":"https:\/\/unceasinglypray.org\/ar\/#website","url":"https:\/\/unceasinglypray.org\/ar\/","name":"Unceasingly Pray","description":"","potentialAction":[{"@type":"SearchAction","target":{"@type":"EntryPoint","urlTemplate":"https:\/\/unceasinglypray.org\/ar\/?s={search_term_string}"},"query-input":{"@type":"PropertyValueSpecification","valueRequired":true,"valueName":"search_term_string"}}],"inLanguage":"de-DE"}]}},"_links":{"self":[{"href":"https:\/\/unceasinglypray.org\/de\/wp-json\/wp\/v2\/pages\/519","targetHints":{"allow":["GET"]}}],"collection":[{"href":"https:\/\/unceasinglypray.org\/de\/wp-json\/wp\/v2\/pages"}],"about":[{"href":"https:\/\/unceasinglypray.org\/de\/wp-json\/wp\/v2\/types\/page"}],"author":[{"embeddable":true,"href":"https:\/\/unceasinglypray.org\/de\/wp-json\/wp\/v2\/users\/1"}],"replies":[{"embeddable":true,"href":"https:\/\/unceasinglypray.org\/de\/wp-json\/wp\/v2\/comments?post=519"}],"version-history":[{"count":0,"href":"https:\/\/unceasinglypray.org\/de\/wp-json\/wp\/v2\/pages\/519\/revisions"}],"wp:featuredmedia":[{"embeddable":true,"href":"https:\/\/unceasinglypray.org\/de\/wp-json\/wp\/v2\/media\/771"}],"wp:attachment":[{"href":"https:\/\/unceasinglypray.org\/de\/wp-json\/wp\/v2\/media?parent=519"}],"curies":[{"name":"wp","href":"https:\/\/api.w.org\/{rel}","templated":true}]}}