{"id":515,"date":"2020-04-04T21:43:27","date_gmt":"2020-04-04T21:43:27","guid":{"rendered":"https:\/\/unceasinglypray.org\/?page_id=515"},"modified":"2020-06-11T13:42:29","modified_gmt":"2020-06-11T13:42:29","slug":"day-2","status":"publish","type":"page","link":"https:\/\/unceasinglypray.org\/de\/day-2\/","title":{"rendered":"Day 2"},"content":{"rendered":"<p>DAY 2: PRAYER FOR THE NEW MAN &amp; THE BRIDE<\/p>\n\t<p>EPH. 1:9\u201310, 23; 4:13, 16; 5:27; OFFB. 19:7<\/p>\n\t<p>Dass Gottes Wohlgefallen erf\u00fcllt, Sein Vorsatz vollbracht und Seine \u00d6konomie ausgef\u00fchrt werde (Eph. 1:9\u201310), damit Er die Gemeinde als Christi aufgebauten Leib und gereiften neuen Menschen habe, der Ihn zum Ausdruck bringt (V. 23; 4:13, 16), sowie als Christi vorbereitete Braut, die Ihn in Liebe zufriedenstellt (5:27; Offb. 19:7).<\/p>\n\n\t<p><strong>Eph. 1:9\u201310<\/strong>\u2013 indem Er uns das Geheimnis Seines Willens wissen lie\u00df nach Seinem Wohlgefallen, das Er Sich in Sich Selbst vorgesetzt hat, zur \u00d6konomie der F\u00fclle der Zeiten, um in Christus alle Dinge aufzuhaupten, die Dinge in den Himmeln und die Dinge auf der Erde, in Ihm,<\/p>\n<p><strong>Eph. 1:23<\/strong>\u2013 die Sein Leib ist, die F\u00fclle dessen, der alles in allem erf\u00fcllt.<\/p>\n<p><strong>Eph. 4:13<\/strong>\u2013 bis wir alle zur Einheit des Glaubens und der v\u00f6lligen Erkenntnis des Sohnes Gottes gelangen, zu einem gereiften Mann, zum Ma\u00df des Wuchses der F\u00fclle Christi,<\/p>\n<p><strong>Eph. 4:16<\/strong>\u2013 aus dem heraus der ganze Leib, indem er durch jedes Gelenk der reichen Versorgung und durch die Wirksamkeit in dem Ma\u00df jedes einzelnen Teils zusammengef\u00fcgt und verkn\u00fcpft wird, das Wachstum des Leibes bewirkt, zum Aufbau seiner selbst in Liebe.<\/p>\n<p><strong>Eph. 5:27<\/strong>\u2013 damit Er die Gemeinde herrlich vor Sich Selbst hinstelle, die keinerlei Flecken oder Runzeln oder dergleichen habe, sondern dass sie heilig und makellos sei.<\/p>\n<p><strong>Offb. 19:7<\/strong>\u2013 Lasst uns fr\u00f6hlich sein und jubeln und lasst uns Ihm die Herrlichkeit geben, denn die Hochzeit des Lammes ist gekommen, und Seine Frau hat sich bereit gemacht.<\/p>\n\t\t<h3><\/h3>\n\t\t<p>Verharre im Gebet.<\/p>\n\t\t\t<a href=\"https:\/\/unceasinglypray.org\/de\/sign-up\/\" target=\"_self\" role=\"button\" rel=\"noopener noreferrer\">\n\t\t\t\t\t\t\tW\u00c4HLE EIN ZEITFENSTER\n\t\t\t\t\t<\/a>","protected":false},"excerpt":{"rendered":"<p>DAY 2: PRAYER FOR THE NEW MAN &amp; THE BRIDE EPH. 1:9\u201310, 23; 4:13, 16; 5:27; REV 19:7 For God\u2019s good pleasure to be fulfilled, His purpose to be accomplished, and His economy to be carried out (Eph. 1:9-10) that He might have the church as Christ\u2019s built-up Body and a full-grown new man to&hellip;<\/p>","protected":false},"author":1,"featured_media":771,"parent":0,"menu_order":0,"comment_status":"closed","ping_status":"closed","template":"","meta":{"inline_featured_image":false,"footnotes":""},"class_list":["post-515","page","type-page","status-publish","has-post-thumbnail","hentry"],"yoast_head":"<!-- This site is optimized with the Yoast SEO plugin v27.4 - https:\/\/yoast.com\/product\/yoast-seo-wordpress\/ -->\n<title>Day 2 - Unceasingly Pray<\/title>\n<meta name=\"robots\" content=\"index, follow, max-snippet:-1, max-image-preview:large, max-video-preview:-1\" \/>\n<link rel=\"canonical\" href=\"http:\/\/unceasinglypray.org\/de\/day-2\/\" \/>\n<meta property=\"og:locale\" content=\"de_DE\" \/>\n<meta property=\"og:type\" content=\"article\" \/>\n<meta property=\"og:title\" content=\"Day 2 - Unceasingly Pray\" \/>\n<meta property=\"og:description\" content=\"DAY 2: PRAYER FOR THE NEW MAN &amp; THE BRIDE EPH. 1:9\u201310, 23; 4:13, 16; 5:27; REV 19:7 For God\u2019s good pleasure to be fulfilled, His purpose to be accomplished, and His economy to be carried out (Eph. 1:9-10) that He might have the church as Christ\u2019s built-up Body and a full-grown new man to&hellip;\" \/>\n<meta property=\"og:url\" content=\"http:\/\/unceasinglypray.org\/de\/day-2\/\" \/>\n<meta property=\"og:site_name\" content=\"Unceasingly Pray\" \/>\n<meta property=\"article:modified_time\" content=\"2020-06-11T13:42:29+00:00\" \/>\n<meta property=\"og:image\" content=\"https:\/\/unceasinglypray.org\/wp-content\/uploads\/2020\/04\/social_share.gif\" \/>\n\t<meta property=\"og:image:width\" content=\"1200\" \/>\n\t<meta property=\"og:image:height\" content=\"630\" \/>\n\t<meta property=\"og:image:type\" content=\"image\/gif\" \/>\n<meta name=\"twitter:card\" content=\"summary_large_image\" \/>\n<meta name=\"twitter:label1\" content=\"Gesch\u00e4tzte Lesezeit\" \/>\n\t<meta name=\"twitter:data1\" content=\"1 Minute\" \/>\n<script type=\"application\/ld+json\" class=\"yoast-schema-graph\">{\"@context\":\"https:\\\/\\\/schema.org\",\"@graph\":[{\"@type\":\"WebPage\",\"@id\":\"http:\\\/\\\/unceasinglypray.org\\\/hr\\\/day-2\\\/\",\"url\":\"http:\\\/\\\/unceasinglypray.org\\\/hr\\\/day-2\\\/\",\"name\":\"Day 2 - Unceasingly Pray\",\"isPartOf\":{\"@id\":\"https:\\\/\\\/unceasinglypray.org\\\/ar\\\/#website\"},\"primaryImageOfPage\":{\"@id\":\"http:\\\/\\\/unceasinglypray.org\\\/hr\\\/day-2\\\/#primaryimage\"},\"image\":{\"@id\":\"http:\\\/\\\/unceasinglypray.org\\\/hr\\\/day-2\\\/#primaryimage\"},\"thumbnailUrl\":\"https:\\\/\\\/unceasinglypray.org\\\/wp-content\\\/uploads\\\/2020\\\/04\\\/social_share.gif\",\"datePublished\":\"2020-04-04T21:43:27+00:00\",\"dateModified\":\"2020-06-11T13:42:29+00:00\",\"breadcrumb\":{\"@id\":\"http:\\\/\\\/unceasinglypray.org\\\/hr\\\/day-2\\\/#breadcrumb\"},\"inLanguage\":\"de-DE\",\"potentialAction\":[{\"@type\":\"ReadAction\",\"target\":[\"http:\\\/\\\/unceasinglypray.org\\\/hr\\\/day-2\\\/\"]}]},{\"@type\":\"ImageObject\",\"inLanguage\":\"de-DE\",\"@id\":\"http:\\\/\\\/unceasinglypray.org\\\/hr\\\/day-2\\\/#primaryimage\",\"url\":\"https:\\\/\\\/unceasinglypray.org\\\/wp-content\\\/uploads\\\/2020\\\/04\\\/social_share.gif\",\"contentUrl\":\"https:\\\/\\\/unceasinglypray.org\\\/wp-content\\\/uploads\\\/2020\\\/04\\\/social_share.gif\",\"width\":1200,\"height\":630},{\"@type\":\"BreadcrumbList\",\"@id\":\"http:\\\/\\\/unceasinglypray.org\\\/hr\\\/day-2\\\/#breadcrumb\",\"itemListElement\":[{\"@type\":\"ListItem\",\"position\":1,\"name\":\"Home\",\"item\":\"https:\\\/\\\/unceasinglypray.org\\\/pt\\\/\"},{\"@type\":\"ListItem\",\"position\":2,\"name\":\"Day 2\"}]},{\"@type\":\"WebSite\",\"@id\":\"https:\\\/\\\/unceasinglypray.org\\\/ar\\\/#website\",\"url\":\"https:\\\/\\\/unceasinglypray.org\\\/ar\\\/\",\"name\":\"Unceasingly Pray\",\"description\":\"\",\"potentialAction\":[{\"@type\":\"SearchAction\",\"target\":{\"@type\":\"EntryPoint\",\"urlTemplate\":\"https:\\\/\\\/unceasinglypray.org\\\/ar\\\/?s={search_term_string}\"},\"query-input\":{\"@type\":\"PropertyValueSpecification\",\"valueRequired\":true,\"valueName\":\"search_term_string\"}}],\"inLanguage\":\"de-DE\"}]}<\/script>\n<!-- \/ Yoast SEO plugin. -->","yoast_head_json":{"title":"Day 2 - Unceasingly Pray","robots":{"index":"index","follow":"follow","max-snippet":"max-snippet:-1","max-image-preview":"max-image-preview:large","max-video-preview":"max-video-preview:-1"},"canonical":"http:\/\/unceasinglypray.org\/de\/day-2\/","og_locale":"de_DE","og_type":"article","og_title":"Day 2 - Unceasingly Pray","og_description":"DAY 2: PRAYER FOR THE NEW MAN &amp; THE BRIDE EPH. 1:9\u201310, 23; 4:13, 16; 5:27; REV 19:7 For God\u2019s good pleasure to be fulfilled, His purpose to be accomplished, and His economy to be carried out (Eph. 1:9-10) that He might have the church as Christ\u2019s built-up Body and a full-grown new man to&hellip;","og_url":"http:\/\/unceasinglypray.org\/de\/day-2\/","og_site_name":"Unceasingly Pray","article_modified_time":"2020-06-11T13:42:29+00:00","og_image":[{"width":1200,"height":630,"url":"https:\/\/unceasinglypray.org\/wp-content\/uploads\/2020\/04\/social_share.gif","type":"image\/gif"}],"twitter_card":"summary_large_image","twitter_misc":{"Gesch\u00e4tzte Lesezeit":"1 Minute"},"schema":{"@context":"https:\/\/schema.org","@graph":[{"@type":"WebPage","@id":"http:\/\/unceasinglypray.org\/hr\/day-2\/","url":"http:\/\/unceasinglypray.org\/hr\/day-2\/","name":"Day 2 - Unceasingly Pray","isPartOf":{"@id":"https:\/\/unceasinglypray.org\/ar\/#website"},"primaryImageOfPage":{"@id":"http:\/\/unceasinglypray.org\/hr\/day-2\/#primaryimage"},"image":{"@id":"http:\/\/unceasinglypray.org\/hr\/day-2\/#primaryimage"},"thumbnailUrl":"https:\/\/unceasinglypray.org\/wp-content\/uploads\/2020\/04\/social_share.gif","datePublished":"2020-04-04T21:43:27+00:00","dateModified":"2020-06-11T13:42:29+00:00","breadcrumb":{"@id":"http:\/\/unceasinglypray.org\/hr\/day-2\/#breadcrumb"},"inLanguage":"de-DE","potentialAction":[{"@type":"ReadAction","target":["http:\/\/unceasinglypray.org\/hr\/day-2\/"]}]},{"@type":"ImageObject","inLanguage":"de-DE","@id":"http:\/\/unceasinglypray.org\/hr\/day-2\/#primaryimage","url":"https:\/\/unceasinglypray.org\/wp-content\/uploads\/2020\/04\/social_share.gif","contentUrl":"https:\/\/unceasinglypray.org\/wp-content\/uploads\/2020\/04\/social_share.gif","width":1200,"height":630},{"@type":"BreadcrumbList","@id":"http:\/\/unceasinglypray.org\/hr\/day-2\/#breadcrumb","itemListElement":[{"@type":"ListItem","position":1,"name":"Home","item":"https:\/\/unceasinglypray.org\/pt\/"},{"@type":"ListItem","position":2,"name":"Day 2"}]},{"@type":"WebSite","@id":"https:\/\/unceasinglypray.org\/ar\/#website","url":"https:\/\/unceasinglypray.org\/ar\/","name":"Unceasingly Pray","description":"","potentialAction":[{"@type":"SearchAction","target":{"@type":"EntryPoint","urlTemplate":"https:\/\/unceasinglypray.org\/ar\/?s={search_term_string}"},"query-input":{"@type":"PropertyValueSpecification","valueRequired":true,"valueName":"search_term_string"}}],"inLanguage":"de-DE"}]}},"_links":{"self":[{"href":"https:\/\/unceasinglypray.org\/de\/wp-json\/wp\/v2\/pages\/515","targetHints":{"allow":["GET"]}}],"collection":[{"href":"https:\/\/unceasinglypray.org\/de\/wp-json\/wp\/v2\/pages"}],"about":[{"href":"https:\/\/unceasinglypray.org\/de\/wp-json\/wp\/v2\/types\/page"}],"author":[{"embeddable":true,"href":"https:\/\/unceasinglypray.org\/de\/wp-json\/wp\/v2\/users\/1"}],"replies":[{"embeddable":true,"href":"https:\/\/unceasinglypray.org\/de\/wp-json\/wp\/v2\/comments?post=515"}],"version-history":[{"count":0,"href":"https:\/\/unceasinglypray.org\/de\/wp-json\/wp\/v2\/pages\/515\/revisions"}],"wp:featuredmedia":[{"embeddable":true,"href":"https:\/\/unceasinglypray.org\/de\/wp-json\/wp\/v2\/media\/771"}],"wp:attachment":[{"href":"https:\/\/unceasinglypray.org\/de\/wp-json\/wp\/v2\/media?parent=515"}],"curies":[{"name":"wp","href":"https:\/\/api.w.org\/{rel}","templated":true}]}}