{"id":170,"date":"2020-03-28T22:23:04","date_gmt":"2020-03-28T22:23:04","guid":{"rendered":"https:\/\/unceasepray.wpengine.com\/?page_id=170"},"modified":"2020-06-11T20:14:31","modified_gmt":"2020-06-11T20:14:31","slug":"letter","status":"publish","type":"page","link":"https:\/\/unceasinglypray.org\/de\/letter\/","title":{"rendered":"Letter"},"content":{"rendered":"<h2>\n\t\tA FINAL ANNOUNCEMENT\n\t<\/h2>\n\t<p>MAY 31, 2020<\/p>\n\t<p>W\u00e4hrend ihr dies lest, haben die \u00f6rtlichen Gemeinden, die sich in der Wiedererlangung des Herrn befinden, eine beispiellose Zeit des weltweiten 24\/7-Gebets abgeschlossen, die vom 1. April bis zum 30. Mai 2020 dauerte. Insgesamt haben sich \u00fcber 13.700 Heilige auf<a href=\"https:\/\/unceasinglypray.org\/de\/\"> unceasinglypray.org<\/a> angemeldet, um in 15-min\u00fctigen Zeitfenstern zu beten, die jede Minute des Tages abdecken und jede bewohnte Zeitzone der Welt repr\u00e4sentieren. Wir erhielten auch Berichte von vielen, vielen mehr, die \u00fcberall auf der Erde treu beteten, ohne sich anzumelden; wir glauben sogar, dass die Gesamtzahl der teilnehmenden Heiligen weit \u00fcber 50.000 lag.&nbsp;<\/p>\n<p>Wir beten den Herrn daf\u00fcr an, dass Er Seine Kinder in dieser Zeit mit einem Geist der F\u00fcrbitte erf\u00fcllt hat. Wir sind sicher, dass Gottes Vorangehen auf der Erde in den kommenden Tagen voranschreitet, weil wir mit Ihm eins sind und vor Seinem Thron F\u00fcrbitte einlegen. M\u00f6gen alle unsere Gebete f\u00fcr Ihn annehmbar sein, mit Christus als dem Weihrauch, und m\u00f6ge Er Seine treue Antwort gem\u00e4\u00df seinem souver\u00e4nen Zeitplan ausgie\u00dfen. M\u00f6gen alle Heiligen weiterhin t\u00e4glich im Gebet ausharren, damit in allen \u00f6rtlichen Gemeinden eine Atmosph\u00e4re des Gebets herrscht.<\/p>\n<p>Die Website<a href=\"https:\/\/unceasinglypray.org\/de\/\"> unceasinglypray.org<\/a> wird weiterhin live bleiben, obwohl die t\u00e4glichen Erinnerungs-E-Mails nicht mehr verschickt werden. Wir hoffen, dass die Heiligen weiterhin die Website besuchen und die verschiedenen Abschnitte, einschlie\u00dflich<a href=\"https:\/\/unceasinglypray.org\/de\/prayer-burdens\/\"> der 30 Gebetslasten<\/a>, nutzen werden, um ihr Gebetsleben zu bereichern. Es gibt noch viel zu beten, und wir glauben, dass viele Heilige, die jetzt die Last der F\u00fcrbitte ber\u00fchrt haben, ermutigt sein werden, in diesem strategischen Gebetsdienst weiterzumachen.<\/p>\n<p>Wir vertrauen darauf, dass die Mitarbeiter und leitenden Br\u00fcder in allen \u00f6rtlichen Gemeinden selbst weiterhin ein Beispiel daf\u00fcr geben werden als M\u00e4nner, die \u201ean jedem Ort  beten, indem sie heilige H\u00e4nde aufheben\u201c, als Vorbild f\u00fcr die anderen Heiligen. Gleicherma\u00dfen hoffen wir, dass die Anwesenheit und Teilnahme an den w\u00f6chentlichen Gebetsversammlungen der Gemeinden zunehmen wird. Vor allem schauen wir auf den Herrn, dass Gebet, F\u00fcrbitte, Flehen und Danksagung wirklich zum Kennzeichen der Wiedererlangung des Herrn werden. M\u00f6ge der Name unseres Vaters geheiligt werden, m\u00f6ge Sein Reich kommen und Sein Wille geschehen, wie im Himmel so auf Erden.<\/p>\n\n<h2>\n\t\tPREVIOUS LETTERS\n\t<\/h2>\n\t<p><a href=\"https:\/\/unceasinglypray.org\/de\/letter-3\/\">April 29, 2020: Continuing Steadfastly in Intercession<\/a><\/p>\n<p><a href=\"https:\/\/unceasinglypray.org\/de\/letter-2\/\">April 16, 2020: Persevering in Prayer<\/a><\/p>\n<p><a href=\"https:\/\/unceasinglypray.org\/de\/letter-1\/\">March 30, 2020: A Call for Global Prayer<\/a><\/p>","protected":false},"excerpt":{"rendered":"<p>A FINAL ANNOUNCEMENT MAY 31, 2020 As you read this, the local churches in the Lord\u2019s recovery have concluded an unprecedented period of 24\/7 global prayer, beginning April 1 and ending May 30, 2020. In all, over 13,700 saints signed up on unceasinglypray.org to pray in 15-minute time slots, covering every minute of the day&hellip;<\/p>","protected":false},"author":3,"featured_media":0,"parent":0,"menu_order":0,"comment_status":"closed","ping_status":"closed","template":"","meta":{"inline_featured_image":false,"footnotes":""},"class_list":["post-170","page","type-page","status-publish","hentry"],"yoast_head":"<!-- This site is optimized with the Yoast SEO plugin v27.4 - https:\/\/yoast.com\/product\/yoast-seo-wordpress\/ -->\n<title>Letter - Unceasingly Pray<\/title>\n<meta name=\"robots\" content=\"index, follow, max-snippet:-1, max-image-preview:large, max-video-preview:-1\" \/>\n<link rel=\"canonical\" href=\"https:\/\/unceasinglypray.org\/de\/letter\/\" \/>\n<meta property=\"og:locale\" content=\"de_DE\" \/>\n<meta property=\"og:type\" content=\"article\" \/>\n<meta property=\"og:title\" content=\"Letter - Unceasingly Pray\" \/>\n<meta property=\"og:description\" content=\"A FINAL ANNOUNCEMENT MAY 31, 2020 As you read this, the local churches in the Lord\u2019s recovery have concluded an unprecedented period of 24\/7 global prayer, beginning April 1 and ending May 30, 2020. In all, over 13,700 saints signed up on unceasinglypray.org to pray in 15-minute time slots, covering every minute of the day&hellip;\" \/>\n<meta property=\"og:url\" content=\"https:\/\/unceasinglypray.org\/de\/letter\/\" \/>\n<meta property=\"og:site_name\" content=\"Unceasingly Pray\" \/>\n<meta property=\"article:modified_time\" content=\"2020-06-11T20:14:31+00:00\" \/>\n<meta name=\"twitter:card\" content=\"summary_large_image\" \/>\n<meta name=\"twitter:label1\" content=\"Gesch\u00e4tzte Lesezeit\" \/>\n\t<meta name=\"twitter:data1\" content=\"2 Minuten\" \/>\n<script type=\"application\/ld+json\" class=\"yoast-schema-graph\">{\"@context\":\"https:\\\/\\\/schema.org\",\"@graph\":[{\"@type\":\"WebPage\",\"@id\":\"https:\\\/\\\/unceasinglypray.org\\\/hr\\\/letter\\\/\",\"url\":\"https:\\\/\\\/unceasinglypray.org\\\/hr\\\/letter\\\/\",\"name\":\"Letter - Unceasingly Pray\",\"isPartOf\":{\"@id\":\"https:\\\/\\\/unceasinglypray.org\\\/ar\\\/#website\"},\"datePublished\":\"2020-03-28T22:23:04+00:00\",\"dateModified\":\"2020-06-11T20:14:31+00:00\",\"breadcrumb\":{\"@id\":\"https:\\\/\\\/unceasinglypray.org\\\/hr\\\/letter\\\/#breadcrumb\"},\"inLanguage\":\"de-DE\",\"potentialAction\":[{\"@type\":\"ReadAction\",\"target\":[\"https:\\\/\\\/unceasinglypray.org\\\/hr\\\/letter\\\/\"]}]},{\"@type\":\"BreadcrumbList\",\"@id\":\"https:\\\/\\\/unceasinglypray.org\\\/hr\\\/letter\\\/#breadcrumb\",\"itemListElement\":[{\"@type\":\"ListItem\",\"position\":1,\"name\":\"Home\",\"item\":\"https:\\\/\\\/unceasinglypray.org\\\/pt\\\/\"},{\"@type\":\"ListItem\",\"position\":2,\"name\":\"Letter\"}]},{\"@type\":\"WebSite\",\"@id\":\"https:\\\/\\\/unceasinglypray.org\\\/ar\\\/#website\",\"url\":\"https:\\\/\\\/unceasinglypray.org\\\/ar\\\/\",\"name\":\"Unceasingly Pray\",\"description\":\"\",\"potentialAction\":[{\"@type\":\"SearchAction\",\"target\":{\"@type\":\"EntryPoint\",\"urlTemplate\":\"https:\\\/\\\/unceasinglypray.org\\\/ar\\\/?s={search_term_string}\"},\"query-input\":{\"@type\":\"PropertyValueSpecification\",\"valueRequired\":true,\"valueName\":\"search_term_string\"}}],\"inLanguage\":\"de-DE\"}]}<\/script>\n<!-- \/ Yoast SEO plugin. -->","yoast_head_json":{"title":"Letter - Unceasingly Pray","robots":{"index":"index","follow":"follow","max-snippet":"max-snippet:-1","max-image-preview":"max-image-preview:large","max-video-preview":"max-video-preview:-1"},"canonical":"https:\/\/unceasinglypray.org\/de\/letter\/","og_locale":"de_DE","og_type":"article","og_title":"Letter - Unceasingly Pray","og_description":"A FINAL ANNOUNCEMENT MAY 31, 2020 As you read this, the local churches in the Lord\u2019s recovery have concluded an unprecedented period of 24\/7 global prayer, beginning April 1 and ending May 30, 2020. In all, over 13,700 saints signed up on unceasinglypray.org to pray in 15-minute time slots, covering every minute of the day&hellip;","og_url":"https:\/\/unceasinglypray.org\/de\/letter\/","og_site_name":"Unceasingly Pray","article_modified_time":"2020-06-11T20:14:31+00:00","twitter_card":"summary_large_image","twitter_misc":{"Gesch\u00e4tzte Lesezeit":"2 Minuten"},"schema":{"@context":"https:\/\/schema.org","@graph":[{"@type":"WebPage","@id":"https:\/\/unceasinglypray.org\/hr\/letter\/","url":"https:\/\/unceasinglypray.org\/hr\/letter\/","name":"Letter - Unceasingly Pray","isPartOf":{"@id":"https:\/\/unceasinglypray.org\/ar\/#website"},"datePublished":"2020-03-28T22:23:04+00:00","dateModified":"2020-06-11T20:14:31+00:00","breadcrumb":{"@id":"https:\/\/unceasinglypray.org\/hr\/letter\/#breadcrumb"},"inLanguage":"de-DE","potentialAction":[{"@type":"ReadAction","target":["https:\/\/unceasinglypray.org\/hr\/letter\/"]}]},{"@type":"BreadcrumbList","@id":"https:\/\/unceasinglypray.org\/hr\/letter\/#breadcrumb","itemListElement":[{"@type":"ListItem","position":1,"name":"Home","item":"https:\/\/unceasinglypray.org\/pt\/"},{"@type":"ListItem","position":2,"name":"Letter"}]},{"@type":"WebSite","@id":"https:\/\/unceasinglypray.org\/ar\/#website","url":"https:\/\/unceasinglypray.org\/ar\/","name":"Unceasingly Pray","description":"","potentialAction":[{"@type":"SearchAction","target":{"@type":"EntryPoint","urlTemplate":"https:\/\/unceasinglypray.org\/ar\/?s={search_term_string}"},"query-input":{"@type":"PropertyValueSpecification","valueRequired":true,"valueName":"search_term_string"}}],"inLanguage":"de-DE"}]}},"_links":{"self":[{"href":"https:\/\/unceasinglypray.org\/de\/wp-json\/wp\/v2\/pages\/170","targetHints":{"allow":["GET"]}}],"collection":[{"href":"https:\/\/unceasinglypray.org\/de\/wp-json\/wp\/v2\/pages"}],"about":[{"href":"https:\/\/unceasinglypray.org\/de\/wp-json\/wp\/v2\/types\/page"}],"author":[{"embeddable":true,"href":"https:\/\/unceasinglypray.org\/de\/wp-json\/wp\/v2\/users\/3"}],"replies":[{"embeddable":true,"href":"https:\/\/unceasinglypray.org\/de\/wp-json\/wp\/v2\/comments?post=170"}],"version-history":[{"count":0,"href":"https:\/\/unceasinglypray.org\/de\/wp-json\/wp\/v2\/pages\/170\/revisions"}],"wp:attachment":[{"href":"https:\/\/unceasinglypray.org\/de\/wp-json\/wp\/v2\/media?parent=170"}],"curies":[{"name":"wp","href":"https:\/\/api.w.org\/{rel}","templated":true}]}}