{"id":778,"date":"2020-04-29T19:42:00","date_gmt":"2020-04-29T19:42:00","guid":{"rendered":"https:\/\/unceasinglypray.org\/?page_id=778"},"modified":"2020-04-29T22:46:57","modified_gmt":"2020-04-29T22:46:57","slug":"letter-2","status":"publish","type":"page","link":"https:\/\/unceasinglypray.org\/cs\/letter-2\/","title":{"rendered":"Letter 2"},"content":{"rendered":"<h2>\n\t\tVYTRVAT V MODLITB\u011a\n\t<\/h2>\n\t<p>16. DUBNA 2020<\/p>\n\t<p><img \/>Draz\u00ed svat\u00ed,<\/p>\n<p class=\"translation-block\">Uct\u00edv\u00e1me P\u00e1na, \u017ee vzbudil tolik z v\u00e1s, abyste se pod\u00edleli na sou\u010dasn\u00e9m b\u0159emenu 21 dn\u00ed modliteb. Nikdy p\u0159edt\u00edm nebylo tolik lid\u00ed po cel\u00e9m sv\u011bt\u011b spojeno v jednomyslnosti, aby se modlilo jako jeden \u010dlov\u011bk takov\u00fdm trval\u00fdm zp\u016fsobem. Jsme p\u0159esv\u011bd\u010deni, \u017ee n\u00e1\u0161 vyv\u00fd\u0161en\u00fd P\u00e1n sly\u0161\u00ed modlitby c\u00edrkve a \u017ee tyto modlitby hojn\u011b p\u0159isp\u011bj\u00ed k napln\u011bn\u00ed Jeho touhy. Po dal\u0161\u00edm zv\u00e1\u017een\u00ed a spole\u010denstv\u00ed jsme se rozhodli po\u017e\u00e1dat v\u0161echny svat\u00e9, aby vytrvale pokra\u010dovali v t\u011bchto modlitb\u00e1ch dal\u0161\u00edch dev\u011bt dn\u00ed, tedy do 30. dubna.<\/p>\n&nbsp;<br \/>\nDouf\u00e1me, \u017ee tento m\u011bs\u00edc modliteb nebude jen pom\u00edjivou ud\u00e1lost\u00ed, ale v\u00fdrazn\u011b pos\u00edl\u00ed n\u00e1\u0161 osobn\u00ed modlitebn\u00ed \u017eivot i spole\u010dnou modlitebn\u00ed slu\u017ebu c\u00edrkve. Modlitba je na\u0161\u00edm nejv\u011bt\u0161\u00edm d\u00edlem p\u0159ed Bohem a tak\u00e9 p\u0159edstavuje nejv\u011bt\u0161\u00ed hrozbu pro Bo\u017e\u00edho nep\u0159\u00edtele. Z tohoto d\u016fvodu se Satan sna\u017e\u00ed oslabit n\u00e1\u0161 modlitebn\u00ed \u017eivot i modlitebn\u00ed slu\u017ebu c\u00edrkve. Apo\u0161tol Pavel, kter\u00fd to v\u011bd\u011bl, spojoval modlitbu s vytrvalost\u00ed (\u0158 12,12; Ef 6,18; Ko 4,2; srv. 1Te 5,17). Soustavnost a vytrvalost tv\u00e1\u0159\u00ed v tv\u00e1\u0159 p\u0159ek\u00e1\u017ek\u00e1m jsou z\u00e1sadn\u00ed pro vybudov\u00e1n\u00ed modlitebn\u00edho \u017eivota a modlitebn\u00ed slu\u017eby. Toto nen\u00ed jen u\u010den\u00ed apo\u0161tola; to je tak\u00e9 hojn\u011b ilustrov\u00e1no v Bo\u017e\u00edm Slov\u011b.<br \/>\n&nbsp;<br \/>\nKdy\u017e Jozue vedl Izraelce do boje proti Am\u00e1lekovi, Moj\u017e\u00ed\u0161 st\u00e1l na kopci s pozvednutou hol\u00ed (Ex 17,9-10). Ver\u0161 11 \u0159\u00edk\u00e1: \u201eKdy\u017e Moj\u017e\u00ed\u0161 dr\u017eel ruku naho\u0159e, v\u00edt\u011bzil Izrael, a kdy\u017e ruku spustil, v\u00edt\u011bzil Am\u00e1lek.\u201c Moj\u017e\u00ed\u0161, kter\u00fd na vrcholu kopce dr\u017eel ruku naho\u0159e, je p\u0159edobrazem vyv\u00fd\u0161en\u00e9ho Krista, kter\u00fd se p\u0159imlouv\u00e1 v nebes\u00edch (\u0158 8,34b; He 7,25; srv. 1Tm 2,8), a Jozue je p\u0159edobrazem Krista jako uvnit\u0159 p\u0159eb\u00fdvaj\u00edc\u00edho Ducha, kter\u00fd bojuje proti padl\u00e9mu t\u011blu, jeho\u017e p\u0159edobrazem je Am\u00e1lek (\u0158 8,9-11; Ga 5,16-17). To znamen\u00e1, \u017ee v\u00edt\u011bzstv\u00ed v duchovn\u00edm boji do zna\u010dn\u00e9 m\u00edry z\u00e1vis\u00ed na Kristov\u011b p\u0159\u00edmluv\u011b. Ver\u0161 12 v\u0161ak \u0159\u00edk\u00e1, \u017ee Moj\u017e\u00ed\u0161ovy ruce ochably a pot\u0159ebovaly podporu. Jako ten, jeho\u017e ruce ochably, Moj\u017e\u00ed\u0161 nep\u0159edstavuje Krista, ale n\u00e1s, co\u017e znamen\u00e1, \u017ee zat\u00edmco se Kristus modl\u00ed v nebes\u00edch, mus\u00edme se tak\u00e9 my modlit na zemi (1Tm 2,8). Moj\u017e\u00ed\u0161ovi p\u0159inesli k\u00e1men, kter\u00fd je p\u0159edobrazem Krista jako na\u0161\u00ed s\u00edly a vytrvalosti v modlitb\u011b, aby se na n\u011bj posadil. Nav\u00edc byly jeho ruce podp\u00edr\u00e1ny na jedn\u00e9 stran\u011b \u00c1ronem, kter\u00fd p\u0159edstavuje kn\u011b\u017estv\u00ed, a na druh\u00e9 stran\u011b Ch\u00farem, kter\u00fd p\u0159edstavuje kralov\u00e1n\u00ed. To znamen\u00e1, \u017ee abychom vytrvali v p\u0159\u00edmluvn\u00fdch bojov\u00fdch modlitb\u00e1ch, mus\u00edme b\u00fdt kn\u011b\u017e\u00ed, kte\u0159\u00ed se modl\u00ed ve sv\u00e9m duchu, v dne\u0161n\u00ed velesvatyni, a mus\u00edme b\u00fdt pln\u011b pod\u0159\u00edzeni P\u00e1nu pod Jeho autoritou.<br \/>\n&nbsp;<br \/>\nDaniel was a person who, knowing the promise of God regarding Israel\u2019s return from captivity (Jer. 29:10), persevered in prayer for the Lord\u2019s desire (Dan. 9:2-3). He had the habit of praying three times daily (6:10) and would not let anything frustrate his prayer, not even the threat of death (vv. 7-9). Daniel was thus a channel of prayer the Lord could use to carry out His desire. Regarding Daniel chapter 6, Brother Lee said, \u201cGod desires to carry out His economy, but man is needed to pray for His economy on earth. God carries out His economy on the earth through His faithful channels of prayer. Satan&#8217;s strategy is to frustrate the prayer which is for God&#8217;s move&#8230;There is no other way to bring God\u2019s economy into fullness and into fulfillment except by prayer\u201d (Life-study of Daniel, p. 45). Daniel\u2019s cooperation with the Lord in prayer afforded the Lord a way to take a great step in His move.<br \/>\n&nbsp;<br \/>\nP\u00e1n dnes hled\u00e1 modlitby, kter\u00e9 maj\u00ed dispenza\u010dn\u00ed hodnotu, modlitby, kter\u00e9 odpov\u00eddaj\u00ed Bo\u017e\u00edmu srdci, modlitby za pokrok Bo\u017e\u00edho pohybu, modlitby za p\u0159\u00edpravu nev\u011bsty, modlitby za utv\u00e1\u0159en\u00ed v\u00edt\u011bz\u016f jako P\u00e1novy arm\u00e1dy, modlitby za por\u00e1\u017eku Bo\u017e\u00edho nep\u0159\u00edtele, modlitby, kter\u00e9 m\u011bn\u00ed v\u011bk. Modlitby svat\u00fdch a c\u00edrkve jsou v\u00fdznamn\u00fdm faktorem p\u0159i prov\u00e1d\u011bn\u00ed dispenza\u010dn\u00ed zm\u011bny ze sou\u010dasn\u00e9ho v\u011bku do v\u011bku kr\u00e1lovstv\u00ed (L 18,1-8; Zj 6,9-10; 8,3-5). Abychom v takov\u00fdch modlitb\u00e1ch vytrvali, ur\u010dit\u011b pot\u0159ebujeme P\u00e1novo zmocn\u011bn\u00ed (Ef 6,10).<br \/>\n&nbsp;<br \/>\nDear saints, the Lord wants to raise up a royal priesthood to join with Him as the ascended Intercessor in His heavenly ministry of intercession. With this in view, we urge you to continue our present round-the-clock global prayer through the end of this month, and we encourage you to invite others to join in this prayer. If you have not already done so, you can visit <a href=\"https:\/\/unceasinglypray.org\/cs\/sign-up\/\">unceasinglypray.org<\/a> to sign up for a time slot to pray. Those who sign up will receive a suggested prayer burden for each day via email. May the Lord do what He desires within us, and may our prayers lay the tracks for Him to carry out His heart\u2019s desire on the earth.<br \/>\n&nbsp;<br \/>\nVa\u0161i brat\u0159i v Kristu,<br \/>\nspolupracovn\u00edci v P\u00e1nov\u011b obnov\u011b\n<p><img alt=\"\" width=\"25650\" height=\"150\" \/><\/p>","protected":false},"excerpt":{"rendered":"<p>PERSEVERING IN PRAYER APRIL 16, 2020 Dear saints, We worship the Lord that He has stirred up so many of you to participate in the present burden for twenty-one days of prayer. Never before have so many across the entire globe joined together in one accord to pray as one man in such a sustained&hellip;<\/p>","protected":false},"author":1,"featured_media":0,"parent":0,"menu_order":0,"comment_status":"closed","ping_status":"closed","template":"","meta":{"inline_featured_image":false,"footnotes":""},"class_list":["post-778","page","type-page","status-publish","hentry"],"yoast_head":"<!-- This site is optimized with the Yoast SEO plugin v27.4 - https:\/\/yoast.com\/product\/yoast-seo-wordpress\/ -->\n<title>Letter 2 - Unceasingly Pray<\/title>\n<meta name=\"robots\" content=\"index, follow, max-snippet:-1, max-image-preview:large, max-video-preview:-1\" \/>\n<link rel=\"canonical\" href=\"https:\/\/unceasinglypray.org\/cs\/letter-2\/\" \/>\n<meta property=\"og:locale\" content=\"cs_CZ\" \/>\n<meta property=\"og:type\" content=\"article\" \/>\n<meta property=\"og:title\" content=\"Letter 2 - Unceasingly Pray\" \/>\n<meta property=\"og:description\" content=\"PERSEVERING IN PRAYER APRIL 16, 2020 Dear saints, We worship the Lord that He has stirred up so many of you to participate in the present burden for twenty-one days of prayer. Never before have so many across the entire globe joined together in one accord to pray as one man in such a sustained&hellip;\" \/>\n<meta property=\"og:url\" content=\"https:\/\/unceasinglypray.org\/cs\/letter-2\/\" \/>\n<meta property=\"og:site_name\" content=\"Unceasingly Pray\" \/>\n<meta property=\"article:modified_time\" content=\"2020-04-29T22:46:57+00:00\" \/>\n<meta name=\"twitter:card\" content=\"summary_large_image\" \/>\n<meta name=\"twitter:label1\" content=\"Odhadovan\u00e1 doba \u010dten\u00ed\" \/>\n\t<meta name=\"twitter:data1\" content=\"4 minuty\" \/>\n<script type=\"application\/ld+json\" class=\"yoast-schema-graph\">{\"@context\":\"https:\\\/\\\/schema.org\",\"@graph\":[{\"@type\":\"WebPage\",\"@id\":\"https:\\\/\\\/unceasinglypray.org\\\/sk_sk\\\/letter-2\\\/\",\"url\":\"https:\\\/\\\/unceasinglypray.org\\\/sk_sk\\\/letter-2\\\/\",\"name\":\"Letter 2 - Unceasingly Pray\",\"isPartOf\":{\"@id\":\"https:\\\/\\\/unceasinglypray.org\\\/ar\\\/#website\"},\"datePublished\":\"2020-04-29T19:42:00+00:00\",\"dateModified\":\"2020-04-29T22:46:57+00:00\",\"breadcrumb\":{\"@id\":\"https:\\\/\\\/unceasinglypray.org\\\/sk_sk\\\/letter-2\\\/#breadcrumb\"},\"inLanguage\":\"cs\",\"potentialAction\":[{\"@type\":\"ReadAction\",\"target\":[\"https:\\\/\\\/unceasinglypray.org\\\/sk_sk\\\/letter-2\\\/\"]}]},{\"@type\":\"BreadcrumbList\",\"@id\":\"https:\\\/\\\/unceasinglypray.org\\\/sk_sk\\\/letter-2\\\/#breadcrumb\",\"itemListElement\":[{\"@type\":\"ListItem\",\"position\":1,\"name\":\"Home\",\"item\":\"https:\\\/\\\/unceasinglypray.org\\\/pt\\\/\"},{\"@type\":\"ListItem\",\"position\":2,\"name\":\"Letter 2\"}]},{\"@type\":\"WebSite\",\"@id\":\"https:\\\/\\\/unceasinglypray.org\\\/ar\\\/#website\",\"url\":\"https:\\\/\\\/unceasinglypray.org\\\/ar\\\/\",\"name\":\"Unceasingly Pray\",\"description\":\"\",\"potentialAction\":[{\"@type\":\"SearchAction\",\"target\":{\"@type\":\"EntryPoint\",\"urlTemplate\":\"https:\\\/\\\/unceasinglypray.org\\\/ar\\\/?s={search_term_string}\"},\"query-input\":{\"@type\":\"PropertyValueSpecification\",\"valueRequired\":true,\"valueName\":\"search_term_string\"}}],\"inLanguage\":\"cs\"}]}<\/script>\n<!-- \/ Yoast SEO plugin. -->","yoast_head_json":{"title":"Letter 2 - Unceasingly Pray","robots":{"index":"index","follow":"follow","max-snippet":"max-snippet:-1","max-image-preview":"max-image-preview:large","max-video-preview":"max-video-preview:-1"},"canonical":"https:\/\/unceasinglypray.org\/cs\/letter-2\/","og_locale":"cs_CZ","og_type":"article","og_title":"Letter 2 - Unceasingly Pray","og_description":"PERSEVERING IN PRAYER APRIL 16, 2020 Dear saints, We worship the Lord that He has stirred up so many of you to participate in the present burden for twenty-one days of prayer. Never before have so many across the entire globe joined together in one accord to pray as one man in such a sustained&hellip;","og_url":"https:\/\/unceasinglypray.org\/cs\/letter-2\/","og_site_name":"Unceasingly Pray","article_modified_time":"2020-04-29T22:46:57+00:00","twitter_card":"summary_large_image","twitter_misc":{"Odhadovan\u00e1 doba \u010dten\u00ed":"4 minuty"},"schema":{"@context":"https:\/\/schema.org","@graph":[{"@type":"WebPage","@id":"https:\/\/unceasinglypray.org\/sk_sk\/letter-2\/","url":"https:\/\/unceasinglypray.org\/sk_sk\/letter-2\/","name":"Letter 2 - Unceasingly Pray","isPartOf":{"@id":"https:\/\/unceasinglypray.org\/ar\/#website"},"datePublished":"2020-04-29T19:42:00+00:00","dateModified":"2020-04-29T22:46:57+00:00","breadcrumb":{"@id":"https:\/\/unceasinglypray.org\/sk_sk\/letter-2\/#breadcrumb"},"inLanguage":"cs","potentialAction":[{"@type":"ReadAction","target":["https:\/\/unceasinglypray.org\/sk_sk\/letter-2\/"]}]},{"@type":"BreadcrumbList","@id":"https:\/\/unceasinglypray.org\/sk_sk\/letter-2\/#breadcrumb","itemListElement":[{"@type":"ListItem","position":1,"name":"Home","item":"https:\/\/unceasinglypray.org\/pt\/"},{"@type":"ListItem","position":2,"name":"Letter 2"}]},{"@type":"WebSite","@id":"https:\/\/unceasinglypray.org\/ar\/#website","url":"https:\/\/unceasinglypray.org\/ar\/","name":"Unceasingly Pray","description":"","potentialAction":[{"@type":"SearchAction","target":{"@type":"EntryPoint","urlTemplate":"https:\/\/unceasinglypray.org\/ar\/?s={search_term_string}"},"query-input":{"@type":"PropertyValueSpecification","valueRequired":true,"valueName":"search_term_string"}}],"inLanguage":"cs"}]}},"_links":{"self":[{"href":"https:\/\/unceasinglypray.org\/cs\/wp-json\/wp\/v2\/pages\/778","targetHints":{"allow":["GET"]}}],"collection":[{"href":"https:\/\/unceasinglypray.org\/cs\/wp-json\/wp\/v2\/pages"}],"about":[{"href":"https:\/\/unceasinglypray.org\/cs\/wp-json\/wp\/v2\/types\/page"}],"author":[{"embeddable":true,"href":"https:\/\/unceasinglypray.org\/cs\/wp-json\/wp\/v2\/users\/1"}],"replies":[{"embeddable":true,"href":"https:\/\/unceasinglypray.org\/cs\/wp-json\/wp\/v2\/comments?post=778"}],"version-history":[{"count":0,"href":"https:\/\/unceasinglypray.org\/cs\/wp-json\/wp\/v2\/pages\/778\/revisions"}],"wp:attachment":[{"href":"https:\/\/unceasinglypray.org\/cs\/wp-json\/wp\/v2\/media?parent=778"}],"curies":[{"name":"wp","href":"https:\/\/api.w.org\/{rel}","templated":true}]}}