{"id":755,"date":"2020-04-21T17:35:14","date_gmt":"2020-04-21T17:35:14","guid":{"rendered":"https:\/\/unceasinglypray.org\/?page_id=755"},"modified":"2020-06-11T15:13:02","modified_gmt":"2020-06-11T15:13:02","slug":"day-29","status":"publish","type":"page","link":"https:\/\/unceasinglypray.org\/cs\/day-29\/","title":{"rendered":"Day 29"},"content":{"rendered":"<p><a href=\"https:\/\/unceasinglypray.org\/cs\/day-29\/\">DAY 29: PRAYER FOR A NEW REVIVAL<\/a><\/p>\n\t<p>1Tm 1,3-4; Ga 2,19b-20; Fp 1,21a; J 21,15-17; 1K 12,24; Ko 3,10-11<\/p>\n\t<p>Aby P\u00e1nova obnova za\u017eila nov\u00e9 o\u017eiven\u00ed, o\u017eiven\u00ed, kter\u00e9 dosud v d\u011bjin\u00e1ch nenastalo a kter\u00e9 bude v\u00fdsledkem \u00fasp\u011b\u0161n\u00e9 praxe vrchol\u016f zjeven\u00ed Bo\u017e\u00ed ekonomie, v\u010detn\u011b boholidsk\u00e9ho \u017eit\u00ed, v\u0161eobecn\u00e9ho past\u00fd\u0159stv\u00ed a m\u00edsen\u00ed za \u00fa\u010delem skute\u010dnosti T\u011bla Kristova a jednoho nov\u00e9ho \u010dlov\u011bka (1Tm 1,3-4; Ga 2,19b-20; Fp 1,21a; J 21,15-17; 1K 12,24; Ko 3,10-11).<\/p>\n\t<p><strong>1 Tim. 1:3-4<\/strong>\u2014Even as I exhorted you, when I was going into Macedonia, to remain in Ephesus in order that you might charge certain ones not to teach different things nor to give heed to myths and unending genealogies, which produce questionings rather than God&#8217;s economy, which is in faith.<\/p>\n<p><strong>Gal. 2:20<\/strong>\u2014I am crucified with Christ; and it is no longer I who live, but it is Christ who lives in me; and the life which I now live in the flesh I live in faith, the faith of the Son of God, who loved me and gave Himself up for me.<\/p>\n<p><strong>Phil. 1:21a<\/strong>\u2014For to me, to live is Christ.<\/p>\n<p><strong>John 21:15-17<\/strong>\u2014Then when they had eaten breakfast, Jesus said to Simon Peter, Simon, son of John, do you love Me more than these? He said to Him, Yes, Lord, You know that I love You. He said to him, Feed My lambs. He said to him again a second time, Simon, son of John, do you love Me? He said to Him, Yes, Lord, You know that I love You. He said to him, Shepherd My sheep. He said to him the third time, Simon, son of John, do you love Me? Peter was grieved that He said to him the third time, Do you love Me? And he said to Him, Lord, You know all things; You know that I love You. Jesus said to him, Feed My sheep.<\/p>\n<p><strong>1 Cor. 12:24<\/strong>\u2014But our comely members have no need. But God has blended the body together, giving more abundant honor to the member that lacked.<\/p>\n<p><strong>Col. 3:10-11<\/strong>\u2014And have put on the new man, which is being renewed unto full knowledge according to the image of Him who created him, where there cannot be Greek and Jew, circumcision and uncircumcision, barbarian, Scythian, slave, free man, but Christ is all and in all.<\/p>\n\t\t<h3><\/h3>\n\t\t<p>Vytrvejte v modlitb\u011b.<\/p>\n\t\t\t<a href=\"https:\/\/unceasinglypray.org\/cs\/sign-up\/\" target=\"_self\" role=\"button\" rel=\"noopener noreferrer\">\n\t\t\t\t\t\t\tZVOLTE SI \u010cAS\n\t\t\t\t\t<\/a>","protected":false},"excerpt":{"rendered":"<p>DAY 29: PRAYER FOR A NEW REVIVAL 1 Tim. 1:3-4; Gal. 2:20; Phil. 1:21a; John 21:15-17; 1 Cor. 12:24; Col. 3:10-11 Pray for the Lord\u2019s recovery to experience a new revival, a revival that has never occurred in history, which will be the issue of our successful practice of the high peak revelations of God\u2019s&hellip;<\/p>","protected":false},"author":2,"featured_media":0,"parent":0,"menu_order":0,"comment_status":"closed","ping_status":"closed","template":"","meta":{"inline_featured_image":false,"footnotes":""},"class_list":["post-755","page","type-page","status-publish","hentry"],"yoast_head":"<!-- This site is optimized with the Yoast SEO plugin v27.4 - https:\/\/yoast.com\/product\/yoast-seo-wordpress\/ -->\n<title>Day 29 - Unceasingly Pray<\/title>\n<meta name=\"robots\" content=\"index, follow, max-snippet:-1, max-image-preview:large, max-video-preview:-1\" \/>\n<link rel=\"canonical\" href=\"http:\/\/unceasinglypray.org\/cs\/day-29\/\" \/>\n<meta property=\"og:locale\" content=\"cs_CZ\" \/>\n<meta property=\"og:type\" content=\"article\" \/>\n<meta property=\"og:title\" content=\"Day 29 - Unceasingly Pray\" \/>\n<meta property=\"og:description\" content=\"DAY 29: PRAYER FOR A NEW REVIVAL 1 Tim. 1:3-4; Gal. 2:20; Phil. 1:21a; John 21:15-17; 1 Cor. 12:24; Col. 3:10-11 Pray for the Lord\u2019s recovery to experience a new revival, a revival that has never occurred in history, which will be the issue of our successful practice of the high peak revelations of God\u2019s&hellip;\" \/>\n<meta property=\"og:url\" content=\"http:\/\/unceasinglypray.org\/cs\/day-29\/\" \/>\n<meta property=\"og:site_name\" content=\"Unceasingly Pray\" \/>\n<meta property=\"article:modified_time\" content=\"2020-06-11T15:13:02+00:00\" \/>\n<meta name=\"twitter:card\" content=\"summary_large_image\" \/>\n<meta name=\"twitter:label1\" content=\"Odhadovan\u00e1 doba \u010dten\u00ed\" \/>\n\t<meta name=\"twitter:data1\" content=\"2 minuty\" \/>\n<script type=\"application\/ld+json\" class=\"yoast-schema-graph\">{\"@context\":\"https:\\\/\\\/schema.org\",\"@graph\":[{\"@type\":\"WebPage\",\"@id\":\"http:\\\/\\\/unceasinglypray.org\\\/cs\\\/day-29\\\/\",\"url\":\"http:\\\/\\\/unceasinglypray.org\\\/cs\\\/day-29\\\/\",\"name\":\"Day 29 - Unceasingly Pray\",\"isPartOf\":{\"@id\":\"https:\\\/\\\/unceasinglypray.org\\\/ar\\\/#website\"},\"datePublished\":\"2020-04-21T17:35:14+00:00\",\"dateModified\":\"2020-06-11T15:13:02+00:00\",\"breadcrumb\":{\"@id\":\"http:\\\/\\\/unceasinglypray.org\\\/cs\\\/day-29\\\/#breadcrumb\"},\"inLanguage\":\"cs\",\"potentialAction\":[{\"@type\":\"ReadAction\",\"target\":[\"http:\\\/\\\/unceasinglypray.org\\\/cs\\\/day-29\\\/\"]}]},{\"@type\":\"BreadcrumbList\",\"@id\":\"http:\\\/\\\/unceasinglypray.org\\\/cs\\\/day-29\\\/#breadcrumb\",\"itemListElement\":[{\"@type\":\"ListItem\",\"position\":1,\"name\":\"Home\",\"item\":\"https:\\\/\\\/unceasinglypray.org\\\/pt\\\/\"},{\"@type\":\"ListItem\",\"position\":2,\"name\":\"Day 29\"}]},{\"@type\":\"WebSite\",\"@id\":\"https:\\\/\\\/unceasinglypray.org\\\/ar\\\/#website\",\"url\":\"https:\\\/\\\/unceasinglypray.org\\\/ar\\\/\",\"name\":\"Unceasingly Pray\",\"description\":\"\",\"potentialAction\":[{\"@type\":\"SearchAction\",\"target\":{\"@type\":\"EntryPoint\",\"urlTemplate\":\"https:\\\/\\\/unceasinglypray.org\\\/ar\\\/?s={search_term_string}\"},\"query-input\":{\"@type\":\"PropertyValueSpecification\",\"valueRequired\":true,\"valueName\":\"search_term_string\"}}],\"inLanguage\":\"cs\"}]}<\/script>\n<!-- \/ Yoast SEO plugin. -->","yoast_head_json":{"title":"Day 29 - Unceasingly Pray","robots":{"index":"index","follow":"follow","max-snippet":"max-snippet:-1","max-image-preview":"max-image-preview:large","max-video-preview":"max-video-preview:-1"},"canonical":"http:\/\/unceasinglypray.org\/cs\/day-29\/","og_locale":"cs_CZ","og_type":"article","og_title":"Day 29 - Unceasingly Pray","og_description":"DAY 29: PRAYER FOR A NEW REVIVAL 1 Tim. 1:3-4; Gal. 2:20; Phil. 1:21a; John 21:15-17; 1 Cor. 12:24; Col. 3:10-11 Pray for the Lord\u2019s recovery to experience a new revival, a revival that has never occurred in history, which will be the issue of our successful practice of the high peak revelations of God\u2019s&hellip;","og_url":"http:\/\/unceasinglypray.org\/cs\/day-29\/","og_site_name":"Unceasingly Pray","article_modified_time":"2020-06-11T15:13:02+00:00","twitter_card":"summary_large_image","twitter_misc":{"Odhadovan\u00e1 doba \u010dten\u00ed":"2 minuty"},"schema":{"@context":"https:\/\/schema.org","@graph":[{"@type":"WebPage","@id":"http:\/\/unceasinglypray.org\/cs\/day-29\/","url":"http:\/\/unceasinglypray.org\/cs\/day-29\/","name":"Day 29 - Unceasingly Pray","isPartOf":{"@id":"https:\/\/unceasinglypray.org\/ar\/#website"},"datePublished":"2020-04-21T17:35:14+00:00","dateModified":"2020-06-11T15:13:02+00:00","breadcrumb":{"@id":"http:\/\/unceasinglypray.org\/cs\/day-29\/#breadcrumb"},"inLanguage":"cs","potentialAction":[{"@type":"ReadAction","target":["http:\/\/unceasinglypray.org\/cs\/day-29\/"]}]},{"@type":"BreadcrumbList","@id":"http:\/\/unceasinglypray.org\/cs\/day-29\/#breadcrumb","itemListElement":[{"@type":"ListItem","position":1,"name":"Home","item":"https:\/\/unceasinglypray.org\/pt\/"},{"@type":"ListItem","position":2,"name":"Day 29"}]},{"@type":"WebSite","@id":"https:\/\/unceasinglypray.org\/ar\/#website","url":"https:\/\/unceasinglypray.org\/ar\/","name":"Unceasingly Pray","description":"","potentialAction":[{"@type":"SearchAction","target":{"@type":"EntryPoint","urlTemplate":"https:\/\/unceasinglypray.org\/ar\/?s={search_term_string}"},"query-input":{"@type":"PropertyValueSpecification","valueRequired":true,"valueName":"search_term_string"}}],"inLanguage":"cs"}]}},"_links":{"self":[{"href":"https:\/\/unceasinglypray.org\/cs\/wp-json\/wp\/v2\/pages\/755","targetHints":{"allow":["GET"]}}],"collection":[{"href":"https:\/\/unceasinglypray.org\/cs\/wp-json\/wp\/v2\/pages"}],"about":[{"href":"https:\/\/unceasinglypray.org\/cs\/wp-json\/wp\/v2\/types\/page"}],"author":[{"embeddable":true,"href":"https:\/\/unceasinglypray.org\/cs\/wp-json\/wp\/v2\/users\/2"}],"replies":[{"embeddable":true,"href":"https:\/\/unceasinglypray.org\/cs\/wp-json\/wp\/v2\/comments?post=755"}],"version-history":[{"count":0,"href":"https:\/\/unceasinglypray.org\/cs\/wp-json\/wp\/v2\/pages\/755\/revisions"}],"wp:attachment":[{"href":"https:\/\/unceasinglypray.org\/cs\/wp-json\/wp\/v2\/media?parent=755"}],"curies":[{"name":"wp","href":"https:\/\/api.w.org\/{rel}","templated":true}]}}