{"id":748,"date":"2020-04-21T17:27:58","date_gmt":"2020-04-21T17:27:58","guid":{"rendered":"https:\/\/unceasinglypray.org\/?page_id=748"},"modified":"2023-06-26T13:25:30","modified_gmt":"2023-06-26T13:25:30","slug":"day-23","status":"publish","type":"page","link":"https:\/\/unceasinglypray.org\/cs\/day-23\/","title":{"rendered":"Day 23"},"content":{"rendered":"<p><a href=\"https:\/\/unceasinglypray.org\/cs\/day-23\/\">DAY 23: PRAYER FOR GOD&#8217;S RIGHTEOUS JUDGMENT<\/a><\/p>\n\t<p>Zj 8,1-8<\/p>\n\t<p>Aby svat\u00ed p\u0159in\u00e1\u0161eli modlitby, ke kter\u00fdm Kristus jako jin\u00fd And\u011bl m\u016f\u017ee p\u0159idat kadidlo, aby byl z Bo\u017e\u00edho tr\u016fnu uvr\u017een na zem ohe\u0148 spravedliv\u00e9ho soudu, kter\u00fd se vypo\u0159\u00e1d\u00e1 s bezbo\u017enost\u00ed a bezz\u00e1konnost\u00ed (Zj 8,1-8).<\/p>\n\t<p><strong>Zj 8,1-8<\/strong>\u2014And when He opened the seventh seal, there was silence in heaven for about half an hour. And I saw the seven angels who stand before God, and seven trumpets were given to them. And another Angel came and stood at the altar, having a golden censer, and much incense was given to Him to offer with the prayers of all the saints upon the golden altar which was before the throne. And the smoke of the incense went up with the prayers of the saints out of the hand of the Angel before God. And the Angel took the censer and filled it with the fire of the altar and cast it to the earth; and there were thunders and voices and lightnings and an earthquake. And the seven angels who had the seven trumpets prepared themselves to trumpet. And the first trumpeted, and there was hail and fire mingled with blood, and it was cast to the earth; and the third part of the earth was burned up, and the third part of the trees were burned up, and all green grass was burned up. And the second angel trumpeted, and as it were a great mountain burning with fire was cast into the sea; and the third part of the sea became blood.<\/p>\n\t\t<h3><\/h3>\n\t\t<p>Vytrvejte v modlitb\u011b.<\/p>\n\t\t\t<a href=\"https:\/\/unceasinglypray.org\/cs\/sign-up\/\" target=\"_self\" role=\"button\" rel=\"noopener noreferrer\">\n\t\t\t\t\t\t\tZVOLTE SI \u010cAS\n\t\t\t\t\t<\/a>","protected":false},"excerpt":{"rendered":"<p>DAY 23: PRAYER FOR GOD&#8217;S RIGHTEOUS JUDGMENT Rev. 8:1-8 Pray for the saints to offer prayers to which Christ as another Angel can add incense so that from the throne of God the fire of righteous judgment will be cast to the earth to deal with godlessness and lawlessness (Rev. 8:1-8). Rev. 8:1-8\u2014And when He&hellip;<\/p>","protected":false},"author":2,"featured_media":0,"parent":0,"menu_order":0,"comment_status":"closed","ping_status":"closed","template":"","meta":{"inline_featured_image":false,"footnotes":""},"class_list":["post-748","page","type-page","status-publish","hentry"],"yoast_head":"<!-- This site is optimized with the Yoast SEO plugin v27.4 - https:\/\/yoast.com\/product\/yoast-seo-wordpress\/ -->\n<title>Day 23 - Unceasingly Pray<\/title>\n<meta name=\"robots\" content=\"index, follow, max-snippet:-1, max-image-preview:large, max-video-preview:-1\" \/>\n<link rel=\"canonical\" href=\"https:\/\/unceasinglypray.org\/cs\/day-23\/\" \/>\n<meta property=\"og:locale\" content=\"cs_CZ\" \/>\n<meta property=\"og:type\" content=\"article\" \/>\n<meta property=\"og:title\" content=\"Day 23 - Unceasingly Pray\" \/>\n<meta property=\"og:description\" content=\"DAY 23: PRAYER FOR GOD&#8217;S RIGHTEOUS JUDGMENT Rev. 8:1-8 Pray for the saints to offer prayers to which Christ as another Angel can add incense so that from the throne of God the fire of righteous judgment will be cast to the earth to deal with godlessness and lawlessness (Rev. 8:1-8). Rev. 8:1-8\u2014And when He&hellip;\" \/>\n<meta property=\"og:url\" content=\"https:\/\/unceasinglypray.org\/cs\/day-23\/\" \/>\n<meta property=\"og:site_name\" content=\"Unceasingly Pray\" \/>\n<meta property=\"article:modified_time\" content=\"2023-06-26T13:25:30+00:00\" \/>\n<meta name=\"twitter:card\" content=\"summary_large_image\" \/>\n<meta name=\"twitter:label1\" content=\"Odhadovan\u00e1 doba \u010dten\u00ed\" \/>\n\t<meta name=\"twitter:data1\" content=\"2 minuty\" \/>\n<script type=\"application\/ld+json\" class=\"yoast-schema-graph\">{\"@context\":\"https:\\\/\\\/schema.org\",\"@graph\":[{\"@type\":\"WebPage\",\"@id\":\"https:\\\/\\\/unceasinglypray.org\\\/day-23\\\/\",\"url\":\"https:\\\/\\\/unceasinglypray.org\\\/day-23\\\/\",\"name\":\"Day 23 - Unceasingly Pray\",\"isPartOf\":{\"@id\":\"https:\\\/\\\/unceasinglypray.org\\\/ar\\\/#website\"},\"datePublished\":\"2020-04-21T17:27:58+00:00\",\"dateModified\":\"2023-06-26T13:25:30+00:00\",\"breadcrumb\":{\"@id\":\"https:\\\/\\\/unceasinglypray.org\\\/day-23\\\/#breadcrumb\"},\"inLanguage\":\"cs\",\"potentialAction\":[{\"@type\":\"ReadAction\",\"target\":[\"https:\\\/\\\/unceasinglypray.org\\\/day-23\\\/\"]}]},{\"@type\":\"BreadcrumbList\",\"@id\":\"https:\\\/\\\/unceasinglypray.org\\\/day-23\\\/#breadcrumb\",\"itemListElement\":[{\"@type\":\"ListItem\",\"position\":1,\"name\":\"Home\",\"item\":\"https:\\\/\\\/unceasinglypray.org\\\/pt\\\/\"},{\"@type\":\"ListItem\",\"position\":2,\"name\":\"Day 23\"}]},{\"@type\":\"WebSite\",\"@id\":\"https:\\\/\\\/unceasinglypray.org\\\/ar\\\/#website\",\"url\":\"https:\\\/\\\/unceasinglypray.org\\\/ar\\\/\",\"name\":\"Unceasingly Pray\",\"description\":\"\",\"potentialAction\":[{\"@type\":\"SearchAction\",\"target\":{\"@type\":\"EntryPoint\",\"urlTemplate\":\"https:\\\/\\\/unceasinglypray.org\\\/ar\\\/?s={search_term_string}\"},\"query-input\":{\"@type\":\"PropertyValueSpecification\",\"valueRequired\":true,\"valueName\":\"search_term_string\"}}],\"inLanguage\":\"cs\"}]}<\/script>\n<!-- \/ Yoast SEO plugin. -->","yoast_head_json":{"title":"Day 23 - Unceasingly Pray","robots":{"index":"index","follow":"follow","max-snippet":"max-snippet:-1","max-image-preview":"max-image-preview:large","max-video-preview":"max-video-preview:-1"},"canonical":"https:\/\/unceasinglypray.org\/cs\/day-23\/","og_locale":"cs_CZ","og_type":"article","og_title":"Day 23 - Unceasingly Pray","og_description":"DAY 23: PRAYER FOR GOD&#8217;S RIGHTEOUS JUDGMENT Rev. 8:1-8 Pray for the saints to offer prayers to which Christ as another Angel can add incense so that from the throne of God the fire of righteous judgment will be cast to the earth to deal with godlessness and lawlessness (Rev. 8:1-8). Rev. 8:1-8\u2014And when He&hellip;","og_url":"https:\/\/unceasinglypray.org\/cs\/day-23\/","og_site_name":"Unceasingly Pray","article_modified_time":"2023-06-26T13:25:30+00:00","twitter_card":"summary_large_image","twitter_misc":{"Odhadovan\u00e1 doba \u010dten\u00ed":"2 minuty"},"schema":{"@context":"https:\/\/schema.org","@graph":[{"@type":"WebPage","@id":"https:\/\/unceasinglypray.org\/day-23\/","url":"https:\/\/unceasinglypray.org\/day-23\/","name":"Day 23 - Unceasingly Pray","isPartOf":{"@id":"https:\/\/unceasinglypray.org\/ar\/#website"},"datePublished":"2020-04-21T17:27:58+00:00","dateModified":"2023-06-26T13:25:30+00:00","breadcrumb":{"@id":"https:\/\/unceasinglypray.org\/day-23\/#breadcrumb"},"inLanguage":"cs","potentialAction":[{"@type":"ReadAction","target":["https:\/\/unceasinglypray.org\/day-23\/"]}]},{"@type":"BreadcrumbList","@id":"https:\/\/unceasinglypray.org\/day-23\/#breadcrumb","itemListElement":[{"@type":"ListItem","position":1,"name":"Home","item":"https:\/\/unceasinglypray.org\/pt\/"},{"@type":"ListItem","position":2,"name":"Day 23"}]},{"@type":"WebSite","@id":"https:\/\/unceasinglypray.org\/ar\/#website","url":"https:\/\/unceasinglypray.org\/ar\/","name":"Unceasingly Pray","description":"","potentialAction":[{"@type":"SearchAction","target":{"@type":"EntryPoint","urlTemplate":"https:\/\/unceasinglypray.org\/ar\/?s={search_term_string}"},"query-input":{"@type":"PropertyValueSpecification","valueRequired":true,"valueName":"search_term_string"}}],"inLanguage":"cs"}]}},"_links":{"self":[{"href":"https:\/\/unceasinglypray.org\/cs\/wp-json\/wp\/v2\/pages\/748","targetHints":{"allow":["GET"]}}],"collection":[{"href":"https:\/\/unceasinglypray.org\/cs\/wp-json\/wp\/v2\/pages"}],"about":[{"href":"https:\/\/unceasinglypray.org\/cs\/wp-json\/wp\/v2\/types\/page"}],"author":[{"embeddable":true,"href":"https:\/\/unceasinglypray.org\/cs\/wp-json\/wp\/v2\/users\/2"}],"replies":[{"embeddable":true,"href":"https:\/\/unceasinglypray.org\/cs\/wp-json\/wp\/v2\/comments?post=748"}],"version-history":[{"count":0,"href":"https:\/\/unceasinglypray.org\/cs\/wp-json\/wp\/v2\/pages\/748\/revisions"}],"wp:attachment":[{"href":"https:\/\/unceasinglypray.org\/cs\/wp-json\/wp\/v2\/media?parent=748"}],"curies":[{"name":"wp","href":"https:\/\/api.w.org\/{rel}","templated":true}]}}