{"id":743,"date":"2020-04-20T23:30:43","date_gmt":"2020-04-20T23:30:43","guid":{"rendered":"https:\/\/unceasinglypray.org\/?page_id=743"},"modified":"2020-06-11T15:10:03","modified_gmt":"2020-06-11T15:10:03","slug":"day-21","status":"publish","type":"page","link":"https:\/\/unceasinglypray.org\/cs\/day-21\/","title":{"rendered":"Day 21"},"content":{"rendered":"<p><a href=\"https:\/\/unceasinglypray.org\/cs\/day-21\/\">DAY 21: PRAYER FOR THE CENTRAL WORK OF GOD<\/a><\/p>\n\t<p>Ga 4,19; Ef 3,14-21; Mt 16,18; Ef 2,21-22; 1K 12,27<\/p>\n\t<p>Aby v\u0161ichni svat\u00ed otev\u0159eli celou svou bytost P\u00e1nu, aby mohl vykon\u00e1vat \u00fast\u0159edn\u00ed Bo\u017e\u00ed d\u00edlo \u2013 tj. aby se B\u016fh v Kristu zabudov\u00e1val do n\u00e1s a n\u00e1s zabudov\u00e1val do Sebe pro vybudov\u00e1n\u00ed c\u00edrkve jako T\u011bla Kristova (Ga 4,19; Ef 3,14-21; Mt 16,18; Ef 2,21-22; 1K 12,27).<\/p>\n\t<p><strong>Gal. 4:19<\/strong>\u2014My children, with whom I travail again in birth until Christ is formed in you.<\/p>\n<p><strong>Eph. 3:16-17, 19b<\/strong>\u2014That He would grant you, according to the riches of His glory, to be strengthened with power through His Spirit into the inner man, that Christ may make His home in your hearts through faith&#8230;that you may be filled unto all the fullness of God.<\/p>\n<p><strong>Matt. 16:18<\/strong>\u2014And I also say to you that you are Peter, and upon this rock I will build My church, and the gates of Hades shall not prevail against it.<\/p>\n<p><strong>Eph. 2:21-22<\/strong>\u2014In whom all the building, being fitted together, is growing into a holy temple in the Lord; in whom you also are being built together into a dwelling place of God in spirit.<\/p>\n<p><strong>1 Cor. 12:27<\/strong>\u2014Now you are the Body of Christ, and members individually.<\/p>\n\t\t<h3><\/h3>\n\t\t<p>Vytrvejte v modlitb\u011b.<\/p>\n\t\t\t<a href=\"https:\/\/unceasinglypray.org\/cs\/sign-up\/\" target=\"_self\" role=\"button\" rel=\"noopener noreferrer\">\n\t\t\t\t\t\t\tZVOLTE SI \u010cAS\n\t\t\t\t\t<\/a>","protected":false},"excerpt":{"rendered":"<p>DAY 21: PRAYER FOR THE CENTRAL WORK OF GOD Gal. 4:19; Eph. 3:14-21; Matt. 16:18; Eph. 2:21-22; 1 Cor. 12:27 Pray for all the saints to open their entire being to the Lord so that He may carry out the central work of God\u2014God building Himself in Christ into us and building us into Himself&hellip;<\/p>","protected":false},"author":1,"featured_media":771,"parent":0,"menu_order":0,"comment_status":"closed","ping_status":"closed","template":"","meta":{"inline_featured_image":false,"footnotes":""},"class_list":["post-743","page","type-page","status-publish","has-post-thumbnail","hentry"],"yoast_head":"<!-- This site is optimized with the Yoast SEO plugin v27.4 - https:\/\/yoast.com\/product\/yoast-seo-wordpress\/ -->\n<title>Day 21 - Unceasingly Pray<\/title>\n<meta name=\"robots\" content=\"index, follow, max-snippet:-1, max-image-preview:large, max-video-preview:-1\" \/>\n<link rel=\"canonical\" href=\"https:\/\/unceasinglypray.org\/cs\/day-21\/\" \/>\n<meta property=\"og:locale\" content=\"cs_CZ\" \/>\n<meta property=\"og:type\" content=\"article\" \/>\n<meta property=\"og:title\" content=\"Day 21 - Unceasingly Pray\" \/>\n<meta property=\"og:description\" content=\"DAY 21: PRAYER FOR THE CENTRAL WORK OF GOD Gal. 4:19; Eph. 3:14-21; Matt. 16:18; Eph. 2:21-22; 1 Cor. 12:27 Pray for all the saints to open their entire being to the Lord so that He may carry out the central work of God\u2014God building Himself in Christ into us and building us into Himself&hellip;\" \/>\n<meta property=\"og:url\" content=\"https:\/\/unceasinglypray.org\/cs\/day-21\/\" \/>\n<meta property=\"og:site_name\" content=\"Unceasingly Pray\" \/>\n<meta property=\"article:modified_time\" content=\"2020-06-11T15:10:03+00:00\" \/>\n<meta property=\"og:image\" content=\"https:\/\/unceasinglypray.org\/wp-content\/uploads\/2020\/04\/social_share.gif\" \/>\n\t<meta property=\"og:image:width\" content=\"1200\" \/>\n\t<meta property=\"og:image:height\" content=\"630\" \/>\n\t<meta property=\"og:image:type\" content=\"image\/gif\" \/>\n<meta name=\"twitter:card\" content=\"summary_large_image\" \/>\n<meta name=\"twitter:label1\" content=\"Odhadovan\u00e1 doba \u010dten\u00ed\" \/>\n\t<meta name=\"twitter:data1\" content=\"1 minuta\" \/>\n<script type=\"application\/ld+json\" class=\"yoast-schema-graph\">{\"@context\":\"https:\\\/\\\/schema.org\",\"@graph\":[{\"@type\":\"WebPage\",\"@id\":\"https:\\\/\\\/unceasinglypray.org\\\/fr\\\/day-21\\\/\",\"url\":\"https:\\\/\\\/unceasinglypray.org\\\/fr\\\/day-21\\\/\",\"name\":\"Day 21 - Unceasingly Pray\",\"isPartOf\":{\"@id\":\"https:\\\/\\\/unceasinglypray.org\\\/ar\\\/#website\"},\"primaryImageOfPage\":{\"@id\":\"https:\\\/\\\/unceasinglypray.org\\\/fr\\\/day-21\\\/#primaryimage\"},\"image\":{\"@id\":\"https:\\\/\\\/unceasinglypray.org\\\/fr\\\/day-21\\\/#primaryimage\"},\"thumbnailUrl\":\"https:\\\/\\\/unceasinglypray.org\\\/wp-content\\\/uploads\\\/2020\\\/04\\\/social_share.gif\",\"datePublished\":\"2020-04-20T23:30:43+00:00\",\"dateModified\":\"2020-06-11T15:10:03+00:00\",\"breadcrumb\":{\"@id\":\"https:\\\/\\\/unceasinglypray.org\\\/fr\\\/day-21\\\/#breadcrumb\"},\"inLanguage\":\"cs\",\"potentialAction\":[{\"@type\":\"ReadAction\",\"target\":[\"https:\\\/\\\/unceasinglypray.org\\\/fr\\\/day-21\\\/\"]}]},{\"@type\":\"ImageObject\",\"inLanguage\":\"cs\",\"@id\":\"https:\\\/\\\/unceasinglypray.org\\\/fr\\\/day-21\\\/#primaryimage\",\"url\":\"https:\\\/\\\/unceasinglypray.org\\\/wp-content\\\/uploads\\\/2020\\\/04\\\/social_share.gif\",\"contentUrl\":\"https:\\\/\\\/unceasinglypray.org\\\/wp-content\\\/uploads\\\/2020\\\/04\\\/social_share.gif\",\"width\":1200,\"height\":630},{\"@type\":\"BreadcrumbList\",\"@id\":\"https:\\\/\\\/unceasinglypray.org\\\/fr\\\/day-21\\\/#breadcrumb\",\"itemListElement\":[{\"@type\":\"ListItem\",\"position\":1,\"name\":\"Home\",\"item\":\"https:\\\/\\\/unceasinglypray.org\\\/pt\\\/\"},{\"@type\":\"ListItem\",\"position\":2,\"name\":\"Day 21\"}]},{\"@type\":\"WebSite\",\"@id\":\"https:\\\/\\\/unceasinglypray.org\\\/ar\\\/#website\",\"url\":\"https:\\\/\\\/unceasinglypray.org\\\/ar\\\/\",\"name\":\"Unceasingly Pray\",\"description\":\"\",\"potentialAction\":[{\"@type\":\"SearchAction\",\"target\":{\"@type\":\"EntryPoint\",\"urlTemplate\":\"https:\\\/\\\/unceasinglypray.org\\\/ar\\\/?s={search_term_string}\"},\"query-input\":{\"@type\":\"PropertyValueSpecification\",\"valueRequired\":true,\"valueName\":\"search_term_string\"}}],\"inLanguage\":\"cs\"}]}<\/script>\n<!-- \/ Yoast SEO plugin. -->","yoast_head_json":{"title":"Day 21 - Unceasingly Pray","robots":{"index":"index","follow":"follow","max-snippet":"max-snippet:-1","max-image-preview":"max-image-preview:large","max-video-preview":"max-video-preview:-1"},"canonical":"https:\/\/unceasinglypray.org\/cs\/day-21\/","og_locale":"cs_CZ","og_type":"article","og_title":"Day 21 - Unceasingly Pray","og_description":"DAY 21: PRAYER FOR THE CENTRAL WORK OF GOD Gal. 4:19; Eph. 3:14-21; Matt. 16:18; Eph. 2:21-22; 1 Cor. 12:27 Pray for all the saints to open their entire being to the Lord so that He may carry out the central work of God\u2014God building Himself in Christ into us and building us into Himself&hellip;","og_url":"https:\/\/unceasinglypray.org\/cs\/day-21\/","og_site_name":"Unceasingly Pray","article_modified_time":"2020-06-11T15:10:03+00:00","og_image":[{"width":1200,"height":630,"url":"https:\/\/unceasinglypray.org\/wp-content\/uploads\/2020\/04\/social_share.gif","type":"image\/gif"}],"twitter_card":"summary_large_image","twitter_misc":{"Odhadovan\u00e1 doba \u010dten\u00ed":"1 minuta"},"schema":{"@context":"https:\/\/schema.org","@graph":[{"@type":"WebPage","@id":"https:\/\/unceasinglypray.org\/fr\/day-21\/","url":"https:\/\/unceasinglypray.org\/fr\/day-21\/","name":"Day 21 - Unceasingly Pray","isPartOf":{"@id":"https:\/\/unceasinglypray.org\/ar\/#website"},"primaryImageOfPage":{"@id":"https:\/\/unceasinglypray.org\/fr\/day-21\/#primaryimage"},"image":{"@id":"https:\/\/unceasinglypray.org\/fr\/day-21\/#primaryimage"},"thumbnailUrl":"https:\/\/unceasinglypray.org\/wp-content\/uploads\/2020\/04\/social_share.gif","datePublished":"2020-04-20T23:30:43+00:00","dateModified":"2020-06-11T15:10:03+00:00","breadcrumb":{"@id":"https:\/\/unceasinglypray.org\/fr\/day-21\/#breadcrumb"},"inLanguage":"cs","potentialAction":[{"@type":"ReadAction","target":["https:\/\/unceasinglypray.org\/fr\/day-21\/"]}]},{"@type":"ImageObject","inLanguage":"cs","@id":"https:\/\/unceasinglypray.org\/fr\/day-21\/#primaryimage","url":"https:\/\/unceasinglypray.org\/wp-content\/uploads\/2020\/04\/social_share.gif","contentUrl":"https:\/\/unceasinglypray.org\/wp-content\/uploads\/2020\/04\/social_share.gif","width":1200,"height":630},{"@type":"BreadcrumbList","@id":"https:\/\/unceasinglypray.org\/fr\/day-21\/#breadcrumb","itemListElement":[{"@type":"ListItem","position":1,"name":"Home","item":"https:\/\/unceasinglypray.org\/pt\/"},{"@type":"ListItem","position":2,"name":"Day 21"}]},{"@type":"WebSite","@id":"https:\/\/unceasinglypray.org\/ar\/#website","url":"https:\/\/unceasinglypray.org\/ar\/","name":"Unceasingly Pray","description":"","potentialAction":[{"@type":"SearchAction","target":{"@type":"EntryPoint","urlTemplate":"https:\/\/unceasinglypray.org\/ar\/?s={search_term_string}"},"query-input":{"@type":"PropertyValueSpecification","valueRequired":true,"valueName":"search_term_string"}}],"inLanguage":"cs"}]}},"_links":{"self":[{"href":"https:\/\/unceasinglypray.org\/cs\/wp-json\/wp\/v2\/pages\/743","targetHints":{"allow":["GET"]}}],"collection":[{"href":"https:\/\/unceasinglypray.org\/cs\/wp-json\/wp\/v2\/pages"}],"about":[{"href":"https:\/\/unceasinglypray.org\/cs\/wp-json\/wp\/v2\/types\/page"}],"author":[{"embeddable":true,"href":"https:\/\/unceasinglypray.org\/cs\/wp-json\/wp\/v2\/users\/1"}],"replies":[{"embeddable":true,"href":"https:\/\/unceasinglypray.org\/cs\/wp-json\/wp\/v2\/comments?post=743"}],"version-history":[{"count":0,"href":"https:\/\/unceasinglypray.org\/cs\/wp-json\/wp\/v2\/pages\/743\/revisions"}],"wp:featuredmedia":[{"embeddable":true,"href":"https:\/\/unceasinglypray.org\/cs\/wp-json\/wp\/v2\/media\/771"}],"wp:attachment":[{"href":"https:\/\/unceasinglypray.org\/cs\/wp-json\/wp\/v2\/media?parent=743"}],"curies":[{"name":"wp","href":"https:\/\/api.w.org\/{rel}","templated":true}]}}