{"id":533,"date":"2020-04-04T21:56:46","date_gmt":"2020-04-04T21:56:46","guid":{"rendered":"https:\/\/unceasinglypray.org\/?page_id=533"},"modified":"2020-06-11T14:47:29","modified_gmt":"2020-06-11T14:47:29","slug":"day-20","status":"publish","type":"page","link":"https:\/\/unceasinglypray.org\/cs\/day-20\/","title":{"rendered":"Day 20"},"content":{"rendered":"<p>DAY 20: PRAYER TO BIND THE ENEMY<\/p>\n\t<p>Mk 3:27; 1J 3:8; Zj 12:10-11; L 18:7<\/p>\n\t<p>Aby byl spout\u00e1n nep\u0159\u00edtel, Satan, aby byly zma\u0159eny skutky \u010e\u00e1blovy, aby byl svr\u017een \u017ealobce brat\u0159\u00ed a aby svat\u00ed byli pomst\u011bni proti sv\u00e9mu odp\u016frci (Mk 3,27; 1J 3,8; Zj 12,10-11; L 18,7).<\/p>\n\t<p><strong>Mark. 3:27<\/strong>\u2014But no one can enter into the house of the strong man and thoroughly plunder his goods unless he first binds the strong man, and then he will thoroughly plunder his house.<\/p>\n<p><strong>1 John. 3:8<\/strong>\u2014He who practices sin is of the devil, because the devil has sinned from the beginning. For this purpose the Son of God was manifested, that He might destroy the works of the devil.<\/p>\n<p><strong>Rev. 12:10-11<\/strong>\u2014And I heard a loud voice in heaven saying, Now has come the salvation and the power and the kingdom of our God and the authority of His Christ, for the accuser of our brothers has been cast down, who accuses them before our God day and night. And they overcame him because of the blood of the Lamb and because of the word of their testimony, and they loved not their soul-life even unto death.<\/p>\n<p><strong>Luke 18:7<\/strong>\u2014And will not God by all means carry out the avenging of His chosen ones, who cry to Him day and night, though He is long-suffering over them?<\/p>\n\t\t<h3><\/h3>\n\t\t<p>Vytrvejte v modlitb\u011b.<\/p>\n\t\t\t<a href=\"https:\/\/unceasinglypray.org\/cs\/sign-up\/\" target=\"_self\" role=\"button\" rel=\"noopener noreferrer\">\n\t\t\t\t\t\t\tZVOLTE SI \u010cAS\n\t\t\t\t\t<\/a>","protected":false},"excerpt":{"rendered":"<p>DAY 20: PRAYER TO BIND THE ENEMY Mark 3:27; 1 John 3:8; Rev. 12:10-11; Luke 18:7 For the enemy, Satan, to be bound, for the works of the devil to be destroyed, for the accuser of the brothers to be cast down, and for the saints to be avenged of their adversary (Mark 3:27; 1&hellip;<\/p>","protected":false},"author":1,"featured_media":771,"parent":0,"menu_order":0,"comment_status":"closed","ping_status":"closed","template":"","meta":{"inline_featured_image":false,"footnotes":""},"class_list":["post-533","page","type-page","status-publish","has-post-thumbnail","hentry"],"yoast_head":"<!-- This site is optimized with the Yoast SEO plugin v27.5 - https:\/\/yoast.com\/product\/yoast-seo-wordpress\/ -->\n<title>Day 20 - Unceasingly Pray<\/title>\n<meta name=\"robots\" content=\"index, follow, max-snippet:-1, max-image-preview:large, max-video-preview:-1\" \/>\n<link rel=\"canonical\" href=\"https:\/\/unceasinglypray.org\/cs\/day-20\/\" \/>\n<meta property=\"og:locale\" content=\"cs_CZ\" \/>\n<meta property=\"og:type\" content=\"article\" \/>\n<meta property=\"og:title\" content=\"Day 20 - Unceasingly Pray\" \/>\n<meta property=\"og:description\" content=\"DAY 20: PRAYER TO BIND THE ENEMY Mark 3:27; 1 John 3:8; Rev. 12:10-11; Luke 18:7 For the enemy, Satan, to be bound, for the works of the devil to be destroyed, for the accuser of the brothers to be cast down, and for the saints to be avenged of their adversary (Mark 3:27; 1&hellip;\" \/>\n<meta property=\"og:url\" content=\"https:\/\/unceasinglypray.org\/cs\/day-20\/\" \/>\n<meta property=\"og:site_name\" content=\"Unceasingly Pray\" \/>\n<meta property=\"article:modified_time\" content=\"2020-06-11T14:47:29+00:00\" \/>\n<meta property=\"og:image\" content=\"https:\/\/unceasinglypray.org\/wp-content\/uploads\/2020\/04\/social_share.gif\" \/>\n\t<meta property=\"og:image:width\" content=\"1200\" \/>\n\t<meta property=\"og:image:height\" content=\"630\" \/>\n\t<meta property=\"og:image:type\" content=\"image\/gif\" \/>\n<meta name=\"twitter:card\" content=\"summary_large_image\" \/>\n<meta name=\"twitter:label1\" content=\"Odhadovan\u00e1 doba \u010dten\u00ed\" \/>\n\t<meta name=\"twitter:data1\" content=\"1 minuta\" \/>\n<script type=\"application\/ld+json\" class=\"yoast-schema-graph\">{\"@context\":\"https:\\\/\\\/schema.org\",\"@graph\":[{\"@type\":\"WebPage\",\"@id\":\"https:\\\/\\\/unceasinglypray.org\\\/ar\\\/day-20\\\/\",\"url\":\"https:\\\/\\\/unceasinglypray.org\\\/ar\\\/day-20\\\/\",\"name\":\"Day 20 - Unceasingly Pray\",\"isPartOf\":{\"@id\":\"https:\\\/\\\/unceasinglypray.org\\\/ar\\\/#website\"},\"primaryImageOfPage\":{\"@id\":\"https:\\\/\\\/unceasinglypray.org\\\/ar\\\/day-20\\\/#primaryimage\"},\"image\":{\"@id\":\"https:\\\/\\\/unceasinglypray.org\\\/ar\\\/day-20\\\/#primaryimage\"},\"thumbnailUrl\":\"https:\\\/\\\/unceasinglypray.org\\\/wp-content\\\/uploads\\\/2020\\\/04\\\/social_share.gif\",\"datePublished\":\"2020-04-04T21:56:46+00:00\",\"dateModified\":\"2020-06-11T14:47:29+00:00\",\"breadcrumb\":{\"@id\":\"https:\\\/\\\/unceasinglypray.org\\\/ar\\\/day-20\\\/#breadcrumb\"},\"inLanguage\":\"cs\",\"potentialAction\":[{\"@type\":\"ReadAction\",\"target\":[\"https:\\\/\\\/unceasinglypray.org\\\/ar\\\/day-20\\\/\"]}]},{\"@type\":\"ImageObject\",\"inLanguage\":\"cs\",\"@id\":\"https:\\\/\\\/unceasinglypray.org\\\/ar\\\/day-20\\\/#primaryimage\",\"url\":\"https:\\\/\\\/unceasinglypray.org\\\/wp-content\\\/uploads\\\/2020\\\/04\\\/social_share.gif\",\"contentUrl\":\"https:\\\/\\\/unceasinglypray.org\\\/wp-content\\\/uploads\\\/2020\\\/04\\\/social_share.gif\",\"width\":1200,\"height\":630},{\"@type\":\"BreadcrumbList\",\"@id\":\"https:\\\/\\\/unceasinglypray.org\\\/ar\\\/day-20\\\/#breadcrumb\",\"itemListElement\":[{\"@type\":\"ListItem\",\"position\":1,\"name\":\"Home\",\"item\":\"https:\\\/\\\/unceasinglypray.org\\\/pt\\\/\"},{\"@type\":\"ListItem\",\"position\":2,\"name\":\"Day 20\"}]},{\"@type\":\"WebSite\",\"@id\":\"https:\\\/\\\/unceasinglypray.org\\\/ar\\\/#website\",\"url\":\"https:\\\/\\\/unceasinglypray.org\\\/ar\\\/\",\"name\":\"Unceasingly Pray\",\"description\":\"\",\"potentialAction\":[{\"@type\":\"SearchAction\",\"target\":{\"@type\":\"EntryPoint\",\"urlTemplate\":\"https:\\\/\\\/unceasinglypray.org\\\/ar\\\/?s={search_term_string}\"},\"query-input\":{\"@type\":\"PropertyValueSpecification\",\"valueRequired\":true,\"valueName\":\"search_term_string\"}}],\"inLanguage\":\"cs\"}]}<\/script>\n<!-- \/ Yoast SEO plugin. -->","yoast_head_json":{"title":"Day 20 - Unceasingly Pray","robots":{"index":"index","follow":"follow","max-snippet":"max-snippet:-1","max-image-preview":"max-image-preview:large","max-video-preview":"max-video-preview:-1"},"canonical":"https:\/\/unceasinglypray.org\/cs\/day-20\/","og_locale":"cs_CZ","og_type":"article","og_title":"Day 20 - Unceasingly Pray","og_description":"DAY 20: PRAYER TO BIND THE ENEMY Mark 3:27; 1 John 3:8; Rev. 12:10-11; Luke 18:7 For the enemy, Satan, to be bound, for the works of the devil to be destroyed, for the accuser of the brothers to be cast down, and for the saints to be avenged of their adversary (Mark 3:27; 1&hellip;","og_url":"https:\/\/unceasinglypray.org\/cs\/day-20\/","og_site_name":"Unceasingly Pray","article_modified_time":"2020-06-11T14:47:29+00:00","og_image":[{"width":1200,"height":630,"url":"https:\/\/unceasinglypray.org\/wp-content\/uploads\/2020\/04\/social_share.gif","type":"image\/gif"}],"twitter_card":"summary_large_image","twitter_misc":{"Odhadovan\u00e1 doba \u010dten\u00ed":"1 minuta"},"schema":{"@context":"https:\/\/schema.org","@graph":[{"@type":"WebPage","@id":"https:\/\/unceasinglypray.org\/ar\/day-20\/","url":"https:\/\/unceasinglypray.org\/ar\/day-20\/","name":"Day 20 - Unceasingly Pray","isPartOf":{"@id":"https:\/\/unceasinglypray.org\/ar\/#website"},"primaryImageOfPage":{"@id":"https:\/\/unceasinglypray.org\/ar\/day-20\/#primaryimage"},"image":{"@id":"https:\/\/unceasinglypray.org\/ar\/day-20\/#primaryimage"},"thumbnailUrl":"https:\/\/unceasinglypray.org\/wp-content\/uploads\/2020\/04\/social_share.gif","datePublished":"2020-04-04T21:56:46+00:00","dateModified":"2020-06-11T14:47:29+00:00","breadcrumb":{"@id":"https:\/\/unceasinglypray.org\/ar\/day-20\/#breadcrumb"},"inLanguage":"cs","potentialAction":[{"@type":"ReadAction","target":["https:\/\/unceasinglypray.org\/ar\/day-20\/"]}]},{"@type":"ImageObject","inLanguage":"cs","@id":"https:\/\/unceasinglypray.org\/ar\/day-20\/#primaryimage","url":"https:\/\/unceasinglypray.org\/wp-content\/uploads\/2020\/04\/social_share.gif","contentUrl":"https:\/\/unceasinglypray.org\/wp-content\/uploads\/2020\/04\/social_share.gif","width":1200,"height":630},{"@type":"BreadcrumbList","@id":"https:\/\/unceasinglypray.org\/ar\/day-20\/#breadcrumb","itemListElement":[{"@type":"ListItem","position":1,"name":"Home","item":"https:\/\/unceasinglypray.org\/pt\/"},{"@type":"ListItem","position":2,"name":"Day 20"}]},{"@type":"WebSite","@id":"https:\/\/unceasinglypray.org\/ar\/#website","url":"https:\/\/unceasinglypray.org\/ar\/","name":"Unceasingly Pray","description":"","potentialAction":[{"@type":"SearchAction","target":{"@type":"EntryPoint","urlTemplate":"https:\/\/unceasinglypray.org\/ar\/?s={search_term_string}"},"query-input":{"@type":"PropertyValueSpecification","valueRequired":true,"valueName":"search_term_string"}}],"inLanguage":"cs"}]}},"_links":{"self":[{"href":"https:\/\/unceasinglypray.org\/cs\/wp-json\/wp\/v2\/pages\/533","targetHints":{"allow":["GET"]}}],"collection":[{"href":"https:\/\/unceasinglypray.org\/cs\/wp-json\/wp\/v2\/pages"}],"about":[{"href":"https:\/\/unceasinglypray.org\/cs\/wp-json\/wp\/v2\/types\/page"}],"author":[{"embeddable":true,"href":"https:\/\/unceasinglypray.org\/cs\/wp-json\/wp\/v2\/users\/1"}],"replies":[{"embeddable":true,"href":"https:\/\/unceasinglypray.org\/cs\/wp-json\/wp\/v2\/comments?post=533"}],"version-history":[{"count":0,"href":"https:\/\/unceasinglypray.org\/cs\/wp-json\/wp\/v2\/pages\/533\/revisions"}],"wp:featuredmedia":[{"embeddable":true,"href":"https:\/\/unceasinglypray.org\/cs\/wp-json\/wp\/v2\/media\/771"}],"wp:attachment":[{"href":"https:\/\/unceasinglypray.org\/cs\/wp-json\/wp\/v2\/media?parent=533"}],"curies":[{"name":"wp","href":"https:\/\/api.w.org\/{rel}","templated":true}]}}