{"id":529,"date":"2020-04-04T21:54:22","date_gmt":"2020-04-04T21:54:22","guid":{"rendered":"https:\/\/unceasinglypray.org\/?page_id=529"},"modified":"2020-06-11T14:26:48","modified_gmt":"2020-06-11T14:26:48","slug":"day-16","status":"publish","type":"page","link":"https:\/\/unceasinglypray.org\/cs\/day-16\/","title":{"rendered":"Day 16"},"content":{"rendered":"<p>DAY 16: PRAYER FOR THE GOD-ORDAINED WAY<\/p>\n\t<p>Sk 2:46-47; 1Pt 4:10; 1K 14:26; Ef 4:12, 16<\/p>\n\t<p>Aby svat\u00ed pou\u017eili sou\u010dasn\u00e9 okolnosti k rozv\u00edjen\u00ed c\u00edrkevn\u00edho \u017eivota, kter\u00fd je vit\u00e1ln\u011bj\u0161\u00ed, siln\u011bj\u0161\u00ed, plodn\u011bj\u0161\u00ed a v\u00edce v souladu s Bohem ur\u010denou cestou, skrze uvoln\u011bn\u00ed organick\u00e9 funkce ka\u017ed\u00e9ho svat\u00e9ho (Sk 2,46-47; 1Pt 4,10; 1K 14,26; Ef 4,12.16).<\/p>\n\t<p><strong>Acts 2:46-47<\/strong>\u2014And day by day, continuing steadfastly with one accord in the temple and breaking bread from house to house, they partook of their food with exultation and simplicity of heart, praising God and having grace with all the people. And the Lord added together day by day those who were being saved.<\/p>\n<p><strong>1 Pet. 4:10<\/strong>\u2014Each one, as he has received a gift, ministering it among yourselves as good stewards of the varied grace of God.<\/p>\n<p><strong>1 Cor. 14:26<\/strong>\u2014What then, brothers? Whenever you come together, each one has a psalm, has a teaching, has a revelation, has a tongue, has an interpretation. Let all things be done for building up.<\/p>\n<p><strong>Eph. 4:12, 16<\/strong>\u2014For the perfecting of the saints unto the work of the ministry, unto the building up of the Body of Christ, out from whom all the Body, being joined together and being knit together through every joint of the rich supply and through the operation in the measure of each one part, causes the growth of the Body unto the building up of itself in love.<\/p>\n\t\t<h3><\/h3>\n\t\t<p>Vytrvejte v modlitb\u011b.<\/p>\n\t\t\t<a href=\"https:\/\/unceasinglypray.org\/cs\/sign-up\/\" target=\"_self\" role=\"button\" rel=\"noopener noreferrer\">\n\t\t\t\t\t\t\tZVOLTE SI \u010cAS\n\t\t\t\t\t<\/a>","protected":false},"excerpt":{"rendered":"<p>DAY 16: PRAYER FOR THE GOD-ORDAINED WAY Acts 2:46-47; 1 Pet. 4:10; 1 Cor. 14:26; Eph. 4:12, 16 For the saints to use the present circumstances to cultivate a church life that is more vital, more prevailing, more fruitful, and more according to the God-ordained way through the release of the organic function of every&hellip;<\/p>","protected":false},"author":1,"featured_media":771,"parent":0,"menu_order":0,"comment_status":"closed","ping_status":"closed","template":"","meta":{"inline_featured_image":false,"footnotes":""},"class_list":["post-529","page","type-page","status-publish","has-post-thumbnail","hentry"],"yoast_head":"<!-- This site is optimized with the Yoast SEO plugin v27.3 - https:\/\/yoast.com\/product\/yoast-seo-wordpress\/ -->\n<title>Day 16 - Unceasingly Pray<\/title>\n<meta name=\"robots\" content=\"index, follow, max-snippet:-1, max-image-preview:large, max-video-preview:-1\" \/>\n<link rel=\"canonical\" href=\"https:\/\/unceasinglypray.org\/cs\/day-16\/\" \/>\n<meta property=\"og:locale\" content=\"cs_CZ\" \/>\n<meta property=\"og:type\" content=\"article\" \/>\n<meta property=\"og:title\" content=\"Day 16 - Unceasingly Pray\" \/>\n<meta property=\"og:description\" content=\"DAY 16: PRAYER FOR THE GOD-ORDAINED WAY Acts 2:46-47; 1 Pet. 4:10; 1 Cor. 14:26; Eph. 4:12, 16 For the saints to use the present circumstances to cultivate a church life that is more vital, more prevailing, more fruitful, and more according to the God-ordained way through the release of the organic function of every&hellip;\" \/>\n<meta property=\"og:url\" content=\"https:\/\/unceasinglypray.org\/cs\/day-16\/\" \/>\n<meta property=\"og:site_name\" content=\"Unceasingly Pray\" \/>\n<meta property=\"article:modified_time\" content=\"2020-06-11T14:26:48+00:00\" \/>\n<meta property=\"og:image\" content=\"https:\/\/unceasinglypray.org\/wp-content\/uploads\/2020\/04\/social_share.gif\" \/>\n\t<meta property=\"og:image:width\" content=\"1200\" \/>\n\t<meta property=\"og:image:height\" content=\"630\" \/>\n\t<meta property=\"og:image:type\" content=\"image\/gif\" \/>\n<meta name=\"twitter:card\" content=\"summary_large_image\" \/>\n<meta name=\"twitter:label1\" content=\"Odhadovan\u00e1 doba \u010dten\u00ed\" \/>\n\t<meta name=\"twitter:data1\" content=\"1 minuta\" \/>\n<script type=\"application\/ld+json\" class=\"yoast-schema-graph\">{\"@context\":\"https:\\\/\\\/schema.org\",\"@graph\":[{\"@type\":\"WebPage\",\"@id\":\"https:\\\/\\\/unceasinglypray.org\\\/pt\\\/day-16\\\/\",\"url\":\"https:\\\/\\\/unceasinglypray.org\\\/pt\\\/day-16\\\/\",\"name\":\"Day 16 - Unceasingly Pray\",\"isPartOf\":{\"@id\":\"https:\\\/\\\/unceasinglypray.org\\\/ar\\\/#website\"},\"primaryImageOfPage\":{\"@id\":\"https:\\\/\\\/unceasinglypray.org\\\/pt\\\/day-16\\\/#primaryimage\"},\"image\":{\"@id\":\"https:\\\/\\\/unceasinglypray.org\\\/pt\\\/day-16\\\/#primaryimage\"},\"thumbnailUrl\":\"https:\\\/\\\/unceasinglypray.org\\\/wp-content\\\/uploads\\\/2020\\\/04\\\/social_share.gif\",\"datePublished\":\"2020-04-04T21:54:22+00:00\",\"dateModified\":\"2020-06-11T14:26:48+00:00\",\"breadcrumb\":{\"@id\":\"https:\\\/\\\/unceasinglypray.org\\\/pt\\\/day-16\\\/#breadcrumb\"},\"inLanguage\":\"cs\",\"potentialAction\":[{\"@type\":\"ReadAction\",\"target\":[\"https:\\\/\\\/unceasinglypray.org\\\/pt\\\/day-16\\\/\"]}]},{\"@type\":\"ImageObject\",\"inLanguage\":\"cs\",\"@id\":\"https:\\\/\\\/unceasinglypray.org\\\/pt\\\/day-16\\\/#primaryimage\",\"url\":\"https:\\\/\\\/unceasinglypray.org\\\/wp-content\\\/uploads\\\/2020\\\/04\\\/social_share.gif\",\"contentUrl\":\"https:\\\/\\\/unceasinglypray.org\\\/wp-content\\\/uploads\\\/2020\\\/04\\\/social_share.gif\",\"width\":1200,\"height\":630},{\"@type\":\"BreadcrumbList\",\"@id\":\"https:\\\/\\\/unceasinglypray.org\\\/pt\\\/day-16\\\/#breadcrumb\",\"itemListElement\":[{\"@type\":\"ListItem\",\"position\":1,\"name\":\"Home\",\"item\":\"https:\\\/\\\/unceasinglypray.org\\\/pt\\\/\"},{\"@type\":\"ListItem\",\"position\":2,\"name\":\"Day 16\"}]},{\"@type\":\"WebSite\",\"@id\":\"https:\\\/\\\/unceasinglypray.org\\\/ar\\\/#website\",\"url\":\"https:\\\/\\\/unceasinglypray.org\\\/ar\\\/\",\"name\":\"Unceasingly Pray\",\"description\":\"\",\"potentialAction\":[{\"@type\":\"SearchAction\",\"target\":{\"@type\":\"EntryPoint\",\"urlTemplate\":\"https:\\\/\\\/unceasinglypray.org\\\/ar\\\/?s={search_term_string}\"},\"query-input\":{\"@type\":\"PropertyValueSpecification\",\"valueRequired\":true,\"valueName\":\"search_term_string\"}}],\"inLanguage\":\"cs\"}]}<\/script>\n<!-- \/ Yoast SEO plugin. -->","yoast_head_json":{"title":"Day 16 - Unceasingly Pray","robots":{"index":"index","follow":"follow","max-snippet":"max-snippet:-1","max-image-preview":"max-image-preview:large","max-video-preview":"max-video-preview:-1"},"canonical":"https:\/\/unceasinglypray.org\/cs\/day-16\/","og_locale":"cs_CZ","og_type":"article","og_title":"Day 16 - Unceasingly Pray","og_description":"DAY 16: PRAYER FOR THE GOD-ORDAINED WAY Acts 2:46-47; 1 Pet. 4:10; 1 Cor. 14:26; Eph. 4:12, 16 For the saints to use the present circumstances to cultivate a church life that is more vital, more prevailing, more fruitful, and more according to the God-ordained way through the release of the organic function of every&hellip;","og_url":"https:\/\/unceasinglypray.org\/cs\/day-16\/","og_site_name":"Unceasingly Pray","article_modified_time":"2020-06-11T14:26:48+00:00","og_image":[{"width":1200,"height":630,"url":"https:\/\/unceasinglypray.org\/wp-content\/uploads\/2020\/04\/social_share.gif","type":"image\/gif"}],"twitter_card":"summary_large_image","twitter_misc":{"Odhadovan\u00e1 doba \u010dten\u00ed":"1 minuta"},"schema":{"@context":"https:\/\/schema.org","@graph":[{"@type":"WebPage","@id":"https:\/\/unceasinglypray.org\/pt\/day-16\/","url":"https:\/\/unceasinglypray.org\/pt\/day-16\/","name":"Day 16 - Unceasingly Pray","isPartOf":{"@id":"https:\/\/unceasinglypray.org\/ar\/#website"},"primaryImageOfPage":{"@id":"https:\/\/unceasinglypray.org\/pt\/day-16\/#primaryimage"},"image":{"@id":"https:\/\/unceasinglypray.org\/pt\/day-16\/#primaryimage"},"thumbnailUrl":"https:\/\/unceasinglypray.org\/wp-content\/uploads\/2020\/04\/social_share.gif","datePublished":"2020-04-04T21:54:22+00:00","dateModified":"2020-06-11T14:26:48+00:00","breadcrumb":{"@id":"https:\/\/unceasinglypray.org\/pt\/day-16\/#breadcrumb"},"inLanguage":"cs","potentialAction":[{"@type":"ReadAction","target":["https:\/\/unceasinglypray.org\/pt\/day-16\/"]}]},{"@type":"ImageObject","inLanguage":"cs","@id":"https:\/\/unceasinglypray.org\/pt\/day-16\/#primaryimage","url":"https:\/\/unceasinglypray.org\/wp-content\/uploads\/2020\/04\/social_share.gif","contentUrl":"https:\/\/unceasinglypray.org\/wp-content\/uploads\/2020\/04\/social_share.gif","width":1200,"height":630},{"@type":"BreadcrumbList","@id":"https:\/\/unceasinglypray.org\/pt\/day-16\/#breadcrumb","itemListElement":[{"@type":"ListItem","position":1,"name":"Home","item":"https:\/\/unceasinglypray.org\/pt\/"},{"@type":"ListItem","position":2,"name":"Day 16"}]},{"@type":"WebSite","@id":"https:\/\/unceasinglypray.org\/ar\/#website","url":"https:\/\/unceasinglypray.org\/ar\/","name":"Unceasingly Pray","description":"","potentialAction":[{"@type":"SearchAction","target":{"@type":"EntryPoint","urlTemplate":"https:\/\/unceasinglypray.org\/ar\/?s={search_term_string}"},"query-input":{"@type":"PropertyValueSpecification","valueRequired":true,"valueName":"search_term_string"}}],"inLanguage":"cs"}]}},"_links":{"self":[{"href":"https:\/\/unceasinglypray.org\/cs\/wp-json\/wp\/v2\/pages\/529","targetHints":{"allow":["GET"]}}],"collection":[{"href":"https:\/\/unceasinglypray.org\/cs\/wp-json\/wp\/v2\/pages"}],"about":[{"href":"https:\/\/unceasinglypray.org\/cs\/wp-json\/wp\/v2\/types\/page"}],"author":[{"embeddable":true,"href":"https:\/\/unceasinglypray.org\/cs\/wp-json\/wp\/v2\/users\/1"}],"replies":[{"embeddable":true,"href":"https:\/\/unceasinglypray.org\/cs\/wp-json\/wp\/v2\/comments?post=529"}],"version-history":[{"count":0,"href":"https:\/\/unceasinglypray.org\/cs\/wp-json\/wp\/v2\/pages\/529\/revisions"}],"wp:featuredmedia":[{"embeddable":true,"href":"https:\/\/unceasinglypray.org\/cs\/wp-json\/wp\/v2\/media\/771"}],"wp:attachment":[{"href":"https:\/\/unceasinglypray.org\/cs\/wp-json\/wp\/v2\/media?parent=529"}],"curies":[{"name":"wp","href":"https:\/\/api.w.org\/{rel}","templated":true}]}}