{"id":528,"date":"2020-04-04T21:53:21","date_gmt":"2020-04-04T21:53:21","guid":{"rendered":"https:\/\/unceasinglypray.org\/?page_id=528"},"modified":"2020-06-11T14:26:31","modified_gmt":"2020-06-11T14:26:31","slug":"day-15","status":"publish","type":"page","link":"https:\/\/unceasinglypray.org\/cs\/day-15\/","title":{"rendered":"Day 15"},"content":{"rendered":"<p>DAY 15: PRAYER FOR THE BUILDING UP OF THE BODY<\/p>\n\t<p>Ko 2:6-7; \u0158 8:4; Ef 4:15-16<\/p>\n\t<p>Aby svat\u00ed ve sv\u00e9m ka\u017edodenn\u00edm \u017eivot\u011b chodili duchem v Kristu, aby ve v\u0161em rostli v Krista a aby byli spolu spojeni a budov\u00e1ni jako T\u011blo Kristovo (Ko 2,6-7; \u0158 8,4; Ef 4,15-16).<\/p>\n\t<p><strong>Col. 2:6-7<\/strong>\u2014As therefore you have received the Christ, Jesus the Lord, walk in Him, having been rooted and being built up in Him, and being established in the faith even as you were taught, abounding in thanksgiving.<\/p>\n<p><strong>Rom. 8:4<\/strong>\u2014That the righteous requirement of the law might be fulfilled in us, who do not walk according to the flesh but according to the spirit.<\/p>\n<p><strong>Eph. 4:15-16<\/strong>\u2014But holding to truth in love, we may grow up into Him in all things, who is the Head, Christ, out from whom all the Body, being joined together and being knit together through every joint of the rich supply and through the operation in the measure of each one part, causes the growth of the Body unto the building up of itself in love.<\/p>\n\t\t<h3><\/h3>\n\t\t<p>Vytrvejte v modlitb\u011b.<\/p>\n\t\t\t<a href=\"https:\/\/unceasinglypray.org\/cs\/sign-up\/\" target=\"_self\" role=\"button\" rel=\"noopener noreferrer\">\n\t\t\t\t\t\t\tZVOLTE SI \u010cAS\n\t\t\t\t\t<\/a>","protected":false},"excerpt":{"rendered":"<p>DAY 15: PRAYER FOR THE BUILDING UP OF THE BODY Col. 2:6-7; Rom. 8:4; Eph. 4:15-16 For the saints to walk in Christ by the spirit in their daily life, to grow up into Christ in all things, and to be knit and built together as the Body of Christ (Col. 2:6-7; Rom. 8:4; Eph.&hellip;<\/p>","protected":false},"author":1,"featured_media":771,"parent":0,"menu_order":0,"comment_status":"closed","ping_status":"closed","template":"","meta":{"inline_featured_image":false,"footnotes":""},"class_list":["post-528","page","type-page","status-publish","has-post-thumbnail","hentry"],"yoast_head":"<!-- This site is optimized with the Yoast SEO plugin v27.3 - https:\/\/yoast.com\/product\/yoast-seo-wordpress\/ -->\n<title>Day 15 - Unceasingly Pray<\/title>\n<meta name=\"robots\" content=\"index, follow, max-snippet:-1, max-image-preview:large, max-video-preview:-1\" \/>\n<link rel=\"canonical\" href=\"https:\/\/unceasinglypray.org\/cs\/day-15\/\" \/>\n<meta property=\"og:locale\" content=\"cs_CZ\" \/>\n<meta property=\"og:type\" content=\"article\" \/>\n<meta property=\"og:title\" content=\"Day 15 - Unceasingly Pray\" \/>\n<meta property=\"og:description\" content=\"DAY 15: PRAYER FOR THE BUILDING UP OF THE BODY Col. 2:6-7; Rom. 8:4; Eph. 4:15-16 For the saints to walk in Christ by the spirit in their daily life, to grow up into Christ in all things, and to be knit and built together as the Body of Christ (Col. 2:6-7; Rom. 8:4; Eph.&hellip;\" \/>\n<meta property=\"og:url\" content=\"https:\/\/unceasinglypray.org\/cs\/day-15\/\" \/>\n<meta property=\"og:site_name\" content=\"Unceasingly Pray\" \/>\n<meta property=\"article:modified_time\" content=\"2020-06-11T14:26:31+00:00\" \/>\n<meta property=\"og:image\" content=\"https:\/\/unceasinglypray.org\/wp-content\/uploads\/2020\/04\/social_share.gif\" \/>\n\t<meta property=\"og:image:width\" content=\"1200\" \/>\n\t<meta property=\"og:image:height\" content=\"630\" \/>\n\t<meta property=\"og:image:type\" content=\"image\/gif\" \/>\n<meta name=\"twitter:card\" content=\"summary_large_image\" \/>\n<meta name=\"twitter:label1\" content=\"Odhadovan\u00e1 doba \u010dten\u00ed\" \/>\n\t<meta name=\"twitter:data1\" content=\"1 minuta\" \/>\n<script type=\"application\/ld+json\" class=\"yoast-schema-graph\">{\"@context\":\"https:\\\/\\\/schema.org\",\"@graph\":[{\"@type\":\"WebPage\",\"@id\":\"https:\\\/\\\/unceasinglypray.org\\\/cs\\\/day-15\\\/\",\"url\":\"https:\\\/\\\/unceasinglypray.org\\\/cs\\\/day-15\\\/\",\"name\":\"Day 15 - Unceasingly Pray\",\"isPartOf\":{\"@id\":\"https:\\\/\\\/unceasinglypray.org\\\/ar\\\/#website\"},\"primaryImageOfPage\":{\"@id\":\"https:\\\/\\\/unceasinglypray.org\\\/cs\\\/day-15\\\/#primaryimage\"},\"image\":{\"@id\":\"https:\\\/\\\/unceasinglypray.org\\\/cs\\\/day-15\\\/#primaryimage\"},\"thumbnailUrl\":\"https:\\\/\\\/unceasinglypray.org\\\/wp-content\\\/uploads\\\/2020\\\/04\\\/social_share.gif\",\"datePublished\":\"2020-04-04T21:53:21+00:00\",\"dateModified\":\"2020-06-11T14:26:31+00:00\",\"breadcrumb\":{\"@id\":\"https:\\\/\\\/unceasinglypray.org\\\/cs\\\/day-15\\\/#breadcrumb\"},\"inLanguage\":\"cs\",\"potentialAction\":[{\"@type\":\"ReadAction\",\"target\":[\"https:\\\/\\\/unceasinglypray.org\\\/cs\\\/day-15\\\/\"]}]},{\"@type\":\"ImageObject\",\"inLanguage\":\"cs\",\"@id\":\"https:\\\/\\\/unceasinglypray.org\\\/cs\\\/day-15\\\/#primaryimage\",\"url\":\"https:\\\/\\\/unceasinglypray.org\\\/wp-content\\\/uploads\\\/2020\\\/04\\\/social_share.gif\",\"contentUrl\":\"https:\\\/\\\/unceasinglypray.org\\\/wp-content\\\/uploads\\\/2020\\\/04\\\/social_share.gif\",\"width\":1200,\"height\":630},{\"@type\":\"BreadcrumbList\",\"@id\":\"https:\\\/\\\/unceasinglypray.org\\\/cs\\\/day-15\\\/#breadcrumb\",\"itemListElement\":[{\"@type\":\"ListItem\",\"position\":1,\"name\":\"Home\",\"item\":\"https:\\\/\\\/unceasinglypray.org\\\/pt\\\/\"},{\"@type\":\"ListItem\",\"position\":2,\"name\":\"Day 15\"}]},{\"@type\":\"WebSite\",\"@id\":\"https:\\\/\\\/unceasinglypray.org\\\/ar\\\/#website\",\"url\":\"https:\\\/\\\/unceasinglypray.org\\\/ar\\\/\",\"name\":\"Unceasingly Pray\",\"description\":\"\",\"potentialAction\":[{\"@type\":\"SearchAction\",\"target\":{\"@type\":\"EntryPoint\",\"urlTemplate\":\"https:\\\/\\\/unceasinglypray.org\\\/ar\\\/?s={search_term_string}\"},\"query-input\":{\"@type\":\"PropertyValueSpecification\",\"valueRequired\":true,\"valueName\":\"search_term_string\"}}],\"inLanguage\":\"cs\"}]}<\/script>\n<!-- \/ Yoast SEO plugin. -->","yoast_head_json":{"title":"Day 15 - Unceasingly Pray","robots":{"index":"index","follow":"follow","max-snippet":"max-snippet:-1","max-image-preview":"max-image-preview:large","max-video-preview":"max-video-preview:-1"},"canonical":"https:\/\/unceasinglypray.org\/cs\/day-15\/","og_locale":"cs_CZ","og_type":"article","og_title":"Day 15 - Unceasingly Pray","og_description":"DAY 15: PRAYER FOR THE BUILDING UP OF THE BODY Col. 2:6-7; Rom. 8:4; Eph. 4:15-16 For the saints to walk in Christ by the spirit in their daily life, to grow up into Christ in all things, and to be knit and built together as the Body of Christ (Col. 2:6-7; Rom. 8:4; Eph.&hellip;","og_url":"https:\/\/unceasinglypray.org\/cs\/day-15\/","og_site_name":"Unceasingly Pray","article_modified_time":"2020-06-11T14:26:31+00:00","og_image":[{"width":1200,"height":630,"url":"https:\/\/unceasinglypray.org\/wp-content\/uploads\/2020\/04\/social_share.gif","type":"image\/gif"}],"twitter_card":"summary_large_image","twitter_misc":{"Odhadovan\u00e1 doba \u010dten\u00ed":"1 minuta"},"schema":{"@context":"https:\/\/schema.org","@graph":[{"@type":"WebPage","@id":"https:\/\/unceasinglypray.org\/cs\/day-15\/","url":"https:\/\/unceasinglypray.org\/cs\/day-15\/","name":"Day 15 - Unceasingly Pray","isPartOf":{"@id":"https:\/\/unceasinglypray.org\/ar\/#website"},"primaryImageOfPage":{"@id":"https:\/\/unceasinglypray.org\/cs\/day-15\/#primaryimage"},"image":{"@id":"https:\/\/unceasinglypray.org\/cs\/day-15\/#primaryimage"},"thumbnailUrl":"https:\/\/unceasinglypray.org\/wp-content\/uploads\/2020\/04\/social_share.gif","datePublished":"2020-04-04T21:53:21+00:00","dateModified":"2020-06-11T14:26:31+00:00","breadcrumb":{"@id":"https:\/\/unceasinglypray.org\/cs\/day-15\/#breadcrumb"},"inLanguage":"cs","potentialAction":[{"@type":"ReadAction","target":["https:\/\/unceasinglypray.org\/cs\/day-15\/"]}]},{"@type":"ImageObject","inLanguage":"cs","@id":"https:\/\/unceasinglypray.org\/cs\/day-15\/#primaryimage","url":"https:\/\/unceasinglypray.org\/wp-content\/uploads\/2020\/04\/social_share.gif","contentUrl":"https:\/\/unceasinglypray.org\/wp-content\/uploads\/2020\/04\/social_share.gif","width":1200,"height":630},{"@type":"BreadcrumbList","@id":"https:\/\/unceasinglypray.org\/cs\/day-15\/#breadcrumb","itemListElement":[{"@type":"ListItem","position":1,"name":"Home","item":"https:\/\/unceasinglypray.org\/pt\/"},{"@type":"ListItem","position":2,"name":"Day 15"}]},{"@type":"WebSite","@id":"https:\/\/unceasinglypray.org\/ar\/#website","url":"https:\/\/unceasinglypray.org\/ar\/","name":"Unceasingly Pray","description":"","potentialAction":[{"@type":"SearchAction","target":{"@type":"EntryPoint","urlTemplate":"https:\/\/unceasinglypray.org\/ar\/?s={search_term_string}"},"query-input":{"@type":"PropertyValueSpecification","valueRequired":true,"valueName":"search_term_string"}}],"inLanguage":"cs"}]}},"_links":{"self":[{"href":"https:\/\/unceasinglypray.org\/cs\/wp-json\/wp\/v2\/pages\/528","targetHints":{"allow":["GET"]}}],"collection":[{"href":"https:\/\/unceasinglypray.org\/cs\/wp-json\/wp\/v2\/pages"}],"about":[{"href":"https:\/\/unceasinglypray.org\/cs\/wp-json\/wp\/v2\/types\/page"}],"author":[{"embeddable":true,"href":"https:\/\/unceasinglypray.org\/cs\/wp-json\/wp\/v2\/users\/1"}],"replies":[{"embeddable":true,"href":"https:\/\/unceasinglypray.org\/cs\/wp-json\/wp\/v2\/comments?post=528"}],"version-history":[{"count":0,"href":"https:\/\/unceasinglypray.org\/cs\/wp-json\/wp\/v2\/pages\/528\/revisions"}],"wp:featuredmedia":[{"embeddable":true,"href":"https:\/\/unceasinglypray.org\/cs\/wp-json\/wp\/v2\/media\/771"}],"wp:attachment":[{"href":"https:\/\/unceasinglypray.org\/cs\/wp-json\/wp\/v2\/media?parent=528"}],"curies":[{"name":"wp","href":"https:\/\/api.w.org\/{rel}","templated":true}]}}