{"id":526,"date":"2020-04-04T21:52:20","date_gmt":"2020-04-04T21:52:20","guid":{"rendered":"https:\/\/unceasinglypray.org\/?page_id=526"},"modified":"2020-06-11T13:47:13","modified_gmt":"2020-06-11T13:47:13","slug":"day-13","status":"publish","type":"page","link":"https:\/\/unceasinglypray.org\/cs\/day-13\/","title":{"rendered":"Day 13"},"content":{"rendered":"<p>DAY 13: PRAYER FOR THE SAINTS TO BE SANCTIFIED<\/p>\n\t<p>1Te 5:22-23; \u0158 12:2, 4-5<\/p>\n\t<p>Aby svat\u00ed byli zachov\u00e1ni a posv\u011bceni ve sv\u00e9 t\u0159\u00edslo\u017ekov\u00e9 bytosti, aby byli odd\u011bleni pro Boha od oby\u010dejn\u00fdch a h\u0159\u00ed\u0161n\u00fdch v\u011bc\u00ed (1Te 5,22-23), aby se nep\u0159ipodob\u0148ovali tomuto v\u011bku, ale byli prom\u011b\u0148ov\u00e1ni a mohli osv\u011bd\u010dit Bo\u017e\u00ed v\u016fli t\u00edm, \u017ee budou \u017e\u00edt \u017eivotem T\u011bla (\u0158 12,2.4-5).<\/p>\n\t<p><strong>1 Thes. 5:22-23<\/strong>\u2014Abstain from every kind of evil. And the God of peace Himself sanctify you wholly, and may your spirit and soul and body be preserved complete, without blame, at the coming of our Lord Jesus Christ.<\/p>\n<p><strong>Rom. 12:2<\/strong>\u2014And do not be fashioned according to this age, but be transformed by the renewing of the mind that you may prove what the will of God is, that which is good and well pleasing and perfect.<\/p>\n<p><strong>Rom. 12:4-5<\/strong>\u2014For just as in one body we have many members, and all the members do not have the same function, so we who are many are one Body in Christ, and individually members one of another. <strong>\u00a0<\/strong><\/p>\n\t\t<h3><\/h3>\n\t\t<p>Vytrvejte v modlitb\u011b.<\/p>\n\t\t\t<a href=\"https:\/\/unceasinglypray.org\/cs\/sign-up\/\" target=\"_self\" role=\"button\" rel=\"noopener noreferrer\">\n\t\t\t\t\t\t\tZVOLTE SI \u010cAS\n\t\t\t\t\t<\/a>","protected":false},"excerpt":{"rendered":"<p>DAY 13: PRAYER FOR THE SAINTS TO BE SANCTIFIED 1 Thes. 5:22-23; Rom 12:2, 4-5 For the saints to be preserved and sanctified in their tripartite being, to be separated unto God from common and sinful things (1 Thes. 5:22-23), and to not be conformed to this age but to be transformed and prove the&hellip;<\/p>","protected":false},"author":1,"featured_media":771,"parent":0,"menu_order":0,"comment_status":"closed","ping_status":"closed","template":"","meta":{"inline_featured_image":false,"footnotes":""},"class_list":["post-526","page","type-page","status-publish","has-post-thumbnail","hentry"],"yoast_head":"<!-- This site is optimized with the Yoast SEO plugin v27.5 - https:\/\/yoast.com\/product\/yoast-seo-wordpress\/ -->\n<title>Day 13 - Unceasingly Pray<\/title>\n<meta name=\"robots\" content=\"index, follow, max-snippet:-1, max-image-preview:large, max-video-preview:-1\" \/>\n<link rel=\"canonical\" href=\"http:\/\/unceasinglypray.org\/cs\/day-13\/\" \/>\n<meta property=\"og:locale\" content=\"cs_CZ\" \/>\n<meta property=\"og:type\" content=\"article\" \/>\n<meta property=\"og:title\" content=\"Day 13 - Unceasingly Pray\" \/>\n<meta property=\"og:description\" content=\"DAY 13: PRAYER FOR THE SAINTS TO BE SANCTIFIED 1 Thes. 5:22-23; Rom 12:2, 4-5 For the saints to be preserved and sanctified in their tripartite being, to be separated unto God from common and sinful things (1 Thes. 5:22-23), and to not be conformed to this age but to be transformed and prove the&hellip;\" \/>\n<meta property=\"og:url\" content=\"http:\/\/unceasinglypray.org\/cs\/day-13\/\" \/>\n<meta property=\"og:site_name\" content=\"Unceasingly Pray\" \/>\n<meta property=\"article:modified_time\" content=\"2020-06-11T13:47:13+00:00\" \/>\n<meta property=\"og:image\" content=\"https:\/\/unceasinglypray.org\/wp-content\/uploads\/2020\/04\/social_share.gif\" \/>\n\t<meta property=\"og:image:width\" content=\"1200\" \/>\n\t<meta property=\"og:image:height\" content=\"630\" \/>\n\t<meta property=\"og:image:type\" content=\"image\/gif\" \/>\n<meta name=\"twitter:card\" content=\"summary_large_image\" \/>\n<meta name=\"twitter:label1\" content=\"Odhadovan\u00e1 doba \u010dten\u00ed\" \/>\n\t<meta name=\"twitter:data1\" content=\"1 minuta\" \/>\n<script type=\"application\/ld+json\" class=\"yoast-schema-graph\">{\"@context\":\"https:\\\/\\\/schema.org\",\"@graph\":[{\"@type\":\"WebPage\",\"@id\":\"http:\\\/\\\/unceasinglypray.org\\\/cs\\\/day-13\\\/\",\"url\":\"http:\\\/\\\/unceasinglypray.org\\\/cs\\\/day-13\\\/\",\"name\":\"Day 13 - Unceasingly Pray\",\"isPartOf\":{\"@id\":\"https:\\\/\\\/unceasinglypray.org\\\/ar\\\/#website\"},\"primaryImageOfPage\":{\"@id\":\"http:\\\/\\\/unceasinglypray.org\\\/cs\\\/day-13\\\/#primaryimage\"},\"image\":{\"@id\":\"http:\\\/\\\/unceasinglypray.org\\\/cs\\\/day-13\\\/#primaryimage\"},\"thumbnailUrl\":\"https:\\\/\\\/unceasinglypray.org\\\/wp-content\\\/uploads\\\/2020\\\/04\\\/social_share.gif\",\"datePublished\":\"2020-04-04T21:52:20+00:00\",\"dateModified\":\"2020-06-11T13:47:13+00:00\",\"breadcrumb\":{\"@id\":\"http:\\\/\\\/unceasinglypray.org\\\/cs\\\/day-13\\\/#breadcrumb\"},\"inLanguage\":\"cs\",\"potentialAction\":[{\"@type\":\"ReadAction\",\"target\":[\"http:\\\/\\\/unceasinglypray.org\\\/cs\\\/day-13\\\/\"]}]},{\"@type\":\"ImageObject\",\"inLanguage\":\"cs\",\"@id\":\"http:\\\/\\\/unceasinglypray.org\\\/cs\\\/day-13\\\/#primaryimage\",\"url\":\"https:\\\/\\\/unceasinglypray.org\\\/wp-content\\\/uploads\\\/2020\\\/04\\\/social_share.gif\",\"contentUrl\":\"https:\\\/\\\/unceasinglypray.org\\\/wp-content\\\/uploads\\\/2020\\\/04\\\/social_share.gif\",\"width\":1200,\"height\":630},{\"@type\":\"BreadcrumbList\",\"@id\":\"http:\\\/\\\/unceasinglypray.org\\\/cs\\\/day-13\\\/#breadcrumb\",\"itemListElement\":[{\"@type\":\"ListItem\",\"position\":1,\"name\":\"Home\",\"item\":\"https:\\\/\\\/unceasinglypray.org\\\/pt\\\/\"},{\"@type\":\"ListItem\",\"position\":2,\"name\":\"Day 13\"}]},{\"@type\":\"WebSite\",\"@id\":\"https:\\\/\\\/unceasinglypray.org\\\/ar\\\/#website\",\"url\":\"https:\\\/\\\/unceasinglypray.org\\\/ar\\\/\",\"name\":\"Unceasingly Pray\",\"description\":\"\",\"potentialAction\":[{\"@type\":\"SearchAction\",\"target\":{\"@type\":\"EntryPoint\",\"urlTemplate\":\"https:\\\/\\\/unceasinglypray.org\\\/ar\\\/?s={search_term_string}\"},\"query-input\":{\"@type\":\"PropertyValueSpecification\",\"valueRequired\":true,\"valueName\":\"search_term_string\"}}],\"inLanguage\":\"cs\"}]}<\/script>\n<!-- \/ Yoast SEO plugin. -->","yoast_head_json":{"title":"Day 13 - Unceasingly Pray","robots":{"index":"index","follow":"follow","max-snippet":"max-snippet:-1","max-image-preview":"max-image-preview:large","max-video-preview":"max-video-preview:-1"},"canonical":"http:\/\/unceasinglypray.org\/cs\/day-13\/","og_locale":"cs_CZ","og_type":"article","og_title":"Day 13 - Unceasingly Pray","og_description":"DAY 13: PRAYER FOR THE SAINTS TO BE SANCTIFIED 1 Thes. 5:22-23; Rom 12:2, 4-5 For the saints to be preserved and sanctified in their tripartite being, to be separated unto God from common and sinful things (1 Thes. 5:22-23), and to not be conformed to this age but to be transformed and prove the&hellip;","og_url":"http:\/\/unceasinglypray.org\/cs\/day-13\/","og_site_name":"Unceasingly Pray","article_modified_time":"2020-06-11T13:47:13+00:00","og_image":[{"width":1200,"height":630,"url":"https:\/\/unceasinglypray.org\/wp-content\/uploads\/2020\/04\/social_share.gif","type":"image\/gif"}],"twitter_card":"summary_large_image","twitter_misc":{"Odhadovan\u00e1 doba \u010dten\u00ed":"1 minuta"},"schema":{"@context":"https:\/\/schema.org","@graph":[{"@type":"WebPage","@id":"http:\/\/unceasinglypray.org\/cs\/day-13\/","url":"http:\/\/unceasinglypray.org\/cs\/day-13\/","name":"Day 13 - Unceasingly Pray","isPartOf":{"@id":"https:\/\/unceasinglypray.org\/ar\/#website"},"primaryImageOfPage":{"@id":"http:\/\/unceasinglypray.org\/cs\/day-13\/#primaryimage"},"image":{"@id":"http:\/\/unceasinglypray.org\/cs\/day-13\/#primaryimage"},"thumbnailUrl":"https:\/\/unceasinglypray.org\/wp-content\/uploads\/2020\/04\/social_share.gif","datePublished":"2020-04-04T21:52:20+00:00","dateModified":"2020-06-11T13:47:13+00:00","breadcrumb":{"@id":"http:\/\/unceasinglypray.org\/cs\/day-13\/#breadcrumb"},"inLanguage":"cs","potentialAction":[{"@type":"ReadAction","target":["http:\/\/unceasinglypray.org\/cs\/day-13\/"]}]},{"@type":"ImageObject","inLanguage":"cs","@id":"http:\/\/unceasinglypray.org\/cs\/day-13\/#primaryimage","url":"https:\/\/unceasinglypray.org\/wp-content\/uploads\/2020\/04\/social_share.gif","contentUrl":"https:\/\/unceasinglypray.org\/wp-content\/uploads\/2020\/04\/social_share.gif","width":1200,"height":630},{"@type":"BreadcrumbList","@id":"http:\/\/unceasinglypray.org\/cs\/day-13\/#breadcrumb","itemListElement":[{"@type":"ListItem","position":1,"name":"Home","item":"https:\/\/unceasinglypray.org\/pt\/"},{"@type":"ListItem","position":2,"name":"Day 13"}]},{"@type":"WebSite","@id":"https:\/\/unceasinglypray.org\/ar\/#website","url":"https:\/\/unceasinglypray.org\/ar\/","name":"Unceasingly Pray","description":"","potentialAction":[{"@type":"SearchAction","target":{"@type":"EntryPoint","urlTemplate":"https:\/\/unceasinglypray.org\/ar\/?s={search_term_string}"},"query-input":{"@type":"PropertyValueSpecification","valueRequired":true,"valueName":"search_term_string"}}],"inLanguage":"cs"}]}},"_links":{"self":[{"href":"https:\/\/unceasinglypray.org\/cs\/wp-json\/wp\/v2\/pages\/526","targetHints":{"allow":["GET"]}}],"collection":[{"href":"https:\/\/unceasinglypray.org\/cs\/wp-json\/wp\/v2\/pages"}],"about":[{"href":"https:\/\/unceasinglypray.org\/cs\/wp-json\/wp\/v2\/types\/page"}],"author":[{"embeddable":true,"href":"https:\/\/unceasinglypray.org\/cs\/wp-json\/wp\/v2\/users\/1"}],"replies":[{"embeddable":true,"href":"https:\/\/unceasinglypray.org\/cs\/wp-json\/wp\/v2\/comments?post=526"}],"version-history":[{"count":0,"href":"https:\/\/unceasinglypray.org\/cs\/wp-json\/wp\/v2\/pages\/526\/revisions"}],"wp:featuredmedia":[{"embeddable":true,"href":"https:\/\/unceasinglypray.org\/cs\/wp-json\/wp\/v2\/media\/771"}],"wp:attachment":[{"href":"https:\/\/unceasinglypray.org\/cs\/wp-json\/wp\/v2\/media?parent=526"}],"curies":[{"name":"wp","href":"https:\/\/api.w.org\/{rel}","templated":true}]}}