{"id":525,"date":"2020-04-04T21:51:44","date_gmt":"2020-04-04T21:51:44","guid":{"rendered":"https:\/\/unceasinglypray.org\/?page_id=525"},"modified":"2020-06-11T13:46:50","modified_gmt":"2020-06-11T13:46:50","slug":"day-12","status":"publish","type":"page","link":"https:\/\/unceasinglypray.org\/cs\/day-12\/","title":{"rendered":"Day 12"},"content":{"rendered":"<p>DAY 12: PRAYER FOR THE CO-WORKERS &amp; LEADING BROTHERS<\/p>\n\t<p>Sk 20:28; 1Pt 5:2; He 13:17<\/p>\n\t<p>Aby P\u00e1n zaopat\u0159oval spolupracovn\u00edky a vedouc\u00ed bratry a d\u00e1val jim moudrost k past\u00fd\u0159sk\u00e9mu veden\u00ed sv\u00e9ho lidu v t\u011bchto dnech (Sk 20,28; 1Pt 5,2; He 13,17).<\/p>\n\t<p><strong>Acts 20:28<\/strong>\u2014Take heed to yourselves and to all the flock, among whom the Holy Spirit has placed you as overseers to shepherd the church of God, which He obtained through His own blood.<\/p>\n<p><strong>1 Pet. 5:2<\/strong>\u2014Shepherd the flock of God among you, overseeing not under compulsion but willingly, according to God; not by seeking gain through base means but eagerly.<\/p>\n<p><strong>Heb. 13:17<\/strong>\u2014Obey the ones leading you and submit to them, for they watch over your souls as those who will render an account, that they may do this with joy and not groaning; for this would be unprofitable to you.<\/p>\n\t\t<h3><\/h3>\n\t\t<p>Vytrvejte v modlitb\u011b.<\/p>\n\t\t\t<a href=\"https:\/\/unceasinglypray.org\/cs\/sign-up\/\" target=\"_self\" role=\"button\" rel=\"noopener noreferrer\">\n\t\t\t\t\t\t\tZVOLTE SI \u010cAS\n\t\t\t\t\t<\/a>","protected":false},"excerpt":{"rendered":"<p>DAY 12: PRAYER FOR THE CO-WORKERS &amp; LEADING BROTHERS Acts 20:28; 1 Pet. 5:2; Heb. 13:17 For the Lord to supply the co-workers and leading brothers and grant them wisdom to lead and shepherd His people onward in these days (Acts 20:28; 1 Pet. 5:2; Heb. 13:17). Acts 20:28\u2014Take heed to yourselves and to all&hellip;<\/p>","protected":false},"author":1,"featured_media":771,"parent":0,"menu_order":0,"comment_status":"closed","ping_status":"closed","template":"","meta":{"inline_featured_image":false,"footnotes":""},"class_list":["post-525","page","type-page","status-publish","has-post-thumbnail","hentry"],"yoast_head":"<!-- This site is optimized with the Yoast SEO plugin v27.4 - https:\/\/yoast.com\/product\/yoast-seo-wordpress\/ -->\n<title>Day 12 - Unceasingly Pray<\/title>\n<meta name=\"robots\" content=\"index, follow, max-snippet:-1, max-image-preview:large, max-video-preview:-1\" \/>\n<link rel=\"canonical\" href=\"http:\/\/unceasinglypray.org\/cs\/day-12\/\" \/>\n<meta property=\"og:locale\" content=\"cs_CZ\" \/>\n<meta property=\"og:type\" content=\"article\" \/>\n<meta property=\"og:title\" content=\"Day 12 - Unceasingly Pray\" \/>\n<meta property=\"og:description\" content=\"DAY 12: PRAYER FOR THE CO-WORKERS &amp; LEADING BROTHERS Acts 20:28; 1 Pet. 5:2; Heb. 13:17 For the Lord to supply the co-workers and leading brothers and grant them wisdom to lead and shepherd His people onward in these days (Acts 20:28; 1 Pet. 5:2; Heb. 13:17). Acts 20:28\u2014Take heed to yourselves and to all&hellip;\" \/>\n<meta property=\"og:url\" content=\"http:\/\/unceasinglypray.org\/cs\/day-12\/\" \/>\n<meta property=\"og:site_name\" content=\"Unceasingly Pray\" \/>\n<meta property=\"article:modified_time\" content=\"2020-06-11T13:46:50+00:00\" \/>\n<meta property=\"og:image\" content=\"https:\/\/unceasinglypray.org\/wp-content\/uploads\/2020\/04\/social_share.gif\" \/>\n\t<meta property=\"og:image:width\" content=\"1200\" \/>\n\t<meta property=\"og:image:height\" content=\"630\" \/>\n\t<meta property=\"og:image:type\" content=\"image\/gif\" \/>\n<meta name=\"twitter:card\" content=\"summary_large_image\" \/>\n<meta name=\"twitter:label1\" content=\"Odhadovan\u00e1 doba \u010dten\u00ed\" \/>\n\t<meta name=\"twitter:data1\" content=\"1 minuta\" \/>\n<script type=\"application\/ld+json\" class=\"yoast-schema-graph\">{\"@context\":\"https:\\\/\\\/schema.org\",\"@graph\":[{\"@type\":\"WebPage\",\"@id\":\"http:\\\/\\\/unceasinglypray.org\\\/zh\\\/day-12\\\/\",\"url\":\"http:\\\/\\\/unceasinglypray.org\\\/zh\\\/day-12\\\/\",\"name\":\"Day 12 - Unceasingly Pray\",\"isPartOf\":{\"@id\":\"https:\\\/\\\/unceasinglypray.org\\\/ar\\\/#website\"},\"primaryImageOfPage\":{\"@id\":\"http:\\\/\\\/unceasinglypray.org\\\/zh\\\/day-12\\\/#primaryimage\"},\"image\":{\"@id\":\"http:\\\/\\\/unceasinglypray.org\\\/zh\\\/day-12\\\/#primaryimage\"},\"thumbnailUrl\":\"https:\\\/\\\/unceasinglypray.org\\\/wp-content\\\/uploads\\\/2020\\\/04\\\/social_share.gif\",\"datePublished\":\"2020-04-04T21:51:44+00:00\",\"dateModified\":\"2020-06-11T13:46:50+00:00\",\"breadcrumb\":{\"@id\":\"http:\\\/\\\/unceasinglypray.org\\\/zh\\\/day-12\\\/#breadcrumb\"},\"inLanguage\":\"cs\",\"potentialAction\":[{\"@type\":\"ReadAction\",\"target\":[\"http:\\\/\\\/unceasinglypray.org\\\/zh\\\/day-12\\\/\"]}]},{\"@type\":\"ImageObject\",\"inLanguage\":\"cs\",\"@id\":\"http:\\\/\\\/unceasinglypray.org\\\/zh\\\/day-12\\\/#primaryimage\",\"url\":\"https:\\\/\\\/unceasinglypray.org\\\/wp-content\\\/uploads\\\/2020\\\/04\\\/social_share.gif\",\"contentUrl\":\"https:\\\/\\\/unceasinglypray.org\\\/wp-content\\\/uploads\\\/2020\\\/04\\\/social_share.gif\",\"width\":1200,\"height\":630},{\"@type\":\"BreadcrumbList\",\"@id\":\"http:\\\/\\\/unceasinglypray.org\\\/zh\\\/day-12\\\/#breadcrumb\",\"itemListElement\":[{\"@type\":\"ListItem\",\"position\":1,\"name\":\"Home\",\"item\":\"https:\\\/\\\/unceasinglypray.org\\\/pt\\\/\"},{\"@type\":\"ListItem\",\"position\":2,\"name\":\"Day 12\"}]},{\"@type\":\"WebSite\",\"@id\":\"https:\\\/\\\/unceasinglypray.org\\\/ar\\\/#website\",\"url\":\"https:\\\/\\\/unceasinglypray.org\\\/ar\\\/\",\"name\":\"Unceasingly Pray\",\"description\":\"\",\"potentialAction\":[{\"@type\":\"SearchAction\",\"target\":{\"@type\":\"EntryPoint\",\"urlTemplate\":\"https:\\\/\\\/unceasinglypray.org\\\/ar\\\/?s={search_term_string}\"},\"query-input\":{\"@type\":\"PropertyValueSpecification\",\"valueRequired\":true,\"valueName\":\"search_term_string\"}}],\"inLanguage\":\"cs\"}]}<\/script>\n<!-- \/ Yoast SEO plugin. -->","yoast_head_json":{"title":"Day 12 - Unceasingly Pray","robots":{"index":"index","follow":"follow","max-snippet":"max-snippet:-1","max-image-preview":"max-image-preview:large","max-video-preview":"max-video-preview:-1"},"canonical":"http:\/\/unceasinglypray.org\/cs\/day-12\/","og_locale":"cs_CZ","og_type":"article","og_title":"Day 12 - Unceasingly Pray","og_description":"DAY 12: PRAYER FOR THE CO-WORKERS &amp; LEADING BROTHERS Acts 20:28; 1 Pet. 5:2; Heb. 13:17 For the Lord to supply the co-workers and leading brothers and grant them wisdom to lead and shepherd His people onward in these days (Acts 20:28; 1 Pet. 5:2; Heb. 13:17). Acts 20:28\u2014Take heed to yourselves and to all&hellip;","og_url":"http:\/\/unceasinglypray.org\/cs\/day-12\/","og_site_name":"Unceasingly Pray","article_modified_time":"2020-06-11T13:46:50+00:00","og_image":[{"width":1200,"height":630,"url":"https:\/\/unceasinglypray.org\/wp-content\/uploads\/2020\/04\/social_share.gif","type":"image\/gif"}],"twitter_card":"summary_large_image","twitter_misc":{"Odhadovan\u00e1 doba \u010dten\u00ed":"1 minuta"},"schema":{"@context":"https:\/\/schema.org","@graph":[{"@type":"WebPage","@id":"http:\/\/unceasinglypray.org\/zh\/day-12\/","url":"http:\/\/unceasinglypray.org\/zh\/day-12\/","name":"Day 12 - Unceasingly Pray","isPartOf":{"@id":"https:\/\/unceasinglypray.org\/ar\/#website"},"primaryImageOfPage":{"@id":"http:\/\/unceasinglypray.org\/zh\/day-12\/#primaryimage"},"image":{"@id":"http:\/\/unceasinglypray.org\/zh\/day-12\/#primaryimage"},"thumbnailUrl":"https:\/\/unceasinglypray.org\/wp-content\/uploads\/2020\/04\/social_share.gif","datePublished":"2020-04-04T21:51:44+00:00","dateModified":"2020-06-11T13:46:50+00:00","breadcrumb":{"@id":"http:\/\/unceasinglypray.org\/zh\/day-12\/#breadcrumb"},"inLanguage":"cs","potentialAction":[{"@type":"ReadAction","target":["http:\/\/unceasinglypray.org\/zh\/day-12\/"]}]},{"@type":"ImageObject","inLanguage":"cs","@id":"http:\/\/unceasinglypray.org\/zh\/day-12\/#primaryimage","url":"https:\/\/unceasinglypray.org\/wp-content\/uploads\/2020\/04\/social_share.gif","contentUrl":"https:\/\/unceasinglypray.org\/wp-content\/uploads\/2020\/04\/social_share.gif","width":1200,"height":630},{"@type":"BreadcrumbList","@id":"http:\/\/unceasinglypray.org\/zh\/day-12\/#breadcrumb","itemListElement":[{"@type":"ListItem","position":1,"name":"Home","item":"https:\/\/unceasinglypray.org\/pt\/"},{"@type":"ListItem","position":2,"name":"Day 12"}]},{"@type":"WebSite","@id":"https:\/\/unceasinglypray.org\/ar\/#website","url":"https:\/\/unceasinglypray.org\/ar\/","name":"Unceasingly Pray","description":"","potentialAction":[{"@type":"SearchAction","target":{"@type":"EntryPoint","urlTemplate":"https:\/\/unceasinglypray.org\/ar\/?s={search_term_string}"},"query-input":{"@type":"PropertyValueSpecification","valueRequired":true,"valueName":"search_term_string"}}],"inLanguage":"cs"}]}},"_links":{"self":[{"href":"https:\/\/unceasinglypray.org\/cs\/wp-json\/wp\/v2\/pages\/525","targetHints":{"allow":["GET"]}}],"collection":[{"href":"https:\/\/unceasinglypray.org\/cs\/wp-json\/wp\/v2\/pages"}],"about":[{"href":"https:\/\/unceasinglypray.org\/cs\/wp-json\/wp\/v2\/types\/page"}],"author":[{"embeddable":true,"href":"https:\/\/unceasinglypray.org\/cs\/wp-json\/wp\/v2\/users\/1"}],"replies":[{"embeddable":true,"href":"https:\/\/unceasinglypray.org\/cs\/wp-json\/wp\/v2\/comments?post=525"}],"version-history":[{"count":0,"href":"https:\/\/unceasinglypray.org\/cs\/wp-json\/wp\/v2\/pages\/525\/revisions"}],"wp:featuredmedia":[{"embeddable":true,"href":"https:\/\/unceasinglypray.org\/cs\/wp-json\/wp\/v2\/media\/771"}],"wp:attachment":[{"href":"https:\/\/unceasinglypray.org\/cs\/wp-json\/wp\/v2\/media?parent=525"}],"curies":[{"name":"wp","href":"https:\/\/api.w.org\/{rel}","templated":true}]}}