{"id":524,"date":"2020-04-04T21:51:15","date_gmt":"2020-04-04T21:51:15","guid":{"rendered":"https:\/\/unceasinglypray.org\/?page_id=524"},"modified":"2020-06-11T13:46:32","modified_gmt":"2020-06-11T13:46:32","slug":"day-11","status":"publish","type":"page","link":"https:\/\/unceasinglypray.org\/cs\/day-11\/","title":{"rendered":"Day 11"},"content":{"rendered":"<p>DAY 11: PRAYER FOR THE CHURCHES<\/p>\n\t<p>Sk 16:5; Ef 1:19; Ko 1:11; Zj 1:9<\/p>\n\t<p>Aby P\u00e1n ve sv\u00e9 obnov\u011b v ka\u017ed\u00e9 zemi posiloval, udr\u017eoval a nechal prosp\u00edvat m\u00edstn\u00ed c\u00edrkve jako Je\u017e\u00ed\u0161ovo sv\u011bdectv\u00ed (Sk 16,5; Ef 1,19; Ko 1,11; Zj 1,9).<\/p>\n\t<p><strong>Acts 16:5<\/strong>\u2014And so the churches were strengthened in the faith and increased in number daily.<\/p>\n<p><strong>Eph. 1:19<\/strong>\u2014And what is the surpassing greatness of His power toward us who believe, according to the operation of the might of His strength.<\/p>\n<p><strong>Col. 1:11<\/strong>\u2014Being empowered with all power, according to the might of His glory, unto all endurance and long-suffering with joy.<\/p>\n<p><strong>Rev. 1:9<\/strong>\u2014I John, your brother and fellow partaker in the tribulation and kingdom and endurance in Jesus, was on the island called Patmos because of the word of God and the testimony of Jesus.<\/p>\n\t\t<h3><\/h3>\n\t\t<p>Vytrvejte v modlitb\u011b.<\/p>\n\t\t\t<a href=\"https:\/\/unceasinglypray.org\/cs\/sign-up\/\" target=\"_self\" role=\"button\" rel=\"noopener noreferrer\">\n\t\t\t\t\t\t\tZVOLTE SI \u010cAS\n\t\t\t\t\t<\/a>","protected":false},"excerpt":{"rendered":"<p>DAY 11: PRAYER FOR THE CHURCHES Acts 16:5; Eph. 1:19; Col. 1:11; Rev. 1:9 For the Lord to strengthen, uphold, and prosper the churches in every country in His recovery as the testimony of Jesus (Acts 16:5; Eph. 1:19; Col. 1:11; Rev. 1:9). Acts 16:5\u2014And so the churches were strengthened in the faith and increased&hellip;<\/p>","protected":false},"author":1,"featured_media":771,"parent":0,"menu_order":0,"comment_status":"closed","ping_status":"closed","template":"","meta":{"inline_featured_image":false,"footnotes":""},"class_list":["post-524","page","type-page","status-publish","has-post-thumbnail","hentry"],"yoast_head":"<!-- This site is optimized with the Yoast SEO plugin v27.3 - https:\/\/yoast.com\/product\/yoast-seo-wordpress\/ -->\n<title>Day 11 - Unceasingly Pray<\/title>\n<meta name=\"robots\" content=\"index, follow, max-snippet:-1, max-image-preview:large, max-video-preview:-1\" \/>\n<link rel=\"canonical\" href=\"https:\/\/unceasinglypray.org\/cs\/day-11\/\" \/>\n<meta property=\"og:locale\" content=\"cs_CZ\" \/>\n<meta property=\"og:type\" content=\"article\" \/>\n<meta property=\"og:title\" content=\"Day 11 - Unceasingly Pray\" \/>\n<meta property=\"og:description\" content=\"DAY 11: PRAYER FOR THE CHURCHES Acts 16:5; Eph. 1:19; Col. 1:11; Rev. 1:9 For the Lord to strengthen, uphold, and prosper the churches in every country in His recovery as the testimony of Jesus (Acts 16:5; Eph. 1:19; Col. 1:11; Rev. 1:9). Acts 16:5\u2014And so the churches were strengthened in the faith and increased&hellip;\" \/>\n<meta property=\"og:url\" content=\"https:\/\/unceasinglypray.org\/cs\/day-11\/\" \/>\n<meta property=\"og:site_name\" content=\"Unceasingly Pray\" \/>\n<meta property=\"article:modified_time\" content=\"2020-06-11T13:46:32+00:00\" \/>\n<meta property=\"og:image\" content=\"https:\/\/unceasinglypray.org\/wp-content\/uploads\/2020\/04\/social_share.gif\" \/>\n\t<meta property=\"og:image:width\" content=\"1200\" \/>\n\t<meta property=\"og:image:height\" content=\"630\" \/>\n\t<meta property=\"og:image:type\" content=\"image\/gif\" \/>\n<meta name=\"twitter:card\" content=\"summary_large_image\" \/>\n<meta name=\"twitter:label1\" content=\"Odhadovan\u00e1 doba \u010dten\u00ed\" \/>\n\t<meta name=\"twitter:data1\" content=\"1 minuta\" \/>\n<script type=\"application\/ld+json\" class=\"yoast-schema-graph\">{\"@context\":\"https:\\\/\\\/schema.org\",\"@graph\":[{\"@type\":\"WebPage\",\"@id\":\"https:\\\/\\\/unceasinglypray.org\\\/day-11\\\/\",\"url\":\"https:\\\/\\\/unceasinglypray.org\\\/day-11\\\/\",\"name\":\"Day 11 - Unceasingly Pray\",\"isPartOf\":{\"@id\":\"https:\\\/\\\/unceasinglypray.org\\\/ar\\\/#website\"},\"primaryImageOfPage\":{\"@id\":\"https:\\\/\\\/unceasinglypray.org\\\/day-11\\\/#primaryimage\"},\"image\":{\"@id\":\"https:\\\/\\\/unceasinglypray.org\\\/day-11\\\/#primaryimage\"},\"thumbnailUrl\":\"https:\\\/\\\/unceasinglypray.org\\\/wp-content\\\/uploads\\\/2020\\\/04\\\/social_share.gif\",\"datePublished\":\"2020-04-04T21:51:15+00:00\",\"dateModified\":\"2020-06-11T13:46:32+00:00\",\"breadcrumb\":{\"@id\":\"https:\\\/\\\/unceasinglypray.org\\\/day-11\\\/#breadcrumb\"},\"inLanguage\":\"cs\",\"potentialAction\":[{\"@type\":\"ReadAction\",\"target\":[\"https:\\\/\\\/unceasinglypray.org\\\/day-11\\\/\"]}]},{\"@type\":\"ImageObject\",\"inLanguage\":\"cs\",\"@id\":\"https:\\\/\\\/unceasinglypray.org\\\/day-11\\\/#primaryimage\",\"url\":\"https:\\\/\\\/unceasinglypray.org\\\/wp-content\\\/uploads\\\/2020\\\/04\\\/social_share.gif\",\"contentUrl\":\"https:\\\/\\\/unceasinglypray.org\\\/wp-content\\\/uploads\\\/2020\\\/04\\\/social_share.gif\",\"width\":1200,\"height\":630},{\"@type\":\"BreadcrumbList\",\"@id\":\"https:\\\/\\\/unceasinglypray.org\\\/day-11\\\/#breadcrumb\",\"itemListElement\":[{\"@type\":\"ListItem\",\"position\":1,\"name\":\"Home\",\"item\":\"https:\\\/\\\/unceasinglypray.org\\\/pt\\\/\"},{\"@type\":\"ListItem\",\"position\":2,\"name\":\"Day 11\"}]},{\"@type\":\"WebSite\",\"@id\":\"https:\\\/\\\/unceasinglypray.org\\\/ar\\\/#website\",\"url\":\"https:\\\/\\\/unceasinglypray.org\\\/ar\\\/\",\"name\":\"Unceasingly Pray\",\"description\":\"\",\"potentialAction\":[{\"@type\":\"SearchAction\",\"target\":{\"@type\":\"EntryPoint\",\"urlTemplate\":\"https:\\\/\\\/unceasinglypray.org\\\/ar\\\/?s={search_term_string}\"},\"query-input\":{\"@type\":\"PropertyValueSpecification\",\"valueRequired\":true,\"valueName\":\"search_term_string\"}}],\"inLanguage\":\"cs\"}]}<\/script>\n<!-- \/ Yoast SEO plugin. -->","yoast_head_json":{"title":"Day 11 - Unceasingly Pray","robots":{"index":"index","follow":"follow","max-snippet":"max-snippet:-1","max-image-preview":"max-image-preview:large","max-video-preview":"max-video-preview:-1"},"canonical":"https:\/\/unceasinglypray.org\/cs\/day-11\/","og_locale":"cs_CZ","og_type":"article","og_title":"Day 11 - Unceasingly Pray","og_description":"DAY 11: PRAYER FOR THE CHURCHES Acts 16:5; Eph. 1:19; Col. 1:11; Rev. 1:9 For the Lord to strengthen, uphold, and prosper the churches in every country in His recovery as the testimony of Jesus (Acts 16:5; Eph. 1:19; Col. 1:11; Rev. 1:9). Acts 16:5\u2014And so the churches were strengthened in the faith and increased&hellip;","og_url":"https:\/\/unceasinglypray.org\/cs\/day-11\/","og_site_name":"Unceasingly Pray","article_modified_time":"2020-06-11T13:46:32+00:00","og_image":[{"width":1200,"height":630,"url":"https:\/\/unceasinglypray.org\/wp-content\/uploads\/2020\/04\/social_share.gif","type":"image\/gif"}],"twitter_card":"summary_large_image","twitter_misc":{"Odhadovan\u00e1 doba \u010dten\u00ed":"1 minuta"},"schema":{"@context":"https:\/\/schema.org","@graph":[{"@type":"WebPage","@id":"https:\/\/unceasinglypray.org\/day-11\/","url":"https:\/\/unceasinglypray.org\/day-11\/","name":"Day 11 - Unceasingly Pray","isPartOf":{"@id":"https:\/\/unceasinglypray.org\/ar\/#website"},"primaryImageOfPage":{"@id":"https:\/\/unceasinglypray.org\/day-11\/#primaryimage"},"image":{"@id":"https:\/\/unceasinglypray.org\/day-11\/#primaryimage"},"thumbnailUrl":"https:\/\/unceasinglypray.org\/wp-content\/uploads\/2020\/04\/social_share.gif","datePublished":"2020-04-04T21:51:15+00:00","dateModified":"2020-06-11T13:46:32+00:00","breadcrumb":{"@id":"https:\/\/unceasinglypray.org\/day-11\/#breadcrumb"},"inLanguage":"cs","potentialAction":[{"@type":"ReadAction","target":["https:\/\/unceasinglypray.org\/day-11\/"]}]},{"@type":"ImageObject","inLanguage":"cs","@id":"https:\/\/unceasinglypray.org\/day-11\/#primaryimage","url":"https:\/\/unceasinglypray.org\/wp-content\/uploads\/2020\/04\/social_share.gif","contentUrl":"https:\/\/unceasinglypray.org\/wp-content\/uploads\/2020\/04\/social_share.gif","width":1200,"height":630},{"@type":"BreadcrumbList","@id":"https:\/\/unceasinglypray.org\/day-11\/#breadcrumb","itemListElement":[{"@type":"ListItem","position":1,"name":"Home","item":"https:\/\/unceasinglypray.org\/pt\/"},{"@type":"ListItem","position":2,"name":"Day 11"}]},{"@type":"WebSite","@id":"https:\/\/unceasinglypray.org\/ar\/#website","url":"https:\/\/unceasinglypray.org\/ar\/","name":"Unceasingly Pray","description":"","potentialAction":[{"@type":"SearchAction","target":{"@type":"EntryPoint","urlTemplate":"https:\/\/unceasinglypray.org\/ar\/?s={search_term_string}"},"query-input":{"@type":"PropertyValueSpecification","valueRequired":true,"valueName":"search_term_string"}}],"inLanguage":"cs"}]}},"_links":{"self":[{"href":"https:\/\/unceasinglypray.org\/cs\/wp-json\/wp\/v2\/pages\/524","targetHints":{"allow":["GET"]}}],"collection":[{"href":"https:\/\/unceasinglypray.org\/cs\/wp-json\/wp\/v2\/pages"}],"about":[{"href":"https:\/\/unceasinglypray.org\/cs\/wp-json\/wp\/v2\/types\/page"}],"author":[{"embeddable":true,"href":"https:\/\/unceasinglypray.org\/cs\/wp-json\/wp\/v2\/users\/1"}],"replies":[{"embeddable":true,"href":"https:\/\/unceasinglypray.org\/cs\/wp-json\/wp\/v2\/comments?post=524"}],"version-history":[{"count":0,"href":"https:\/\/unceasinglypray.org\/cs\/wp-json\/wp\/v2\/pages\/524\/revisions"}],"wp:featuredmedia":[{"embeddable":true,"href":"https:\/\/unceasinglypray.org\/cs\/wp-json\/wp\/v2\/media\/771"}],"wp:attachment":[{"href":"https:\/\/unceasinglypray.org\/cs\/wp-json\/wp\/v2\/media?parent=524"}],"curies":[{"name":"wp","href":"https:\/\/api.w.org\/{rel}","templated":true}]}}