{"id":521,"date":"2020-04-04T21:48:49","date_gmt":"2020-04-04T21:48:49","guid":{"rendered":"https:\/\/unceasinglypray.org\/?page_id=521"},"modified":"2020-06-11T13:44:31","modified_gmt":"2020-06-11T13:44:31","slug":"day-8","status":"publish","type":"page","link":"https:\/\/unceasinglypray.org\/cs\/day-8\/","title":{"rendered":"Day 8"},"content":{"rendered":"<p>DAY 8: PRAYER FOR THE DORMANT, WAYWARD, &amp; BACKSLIDDEN<\/p>\n\t<p>Ef 5:14; Jk 5:19; Ga 6:1<\/p>\n\t<p>Aby d\u0159\u00edmaj\u00edc\u00ed v\u011b\u0159\u00edc\u00ed byli o\u017eiveni, vzdorovit\u00ed k\u0159es\u0165an\u00e9 obnoveni a aby se odpadl\u00ed svat\u00ed navr\u00e1tili k P\u00e1nu a do spole\u010denstv\u00ed c\u00edrkve (Ef 5,14; Jk 5,19; Ga 6,1).<\/p>\n\t<p><strong>Eph. 5:14<\/strong>\u2014Therefore He says, Awake, sleeper, and arise from the dead, and Christ will shine on you.<\/p>\n<p><strong>James 5:19<\/strong>\u2014My brothers, if any one among you is led astray from the truth and someone turns him back.<\/p>\n<p><strong>Gal. 6:1<\/strong>\u2014Brothers, even if a man is overtaken in some offense, you who are spiritual restore such a one in a spirit of meekness, looking to yourself lest you also be tempted.<\/p>\n\t\t<h3><\/h3>\n\t\t<p>Vytrvejte v modlitb\u011b.<\/p>\n\t\t\t<a href=\"https:\/\/unceasinglypray.org\/cs\/sign-up\/\" target=\"_self\" role=\"button\" rel=\"noopener noreferrer\">\n\t\t\t\t\t\t\tZVOLTE SI \u010cAS\n\t\t\t\t\t<\/a>","protected":false},"excerpt":{"rendered":"<p>DAY 8: PRAYER FOR THE DORMANT, WAYWARD, &amp; BACKSLIDDEN Eph. 5:14; James 5:19; Gal. 6:1 For the dormant believers to be enlivened, the wayward Christians to be recovered, and the backslidden saints to be restored to the Lord and to the fellowship of the church (Eph. 5:14; James 5:19; Gal. 6:1). Eph. 5:14\u2014Therefore He says,&hellip;<\/p>","protected":false},"author":1,"featured_media":771,"parent":0,"menu_order":0,"comment_status":"closed","ping_status":"closed","template":"","meta":{"inline_featured_image":false,"footnotes":""},"class_list":["post-521","page","type-page","status-publish","has-post-thumbnail","hentry"],"yoast_head":"<!-- This site is optimized with the Yoast SEO plugin v27.5 - https:\/\/yoast.com\/product\/yoast-seo-wordpress\/ -->\n<title>Day 8 - Unceasingly Pray<\/title>\n<meta name=\"robots\" content=\"index, follow, max-snippet:-1, max-image-preview:large, max-video-preview:-1\" \/>\n<link rel=\"canonical\" href=\"https:\/\/unceasinglypray.org\/cs\/day-8\/\" \/>\n<meta property=\"og:locale\" content=\"cs_CZ\" \/>\n<meta property=\"og:type\" content=\"article\" \/>\n<meta property=\"og:title\" content=\"Day 8 - Unceasingly Pray\" \/>\n<meta property=\"og:description\" content=\"DAY 8: PRAYER FOR THE DORMANT, WAYWARD, &amp; BACKSLIDDEN Eph. 5:14; James 5:19; Gal. 6:1 For the dormant believers to be enlivened, the wayward Christians to be recovered, and the backslidden saints to be restored to the Lord and to the fellowship of the church (Eph. 5:14; James 5:19; Gal. 6:1). Eph. 5:14\u2014Therefore He says,&hellip;\" \/>\n<meta property=\"og:url\" content=\"https:\/\/unceasinglypray.org\/cs\/day-8\/\" \/>\n<meta property=\"og:site_name\" content=\"Unceasingly Pray\" \/>\n<meta property=\"article:modified_time\" content=\"2020-06-11T13:44:31+00:00\" \/>\n<meta property=\"og:image\" content=\"https:\/\/unceasinglypray.org\/wp-content\/uploads\/2020\/04\/social_share.gif\" \/>\n\t<meta property=\"og:image:width\" content=\"1200\" \/>\n\t<meta property=\"og:image:height\" content=\"630\" \/>\n\t<meta property=\"og:image:type\" content=\"image\/gif\" \/>\n<meta name=\"twitter:card\" content=\"summary_large_image\" \/>\n<meta name=\"twitter:label1\" content=\"Odhadovan\u00e1 doba \u010dten\u00ed\" \/>\n\t<meta name=\"twitter:data1\" content=\"1 minuta\" \/>\n<script type=\"application\/ld+json\" class=\"yoast-schema-graph\">{\"@context\":\"https:\\\/\\\/schema.org\",\"@graph\":[{\"@type\":\"WebPage\",\"@id\":\"https:\\\/\\\/unceasinglypray.org\\\/day-8\\\/\",\"url\":\"https:\\\/\\\/unceasinglypray.org\\\/day-8\\\/\",\"name\":\"Day 8 - Unceasingly Pray\",\"isPartOf\":{\"@id\":\"https:\\\/\\\/unceasinglypray.org\\\/ar\\\/#website\"},\"primaryImageOfPage\":{\"@id\":\"https:\\\/\\\/unceasinglypray.org\\\/day-8\\\/#primaryimage\"},\"image\":{\"@id\":\"https:\\\/\\\/unceasinglypray.org\\\/day-8\\\/#primaryimage\"},\"thumbnailUrl\":\"https:\\\/\\\/unceasinglypray.org\\\/wp-content\\\/uploads\\\/2020\\\/04\\\/social_share.gif\",\"datePublished\":\"2020-04-04T21:48:49+00:00\",\"dateModified\":\"2020-06-11T13:44:31+00:00\",\"breadcrumb\":{\"@id\":\"https:\\\/\\\/unceasinglypray.org\\\/day-8\\\/#breadcrumb\"},\"inLanguage\":\"cs\",\"potentialAction\":[{\"@type\":\"ReadAction\",\"target\":[\"https:\\\/\\\/unceasinglypray.org\\\/day-8\\\/\"]}]},{\"@type\":\"ImageObject\",\"inLanguage\":\"cs\",\"@id\":\"https:\\\/\\\/unceasinglypray.org\\\/day-8\\\/#primaryimage\",\"url\":\"https:\\\/\\\/unceasinglypray.org\\\/wp-content\\\/uploads\\\/2020\\\/04\\\/social_share.gif\",\"contentUrl\":\"https:\\\/\\\/unceasinglypray.org\\\/wp-content\\\/uploads\\\/2020\\\/04\\\/social_share.gif\",\"width\":1200,\"height\":630},{\"@type\":\"BreadcrumbList\",\"@id\":\"https:\\\/\\\/unceasinglypray.org\\\/day-8\\\/#breadcrumb\",\"itemListElement\":[{\"@type\":\"ListItem\",\"position\":1,\"name\":\"Home\",\"item\":\"https:\\\/\\\/unceasinglypray.org\\\/pt\\\/\"},{\"@type\":\"ListItem\",\"position\":2,\"name\":\"Day 8\"}]},{\"@type\":\"WebSite\",\"@id\":\"https:\\\/\\\/unceasinglypray.org\\\/ar\\\/#website\",\"url\":\"https:\\\/\\\/unceasinglypray.org\\\/ar\\\/\",\"name\":\"Unceasingly Pray\",\"description\":\"\",\"potentialAction\":[{\"@type\":\"SearchAction\",\"target\":{\"@type\":\"EntryPoint\",\"urlTemplate\":\"https:\\\/\\\/unceasinglypray.org\\\/ar\\\/?s={search_term_string}\"},\"query-input\":{\"@type\":\"PropertyValueSpecification\",\"valueRequired\":true,\"valueName\":\"search_term_string\"}}],\"inLanguage\":\"cs\"}]}<\/script>\n<!-- \/ Yoast SEO plugin. -->","yoast_head_json":{"title":"Day 8 - Unceasingly Pray","robots":{"index":"index","follow":"follow","max-snippet":"max-snippet:-1","max-image-preview":"max-image-preview:large","max-video-preview":"max-video-preview:-1"},"canonical":"https:\/\/unceasinglypray.org\/cs\/day-8\/","og_locale":"cs_CZ","og_type":"article","og_title":"Day 8 - Unceasingly Pray","og_description":"DAY 8: PRAYER FOR THE DORMANT, WAYWARD, &amp; BACKSLIDDEN Eph. 5:14; James 5:19; Gal. 6:1 For the dormant believers to be enlivened, the wayward Christians to be recovered, and the backslidden saints to be restored to the Lord and to the fellowship of the church (Eph. 5:14; James 5:19; Gal. 6:1). Eph. 5:14\u2014Therefore He says,&hellip;","og_url":"https:\/\/unceasinglypray.org\/cs\/day-8\/","og_site_name":"Unceasingly Pray","article_modified_time":"2020-06-11T13:44:31+00:00","og_image":[{"width":1200,"height":630,"url":"https:\/\/unceasinglypray.org\/wp-content\/uploads\/2020\/04\/social_share.gif","type":"image\/gif"}],"twitter_card":"summary_large_image","twitter_misc":{"Odhadovan\u00e1 doba \u010dten\u00ed":"1 minuta"},"schema":{"@context":"https:\/\/schema.org","@graph":[{"@type":"WebPage","@id":"https:\/\/unceasinglypray.org\/day-8\/","url":"https:\/\/unceasinglypray.org\/day-8\/","name":"Day 8 - Unceasingly Pray","isPartOf":{"@id":"https:\/\/unceasinglypray.org\/ar\/#website"},"primaryImageOfPage":{"@id":"https:\/\/unceasinglypray.org\/day-8\/#primaryimage"},"image":{"@id":"https:\/\/unceasinglypray.org\/day-8\/#primaryimage"},"thumbnailUrl":"https:\/\/unceasinglypray.org\/wp-content\/uploads\/2020\/04\/social_share.gif","datePublished":"2020-04-04T21:48:49+00:00","dateModified":"2020-06-11T13:44:31+00:00","breadcrumb":{"@id":"https:\/\/unceasinglypray.org\/day-8\/#breadcrumb"},"inLanguage":"cs","potentialAction":[{"@type":"ReadAction","target":["https:\/\/unceasinglypray.org\/day-8\/"]}]},{"@type":"ImageObject","inLanguage":"cs","@id":"https:\/\/unceasinglypray.org\/day-8\/#primaryimage","url":"https:\/\/unceasinglypray.org\/wp-content\/uploads\/2020\/04\/social_share.gif","contentUrl":"https:\/\/unceasinglypray.org\/wp-content\/uploads\/2020\/04\/social_share.gif","width":1200,"height":630},{"@type":"BreadcrumbList","@id":"https:\/\/unceasinglypray.org\/day-8\/#breadcrumb","itemListElement":[{"@type":"ListItem","position":1,"name":"Home","item":"https:\/\/unceasinglypray.org\/pt\/"},{"@type":"ListItem","position":2,"name":"Day 8"}]},{"@type":"WebSite","@id":"https:\/\/unceasinglypray.org\/ar\/#website","url":"https:\/\/unceasinglypray.org\/ar\/","name":"Unceasingly Pray","description":"","potentialAction":[{"@type":"SearchAction","target":{"@type":"EntryPoint","urlTemplate":"https:\/\/unceasinglypray.org\/ar\/?s={search_term_string}"},"query-input":{"@type":"PropertyValueSpecification","valueRequired":true,"valueName":"search_term_string"}}],"inLanguage":"cs"}]}},"_links":{"self":[{"href":"https:\/\/unceasinglypray.org\/cs\/wp-json\/wp\/v2\/pages\/521","targetHints":{"allow":["GET"]}}],"collection":[{"href":"https:\/\/unceasinglypray.org\/cs\/wp-json\/wp\/v2\/pages"}],"about":[{"href":"https:\/\/unceasinglypray.org\/cs\/wp-json\/wp\/v2\/types\/page"}],"author":[{"embeddable":true,"href":"https:\/\/unceasinglypray.org\/cs\/wp-json\/wp\/v2\/users\/1"}],"replies":[{"embeddable":true,"href":"https:\/\/unceasinglypray.org\/cs\/wp-json\/wp\/v2\/comments?post=521"}],"version-history":[{"count":0,"href":"https:\/\/unceasinglypray.org\/cs\/wp-json\/wp\/v2\/pages\/521\/revisions"}],"wp:featuredmedia":[{"embeddable":true,"href":"https:\/\/unceasinglypray.org\/cs\/wp-json\/wp\/v2\/media\/771"}],"wp:attachment":[{"href":"https:\/\/unceasinglypray.org\/cs\/wp-json\/wp\/v2\/media?parent=521"}],"curies":[{"name":"wp","href":"https:\/\/api.w.org\/{rel}","templated":true}]}}