{"id":518,"date":"2020-04-04T21:46:02","date_gmt":"2020-04-04T21:46:02","guid":{"rendered":"https:\/\/unceasinglypray.org\/?page_id=518"},"modified":"2020-06-11T13:43:31","modified_gmt":"2020-06-11T13:43:31","slug":"day-5","status":"publish","type":"page","link":"https:\/\/unceasinglypray.org\/cs\/day-5\/","title":{"rendered":"Day 5"},"content":{"rendered":"<p><a href=\"https:\/\/unceasinglypray.org\/cs\/day-5\/\">DAY 5: PRAYER FOR GOD&#8217;S ULTIMATE MOVE OVER THE WHOLE EARTH<\/a><\/p>\n\t<p><b>Acts 17:26-27; Phil. 1:21a; Rom. 12:2; Eph. 4:16; Rev. 19:7<\/b><\/p>\n\t<p>Aby se uskute\u010dnil kone\u010dn\u00fd Bo\u017e\u00ed pohyb po cel\u00e9 zemi za \u00fa\u010delem z\u00edsk\u00e1n\u00ed lid\u00ed, kte\u0159\u00ed budou zn\u00e1t n\u00e1dhern\u00e9ho, v\u0161ezahrnuj\u00edc\u00edho Krista, kte\u0159\u00ed Ho budou zakou\u0161et jako sv\u016fj \u017eivot a \u017e\u00edt Krista a kte\u0159\u00ed budou prom\u011b\u0148ov\u00e1ni a budov\u00e1ni jako Jeho T\u011blo, a nakonec jako Jeho nev\u011bsta p\u0159ipraven\u00e1 na Jeho n\u00e1vrat (Sk 17,26-27; Fp 1,21a; \u0158 12,2; Ef 4,16; Zj 19,7).<\/p>\n\t<p><strong>Acts 17:26-27<\/strong>\u2014And He made from one every nation of men to dwell on all the face of the earth, determining beforehand their appointed seasons and the boundaries of their dwelling, that they might seek God, if perhaps they might grope for Him and find Him, even though He is not far from each one of us.<\/p>\n<p><strong>Phil. 1:21a<\/strong>\u2014For to me, to live is Christ.<\/p>\n<p><strong>Romans 12:2<\/strong>\u2014And do not be fashioned according to this age, but be transformed by the renewing of the mind that you may prove what the will of God is, that which is good and well pleasing and perfect.<\/p>\n<p><strong>Eph. 4:16<\/strong>\u2014Out from whom all the Body, being joined together and being knit together through every joint of the rich supply and through the operation in the measure of each one part, causes the growth of the Body unto the building up of itself in love.<\/p>\n<p><strong>Rev. 19:7<\/strong>\u2014Let us rejoice and exult, and let us give the glory to Him, for the marriage of the Lamb has come, and His wife has made herself ready.<\/p>\n\t\t<h3><\/h3>\n\t\t<p>Vytrvejte v modlitb\u011b.<\/p>\n\t\t\t<a href=\"https:\/\/unceasinglypray.org\/cs\/sign-up\/\" target=\"_self\" role=\"button\" rel=\"noopener noreferrer\">\n\t\t\t\t\t\t\tZVOLTE SI \u010cAS\n\t\t\t\t\t<\/a>","protected":false},"excerpt":{"rendered":"<p>DAY 5: PRAYER FOR GOD&#8217;S ULTIMATE MOVE OVER THE WHOLE EARTH Acts 17:26-27; Phil. 1:21a; Rom. 12:2; Eph. 4:16; Rev. 19:7 Pray for God\u2019s ultimate move over the whole earth to gain a people who know the wonderful, all-inclusive Christ, who experience Him as their life and live Him, and who are transformed and built&hellip;<\/p>","protected":false},"author":1,"featured_media":771,"parent":0,"menu_order":0,"comment_status":"closed","ping_status":"closed","template":"","meta":{"inline_featured_image":false,"footnotes":""},"class_list":["post-518","page","type-page","status-publish","has-post-thumbnail","hentry"],"yoast_head":"<!-- This site is optimized with the Yoast SEO plugin v27.4 - https:\/\/yoast.com\/product\/yoast-seo-wordpress\/ -->\n<title>Day 5 - Unceasingly Pray<\/title>\n<meta name=\"robots\" content=\"index, follow, max-snippet:-1, max-image-preview:large, max-video-preview:-1\" \/>\n<link rel=\"canonical\" href=\"http:\/\/unceasinglypray.org\/cs\/day-5\/\" \/>\n<meta property=\"og:locale\" content=\"cs_CZ\" \/>\n<meta property=\"og:type\" content=\"article\" \/>\n<meta property=\"og:title\" content=\"Day 5 - Unceasingly Pray\" \/>\n<meta property=\"og:description\" content=\"DAY 5: PRAYER FOR GOD&#8217;S ULTIMATE MOVE OVER THE WHOLE EARTH Acts 17:26-27; Phil. 1:21a; Rom. 12:2; Eph. 4:16; Rev. 19:7 Pray for God\u2019s ultimate move over the whole earth to gain a people who know the wonderful, all-inclusive Christ, who experience Him as their life and live Him, and who are transformed and built&hellip;\" \/>\n<meta property=\"og:url\" content=\"http:\/\/unceasinglypray.org\/cs\/day-5\/\" \/>\n<meta property=\"og:site_name\" content=\"Unceasingly Pray\" \/>\n<meta property=\"article:modified_time\" content=\"2020-06-11T13:43:31+00:00\" \/>\n<meta property=\"og:image\" content=\"https:\/\/unceasinglypray.org\/wp-content\/uploads\/2020\/04\/social_share.gif\" \/>\n\t<meta property=\"og:image:width\" content=\"1200\" \/>\n\t<meta property=\"og:image:height\" content=\"630\" \/>\n\t<meta property=\"og:image:type\" content=\"image\/gif\" \/>\n<meta name=\"twitter:card\" content=\"summary_large_image\" \/>\n<meta name=\"twitter:label1\" content=\"Odhadovan\u00e1 doba \u010dten\u00ed\" \/>\n\t<meta name=\"twitter:data1\" content=\"1 minuta\" \/>\n<script type=\"application\/ld+json\" class=\"yoast-schema-graph\">{\"@context\":\"https:\\\/\\\/schema.org\",\"@graph\":[{\"@type\":\"WebPage\",\"@id\":\"http:\\\/\\\/unceasinglypray.org\\\/de\\\/day-5\\\/\",\"url\":\"http:\\\/\\\/unceasinglypray.org\\\/de\\\/day-5\\\/\",\"name\":\"Day 5 - Unceasingly Pray\",\"isPartOf\":{\"@id\":\"https:\\\/\\\/unceasinglypray.org\\\/ar\\\/#website\"},\"primaryImageOfPage\":{\"@id\":\"http:\\\/\\\/unceasinglypray.org\\\/de\\\/day-5\\\/#primaryimage\"},\"image\":{\"@id\":\"http:\\\/\\\/unceasinglypray.org\\\/de\\\/day-5\\\/#primaryimage\"},\"thumbnailUrl\":\"https:\\\/\\\/unceasinglypray.org\\\/wp-content\\\/uploads\\\/2020\\\/04\\\/social_share.gif\",\"datePublished\":\"2020-04-04T21:46:02+00:00\",\"dateModified\":\"2020-06-11T13:43:31+00:00\",\"breadcrumb\":{\"@id\":\"http:\\\/\\\/unceasinglypray.org\\\/de\\\/day-5\\\/#breadcrumb\"},\"inLanguage\":\"cs\",\"potentialAction\":[{\"@type\":\"ReadAction\",\"target\":[\"http:\\\/\\\/unceasinglypray.org\\\/de\\\/day-5\\\/\"]}]},{\"@type\":\"ImageObject\",\"inLanguage\":\"cs\",\"@id\":\"http:\\\/\\\/unceasinglypray.org\\\/de\\\/day-5\\\/#primaryimage\",\"url\":\"https:\\\/\\\/unceasinglypray.org\\\/wp-content\\\/uploads\\\/2020\\\/04\\\/social_share.gif\",\"contentUrl\":\"https:\\\/\\\/unceasinglypray.org\\\/wp-content\\\/uploads\\\/2020\\\/04\\\/social_share.gif\",\"width\":1200,\"height\":630},{\"@type\":\"BreadcrumbList\",\"@id\":\"http:\\\/\\\/unceasinglypray.org\\\/de\\\/day-5\\\/#breadcrumb\",\"itemListElement\":[{\"@type\":\"ListItem\",\"position\":1,\"name\":\"Home\",\"item\":\"https:\\\/\\\/unceasinglypray.org\\\/pt\\\/\"},{\"@type\":\"ListItem\",\"position\":2,\"name\":\"Day 5\"}]},{\"@type\":\"WebSite\",\"@id\":\"https:\\\/\\\/unceasinglypray.org\\\/ar\\\/#website\",\"url\":\"https:\\\/\\\/unceasinglypray.org\\\/ar\\\/\",\"name\":\"Unceasingly Pray\",\"description\":\"\",\"potentialAction\":[{\"@type\":\"SearchAction\",\"target\":{\"@type\":\"EntryPoint\",\"urlTemplate\":\"https:\\\/\\\/unceasinglypray.org\\\/ar\\\/?s={search_term_string}\"},\"query-input\":{\"@type\":\"PropertyValueSpecification\",\"valueRequired\":true,\"valueName\":\"search_term_string\"}}],\"inLanguage\":\"cs\"}]}<\/script>\n<!-- \/ Yoast SEO plugin. -->","yoast_head_json":{"title":"Day 5 - Unceasingly Pray","robots":{"index":"index","follow":"follow","max-snippet":"max-snippet:-1","max-image-preview":"max-image-preview:large","max-video-preview":"max-video-preview:-1"},"canonical":"http:\/\/unceasinglypray.org\/cs\/day-5\/","og_locale":"cs_CZ","og_type":"article","og_title":"Day 5 - Unceasingly Pray","og_description":"DAY 5: PRAYER FOR GOD&#8217;S ULTIMATE MOVE OVER THE WHOLE EARTH Acts 17:26-27; Phil. 1:21a; Rom. 12:2; Eph. 4:16; Rev. 19:7 Pray for God\u2019s ultimate move over the whole earth to gain a people who know the wonderful, all-inclusive Christ, who experience Him as their life and live Him, and who are transformed and built&hellip;","og_url":"http:\/\/unceasinglypray.org\/cs\/day-5\/","og_site_name":"Unceasingly Pray","article_modified_time":"2020-06-11T13:43:31+00:00","og_image":[{"width":1200,"height":630,"url":"https:\/\/unceasinglypray.org\/wp-content\/uploads\/2020\/04\/social_share.gif","type":"image\/gif"}],"twitter_card":"summary_large_image","twitter_misc":{"Odhadovan\u00e1 doba \u010dten\u00ed":"1 minuta"},"schema":{"@context":"https:\/\/schema.org","@graph":[{"@type":"WebPage","@id":"http:\/\/unceasinglypray.org\/de\/day-5\/","url":"http:\/\/unceasinglypray.org\/de\/day-5\/","name":"Day 5 - Unceasingly Pray","isPartOf":{"@id":"https:\/\/unceasinglypray.org\/ar\/#website"},"primaryImageOfPage":{"@id":"http:\/\/unceasinglypray.org\/de\/day-5\/#primaryimage"},"image":{"@id":"http:\/\/unceasinglypray.org\/de\/day-5\/#primaryimage"},"thumbnailUrl":"https:\/\/unceasinglypray.org\/wp-content\/uploads\/2020\/04\/social_share.gif","datePublished":"2020-04-04T21:46:02+00:00","dateModified":"2020-06-11T13:43:31+00:00","breadcrumb":{"@id":"http:\/\/unceasinglypray.org\/de\/day-5\/#breadcrumb"},"inLanguage":"cs","potentialAction":[{"@type":"ReadAction","target":["http:\/\/unceasinglypray.org\/de\/day-5\/"]}]},{"@type":"ImageObject","inLanguage":"cs","@id":"http:\/\/unceasinglypray.org\/de\/day-5\/#primaryimage","url":"https:\/\/unceasinglypray.org\/wp-content\/uploads\/2020\/04\/social_share.gif","contentUrl":"https:\/\/unceasinglypray.org\/wp-content\/uploads\/2020\/04\/social_share.gif","width":1200,"height":630},{"@type":"BreadcrumbList","@id":"http:\/\/unceasinglypray.org\/de\/day-5\/#breadcrumb","itemListElement":[{"@type":"ListItem","position":1,"name":"Home","item":"https:\/\/unceasinglypray.org\/pt\/"},{"@type":"ListItem","position":2,"name":"Day 5"}]},{"@type":"WebSite","@id":"https:\/\/unceasinglypray.org\/ar\/#website","url":"https:\/\/unceasinglypray.org\/ar\/","name":"Unceasingly Pray","description":"","potentialAction":[{"@type":"SearchAction","target":{"@type":"EntryPoint","urlTemplate":"https:\/\/unceasinglypray.org\/ar\/?s={search_term_string}"},"query-input":{"@type":"PropertyValueSpecification","valueRequired":true,"valueName":"search_term_string"}}],"inLanguage":"cs"}]}},"_links":{"self":[{"href":"https:\/\/unceasinglypray.org\/cs\/wp-json\/wp\/v2\/pages\/518","targetHints":{"allow":["GET"]}}],"collection":[{"href":"https:\/\/unceasinglypray.org\/cs\/wp-json\/wp\/v2\/pages"}],"about":[{"href":"https:\/\/unceasinglypray.org\/cs\/wp-json\/wp\/v2\/types\/page"}],"author":[{"embeddable":true,"href":"https:\/\/unceasinglypray.org\/cs\/wp-json\/wp\/v2\/users\/1"}],"replies":[{"embeddable":true,"href":"https:\/\/unceasinglypray.org\/cs\/wp-json\/wp\/v2\/comments?post=518"}],"version-history":[{"count":0,"href":"https:\/\/unceasinglypray.org\/cs\/wp-json\/wp\/v2\/pages\/518\/revisions"}],"wp:featuredmedia":[{"embeddable":true,"href":"https:\/\/unceasinglypray.org\/cs\/wp-json\/wp\/v2\/media\/771"}],"wp:attachment":[{"href":"https:\/\/unceasinglypray.org\/cs\/wp-json\/wp\/v2\/media?parent=518"}],"curies":[{"name":"wp","href":"https:\/\/api.w.org\/{rel}","templated":true}]}}