{"id":516,"date":"2020-04-04T21:44:41","date_gmt":"2020-04-04T21:44:41","guid":{"rendered":"https:\/\/unceasinglypray.org\/?page_id=516"},"modified":"2020-06-11T13:42:50","modified_gmt":"2020-06-11T13:42:50","slug":"day-3","status":"publish","type":"page","link":"https:\/\/unceasinglypray.org\/cs\/day-3\/","title":{"rendered":"Day 3"},"content":{"rendered":"<p>DAY 3: PRAYER FOR WORLD AFFAIRS<\/p>\n\t<p>Dan 4:14; Zj 1:5; P\u0159\u00eds 21:1; Dan 2:21<\/p>\n\t<p>Aby B\u016fh v Kristu vl\u00e1dl nad v\u0161emi sv\u011btov\u00fdmi z\u00e1le\u017eitostmi (Da 4,17; Zj 1,5), aby nakl\u00e1n\u011bl srdce kr\u00e1l\u016f k \u010din\u011bn\u00ed Jeho v\u016fle (P\u0159 21,1) a aby ustanovoval a  sesazoval v\u016fdce, jak uzn\u00e1 za vhodn\u00e9 (Da 2,21).<\/p>\n\n\t<p><strong>Dan. 4:17<\/strong>\u2014This matter is by the decree of the watchers, and the decision is a command of the holy ones, to the intent that the living may know that the Most High is the Ruler over the kingdom of men and gives it to whomever He wills and sets up over it the lowliest of men.<\/p>\n<p><strong>Rev. 1:5<\/strong>\u2014And from Jesus Christ, the faithful Witness, the Firstborn of the dead, and the Ruler of the kings of the earth. To Him who loves us and has released us from our sins by His blood.<\/p>\n<p><strong>Prov. 21:1<\/strong>\u2014The king\u2019s heart is like streams of water in the hand of Jehovah; \/ He turns it wherever He wishes.<\/p>\n<p><strong>Dan. 2:21<\/strong>\u2014And it is He who changes the times and seasons; \/ He deposes kings and causes kings to ascend. \/ He gives wisdom to the wise \/ And knowledge to those who have understanding.<\/p>\n\t\t<h3><\/h3>\n\t\t<p>Vytrvejte v modlitb\u011b.<\/p>\n\t\t\t<a href=\"https:\/\/unceasinglypray.org\/cs\/sign-up\/\" target=\"_self\" role=\"button\" rel=\"noopener noreferrer\">\n\t\t\t\t\t\t\tZVOLTE SI \u010cAS\n\t\t\t\t\t<\/a>","protected":false},"excerpt":{"rendered":"<p>DAY 3: PRAYER FOR WORLD AFFAIRS DAN. 4:17; REV. 1:5; PROV. 21:1; DAN. 2:21 For God in Christ to rule over all world affairs (Dan. 4:17; Rev. 1:5), to turn the hearts of kings to do His will (Prov. 21:1), and to raise up and put down leaders as He sees fit (Dan. 2:21). Dan.&hellip;<\/p>","protected":false},"author":1,"featured_media":0,"parent":0,"menu_order":0,"comment_status":"closed","ping_status":"closed","template":"","meta":{"inline_featured_image":false,"footnotes":""},"class_list":["post-516","page","type-page","status-publish","hentry"],"yoast_head":"<!-- This site is optimized with the Yoast SEO plugin v27.4 - https:\/\/yoast.com\/product\/yoast-seo-wordpress\/ -->\n<title>Day 3 - Unceasingly Pray<\/title>\n<meta name=\"robots\" content=\"index, follow, max-snippet:-1, max-image-preview:large, max-video-preview:-1\" \/>\n<link rel=\"canonical\" href=\"https:\/\/unceasinglypray.org\/cs\/day-3\/\" \/>\n<meta property=\"og:locale\" content=\"cs_CZ\" \/>\n<meta property=\"og:type\" content=\"article\" \/>\n<meta property=\"og:title\" content=\"Day 3 - Unceasingly Pray\" \/>\n<meta property=\"og:description\" content=\"DAY 3: PRAYER FOR WORLD AFFAIRS DAN. 4:17; REV. 1:5; PROV. 21:1; DAN. 2:21 For God in Christ to rule over all world affairs (Dan. 4:17; Rev. 1:5), to turn the hearts of kings to do His will (Prov. 21:1), and to raise up and put down leaders as He sees fit (Dan. 2:21). Dan.&hellip;\" \/>\n<meta property=\"og:url\" content=\"https:\/\/unceasinglypray.org\/cs\/day-3\/\" \/>\n<meta property=\"og:site_name\" content=\"Unceasingly Pray\" \/>\n<meta property=\"article:modified_time\" content=\"2020-06-11T13:42:50+00:00\" \/>\n<meta name=\"twitter:card\" content=\"summary_large_image\" \/>\n<meta name=\"twitter:label1\" content=\"Odhadovan\u00e1 doba \u010dten\u00ed\" \/>\n\t<meta name=\"twitter:data1\" content=\"1 minuta\" \/>\n<script type=\"application\/ld+json\" class=\"yoast-schema-graph\">{\"@context\":\"https:\\\/\\\/schema.org\",\"@graph\":[{\"@type\":\"WebPage\",\"@id\":\"https:\\\/\\\/unceasinglypray.org\\\/ceb\\\/day-3\\\/\",\"url\":\"https:\\\/\\\/unceasinglypray.org\\\/ceb\\\/day-3\\\/\",\"name\":\"Day 3 - Unceasingly Pray\",\"isPartOf\":{\"@id\":\"https:\\\/\\\/unceasinglypray.org\\\/ar\\\/#website\"},\"datePublished\":\"2020-04-04T21:44:41+00:00\",\"dateModified\":\"2020-06-11T13:42:50+00:00\",\"breadcrumb\":{\"@id\":\"https:\\\/\\\/unceasinglypray.org\\\/ceb\\\/day-3\\\/#breadcrumb\"},\"inLanguage\":\"cs\",\"potentialAction\":[{\"@type\":\"ReadAction\",\"target\":[\"https:\\\/\\\/unceasinglypray.org\\\/ceb\\\/day-3\\\/\"]}]},{\"@type\":\"BreadcrumbList\",\"@id\":\"https:\\\/\\\/unceasinglypray.org\\\/ceb\\\/day-3\\\/#breadcrumb\",\"itemListElement\":[{\"@type\":\"ListItem\",\"position\":1,\"name\":\"Home\",\"item\":\"https:\\\/\\\/unceasinglypray.org\\\/pt\\\/\"},{\"@type\":\"ListItem\",\"position\":2,\"name\":\"Day 3\"}]},{\"@type\":\"WebSite\",\"@id\":\"https:\\\/\\\/unceasinglypray.org\\\/ar\\\/#website\",\"url\":\"https:\\\/\\\/unceasinglypray.org\\\/ar\\\/\",\"name\":\"Unceasingly Pray\",\"description\":\"\",\"potentialAction\":[{\"@type\":\"SearchAction\",\"target\":{\"@type\":\"EntryPoint\",\"urlTemplate\":\"https:\\\/\\\/unceasinglypray.org\\\/ar\\\/?s={search_term_string}\"},\"query-input\":{\"@type\":\"PropertyValueSpecification\",\"valueRequired\":true,\"valueName\":\"search_term_string\"}}],\"inLanguage\":\"cs\"}]}<\/script>\n<!-- \/ Yoast SEO plugin. -->","yoast_head_json":{"title":"Day 3 - Unceasingly Pray","robots":{"index":"index","follow":"follow","max-snippet":"max-snippet:-1","max-image-preview":"max-image-preview:large","max-video-preview":"max-video-preview:-1"},"canonical":"https:\/\/unceasinglypray.org\/cs\/day-3\/","og_locale":"cs_CZ","og_type":"article","og_title":"Day 3 - Unceasingly Pray","og_description":"DAY 3: PRAYER FOR WORLD AFFAIRS DAN. 4:17; REV. 1:5; PROV. 21:1; DAN. 2:21 For God in Christ to rule over all world affairs (Dan. 4:17; Rev. 1:5), to turn the hearts of kings to do His will (Prov. 21:1), and to raise up and put down leaders as He sees fit (Dan. 2:21). Dan.&hellip;","og_url":"https:\/\/unceasinglypray.org\/cs\/day-3\/","og_site_name":"Unceasingly Pray","article_modified_time":"2020-06-11T13:42:50+00:00","twitter_card":"summary_large_image","twitter_misc":{"Odhadovan\u00e1 doba \u010dten\u00ed":"1 minuta"},"schema":{"@context":"https:\/\/schema.org","@graph":[{"@type":"WebPage","@id":"https:\/\/unceasinglypray.org\/ceb\/day-3\/","url":"https:\/\/unceasinglypray.org\/ceb\/day-3\/","name":"Day 3 - Unceasingly Pray","isPartOf":{"@id":"https:\/\/unceasinglypray.org\/ar\/#website"},"datePublished":"2020-04-04T21:44:41+00:00","dateModified":"2020-06-11T13:42:50+00:00","breadcrumb":{"@id":"https:\/\/unceasinglypray.org\/ceb\/day-3\/#breadcrumb"},"inLanguage":"cs","potentialAction":[{"@type":"ReadAction","target":["https:\/\/unceasinglypray.org\/ceb\/day-3\/"]}]},{"@type":"BreadcrumbList","@id":"https:\/\/unceasinglypray.org\/ceb\/day-3\/#breadcrumb","itemListElement":[{"@type":"ListItem","position":1,"name":"Home","item":"https:\/\/unceasinglypray.org\/pt\/"},{"@type":"ListItem","position":2,"name":"Day 3"}]},{"@type":"WebSite","@id":"https:\/\/unceasinglypray.org\/ar\/#website","url":"https:\/\/unceasinglypray.org\/ar\/","name":"Unceasingly Pray","description":"","potentialAction":[{"@type":"SearchAction","target":{"@type":"EntryPoint","urlTemplate":"https:\/\/unceasinglypray.org\/ar\/?s={search_term_string}"},"query-input":{"@type":"PropertyValueSpecification","valueRequired":true,"valueName":"search_term_string"}}],"inLanguage":"cs"}]}},"_links":{"self":[{"href":"https:\/\/unceasinglypray.org\/cs\/wp-json\/wp\/v2\/pages\/516","targetHints":{"allow":["GET"]}}],"collection":[{"href":"https:\/\/unceasinglypray.org\/cs\/wp-json\/wp\/v2\/pages"}],"about":[{"href":"https:\/\/unceasinglypray.org\/cs\/wp-json\/wp\/v2\/types\/page"}],"author":[{"embeddable":true,"href":"https:\/\/unceasinglypray.org\/cs\/wp-json\/wp\/v2\/users\/1"}],"replies":[{"embeddable":true,"href":"https:\/\/unceasinglypray.org\/cs\/wp-json\/wp\/v2\/comments?post=516"}],"version-history":[{"count":0,"href":"https:\/\/unceasinglypray.org\/cs\/wp-json\/wp\/v2\/pages\/516\/revisions"}],"wp:attachment":[{"href":"https:\/\/unceasinglypray.org\/cs\/wp-json\/wp\/v2\/media?parent=516"}],"curies":[{"name":"wp","href":"https:\/\/api.w.org\/{rel}","templated":true}]}}