{"id":11,"date":"2020-03-25T00:51:57","date_gmt":"2020-03-25T00:51:57","guid":{"rendered":"https:\/\/unceasepray.wpengine.com\/?page_id=11"},"modified":"2020-05-31T20:39:54","modified_gmt":"2020-05-31T20:39:54","slug":"home","status":"publish","type":"page","link":"https:\/\/unceasinglypray.org\/cs\/","title":{"rendered":"Home"},"content":{"rendered":"24 HODIN\/30 DN\u016e<br \/>\nGLOBAL PRAYER\n\t24\u00a0HR\/<br \/>\n30 DN\u016e<br \/>\nCELOSV\u011aTOV\u00c1 MODLITBA\n\t<p>A Final Announcement<\/p>\n\t<p>As you read this, the local churches in the Lord\u2019s recovery have concluded an unprecedented period of 24\/7 global prayer, beginning April 1 and ending May 30, 2020. In all, over 13,700 saints signed up on<a href=\"https:\/\/unceasinglypray.org\/cs\/\"> unceasinglypray.org<\/a> to pray in 15-minute time slots, covering every minute of the day and representing every inhabited time zone in the world. We also received reports of many, many more who were praying faithfully all over the earth without signing up; in fact, we believe that the total number of saints participating was well over 50,000. <\/p>\n<p><img alt=\"\" width=\"25650\" height=\"150\" \/><\/p>\n\t<p><a href=\"https:\/\/unceasinglypray.org\/cs\/letter\/\">Read full announcement<\/a><\/p>\n\t<p>V\u00fd\u0148atky ze slu\u017eby<\/p>\n\t<p>\u201cIn the New Testament the temple of God is composed of priests who pray, that is, burn the incense. Therefore, the temple must be a temple of prayer (Luke 19:46). The built-up church is a house of prayer. This is not doctrine, nor is it an opinion. This is the requirement for the building up of the church. Some saints must rise up in a practical way to carry out the priestly service of entering the Holy Place and burning the incense; that is, there must be some who will rise up to pray. Otherwise, it will not be possible to build the church.<\/p>\n<p>In the churches we lack saints who are willing to carry out the priestly service of burning the incense before God. The Lord has enlightened us so that we would meet this need.\u201d<\/p>\n<p>\u2014Witness Lee,\u00a0<em>The Exercise of the Spirit and the Building of God<\/em><\/p>\n\t<p>POSTAVTE SE DO TRHLINY<\/p>\n\t<p>EZECHIEL 22,30<\/p>\n\t\t\t\t<img decoding=\"async\" src=\"https:\/\/unceasinglypray.org\/wp-content\/uploads\/2020\/04\/1.svg\" alt=\"1\" title=\"1\" itemprop=\"image\"\/>\n\t<p>1. P\u0158IHLASTE SE<\/p>\n\t<p>Vytvo\u0159te si \u00fa\u010det aby ste mohli dost\u00e1vat modlitebn\u00ed b\u0159emena prost\u0159ednictv\u00edm e-mailu.<\/p>\n\t\t\t\t<img decoding=\"async\" src=\"https:\/\/unceasinglypray.org\/wp-content\/uploads\/2020\/04\/2.svg\" alt=\"2\" title=\"2\" itemprop=\"image\"\/>\n\t<p>2. Zvolte si \u010das<\/p>\n\t<p>Zvolte si 15-minutov\u00fd \u00fasek pro modlitbu na ka\u017ed\u00fd den.<\/p>\n\t\t\t\t<img decoding=\"async\" src=\"https:\/\/unceasinglypray.org\/wp-content\/uploads\/2020\/04\/3.svg\" alt=\"3\" title=\"3\" itemprop=\"image\"\/>\n\t<p>3. Za\u010dn\u011bte se modlit<\/p>\n\t<p>Pokra\u010dujte vytrvale jednomysln\u011b v modlitb\u011b. (Skutky 1:14)<\/p>\n\t\t<h3><\/h3>\n\t\t<p>Vytrvejte v modlitb\u011b.<\/p>\n\t\t\t<a href=\"https:\/\/unceasinglypray.org\/cs\/sign-up\/\" target=\"_self\" role=\"button\" rel=\"noopener noreferrer\">\n\t\t\t\t\t\t\tZVOLTE SI \u010cAS\n\t\t\t\t\t<\/a>","protected":false},"excerpt":{"rendered":"<p>24\u00a0HR\/30\u00a0DAYS GLOBAL PRAYER 24\u00a0HR\/ 30\u00a0DAYS GLOBAL PRAYER A Final Announcement As you read this, the local churches in the Lord\u2019s recovery have concluded an unprecedented period of 24\/7 global prayer, beginning April 1 and ending May 30, 2020. In all, over 13,700 saints signed up on unceasinglypray.org to pray in 15-minute time slots, covering every&hellip;<\/p>","protected":false},"author":1,"featured_media":0,"parent":0,"menu_order":0,"comment_status":"closed","ping_status":"closed","template":"","meta":{"inline_featured_image":false,"footnotes":""},"class_list":["post-11","page","type-page","status-publish","hentry"],"yoast_head":"<!-- This site is optimized with the Yoast SEO plugin v27.4 - https:\/\/yoast.com\/product\/yoast-seo-wordpress\/ -->\n<title>Home - Unceasingly Pray<\/title>\n<meta name=\"robots\" content=\"index, follow, max-snippet:-1, max-image-preview:large, max-video-preview:-1\" \/>\n<link rel=\"canonical\" href=\"https:\/\/unceasinglypray.org\/cs\/\" \/>\n<meta property=\"og:locale\" content=\"cs_CZ\" \/>\n<meta property=\"og:type\" content=\"article\" \/>\n<meta property=\"og:title\" content=\"Home - Unceasingly Pray\" \/>\n<meta property=\"og:description\" content=\"24\u00a0HR\/30\u00a0DAYS GLOBAL PRAYER 24\u00a0HR\/ 30\u00a0DAYS GLOBAL PRAYER A Final Announcement As you read this, the local churches in the Lord\u2019s recovery have concluded an unprecedented period of 24\/7 global prayer, beginning April 1 and ending May 30, 2020. In all, over 13,700 saints signed up on unceasinglypray.org to pray in 15-minute time slots, covering every&hellip;\" \/>\n<meta property=\"og:url\" content=\"https:\/\/unceasinglypray.org\/cs\/\" \/>\n<meta property=\"og:site_name\" content=\"Unceasingly Pray\" \/>\n<meta property=\"article:modified_time\" content=\"2020-05-31T20:39:54+00:00\" \/>\n<meta property=\"og:image\" content=\"https:\/\/unceasinglypray.org\/wp-content\/uploads\/2020\/04\/1.svg\" \/>\n<meta name=\"twitter:card\" content=\"summary_large_image\" \/>\n<meta name=\"twitter:label1\" content=\"Odhadovan\u00e1 doba \u010dten\u00ed\" \/>\n\t<meta name=\"twitter:data1\" content=\"1 minuta\" \/>\n<script type=\"application\/ld+json\" class=\"yoast-schema-graph\">{\"@context\":\"https:\\\/\\\/schema.org\",\"@graph\":[{\"@type\":\"WebPage\",\"@id\":\"https:\\\/\\\/unceasinglypray.org\\\/pt\\\/\",\"url\":\"https:\\\/\\\/unceasinglypray.org\\\/pt\\\/\",\"name\":\"Home - Unceasingly Pray\",\"isPartOf\":{\"@id\":\"https:\\\/\\\/unceasinglypray.org\\\/ar\\\/#website\"},\"primaryImageOfPage\":{\"@id\":\"https:\\\/\\\/unceasinglypray.org\\\/pt\\\/#primaryimage\"},\"image\":{\"@id\":\"https:\\\/\\\/unceasinglypray.org\\\/pt\\\/#primaryimage\"},\"thumbnailUrl\":\"https:\\\/\\\/unceasinglypray.org\\\/wp-content\\\/uploads\\\/2020\\\/04\\\/1.svg\",\"datePublished\":\"2020-03-25T00:51:57+00:00\",\"dateModified\":\"2020-05-31T20:39:54+00:00\",\"breadcrumb\":{\"@id\":\"https:\\\/\\\/unceasinglypray.org\\\/pt\\\/#breadcrumb\"},\"inLanguage\":\"cs\",\"potentialAction\":[{\"@type\":\"ReadAction\",\"target\":[\"https:\\\/\\\/unceasinglypray.org\\\/pt\\\/\"]}]},{\"@type\":\"ImageObject\",\"inLanguage\":\"cs\",\"@id\":\"https:\\\/\\\/unceasinglypray.org\\\/pt\\\/#primaryimage\",\"url\":\"https:\\\/\\\/unceasinglypray.org\\\/wp-content\\\/uploads\\\/2020\\\/04\\\/1.svg\",\"contentUrl\":\"https:\\\/\\\/unceasinglypray.org\\\/wp-content\\\/uploads\\\/2020\\\/04\\\/1.svg\"},{\"@type\":\"BreadcrumbList\",\"@id\":\"https:\\\/\\\/unceasinglypray.org\\\/pt\\\/#breadcrumb\",\"itemListElement\":[{\"@type\":\"ListItem\",\"position\":1,\"name\":\"Home\",\"item\":\"https:\\\/\\\/unceasinglypray.org\\\/pt\\\/\"},{\"@type\":\"ListItem\",\"position\":2,\"name\":\"Home\"}]},{\"@type\":\"WebSite\",\"@id\":\"https:\\\/\\\/unceasinglypray.org\\\/ar\\\/#website\",\"url\":\"https:\\\/\\\/unceasinglypray.org\\\/ar\\\/\",\"name\":\"Unceasingly Pray\",\"description\":\"\",\"potentialAction\":[{\"@type\":\"SearchAction\",\"target\":{\"@type\":\"EntryPoint\",\"urlTemplate\":\"https:\\\/\\\/unceasinglypray.org\\\/ar\\\/?s={search_term_string}\"},\"query-input\":{\"@type\":\"PropertyValueSpecification\",\"valueRequired\":true,\"valueName\":\"search_term_string\"}}],\"inLanguage\":\"cs\"}]}<\/script>\n<!-- \/ Yoast SEO plugin. -->","yoast_head_json":{"title":"Home - Unceasingly Pray","robots":{"index":"index","follow":"follow","max-snippet":"max-snippet:-1","max-image-preview":"max-image-preview:large","max-video-preview":"max-video-preview:-1"},"canonical":"https:\/\/unceasinglypray.org\/cs\/","og_locale":"cs_CZ","og_type":"article","og_title":"Home - Unceasingly Pray","og_description":"24\u00a0HR\/30\u00a0DAYS GLOBAL PRAYER 24\u00a0HR\/ 30\u00a0DAYS GLOBAL PRAYER A Final Announcement As you read this, the local churches in the Lord\u2019s recovery have concluded an unprecedented period of 24\/7 global prayer, beginning April 1 and ending May 30, 2020. In all, over 13,700 saints signed up on unceasinglypray.org to pray in 15-minute time slots, covering every&hellip;","og_url":"https:\/\/unceasinglypray.org\/cs\/","og_site_name":"Unceasingly Pray","article_modified_time":"2020-05-31T20:39:54+00:00","og_image":[{"url":"https:\/\/unceasinglypray.org\/wp-content\/uploads\/2020\/04\/1.svg","type":"","width":"","height":""}],"twitter_card":"summary_large_image","twitter_misc":{"Odhadovan\u00e1 doba \u010dten\u00ed":"1 minuta"},"schema":{"@context":"https:\/\/schema.org","@graph":[{"@type":"WebPage","@id":"https:\/\/unceasinglypray.org\/pt\/","url":"https:\/\/unceasinglypray.org\/pt\/","name":"Home - Unceasingly Pray","isPartOf":{"@id":"https:\/\/unceasinglypray.org\/ar\/#website"},"primaryImageOfPage":{"@id":"https:\/\/unceasinglypray.org\/pt\/#primaryimage"},"image":{"@id":"https:\/\/unceasinglypray.org\/pt\/#primaryimage"},"thumbnailUrl":"https:\/\/unceasinglypray.org\/wp-content\/uploads\/2020\/04\/1.svg","datePublished":"2020-03-25T00:51:57+00:00","dateModified":"2020-05-31T20:39:54+00:00","breadcrumb":{"@id":"https:\/\/unceasinglypray.org\/pt\/#breadcrumb"},"inLanguage":"cs","potentialAction":[{"@type":"ReadAction","target":["https:\/\/unceasinglypray.org\/pt\/"]}]},{"@type":"ImageObject","inLanguage":"cs","@id":"https:\/\/unceasinglypray.org\/pt\/#primaryimage","url":"https:\/\/unceasinglypray.org\/wp-content\/uploads\/2020\/04\/1.svg","contentUrl":"https:\/\/unceasinglypray.org\/wp-content\/uploads\/2020\/04\/1.svg"},{"@type":"BreadcrumbList","@id":"https:\/\/unceasinglypray.org\/pt\/#breadcrumb","itemListElement":[{"@type":"ListItem","position":1,"name":"Home","item":"https:\/\/unceasinglypray.org\/pt\/"},{"@type":"ListItem","position":2,"name":"Home"}]},{"@type":"WebSite","@id":"https:\/\/unceasinglypray.org\/ar\/#website","url":"https:\/\/unceasinglypray.org\/ar\/","name":"Unceasingly Pray","description":"","potentialAction":[{"@type":"SearchAction","target":{"@type":"EntryPoint","urlTemplate":"https:\/\/unceasinglypray.org\/ar\/?s={search_term_string}"},"query-input":{"@type":"PropertyValueSpecification","valueRequired":true,"valueName":"search_term_string"}}],"inLanguage":"cs"}]}},"_links":{"self":[{"href":"https:\/\/unceasinglypray.org\/cs\/wp-json\/wp\/v2\/pages\/11","targetHints":{"allow":["GET"]}}],"collection":[{"href":"https:\/\/unceasinglypray.org\/cs\/wp-json\/wp\/v2\/pages"}],"about":[{"href":"https:\/\/unceasinglypray.org\/cs\/wp-json\/wp\/v2\/types\/page"}],"author":[{"embeddable":true,"href":"https:\/\/unceasinglypray.org\/cs\/wp-json\/wp\/v2\/users\/1"}],"replies":[{"embeddable":true,"href":"https:\/\/unceasinglypray.org\/cs\/wp-json\/wp\/v2\/comments?post=11"}],"version-history":[{"count":0,"href":"https:\/\/unceasinglypray.org\/cs\/wp-json\/wp\/v2\/pages\/11\/revisions"}],"wp:attachment":[{"href":"https:\/\/unceasinglypray.org\/cs\/wp-json\/wp\/v2\/media?parent=11"}],"curies":[{"name":"wp","href":"https:\/\/api.w.org\/{rel}","templated":true}]}}